{"id":915,"date":"2026-03-17T15:10:19","date_gmt":"2026-03-17T07:10:19","guid":{"rendered":"https:\/\/www.pandasmoking.com\/?page_id=915"},"modified":"2026-03-19T11:03:05","modified_gmt":"2026-03-19T03:03:05","slug":"privacy-policy","status":"publish","type":"page","link":"https:\/\/www.pandasmoking.com\/de\/privacy-policy","title":{"rendered":"Datenschutzbestimmungen"},"content":{"rendered":"<p><strong>Zuletzt aktualisiert:<\/strong> 2026<\/p>\n\n\n\n<p>Unter <strong>PandaSmoking<\/strong>, Wir sch\u00e4tzen Ihre Privatsph\u00e4re und verpflichten uns, Ihre pers\u00f6nlichen Daten zu sch\u00fctzen. In dieser Datenschutzerkl\u00e4rung wird erl\u00e4utert, wie wir die Informationen, die Sie beim Besuch unserer Website oder bei Eink\u00e4ufen auf unserer Website angeben, erfassen, verwenden, speichern und sch\u00fctzen.<\/p>\n\n\n\n<h2 class=\"wp-block-heading\">1. Informationen, die wir sammeln<\/h2>\n\n\n\n<p>Wenn Sie PandaSmoking besuchen oder eine Bestellung aufgeben, k\u00f6nnen wir die folgenden Arten von Informationen sammeln:<\/p>\n\n\n\n<ul class=\"wp-block-list\">\n<li>Pers\u00f6nliche Informationen wie Ihr Name, Ihre E-Mail-Adresse, Telefonnummer und Lieferadresse<\/li>\n\n\n\n<li>F\u00fcr die Zahlungsabwicklung verwendete Rechnungsdaten<\/li>\n\n\n\n<li>Bestellhistorie und Kaufdetails<\/li>\n\n\n\n<li>Kommunikationsaufzeichnungen bei Kontaktaufnahme mit unserem Kundendienst<\/li>\n\n\n\n<li>Technische Daten wie IP-Adresse, Browsertyp, Ger\u00e4teinformationen und Cookies<\/li>\n<\/ul>\n\n\n\n<p>Diese Informationen helfen uns, ein sicheres und personalisiertes Einkaufserlebnis zu bieten.<\/p>\n\n\n\n<h2 class=\"wp-block-heading\">2. Wie wir Ihre Informationen verwenden<\/h2>\n\n\n\n<p>Die gesammelten Informationen k\u00f6nnen f\u00fcr die folgenden Zwecke verwendet werden:<\/p>\n\n\n\n<ul class=\"wp-block-list\">\n<li>Bearbeitung und Ausf\u00fchrung von Auftr\u00e4gen<\/li>\n\n\n\n<li>Auslieferung von Produkten und Verwaltung von Sendungen<\/li>\n\n\n\n<li>\u00dcbermittlung von Auftragsaktualisierungen und Antworten des Kundendienstes<\/li>\n\n\n\n<li>Verbesserung der Website-Funktionalit\u00e4t und der Benutzerfreundlichkeit<\/li>\n\n\n\n<li>Verhinderung von Betrug oder unbefugten Aktivit\u00e4ten<\/li>\n\n\n\n<li>Versenden von Werbe-E-Mails oder Updates (nur wenn Sie sich anmelden)<\/li>\n<\/ul>\n\n\n\n<p>Wir verwenden Ihre pers\u00f6nlichen Daten nicht f\u00fcr Zwecke, die nichts mit unseren Dienstleistungen zu tun haben.<\/p>\n\n\n\n<h2 class=\"wp-block-heading\">3. Zahlungssicherheit<\/h2>\n\n\n\n<p>PandaSmoking macht <strong>keine vollst\u00e4ndigen Zahlungskartendaten speichern<\/strong> auf unseren Servern.<\/p>\n\n\n\n<p>Alle Zahlungen werden \u00fcber sichere Drittanbieter abgewickelt, die verschl\u00fcsselte Technologien verwenden, um sichere Transaktionen zu gew\u00e4hrleisten.<\/p>\n\n\n\n<h2 class=\"wp-block-heading\">4. Cookies und Tracking-Technologien<\/h2>\n\n\n\n<p>Unsere Website kann Cookies und \u00e4hnliche Technologien verwenden, um:<\/p>\n\n\n\n<ul class=\"wp-block-list\">\n<li>Verbesserung der Website-Leistung<\/li>\n\n\n\n<li>Benutzereinstellungen speichern<\/li>\n\n\n\n<li>Analysieren Sie das Besucherverhalten<\/li>\n\n\n\n<li>Erm\u00f6glicht ein reibungsloseres Surfen<\/li>\n<\/ul>\n\n\n\n<p>Sie k\u00f6nnen Cookies \u00fcber Ihre Browsereinstellungen deaktivieren, wenn Sie dies w\u00fcnschen.<\/p>\n\n\n\n<h2 class=\"wp-block-heading\">5. Informationen zu Bestellung und Versand<\/h2>\n\n\n\n<p>Wenn Sie eine Bestellung aufgeben, erfassen wir die Versanddaten, die f\u00fcr die Lieferung Ihrer Bestellung erforderlich sind.<\/p>\n\n\n\n<p>Diese Informationen k\u00f6nnen ausschlie\u00dflich zum Zweck der Lieferung an vertrauensw\u00fcrdige Versandpartner weitergegeben werden.<\/p>\n\n\n\n<h2 class=\"wp-block-heading\">6. Weitergabe von Informationen<\/h2>\n\n\n\n<p>PandaSmoking macht <strong>keine pers\u00f6nlichen Informationen verkaufen oder vermieten<\/strong> an Dritte.<\/p>\n\n\n\n<p>Informationen d\u00fcrfen nur weitergegeben werden an:<\/p>\n\n\n\n<ul class=\"wp-block-list\">\n<li>Anbieter von Zahlungsverarbeitung<\/li>\n\n\n\n<li>Versand- und Logistikpartner<\/li>\n\n\n\n<li>Rechtliche Beh\u00f6rden, wenn dies gesetzlich vorgeschrieben ist<\/li>\n<\/ul>\n\n\n\n<p>Alle Partner sind zu einem verantwortungsvollen und sicheren Umgang mit Daten verpflichtet.<\/p>\n\n\n\n<h2 class=\"wp-block-heading\">7. Datenschutz<\/h2>\n\n\n\n<p>Wir ergreifen geeignete Sicherheitsma\u00dfnahmen zum Schutz personenbezogener Daten, einschlie\u00dflich:<\/p>\n\n\n\n<ul class=\"wp-block-list\">\n<li>Sichere verschl\u00fcsselte Verbindungen (SSL)<\/li>\n\n\n\n<li>Eingeschr\u00e4nkter Zugang zu sensiblen Informationen<\/li>\n\n\n\n<li>Regelm\u00e4\u00dfige \u00dcberwachung auf Sicherheitsschwachstellen<\/li>\n<\/ul>\n\n\n\n<p>Obwohl wir strenge Vorsichtsma\u00dfnahmen treffen, kann kein Online-System vollst\u00e4ndige Sicherheit garantieren.<\/p>\n\n\n\n<h2 class=\"wp-block-heading\">8. E-Mail-Kommunikation<\/h2>\n\n\n\n<p>Wenn Sie sich in unsere Mailingliste eintragen, k\u00f6nnen wir Ihnen gelegentlich etwas schicken:<\/p>\n\n\n\n<ul class=\"wp-block-list\">\n<li>Werbeaktionen<\/li>\n\n\n\n<li>Produkt-Updates<\/li>\n\n\n\n<li>Neue Markenank\u00fcndigungen<\/li>\n<\/ul>\n\n\n\n<p>Sie k\u00f6nnen Marketing-E-Mails jederzeit abbestellen, indem Sie auf den in der E-Mail enthaltenen Link zum Abbestellen klicken.<\/p>\n\n\n\n<h2 class=\"wp-block-heading\">9. Altersbeschr\u00e4nkungen<\/h2>\n\n\n\n<p>PandaSmoking-Produkte sind bestimmt f\u00fcr <strong>nur f\u00fcr erwachsene Kunden<\/strong>.<\/p>\n\n\n\n<p>Durch die Nutzung dieser Website best\u00e4tigen Sie, dass Sie die gesetzlichen Altersanforderungen f\u00fcr den Kauf von Tabakprodukten in Ihrem Land erf\u00fcllen.<\/p>\n\n\n\n<h2 class=\"wp-block-heading\">10. \u00c4nderungen an dieser Datenschutzrichtlinie<\/h2>\n\n\n\n<p>PandaSmoking beh\u00e4lt sich das Recht vor, diese Datenschutzrichtlinie zu aktualisieren, wenn dies erforderlich ist, um \u00c4nderungen an unseren Dienstleistungen, rechtlichen Anforderungen oder dem Betrieb der Website zu ber\u00fccksichtigen.<\/p>\n\n\n\n<p>Etwaige Aktualisierungen werden auf dieser Seite unter Angabe des neuen Datums bekannt gegeben.<\/p>\n\n\n\n<h2 class=\"wp-block-heading\">11. Kontaktinformationen<\/h2>\n\n\n\n<p>Wenn Sie Fragen zu dieser Datenschutzrichtlinie oder zum Umgang mit Ihren Daten haben, wenden Sie sich bitte an uns:<\/p>\n\n\n\n<p><strong>E-Mail:<\/strong> info@pandasmoking.com<\/p>\n\n\n\n<p><strong>WhatsApp\/Telefonnummer\uff1a<\/strong>+44 7922291211<\/p>","protected":false},"excerpt":{"rendered":"<p>Last Updated: 2026 At PandaSmoking, we value your privacy and are committed to protecting your personal information. This Privacy Policy explains how we collect, use, store, and protect the information you provide when visiting or making purchases through our website. 1. Information We Collect When you visit PandaSmoking or place an order, we may collect [&hellip;]<\/p>\n","protected":false},"author":1,"featured_media":0,"parent":0,"menu_order":0,"comment_status":"closed","ping_status":"closed","template":"","meta":{"_joinchat":[],"footnotes":""},"class_list":["post-915","page","type-page","status-publish","hentry"],"_links":{"self":[{"href":"https:\/\/www.pandasmoking.com\/de\/wp-json\/wp\/v2\/pages\/915","targetHints":{"allow":["GET"]}}],"collection":[{"href":"https:\/\/www.pandasmoking.com\/de\/wp-json\/wp\/v2\/pages"}],"about":[{"href":"https:\/\/www.pandasmoking.com\/de\/wp-json\/wp\/v2\/types\/page"}],"author":[{"embeddable":true,"href":"https:\/\/www.pandasmoking.com\/de\/wp-json\/wp\/v2\/users\/1"}],"replies":[{"embeddable":true,"href":"https:\/\/www.pandasmoking.com\/de\/wp-json\/wp\/v2\/comments?post=915"}],"version-history":[{"count":3,"href":"https:\/\/www.pandasmoking.com\/de\/wp-json\/wp\/v2\/pages\/915\/revisions"}],"predecessor-version":[{"id":1083,"href":"https:\/\/www.pandasmoking.com\/de\/wp-json\/wp\/v2\/pages\/915\/revisions\/1083"}],"wp:attachment":[{"href":"https:\/\/www.pandasmoking.com\/de\/wp-json\/wp\/v2\/media?parent=915"}],"curies":[{"name":"wp","href":"https:\/\/api.w.org\/{rel}","templated":true}]}}