{"id":920,"date":"2026-03-17T15:15:24","date_gmt":"2026-03-17T07:15:24","guid":{"rendered":"https:\/\/www.pandasmoking.com\/?page_id=920"},"modified":"2026-03-19T10:58:14","modified_gmt":"2026-03-19T02:58:14","slug":"return-policy","status":"publish","type":"page","link":"https:\/\/www.pandasmoking.com\/de\/return-policy","title":{"rendered":"R\u00fcckgabepolitik"},"content":{"rendered":"<p><strong>Zuletzt aktualisiert:<\/strong> 2026<\/p>\n\n\n\n<p>Unter <strong>PandaSmoking<\/strong>, Die Zufriedenheit unserer Kunden ist uns wichtig. Diese R\u00fcckgaberichtlinie erl\u00e4utert die Bedingungen, unter denen R\u00fcckgaben, Umtausch und R\u00fcckerstattungsantr\u00e4ge f\u00fcr Bestellungen \u00fcber unsere Website bearbeitet werden k\u00f6nnen.<\/p>\n\n\n\n<h2 class=\"wp-block-heading\">1. Zul\u00e4ssigkeit von R\u00fccksendungen<\/h2>\n\n\n\n<p>Aufgrund der Beschaffenheit von Tabakerzeugnissen, <strong>Die meisten Artikel, die auf PandaSmoking verkauft werden, k\u00f6nnen nicht zur\u00fcckgegeben werden, sobald sie ge\u00f6ffnet oder benutzt wurden.<\/strong>.<\/p>\n\n\n\n<p>R\u00fccksendungen k\u00f6nnen nur unter bestimmten Umst\u00e4nden ber\u00fccksichtigt werden, z. B:<\/p>\n\n\n\n<ul class=\"wp-block-list\">\n<li>Der erhaltene Artikel wurde beim Versand besch\u00e4digt<\/li>\n\n\n\n<li>Das falsche Produkt wurde versandt<\/li>\n\n\n\n<li>Der erhaltene Artikel stimmt nicht mit der Bestellung \u00fcberein<\/li>\n<\/ul>\n\n\n\n<p>Die Antr\u00e4ge m\u00fcssen innerhalb des unten angegebenen Zeitrahmens eingereicht werden.<\/p>\n\n\n\n<h2 class=\"wp-block-heading\">2. Zeitrahmen f\u00fcr die R\u00fcckgabeanforderung<\/h2>\n\n\n\n<p>Kunden m\u00fcssen PandaSmoking innerhalb von <strong>48 Stunden nach Eingang der Bestellung<\/strong> wenn es ein Problem mit dem Produkt gibt.<\/p>\n\n\n\n<p>Antr\u00e4ge, die nach Ablauf dieser Frist gestellt werden, k\u00f6nnen unter Umst\u00e4nden nicht mehr gepr\u00fcft oder bearbeitet werden.<\/p>\n\n\n\n<p>Um eine Anfrage einzureichen, wenden Sie sich bitte an unser Support-Team und geben Sie die unten aufgef\u00fchrten erforderlichen Informationen an.<\/p>\n\n\n\n<h2 class=\"wp-block-heading\">3. Erforderliche Informationen f\u00fcr R\u00fccksendeantr\u00e4ge<\/h2>\n\n\n\n<p>Bei der Beantragung einer R\u00fccksendung oder einer \u00dcberpr\u00fcfung eines Problems m\u00fcssen die Kunden Folgendes angeben:<\/p>\n\n\n\n<ul class=\"wp-block-list\">\n<li>Bestellnummer<\/li>\n\n\n\n<li>Deutliche Fotos des erhaltenen Produkts<\/li>\n\n\n\n<li>Fotos des Versandpakets<\/li>\n\n\n\n<li>Eine kurze Beschreibung des Problems<\/li>\n<\/ul>\n\n\n\n<p>Diese Informationen helfen unserem Team, die Situation schnell einzusch\u00e4tzen und eine geeignete L\u00f6sung zu finden.<\/p>\n\n\n\n<h2 class=\"wp-block-heading\">4. Nicht zur\u00fccknehmbare Artikel<\/h2>\n\n\n\n<p>Aus gesundheitlichen, sicherheitstechnischen und gesetzlichen Gr\u00fcnden k\u00f6nnen die folgenden Artikel nicht zur\u00fcckgegeben werden:<\/p>\n\n\n\n<ul class=\"wp-block-list\">\n<li>Ge\u00f6ffnete Zigarettenschachteln<\/li>\n\n\n\n<li>Gebrauchte Tabakerzeugnisse<\/li>\n\n\n\n<li>Nach der Lieferung durch den Kunden besch\u00e4digte Sendungen<\/li>\n\n\n\n<li>Produkte ohne Originalverpackung<\/li>\n<\/ul>\n\n\n\n<p>Diese Einschr\u00e4nkungen gew\u00e4hrleisten die Produktsicherheit und die Einhaltung der geltenden Vorschriften.<\/p>\n\n\n\n<h2 class=\"wp-block-heading\">5. Besch\u00e4digte oder fehlerhafte Artikel<\/h2>\n\n\n\n<p>Wenn ein Artikel besch\u00e4digt oder falsch ankommt, kann PandaSmoking eine der folgenden L\u00f6sungen anbieten:<\/p>\n\n\n\n<ul class=\"wp-block-list\">\n<li>Ersetzung des Artikels<\/li>\n\n\n\n<li>Teilweise Erstattung<\/li>\n\n\n\n<li>Ladenguthaben f\u00fcr zuk\u00fcnftige Eink\u00e4ufe<\/li>\n<\/ul>\n\n\n\n<p>Die angebotene L\u00f6sung h\u00e4ngt von der jeweiligen Situation und der Verf\u00fcgbarkeit des Produkts ab.<\/p>\n\n\n\n<h2 class=\"wp-block-heading\">6. R\u00fccksendung<\/h2>\n\n\n\n<p>In F\u00e4llen, in denen eine R\u00fccksendung genehmigt wird, wird PandaSmoking Anweisungen zum R\u00fccksendeverfahren geben.<\/p>\n\n\n\n<p>Es sei denn, das Problem ist auf einen Fehler unsererseits zur\u00fcckzuf\u00fchren (z. B. eine falsche Lieferung), <strong>Kunden k\u00f6nnen f\u00fcr die R\u00fccksendekosten verantwortlich sein<\/strong>.<\/p>\n\n\n\n<p>Die R\u00fccksendekosten werden nicht erstattet, sofern nicht anders angegeben.<\/p>\n\n\n\n<h2 class=\"wp-block-heading\">7. Erstattungsbearbeitung<\/h2>\n\n\n\n<p>Wenn eine R\u00fcckerstattung genehmigt wird, wird sie nach M\u00f6glichkeit \u00fcber die urspr\u00fcngliche Zahlungsmethode abgewickelt.<\/p>\n\n\n\n<p>Bitte beachten Sie dies:<\/p>\n\n\n\n<ul class=\"wp-block-list\">\n<li>Die Bearbeitungszeiten f\u00fcr Erstattungen k\u00f6nnen je nach Zahlungsanbieter variieren.<\/li>\n\n\n\n<li>Banken oder Zahlungsplattformen k\u00f6nnen mehrere Werktage ben\u00f6tigen, um die Erstattung abzuschlie\u00dfen.<\/li>\n<\/ul>\n\n\n\n<p>PandaSmoking hat keinen Einfluss auf Verz\u00f6gerungen bei der Bearbeitung, sobald die Erstattung eingeleitet wurde.<\/p>\n\n\n\n<h2 class=\"wp-block-heading\">8. Stornierung der Bestellung<\/h2>\n\n\n\n<p>Bestellungen k\u00f6nnen nur storniert werden <strong>bevor sie versandt werden<\/strong>.<\/p>\n\n\n\n<p>Sobald eine Bestellung bearbeitet und versandt wurde, ist eine Stornierung m\u00f6glicherweise nicht mehr m\u00f6glich.<\/p>\n\n\n\n<p>Die Kunden werden gebeten, ihre Bestellung sorgf\u00e4ltig zu pr\u00fcfen, bevor sie zur Kasse gehen.<\/p>\n\n\n\n<h2 class=\"wp-block-heading\">9. Verlorene oder versp\u00e4tete Sendungen<\/h2>\n\n\n\n<p>Wenn eine Sendung versp\u00e4tet eintrifft oder fehlt, sollten die Kunden zun\u00e4chst das Versandunternehmen anhand der bereitgestellten Informationen zur Sendungsverfolgung kontaktieren.<\/p>\n\n\n\n<p>Wenn das Problem nicht mit dem Anbieter gekl\u00e4rt werden kann, kann der PandaSmoking-Support bei der Untersuchung der Situation helfen.<\/p>\n\n\n\n<p>Versandverz\u00f6gerungen, die durch Spediteure, Zollabfertigung oder externe Faktoren verursacht werden, gelten jedoch nicht als g\u00fcltige Gr\u00fcnde f\u00fcr eine R\u00fcckerstattung.<\/p>\n\n\n\n<h2 class=\"wp-block-heading\">10. Zoll- und Importangelegenheiten<\/h2>\n\n\n\n<p>Die Kunden sind daf\u00fcr verantwortlich, dass die bei PandaSmoking bestellten Produkte legal in ihr Land oder ihre Region eingef\u00fchrt werden k\u00f6nnen.<\/p>\n\n\n\n<p>PandaSmoking ist <strong>nicht verantwortlich f\u00fcr R\u00fccksendungen, Beschlagnahmungen oder Verz\u00f6gerungen, die durch Zollbeh\u00f6rden oder lokale Vorschriften verursacht werden<\/strong>.<\/p>\n\n\n\n<p>Kosten, die durch Zollbeschr\u00e4nkungen entstehen, k\u00f6nnen nicht erstattet werden.<\/p>\n\n\n\n<h2 class=\"wp-block-heading\">11. Politische Aktualisierungen<\/h2>\n\n\n\n<p>PandaSmoking beh\u00e4lt sich das Recht vor, diese R\u00fcckgabebestimmungen jederzeit zu aktualisieren oder zu \u00e4ndern.<\/p>\n\n\n\n<p>Alle \u00c4nderungen werden auf dieser Seite ver\u00f6ffentlicht und gelten f\u00fcr zuk\u00fcnftige Eink\u00e4ufe.<\/p>\n\n\n\n<h2 class=\"wp-block-heading\">12. die R\u00fccksendeadresse (Vereinigtes K\u00f6nigreich)<\/h2>\n\n\n\n<p>Daniel Banner<\/p>\n\n\n\n<p>Suite 12<\/p>\n\n\n\n<p>Hohe Stra\u00dfe 48<\/p>\n\n\n\n<p>Birmingham, B4 7SR<\/p>\n\n\n\n<p>Vereinigtes K\u00f6nigreich<\/p>\n\n\n\n<p><strong>Telefon\/WhatsApp:<\/strong>&nbsp;+44 7922291211<\/p>\n\n\n\n<p><strong>E-Mail<\/strong>:\u00a0info@pandasmoking.com<\/p>\n\n\n\n<p><strong>pandasmoking<\/strong><br>E-Mail:\u00a0<strong>info@pandasmoking.com<\/strong><br>Kontakt Seite: Verf\u00fcgbar auf unserer Website<\/p>\n\n\n\n<p>Unser Team wird Ihre Anfrage pr\u00fcfen und Ihnen so schnell wie m\u00f6glich antworten.<\/p>","protected":false},"excerpt":{"rendered":"<p>Last Updated: 2026 At PandaSmoking, customer satisfaction is important to us. This Return Policy explains the conditions under which returns, exchanges, and refund requests may be handled for orders placed through our website. 1. Eligibility for Returns Due to the nature of tobacco products, most items sold on PandaSmoking are not eligible for return once [&hellip;]<\/p>\n","protected":false},"author":1,"featured_media":0,"parent":0,"menu_order":0,"comment_status":"closed","ping_status":"closed","template":"","meta":{"_joinchat":[],"footnotes":""},"class_list":["post-920","page","type-page","status-publish","hentry"],"_links":{"self":[{"href":"https:\/\/www.pandasmoking.com\/de\/wp-json\/wp\/v2\/pages\/920","targetHints":{"allow":["GET"]}}],"collection":[{"href":"https:\/\/www.pandasmoking.com\/de\/wp-json\/wp\/v2\/pages"}],"about":[{"href":"https:\/\/www.pandasmoking.com\/de\/wp-json\/wp\/v2\/types\/page"}],"author":[{"embeddable":true,"href":"https:\/\/www.pandasmoking.com\/de\/wp-json\/wp\/v2\/users\/1"}],"replies":[{"embeddable":true,"href":"https:\/\/www.pandasmoking.com\/de\/wp-json\/wp\/v2\/comments?post=920"}],"version-history":[{"count":3,"href":"https:\/\/www.pandasmoking.com\/de\/wp-json\/wp\/v2\/pages\/920\/revisions"}],"predecessor-version":[{"id":1079,"href":"https:\/\/www.pandasmoking.com\/de\/wp-json\/wp\/v2\/pages\/920\/revisions\/1079"}],"wp:attachment":[{"href":"https:\/\/www.pandasmoking.com\/de\/wp-json\/wp\/v2\/media?parent=920"}],"curies":[{"name":"wp","href":"https:\/\/api.w.org\/{rel}","templated":true}]}}