{"id":931,"date":"2026-03-17T15:17:07","date_gmt":"2026-03-17T07:17:07","guid":{"rendered":"https:\/\/www.pandasmoking.com\/?page_id=931"},"modified":"2026-03-19T11:01:30","modified_gmt":"2026-03-19T03:01:30","slug":"shipping-policy","status":"publish","type":"page","link":"https:\/\/www.pandasmoking.com\/de\/shipping-policy","title":{"rendered":"Versandpolitik"},"content":{"rendered":"<p><strong>Zuletzt aktualisiert:<\/strong> 2026<\/p>\n\n\n\n<p>Unter <strong>PandaSmoking<\/strong>, ist es unser Ziel, unseren Kunden weltweit einen zuverl\u00e4ssigen und effizienten Versand zu bieten. Diese Versandrichtlinie beschreibt, wie Bestellungen bearbeitet, versandt und geliefert werden, wenn Sie auf unserer Website einkaufen.<\/p>\n\n\n\n<h2 class=\"wp-block-heading\">1. Bearbeitungszeit der Bestellung<\/h2>\n\n\n\n<p>Bestellungen auf PandaSmoking werden normalerweise innerhalb von <strong>1-3 Arbeitstage<\/strong> nach Zahlungsbest\u00e4tigung.<\/p>\n\n\n\n<p>Die Verarbeitung umfasst:<\/p>\n\n\n\n<ul class=\"wp-block-list\">\n<li>\u00dcberpr\u00fcfung der Bestellung<\/li>\n\n\n\n<li>Vorbereitung des Produkts<\/li>\n\n\n\n<li>Verpackung<\/li>\n\n\n\n<li>Anordnung des Versands<\/li>\n<\/ul>\n\n\n\n<p>Bestellungen, die an Wochenenden oder Feiertagen aufgegeben werden, k\u00f6nnen am n\u00e4chsten Werktag bearbeitet werden.<\/p>\n\n\n\n<h2 class=\"wp-block-heading\">2. Versandmethoden<\/h2>\n\n\n\n<p>PandaSmoking arbeitet mit zuverl\u00e4ssigen internationalen Logistikpartnern zusammen, um Bestellungen sicher und effizient zu liefern.<\/p>\n\n\n\n<p>Je nach Bestimmungsort kann der Versand \u00fcber folgende Stellen erfolgen:<\/p>\n\n\n\n<ul class=\"wp-block-list\">\n<li>Internationale Kurierdienste<\/li>\n\n\n\n<li>Lokale Lieferpartner<\/li>\n\n\n\n<li>Eingeschriebene Postdienste<\/li>\n<\/ul>\n\n\n\n<p>Die verf\u00fcgbaren Versandoptionen werden w\u00e4hrend des Bestellvorgangs angezeigt.<\/p>\n\n\n\n<h2 class=\"wp-block-heading\">3. Gesch\u00e4tzte Lieferfrist<\/h2>\n\n\n\n<p>Die Lieferzeiten variieren je nach Bestimmungsort und Versandunternehmen.<\/p>\n\n\n\n<p>Typische Liefertermine sind:<\/p>\n\n\n\n<ul class=\"wp-block-list\">\n<li><strong>Nord-Amerika:<\/strong> 7-15 Arbeitstage<\/li>\n\n\n\n<li><strong>Europa:<\/strong> 7-15 Arbeitstage<\/li>\n\n\n\n<li><strong>Asien-Pazifik:<\/strong> 5-12 Arbeitstage<\/li>\n\n\n\n<li><strong>Andere Regionen:<\/strong> 10-20 Arbeitstage<\/li>\n<\/ul>\n\n\n\n<p>Bitte beachten Sie, dass diese Sch\u00e4tzungen nicht garantiert sind und aufgrund externer Faktoren variieren k\u00f6nnen.<\/p>\n\n\n\n<h2 class=\"wp-block-heading\">4. Versandgeb\u00fchren<\/h2>\n\n\n\n<p>Die Versandkosten werden w\u00e4hrend des Bestellvorgangs auf der Grundlage des Preises berechnet:<\/p>\n\n\n\n<ul class=\"wp-block-list\">\n<li>Bestimmungsland<\/li>\n\n\n\n<li>Gew\u00e4hlte Versandart<\/li>\n\n\n\n<li>Gewicht und Gr\u00f6\u00dfe bestellen<\/li>\n<\/ul>\n\n\n\n<p>Werbekampagnen k\u00f6nnen gelegentlich Folgendes bieten <strong>Kostenloser Versand f\u00fcr berechtigte Bestellungen<\/strong>.<\/p>\n\n\n\n<h2 class=\"wp-block-heading\">5. Informationen zur Verfolgung<\/h2>\n\n\n\n<p>Sobald Ihre Bestellung versandt wurde, wird eine <strong>Die Tracking-Nummer wird per E-Mail mitgeteilt<\/strong>.<\/p>\n\n\n\n<p>Die Kunden k\u00f6nnen die Sendungsnummer verwenden, um den Status der Sendung \u00fcber das Tracking-System des Spediteurs zu verfolgen.<\/p>\n\n\n\n<p>Es kann einige Stunden dauern, bis die Sendungsverfolgung nach dem Versand des Pakets aktualisiert wird.<\/p>\n\n\n\n<h2 class=\"wp-block-heading\">6. Z\u00f6lle und Einfuhrz\u00f6lle<\/h2>\n\n\n\n<p>Bei internationalen Bestellungen k\u00f6nnen Geb\u00fchren anfallen:<\/p>\n\n\n\n<ul class=\"wp-block-list\">\n<li>Zollkontrollen<\/li>\n\n\n\n<li>Einfuhrsteuern<\/li>\n\n\n\n<li>Z\u00f6lle oder zus\u00e4tzliche Geb\u00fchren<\/li>\n<\/ul>\n\n\n\n<p>Diese Geb\u00fchren werden durch das Bestimmungsland bestimmt und <strong>liegen in der Verantwortung des Kunden<\/strong>.<\/p>\n\n\n\n<p>PandaSmoking hat keine Kontrolle \u00fcber die Zollverfahren und kann zus\u00e4tzliche Importkosten nicht vorhersagen.<\/p>\n\n\n\n<h2 class=\"wp-block-heading\">7. Falsche Versandinformationen<\/h2>\n\n\n\n<p>Die Kunden sind verantwortlich f\u00fcr die Bereitstellung <strong>genaue und vollst\u00e4ndige Angaben zum Versand<\/strong> wenn Sie eine Bestellung aufgeben.<\/p>\n\n\n\n<p>PandaSmoking ist nicht verantwortlich f\u00fcr Lieferprobleme, die durch:<\/p>\n\n\n\n<ul class=\"wp-block-list\">\n<li>Falsche Adressangaben<\/li>\n\n\n\n<li>Fehlende Wohnungs- oder Einheitsnummern<\/li>\n\n\n\n<li>Ung\u00fcltige Kontaktangaben<\/li>\n<\/ul>\n\n\n\n<p>Wenn ein Paket erneut verschickt werden muss, k\u00f6nnen zus\u00e4tzliche Versandkosten anfallen.<\/p>\n\n\n\n<h2 class=\"wp-block-heading\">8. Lieferverz\u00f6gerungen<\/h2>\n\n\n\n<p>Obwohl wir uns bem\u00fchen, eine rechtzeitige Lieferung zu gew\u00e4hrleisten, kann es aufgrund von Umst\u00e4nden, die au\u00dferhalb unserer Kontrolle liegen, zu Verz\u00f6gerungen kommen:<\/p>\n\n\n\n<ul class=\"wp-block-list\">\n<li>Wetterbedingungen<\/li>\n\n\n\n<li>Zollabfertigungsverfahren<\/li>\n\n\n\n<li>Versp\u00e4tungen des Transportunternehmens<\/li>\n\n\n\n<li>Hohes saisonales Versandvolumen<\/li>\n\n\n\n<li>St\u00f6rungen im internationalen Transportwesen<\/li>\n<\/ul>\n\n\n\n<p>In solchen F\u00e4llen wird PandaSmoking sein Bestes tun, um Kunden bei der Verfolgung ihrer Sendungen zu unterst\u00fctzen.<\/p>\n\n\n\n<h2 class=\"wp-block-heading\">9. Verlorene Pakete<\/h2>\n\n\n\n<p>Wenn ein Paket auf dem Transportweg verloren gegangen zu sein scheint, sollten sich die Kunden zun\u00e4chst mit dem Versandunternehmen in Verbindung setzen und die bereitgestellten Informationen zur Sendungsverfolgung verwenden.<\/p>\n\n\n\n<p>Wenn das Problem nicht gel\u00f6st werden kann, kann der PandaSmoking-Support dabei helfen, eine Untersuchung mit dem Versanddienstleister einzuleiten.<\/p>\n\n\n\n<p>L\u00f6sungsm\u00f6glichkeiten k\u00f6nnen sein:<\/p>\n\n\n\n<ul class=\"wp-block-list\">\n<li>Ersatzlieferung<\/li>\n\n\n\n<li>Kredit im Gesch\u00e4ft<\/li>\n\n\n\n<li>Andere L\u00f6sungen je nach dem Ergebnis der Untersuchung des Bef\u00f6rderers.<\/li>\n<\/ul>\n\n\n\n<h2 class=\"wp-block-heading\">10. Versandbeschr\u00e4nkungen<\/h2>\n\n\n\n<p>Aufgrund gesetzlicher Bestimmungen kann PandaSmoking bestimmte Produkte nicht in bestimmte Regionen oder L\u00e4nder liefern.<\/p>\n\n\n\n<p>Wenn f\u00fcr Ihren Standort Versandbeschr\u00e4nkungen gelten, kann die Bestellung storniert und gem\u00e4\u00df den Richtlinien des Gesch\u00e4fts erstattet werden.<\/p>\n\n\n\n<p>Der Kunde ist daf\u00fcr verantwortlich, dass die bestellten Produkte in seinem Land zugelassen sind.<\/p>\n\n\n\n<h2 class=\"wp-block-heading\">11. Mehrere Sendungen<\/h2>\n\n\n\n<p>In einigen F\u00e4llen k\u00f6nnen Bestellungen, die mehrere Artikel enthalten, in separaten Paketen versandt werden.<\/p>\n\n\n\n<p>Dies kann aus folgenden Gr\u00fcnden geschehen:<\/p>\n\n\n\n<ul class=\"wp-block-list\">\n<li>Verf\u00fcgbarkeit der Produkte<\/li>\n\n\n\n<li>Lagerlogistik<\/li>\n\n\n\n<li>Optimierung des Versands<\/li>\n<\/ul>\n\n\n\n<p>Bei aufgeteilten Sendungen erhalten die Kunden separate Kontrollnummern.<\/p>\n\n\n\n<h2 class=\"wp-block-heading\">12. Kontakt Unterst\u00fctzung<\/h2>\n\n\n\n<p>Wenn Sie Fragen zu Versand oder Lieferung haben, wenden Sie sich bitte an unser Support-Team.<\/p>\n\n\n\n<p><strong>WhatsApp:<\/strong>&nbsp;+44 7922291211<\/p>\n\n\n\n<p><strong>E-Mail:<\/strong> info@pandasmoking.com<\/p>\n\n\n\n<p>Wir setzen uns daf\u00fcr ein, dass Ihre Bestellung sicher und effizient bei Ihnen ankommt.<\/p>\n\n\n\n<p><\/p>","protected":false},"excerpt":{"rendered":"<p>Last Updated: 2026 At PandaSmoking, we aim to provide reliable and efficient shipping services to customers worldwide. This Shipping Policy outlines how orders are processed, shipped, and delivered when purchasing from our website. 1. Order Processing Time Orders placed on PandaSmoking are typically processed within 1\u20133 business days after payment confirmation. Processing includes: Orders placed [&hellip;]<\/p>\n","protected":false},"author":1,"featured_media":0,"parent":0,"menu_order":0,"comment_status":"closed","ping_status":"closed","template":"","meta":{"_joinchat":[],"footnotes":""},"class_list":["post-931","page","type-page","status-publish","hentry"],"_links":{"self":[{"href":"https:\/\/www.pandasmoking.com\/de\/wp-json\/wp\/v2\/pages\/931","targetHints":{"allow":["GET"]}}],"collection":[{"href":"https:\/\/www.pandasmoking.com\/de\/wp-json\/wp\/v2\/pages"}],"about":[{"href":"https:\/\/www.pandasmoking.com\/de\/wp-json\/wp\/v2\/types\/page"}],"author":[{"embeddable":true,"href":"https:\/\/www.pandasmoking.com\/de\/wp-json\/wp\/v2\/users\/1"}],"replies":[{"embeddable":true,"href":"https:\/\/www.pandasmoking.com\/de\/wp-json\/wp\/v2\/comments?post=931"}],"version-history":[{"count":3,"href":"https:\/\/www.pandasmoking.com\/de\/wp-json\/wp\/v2\/pages\/931\/revisions"}],"predecessor-version":[{"id":1082,"href":"https:\/\/www.pandasmoking.com\/de\/wp-json\/wp\/v2\/pages\/931\/revisions\/1082"}],"wp:attachment":[{"href":"https:\/\/www.pandasmoking.com\/de\/wp-json\/wp\/v2\/media?parent=931"}],"curies":[{"name":"wp","href":"https:\/\/api.w.org\/{rel}","templated":true}]}}