{"id":108,"date":"2026-03-11T18:16:30","date_gmt":"2026-03-11T10:16:30","guid":{"rendered":"https:\/\/www.pandasmoking.com\/?post_type=product&#038;p=108"},"modified":"2026-03-19T15:01:09","modified_gmt":"2026-03-19T07:01:09","slug":"marlboro-double-blast","status":"publish","type":"product","link":"https:\/\/www.pandasmoking.com\/de\/produkt\/marlboro-double-blast","title":{"rendered":"Marlboro Double Blast"},"content":{"rendered":"<p><strong data-start=\"647\" data-end=\"672\">Marlboro Double Blast<\/strong> ist eine Marlboro-Zigarettenvariante, die in Australien \u00f6ffentlich als <strong data-start=\"743\" data-end=\"783\">King-Size Hard Pack mit 20 Zigaretten<\/strong>. Dem australischen Bericht \u00fcber die Inhaltsstoffe zufolge handelt es sich um eine offiziell gelistete Marlboro-Produktvariante und nicht nur um einen informellen H\u00e4ndlernamen. In den aktuellen Listen des Einzelhandels wird sie \u00fcblicherweise mit <strong data-start=\"983\" data-end=\"994\">8mg Teer<\/strong> und <strong data-start=\"999\" data-end=\"1017\">0,8 mg Nikotin<\/strong>, Damit ist sie eine st\u00e4rkere Option f\u00fcr K\u00e4ufer, die ein vollmundigeres Marlboro-Profil in einem Hartpackungsformat bevorzugen.<\/p>\n<h3>Zigaretten-Informationen<\/h3>\n<table>\n<thead>\n<tr>\n<th>Artikel<\/th>\n<th>Einzelheiten<\/th>\n<\/tr>\n<\/thead>\n<tbody>\n<tr>\n<td>Produktname<\/td>\n<td>Marlboro Double Blast<\/td>\n<\/tr>\n<tr>\n<td>Marke<\/td>\n<td>Marlboro<\/td>\n<\/tr>\n<tr>\n<td>Produkttyp<\/td>\n<td>Zigaretten<\/td>\n<\/tr>\n<tr>\n<td>Markt<\/td>\n<td>Australien<\/td>\n<\/tr>\n<tr>\n<td>Pack-Stil<\/td>\n<td>King-Size Hard Pack<\/td>\n<\/tr>\n<tr>\n<td>Packma\u00df<\/td>\n<td>20 Zigaretten<\/td>\n<\/tr>\n<tr>\n<td>Produkt Gewicht<\/td>\n<td>0.892 g<\/td>\n<\/tr>\n<tr>\n<td>Tabak Gewicht<\/td>\n<td>0.595 g<\/td>\n<\/tr>\n<tr>\n<td>Gemeinsame Auflistung im Einzelhandel<\/td>\n<td>8mg Teer \/ 0,8mg Nikotin<\/td>\n<\/tr>\n<\/tbody>\n<\/table>","protected":false},"excerpt":{"rendered":"<p>Marlboro Double Blast is a Marlboro cigarette variant publicly documented in Australia as a King-Size Hard Pack of 20 cigarettes. Based on the Australian ingredients report, it is an officially listed Marlboro product variant rather than just an informal retailer name. In current retail listings, it is commonly presented with 8mg tar and 0.8mg nicotine, [&hellip;]<\/p>\n","protected":false},"featured_media":171,"comment_status":"open","ping_status":"closed","template":"","meta":{"_joinchat":[]},"product_brand":[],"product_cat":[23],"product_tag":[],"class_list":{"0":"post-108","1":"product","2":"type-product","3":"status-publish","4":"has-post-thumbnail","6":"product_cat-marlboro","8":"first","9":"instock","10":"shipping-taxable","11":"purchasable","12":"product-type-variable"},"_links":{"self":[{"href":"https:\/\/www.pandasmoking.com\/de\/wp-json\/wp\/v2\/product\/108","targetHints":{"allow":["GET"]}}],"collection":[{"href":"https:\/\/www.pandasmoking.com\/de\/wp-json\/wp\/v2\/product"}],"about":[{"href":"https:\/\/www.pandasmoking.com\/de\/wp-json\/wp\/v2\/types\/product"}],"replies":[{"embeddable":true,"href":"https:\/\/www.pandasmoking.com\/de\/wp-json\/wp\/v2\/comments?post=108"}],"wp:featuredmedia":[{"embeddable":true,"href":"https:\/\/www.pandasmoking.com\/de\/wp-json\/wp\/v2\/media\/171"}],"wp:attachment":[{"href":"https:\/\/www.pandasmoking.com\/de\/wp-json\/wp\/v2\/media?parent=108"}],"wp:term":[{"taxonomy":"product_brand","embeddable":true,"href":"https:\/\/www.pandasmoking.com\/de\/wp-json\/wp\/v2\/product_brand?post=108"},{"taxonomy":"product_cat","embeddable":true,"href":"https:\/\/www.pandasmoking.com\/de\/wp-json\/wp\/v2\/product_cat?post=108"},{"taxonomy":"product_tag","embeddable":true,"href":"https:\/\/www.pandasmoking.com\/de\/wp-json\/wp\/v2\/product_tag?post=108"}],"curies":[{"name":"wp","href":"https:\/\/api.w.org\/{rel}","templated":true}]}}