{"id":112,"date":"2026-03-11T18:16:31","date_gmt":"2026-03-11T10:16:31","guid":{"rendered":"https:\/\/www.pandasmoking.com\/?post_type=product&#038;p=112"},"modified":"2026-03-19T14:49:13","modified_gmt":"2026-03-19T06:49:13","slug":"marlboro-hard-white-us-edition","status":"publish","type":"product","link":"https:\/\/www.pandasmoking.com\/de\/produkt\/marlboro-hard-white-us-edition","title":{"rendered":"Marlboro (Hartwei\u00df) US-Ausgabe"},"content":{"rendered":"<p><strong data-start=\"583\" data-end=\"619\">Marlboro (Hartwei\u00df) US-Ausgabe<\/strong> wird im Allgemeinen als ein fest verpacktes Marlboro-Produkt nach US-amerikanischem Vorbild verstanden, das im Einzelhandel \u00fcblicherweise mit der Marlboro Gold-Linie in Verbindung gebracht wird. Sie wird in einem festen Schachtelformat mit <strong data-start=\"798\" data-end=\"824\">20 Zigaretten pro Packung<\/strong>, Sie bieten eine saubere und klassische Marlboro-Pr\u00e4sentation f\u00fcr Raucher, die einen unkomplizierten, mentholfreien Stil bevorzugen. \u00d6ffentliche US-Materialien f\u00fcr Marlboro-Zigarettenschachteln weisen sie als Standard-Filterzigaretten aus, die von <strong data-start=\"1052\" data-end=\"1073\">Philip Morris USA<\/strong>, ohne dass ein charakteristischer Geschmack aufgef\u00fchrt ist.<\/p>\n<h3>Zigaretten-Informationen<\/h3>\n<table>\n<thead>\n<tr>\n<th>Artikel<\/th>\n<th>Einzelheiten<\/th>\n<\/tr>\n<\/thead>\n<tbody>\n<tr>\n<td>Produktname<\/td>\n<td>Marlboro (Hartwei\u00df) US-Ausgabe<\/td>\n<\/tr>\n<tr>\n<td>Marke<\/td>\n<td>Marlboro<\/td>\n<\/tr>\n<tr>\n<td>Markt<\/td>\n<td>Vereinigte Staaten<\/td>\n<\/tr>\n<tr>\n<td>Pack-Stil<\/td>\n<td>Hard Pack \/ Box<\/td>\n<\/tr>\n<tr>\n<td>Produkttyp<\/td>\n<td>Gefilterte Zigaretten<\/td>\n<\/tr>\n<tr>\n<td>Packma\u00df<\/td>\n<td>20 Zigaretten<\/td>\n<\/tr>\n<tr>\n<td>Geschmacksrichtung<\/td>\n<td>Nicht-charakterisierendes Aroma<\/td>\n<\/tr>\n<tr>\n<td>Markeninhaber in den U.S.A.<\/td>\n<td>Philip Morris USA<\/td>\n<\/tr>\n<\/tbody>\n<\/table>","protected":false},"excerpt":{"rendered":"<p>Marlboro (Hard White) US Edition is generally understood as a hard-pack U.S.-style Marlboro product, commonly associated with the Marlboro Gold line in retailer naming. It is presented in a firm box format with 20 cigarettes per pack, offering a clean and classic Marlboro presentation for smokers who prefer a straightforward, non-menthol style. Public U.S. materials [&hellip;]<\/p>\n","protected":false},"featured_media":184,"comment_status":"open","ping_status":"closed","template":"","meta":{"_joinchat":[]},"product_brand":[],"product_cat":[23],"product_tag":[],"class_list":{"0":"post-112","1":"product","2":"type-product","3":"status-publish","4":"has-post-thumbnail","6":"product_cat-marlboro","8":"first","9":"instock","10":"shipping-taxable","11":"purchasable","12":"product-type-variable"},"_links":{"self":[{"href":"https:\/\/www.pandasmoking.com\/de\/wp-json\/wp\/v2\/product\/112","targetHints":{"allow":["GET"]}}],"collection":[{"href":"https:\/\/www.pandasmoking.com\/de\/wp-json\/wp\/v2\/product"}],"about":[{"href":"https:\/\/www.pandasmoking.com\/de\/wp-json\/wp\/v2\/types\/product"}],"replies":[{"embeddable":true,"href":"https:\/\/www.pandasmoking.com\/de\/wp-json\/wp\/v2\/comments?post=112"}],"wp:featuredmedia":[{"embeddable":true,"href":"https:\/\/www.pandasmoking.com\/de\/wp-json\/wp\/v2\/media\/184"}],"wp:attachment":[{"href":"https:\/\/www.pandasmoking.com\/de\/wp-json\/wp\/v2\/media?parent=112"}],"wp:term":[{"taxonomy":"product_brand","embeddable":true,"href":"https:\/\/www.pandasmoking.com\/de\/wp-json\/wp\/v2\/product_brand?post=112"},{"taxonomy":"product_cat","embeddable":true,"href":"https:\/\/www.pandasmoking.com\/de\/wp-json\/wp\/v2\/product_cat?post=112"},{"taxonomy":"product_tag","embeddable":true,"href":"https:\/\/www.pandasmoking.com\/de\/wp-json\/wp\/v2\/product_tag?post=112"}],"curies":[{"name":"wp","href":"https:\/\/api.w.org\/{rel}","templated":true}]}}