{"id":1239,"date":"2026-04-15T15:24:46","date_gmt":"2026-04-15T07:24:46","guid":{"rendered":"https:\/\/www.pandasmoking.com\/?post_type=product&#038;p=1239"},"modified":"2026-04-16T14:16:30","modified_gmt":"2026-04-16T06:16:30","slug":"airmez-25k","status":"publish","type":"product","link":"https:\/\/www.pandasmoking.com\/de\/produkt\/airmez-25k","title":{"rendered":"Airmez 25K"},"content":{"rendered":"<p data-start=\"172\" data-end=\"452\"><strong data-start=\"172\" data-end=\"196\">Airmez Tornado 25000<\/strong> ist ein Einwegdampfer mit hoher Kapazit\u00e4t f\u00fcr Benutzer, die eine reibungslose Leistung, eine lange Nutzungsdauer und eine gro\u00dfe Auswahl an beliebten Geschmacksrichtungen w\u00fcnschen. Mit seinem praktischen Design und starken Spezifikationen ist er eine gute Wahl f\u00fcr Einzel- und Gro\u00dfhandelskunden.<\/p>\n<p data-start=\"454\" data-end=\"779\">Dieses Modell ist ausgestattet mit <strong data-start=\"476\" data-end=\"496\">25ML von e-Fl\u00fcssigkeit<\/strong>, a <strong data-start=\"500\" data-end=\"513\">Netzspule<\/strong>, an <strong data-start=\"518\" data-end=\"549\">850mAh wiederaufladbare Batterie<\/strong>, und eine <strong data-start=\"557\" data-end=\"581\">Typ-C-Ladeanschluss<\/strong> f\u00fcr ein reibungsloses und zuverl\u00e4ssiges Dampferlebnis. Mit <strong data-start=\"632\" data-end=\"647\">5% Nikotin<\/strong> und bis zu <strong data-start=\"658\" data-end=\"673\">25000 Z\u00fcge<\/strong>, Er ist f\u00fcr Benutzer geeignet, die ein Ger\u00e4t mit hoher Kapazit\u00e4t, gleichbleibendem Geschmack und bequemer Aufladung w\u00fcnschen.<\/p>\n<h3 data-section-id=\"bfe9be\" data-start=\"781\" data-end=\"801\">Produktmerkmale<\/h3>\n<ul data-start=\"803\" data-end=\"1070\">\n<li data-section-id=\"7qfcy4\" data-start=\"803\" data-end=\"841\">Produktname: Airmez Tornado 25000<\/li>\n<li data-section-id=\"dq2tqt\" data-start=\"842\" data-end=\"869\">Anzahl der Puffs: 25000 Puffs<\/li>\n<li data-section-id=\"143z8wq\" data-start=\"870\" data-end=\"895\">Nikotinst\u00e4rke: 5%<\/li>\n<li data-section-id=\"o6zcec\" data-start=\"896\" data-end=\"923\">E-Fl\u00fcssigkeit Kapazit\u00e4t: 25ML<\/li>\n<li data-section-id=\"8u54nt\" data-start=\"924\" data-end=\"948\">Typ der Spule: Mesh-Spule<\/li>\n<li data-section-id=\"znchb6\" data-start=\"949\" data-end=\"974\">Ladeanschluss: Typ-C<\/li>\n<li data-section-id=\"1felt4i\" data-start=\"975\" data-end=\"1003\">Akku-Kapazit\u00e4t: 850mAh<\/li>\n<li data-section-id=\"is15ib\" data-start=\"1004\" data-end=\"1039\">Verpackung: 10 St\u00fcck in einem Displaykarton<\/li>\n<li data-section-id=\"1sl4p9o\" data-start=\"1040\" data-end=\"1070\">Karton: 100St\u00fcck pro Karton<\/li>\n<\/ul>\n<h3 data-section-id=\"10ynmgm\" data-start=\"1072\" data-end=\"1090\">Geschmacksoptionen<\/h3>\n<ol data-start=\"1092\" data-end=\"1382\">\n<li data-section-id=\"lt51p3\" data-start=\"1092\" data-end=\"1118\">Erdbeere Wassermelone<\/li>\n<li data-section-id=\"1w2xu5g\" data-start=\"1119\" data-end=\"1148\">Kiwi Passionsfrucht Guave<\/li>\n<li data-section-id=\"10ykjzq\" data-start=\"1149\" data-end=\"1170\">Heidelbeere auf Eis<\/li>\n<li data-section-id=\"73m7gq\" data-start=\"1171\" data-end=\"1187\">Pfirsich-Mango<\/li>\n<li data-section-id=\"1hi9xho\" data-start=\"1188\" data-end=\"1207\">Erdbeereis<\/li>\n<li data-section-id=\"11khiag\" data-start=\"1208\" data-end=\"1226\">Gemischte Beeren<\/li>\n<li data-section-id=\"1w3hcpd\" data-start=\"1227\" data-end=\"1240\">\u00dcppiges Eis<\/li>\n<li data-section-id=\"2x29tp\" data-start=\"1241\" data-end=\"1255\">Traubeneis<\/li>\n<li data-section-id=\"vuyd6q\" data-start=\"1256\" data-end=\"1270\">Pfirsich-Eis<\/li>\n<li data-section-id=\"1b2xab5\" data-start=\"1271\" data-end=\"1291\">Beerenlimonade<\/li>\n<li data-section-id=\"xmjkw9\" data-start=\"1292\" data-end=\"1314\">Drachenfruchteis<\/li>\n<li data-section-id=\"iwpzmu\" data-start=\"1315\" data-end=\"1333\">Zitrone &amp; Limette<\/li>\n<li data-section-id=\"1vqyzhd\" data-start=\"1334\" data-end=\"1352\">Dreifach-Beere<\/li>\n<li data-section-id=\"2cz00p\" data-start=\"1353\" data-end=\"1365\">Kirsche<\/li>\n<li data-section-id=\"citwu4\" data-start=\"1366\" data-end=\"1382\">Saurer Apfel<\/li>\n<\/ol>\n<h3 data-section-id=\"p6nu3z\" data-start=\"1384\" data-end=\"1419\">Warum Airmez Tornado 25000 w\u00e4hlen?<\/h3>\n<ul data-start=\"1421\" data-end=\"1713\">\n<li data-section-id=\"1nsk1rm\" data-start=\"1421\" data-end=\"1457\">Bis zu 25000 Z\u00fcge f\u00fcr l\u00e4ngeren Gebrauch<\/li>\n<li data-section-id=\"1h0si85\" data-start=\"1458\" data-end=\"1492\">25ML e-Fl\u00fcssigkeit mit 5% Nikotin<\/li>\n<li data-section-id=\"ib0yw8\" data-start=\"1493\" data-end=\"1524\">Glatter Dampf mit Netzspule<\/li>\n<li data-section-id=\"1g8zwq1\" data-start=\"1525\" data-end=\"1570\">Wiederaufladbarer Akku mit Typ-C-Ladung<\/li>\n<li data-section-id=\"1xyauod\" data-start=\"1571\" data-end=\"1606\">Mehrere beliebte Geschmacksoptionen<\/li>\n<li data-section-id=\"uqqhx\" data-start=\"1607\" data-end=\"1659\">Geeignet f\u00fcr den Einzelhandel und den Gro\u00dfhandel<\/li>\n<li data-section-id=\"160n9vs\" data-start=\"1660\" data-end=\"1713\">Praktische Verpackung f\u00fcr Ladenverkauf und Gro\u00dfbestellungen<\/li>\n<\/ul>\n<h3 data-section-id=\"hwjiak\" data-start=\"1715\" data-end=\"1725\">Hinweis<\/h3>\n<p data-start=\"1727\" data-end=\"1795\">Der Preis f\u00fcr <strong data-start=\"1740\" data-end=\"1764\">Airmez Tornado 25000<\/strong> h\u00e4ngt von der Bestellmenge ab:<\/p>\n<ul data-start=\"1797\" data-end=\"1902\">\n<li data-section-id=\"130wclv\" data-start=\"1797\" data-end=\"1832\"><strong data-start=\"1799\" data-end=\"1812\">1-15 St\u00fcck:<\/strong> <strong data-start=\"1813\" data-end=\"1830\">US$26,99 pro St\u00fcck<\/strong><\/li>\n<li data-section-id=\"o602fh\" data-start=\"1833\" data-end=\"1869\"><strong data-start=\"1835\" data-end=\"1850\">16-199 St\u00fcck:<\/strong> <strong data-start=\"1851\" data-end=\"1867\">US$9,99 pro St\u00fcck<\/strong><\/li>\n<li data-section-id=\"15m7rhb\" data-start=\"1870\" data-end=\"1902\"><strong data-start=\"1872\" data-end=\"1885\">200+ St\u00fcck:<\/strong> <strong data-start=\"1886\" data-end=\"1902\">US$7,99 pro St\u00fcck<\/strong><\/li>\n<\/ul>\n<p data-start=\"1904\" data-end=\"2010\"><strong data-start=\"1904\" data-end=\"2010\">Der Preis variiert je nach Bestellmenge. Bitte best\u00e4tigen Sie den Mengenbereich, bevor Sie Ihre Bestellung aufgeben.<\/strong><\/p>","protected":false},"excerpt":{"rendered":"<h3>Produktspezifikationen<\/h3>\n<p>\u2611 25ML E-Fl\u00fcssigkeit<br \/>\n\u2611 Maschenspule<br \/>\n\u2611 Typ-C-Anschluss<br \/>\n\u2611 850mAh<br \/>\n\u2611 10 St\u00fcck im Displaykarton<br \/>\n\u2611 100 St\u00fcck pro Karton<\/p>","protected":false},"featured_media":1347,"comment_status":"open","ping_status":"closed","template":"","meta":{"_joinchat":[]},"product_brand":[],"product_cat":[55],"product_tag":[],"class_list":{"0":"post-1239","1":"product","2":"type-product","3":"status-publish","4":"has-post-thumbnail","6":"product_cat-e-cigarettes-europe","8":"first","9":"instock","10":"shipping-taxable","11":"purchasable","12":"product-type-variable"},"_links":{"self":[{"href":"https:\/\/www.pandasmoking.com\/de\/wp-json\/wp\/v2\/product\/1239","targetHints":{"allow":["GET"]}}],"collection":[{"href":"https:\/\/www.pandasmoking.com\/de\/wp-json\/wp\/v2\/product"}],"about":[{"href":"https:\/\/www.pandasmoking.com\/de\/wp-json\/wp\/v2\/types\/product"}],"replies":[{"embeddable":true,"href":"https:\/\/www.pandasmoking.com\/de\/wp-json\/wp\/v2\/comments?post=1239"}],"wp:featuredmedia":[{"embeddable":true,"href":"https:\/\/www.pandasmoking.com\/de\/wp-json\/wp\/v2\/media\/1347"}],"wp:attachment":[{"href":"https:\/\/www.pandasmoking.com\/de\/wp-json\/wp\/v2\/media?parent=1239"}],"wp:term":[{"taxonomy":"product_brand","embeddable":true,"href":"https:\/\/www.pandasmoking.com\/de\/wp-json\/wp\/v2\/product_brand?post=1239"},{"taxonomy":"product_cat","embeddable":true,"href":"https:\/\/www.pandasmoking.com\/de\/wp-json\/wp\/v2\/product_cat?post=1239"},{"taxonomy":"product_tag","embeddable":true,"href":"https:\/\/www.pandasmoking.com\/de\/wp-json\/wp\/v2\/product_tag?post=1239"}],"curies":[{"name":"wp","href":"https:\/\/api.w.org\/{rel}","templated":true}]}}