{"id":1348,"date":"2026-04-16T11:56:14","date_gmt":"2026-04-16T03:56:14","guid":{"rendered":"https:\/\/www.pandasmoking.com\/?post_type=product&#038;p=1348"},"modified":"2026-04-16T14:18:19","modified_gmt":"2026-04-16T06:18:19","slug":"airmez-20k","status":"publish","type":"product","link":"https:\/\/www.pandasmoking.com\/de\/produkt\/airmez-20k","title":{"rendered":"Airmez 20K"},"content":{"rendered":"<h3 data-section-id=\"v3byhu\" data-start=\"125\" data-end=\"204\">Airmez 20K Disposable Vape - Schlankes Design, starke Leistung, glatter Geschmack<\/h3>\n<p data-start=\"206\" data-end=\"464\">Die <strong data-start=\"210\" data-end=\"224\">Airmez 20K<\/strong> wurde f\u00fcr Benutzer entwickelt, die sowohl Stil als auch Leistung in einem Ger\u00e4t w\u00fcnschen. Mit <strong data-start=\"303\" data-end=\"323\">20ML e-Fl\u00fcssigkeit<\/strong>, <strong data-start=\"325\" data-end=\"349\">2% Nikotinst\u00e4rke<\/strong>, und eine <strong data-start=\"357\" data-end=\"388\">650mAh wiederaufladbare Batterie<\/strong>, Dieser Vape bietet lang anhaltende Zufriedenheit in einem kompakten und tragbaren K\u00f6rper.<\/p>\n<p data-start=\"466\" data-end=\"754\">Seine <strong data-start=\"470\" data-end=\"500\">schlankes und luxuri\u00f6ses Design<\/strong> kombiniert mit einer <strong data-start=\"517\" data-end=\"545\">polierte Metalloberfl\u00e4che<\/strong> verleiht dem Ger\u00e4t ein erstklassiges Aussehen und Gef\u00fchl. Das integrierte <strong data-start=\"601\" data-end=\"631\">Display f\u00fcr pr\u00e4zises Dampfen<\/strong> macht die Nutzung bequemer, w\u00e4hrend die <strong data-start=\"671\" data-end=\"696\">GEN II Mesh-Spule 1.2\u03a9<\/strong> sorgt f\u00fcr einen sanfteren Zug und eine reichhaltige Geschmackskonsistenz.<\/p>\n<p data-start=\"756\" data-end=\"934\">Ganz gleich, ob Sie ein zuverl\u00e4ssiges Produkt f\u00fcr den Einzelhandel oder den Gro\u00dfhandel suchen, der Airmez 20K ist mit seinen attraktiven Geschmacksrichtungen und wettbewerbsf\u00e4higen Gro\u00dfhandelspreisen eine gute Wahl.<\/p>\n<h3 data-section-id=\"1ma7m6t\" data-start=\"936\" data-end=\"951\">Wesentliche Merkmale<\/h3>\n<ul data-start=\"953\" data-end=\"1226\">\n<li data-section-id=\"p08j36\" data-start=\"953\" data-end=\"970\"><strong data-start=\"955\" data-end=\"970\">2% Nikotin<\/strong><\/li>\n<li data-section-id=\"hqoyfa\" data-start=\"971\" data-end=\"993\"><strong data-start=\"973\" data-end=\"993\">20ML E-Fl\u00fcssigkeit<\/strong><\/li>\n<li data-section-id=\"16004ji\" data-start=\"994\" data-end=\"1018\"><strong data-start=\"996\" data-end=\"1018\">Bis zu 20.000 Z\u00fcge<\/strong><\/li>\n<li data-section-id=\"k3awsj\" data-start=\"1019\" data-end=\"1051\"><strong data-start=\"1021\" data-end=\"1051\">Elegantes und luxuri\u00f6ses Design<\/strong><\/li>\n<li data-section-id=\"1japhl8\" data-start=\"1052\" data-end=\"1082\"><strong data-start=\"1054\" data-end=\"1082\">Polierte Metalloberfl\u00e4che<\/strong><\/li>\n<li data-section-id=\"ewnt4n\" data-start=\"1083\" data-end=\"1109\"><strong data-start=\"1085\" data-end=\"1109\">Kompakt und tragbar<\/strong><\/li>\n<li data-section-id=\"9ys471\" data-start=\"1110\" data-end=\"1142\"><strong data-start=\"1112\" data-end=\"1142\">Display f\u00fcr pr\u00e4zises Dampfen<\/strong><\/li>\n<li data-section-id=\"n98xtm\" data-start=\"1143\" data-end=\"1170\"><strong data-start=\"1145\" data-end=\"1170\">GEN II Mesh-Spule 1.2\u03a9<\/strong><\/li>\n<li data-section-id=\"h21cut\" data-start=\"1171\" data-end=\"1204\"><strong data-start=\"1173\" data-end=\"1204\">650mAh wiederaufladbare Batterie<\/strong><\/li>\n<li data-section-id=\"z0l1d\" data-start=\"1205\" data-end=\"1226\"><strong data-start=\"1207\" data-end=\"1226\">Typ-C-Laden<\/strong><\/li>\n<\/ul>\n<h3 data-section-id=\"6904wl\" data-start=\"1228\" data-end=\"1245\">Geschmacksoptionen<\/h3>\n<ol data-start=\"1247\" data-end=\"1445\">\n<li data-section-id=\"1yp7mvo\" data-start=\"1247\" data-end=\"1261\">Traubeneis<\/li>\n<li data-section-id=\"ogs2a3\" data-start=\"1262\" data-end=\"1281\">Erdbeereis<\/li>\n<li data-section-id=\"10ykjzq\" data-start=\"1282\" data-end=\"1303\">Heidelbeere auf Eis<\/li>\n<li data-section-id=\"73m7gq\" data-start=\"1304\" data-end=\"1320\">Pfirsich-Mango<\/li>\n<li data-section-id=\"hjtp7t\" data-start=\"1321\" data-end=\"1332\">Kirsche<\/li>\n<li data-section-id=\"rvrugg\" data-start=\"1333\" data-end=\"1359\">Erdbeere Wassermelone<\/li>\n<li data-section-id=\"1uqm5fd\" data-start=\"1360\" data-end=\"1378\">Gemischte Beeren<\/li>\n<li data-section-id=\"1jwhc6m\" data-start=\"1379\" data-end=\"1408\">Kiwi Passionsfrucht Guave<\/li>\n<li data-section-id=\"m4zimy\" data-start=\"1409\" data-end=\"1421\">Dr. Blau<\/li>\n<li data-section-id=\"1qvcy6s\" data-start=\"1422\" data-end=\"1445\">Erdbeere-Banane<\/li>\n<\/ol>\n<h3 data-section-id=\"5ij8zi\" data-start=\"1447\" data-end=\"1465\">Details zur Verpackung<\/h3>\n<ul data-start=\"1467\" data-end=\"1515\">\n<li data-section-id=\"1f7v8nx\" data-start=\"1467\" data-end=\"1492\"><strong data-start=\"1469\" data-end=\"1492\">5 St\u00fcck \/ Displaykarton<\/strong><\/li>\n<li data-section-id=\"34qg1c\" data-start=\"1493\" data-end=\"1515\"><strong data-start=\"1495\" data-end=\"1515\">200 St\u00fcck\/Karton<\/strong><\/li>\n<\/ul>\n<h3 data-section-id=\"3o5mz7\" data-start=\"1517\" data-end=\"1534\">Menge Preis<\/h3>\n<ul data-start=\"1536\" data-end=\"1696\">\n<li data-section-id=\"tslr8i\" data-start=\"1536\" data-end=\"1565\"><strong data-start=\"1538\" data-end=\"1551\">1-15 St\u00fcck:<\/strong> $33.99 \/ St.<\/li>\n<li data-section-id=\"utf3kr\" data-start=\"1566\" data-end=\"1596\"><strong data-start=\"1568\" data-end=\"1582\">16-99 St\u00fcck:<\/strong> $29,99 \/ St.<\/li>\n<li data-section-id=\"1msy31c\" data-start=\"1597\" data-end=\"1630\"><strong data-start=\"1599\" data-end=\"1616\">100-1000 St\u00fcck:<\/strong> $25,99 \/ St.<\/li>\n<li data-section-id=\"1xffat1\" data-start=\"1631\" data-end=\"1665\"><strong data-start=\"1633\" data-end=\"1651\">1001-2000 St\u00fcck:<\/strong> $22.99 \/ St.<\/li>\n<li data-section-id=\"qwlaf9\" data-start=\"1666\" data-end=\"1696\"><strong data-start=\"1668\" data-end=\"1682\">2000+ St\u00fcck:<\/strong> $19,99 \/ St.<\/li>\n<\/ul>\n<h3 data-section-id=\"at30e7\" data-start=\"1698\" data-end=\"1722\">Warum Airmez 20K w\u00e4hlen?<\/h3>\n<p data-start=\"1724\" data-end=\"2041\">Der Airmez 20K zeichnet sich durch sein elegantes Aussehen, die praktische Displayfunktion, die reibungslose Leistung der Mesh-Spule und eine breite Palette an beliebten Fruchtaromen aus. Er eignet sich f\u00fcr Distributoren, Gro\u00dfh\u00e4ndler und Vape-Einzelh\u00e4ndler, die ein Ger\u00e4t suchen, das visuelle Attraktivit\u00e4t mit zuverl\u00e4ssiger Vaping-Leistung kombiniert.<\/p>","protected":false},"excerpt":{"rendered":"<p>&nbsp;<\/p>\n<p>\u2611 2% Nikotin<br \/>\n\u2611 20ML von E-Fl\u00fcssigkeit.<br \/>\n\u2611 Schlankes und luxuri\u00f6ses Design<br \/>\n\u2611 Polierte metallische Oberfl\u00e4che<br \/>\n\u2611 Kompakt und tragbar<br \/>\n\u2611 Display f\u00fcr Pr\u00e4zisions-Vape<br \/>\nGEN II Mesh-Spule 1.2\u03a9<br \/>\n\u2611 650mAh<br \/>\n\u2611 Wiederaufladbar, Typ-C<br \/>\n\u2611 5 St\u00fcck in einer Displaybox.<br \/>\n\u2611 200 St\u00fcck pro Karton<\/p>","protected":false},"featured_media":1349,"comment_status":"open","ping_status":"closed","template":"","meta":{"_joinchat":[]},"product_brand":[],"product_cat":[56],"product_tag":[],"class_list":{"0":"post-1348","1":"product","2":"type-product","3":"status-publish","4":"has-post-thumbnail","6":"product_cat-e-cigarettes-australia","8":"first","9":"instock","10":"shipping-taxable","11":"purchasable","12":"product-type-variable"},"_links":{"self":[{"href":"https:\/\/www.pandasmoking.com\/de\/wp-json\/wp\/v2\/product\/1348","targetHints":{"allow":["GET"]}}],"collection":[{"href":"https:\/\/www.pandasmoking.com\/de\/wp-json\/wp\/v2\/product"}],"about":[{"href":"https:\/\/www.pandasmoking.com\/de\/wp-json\/wp\/v2\/types\/product"}],"replies":[{"embeddable":true,"href":"https:\/\/www.pandasmoking.com\/de\/wp-json\/wp\/v2\/comments?post=1348"}],"wp:featuredmedia":[{"embeddable":true,"href":"https:\/\/www.pandasmoking.com\/de\/wp-json\/wp\/v2\/media\/1349"}],"wp:attachment":[{"href":"https:\/\/www.pandasmoking.com\/de\/wp-json\/wp\/v2\/media?parent=1348"}],"wp:term":[{"taxonomy":"product_brand","embeddable":true,"href":"https:\/\/www.pandasmoking.com\/de\/wp-json\/wp\/v2\/product_brand?post=1348"},{"taxonomy":"product_cat","embeddable":true,"href":"https:\/\/www.pandasmoking.com\/de\/wp-json\/wp\/v2\/product_cat?post=1348"},{"taxonomy":"product_tag","embeddable":true,"href":"https:\/\/www.pandasmoking.com\/de\/wp-json\/wp\/v2\/product_tag?post=1348"}],"curies":[{"name":"wp","href":"https:\/\/api.w.org\/{rel}","templated":true}]}}