{"id":1390,"date":"2026-04-23T18:12:18","date_gmt":"2026-04-23T10:12:18","guid":{"rendered":"https:\/\/www.pandasmoking.com\/?post_type=product&#038;p=1390"},"modified":"2026-04-28T19:38:21","modified_gmt":"2026-04-28T11:38:21","slug":"huanghelou-soft-blue","status":"publish","type":"product","link":"https:\/\/www.pandasmoking.com\/de\/produkt\/huanghelou-soft-blue","title":{"rendered":"Huanghelou Weiches Blau"},"content":{"rendered":"<h3>Zigaretten-Informationen<\/h3>\n<table>\n<thead>\n<tr>\n<th>Attribut<\/th>\n<th>Spezifikation<\/th>\n<\/tr>\n<\/thead>\n<tbody>\n<tr>\n<td>Marke<\/td>\n<td>Huanghelou<\/td>\n<\/tr>\n<tr>\n<td>Teer<\/td>\n<td>11mg<\/td>\n<\/tr>\n<tr>\n<td>Kohlenmonoxid<\/td>\n<td>13mg<\/td>\n<\/tr>\n<tr>\n<td>Filter L\u00e4nge<\/td>\n<td>25mm<\/td>\n<\/tr>\n<tr>\n<td>Verpackung<\/td>\n<td>Weiches Papierpaket<\/td>\n<\/tr>\n<tr>\n<td>Sekund\u00e4rfarbe<\/td>\n<td>Blau<\/td>\n<\/tr>\n<tr>\n<td>Anzahl der Boxen<\/td>\n<td>10<\/td>\n<\/tr>\n<tr>\n<td>Typ<\/td>\n<td>Flue-Cured-Tabak<\/td>\n<\/tr>\n<tr>\n<td>Nikotin<\/td>\n<td>1,1 mg<\/td>\n<\/tr>\n<tr>\n<td>L\u00e4nge<\/td>\n<td>84mm<\/td>\n<\/tr>\n<tr>\n<td>Umfang<\/td>\n<td>24mm<\/td>\n<\/tr>\n<tr>\n<td>Hauptfarbe<\/td>\n<td>Gelb<\/td>\n<\/tr>\n<tr>\n<td>Menge pro Packung<\/td>\n<td>20<\/td>\n<\/tr>\n<tr>\n<td>Pro Karton<\/td>\n<td>200 Zigaretten<\/td>\n<\/tr>\n<\/tbody>\n<\/table>\n<h3 data-start=\"137\" data-end=\"176\"><strong data-start=\"137\" data-end=\"176\">Wichtige Informationen vor dem Kauf:<\/strong><\/h3>\n<ul data-start=\"178\" data-end=\"781\">\n<li data-start=\"178\" data-end=\"502\">\n<p data-start=\"180\" data-end=\"502\"><strong data-start=\"180\" data-end=\"207\">Garantierte Echtheit<\/strong>: Genuine National Tobacco Network gew\u00e4hrleistet den Verkauf von ausschlie\u00dflich authentischen Produkten. Gef\u00e4lschte Waren sind streng verboten. Chinesische Freunde aus \u00dcbersee sind willkommen, Bestellungen f\u00fcr beide zu platzieren\u00a0<strong data-start=\"392\" data-end=\"405\">Gro\u00dfhandel<\/strong>\u00a0und\u00a0<strong data-start=\"410\" data-end=\"420\">Einzelhandel<\/strong>. Interessierte K\u00e4ufer k\u00f6nnen\u00a0<strong data-start=\"444\" data-end=\"464\">unser WhatsApp hinzuf\u00fcgen<\/strong>\u00a0(+447922291211) f\u00fcr weitere Informationen.<\/p>\n<\/li>\n<li data-start=\"503\" data-end=\"781\">\n<p data-start=\"505\" data-end=\"781\"><strong data-start=\"505\" data-end=\"529\">Erfahrener Operator<\/strong>: Der Betreiber dieses Online-Shops verf\u00fcgt \u00fcber jahrelange Erfahrung in der internationalen Logistik- und Expressversandbranche, mit umfangreichem Fachwissen und Strategien f\u00fcr den Versand international sensibler Waren. Kunden aus \u00dcbersee k\u00f6nnen mit Vertrauen einkaufen!<\/p>\n<\/li>\n<\/ul>\n<h3 data-start=\"783\" data-end=\"803\"><strong data-start=\"783\" data-end=\"803\">Versandpolitik:<\/strong><\/h3>\n<ul data-start=\"805\" data-end=\"1004\">\n<li data-start=\"805\" data-end=\"1004\">\n<p data-start=\"807\" data-end=\"1004\"><strong data-start=\"807\" data-end=\"825\">Preisgestaltung im Karton<\/strong>: Alle auf der Website angegebenen Preise verstehen sich pro Karton.\u00a0<strong data-start=\"876\" data-end=\"893\">Kostenloser Versand<\/strong>\u00a0gilt f\u00fcr Bestellungen von einem Karton oder mehr. F\u00fcr detaillierte Anfragen kontaktieren Sie bitte unseren WhatsApp-Kundenservice.<\/p>\n<\/li>\n<\/ul>\n<h3 data-start=\"1006\" data-end=\"1026\"><strong data-start=\"1006\" data-end=\"1026\">Zahlungsarten:<\/strong><\/h3>\n<ul data-start=\"1028\" data-end=\"1611\">\n<li data-start=\"1028\" data-end=\"1359\">\n<p data-start=\"1030\" data-end=\"1359\"><strong data-start=\"1030\" data-end=\"1049\">Zahlungsprozess<\/strong>: Aufgrund der empfindlichen Natur unserer Produkte,\u00a0<strong data-start=\"1096\" data-end=\"1160\">Online-Zahlungen \u00fcber den Einkaufswagen sind derzeit deaktiviert<\/strong>. Bitte\u00a0<strong data-start=\"1169\" data-end=\"1221\">keine Online-Zahlungen \u00fcber den Warenkorb vornehmen<\/strong>. Geben Sie nach der Bestellung die\u00a0<strong data-start=\"1259\" data-end=\"1275\">Bestellnummer<\/strong>\u00a0zu unserem\u00a0<strong data-start=\"1283\" data-end=\"1312\">WhatsApp-Kundendienst<\/strong>\u00a0f\u00fcr eine genauere Erfassung der Lieferadresse.<\/p>\n<\/li>\n<li data-start=\"1360\" data-end=\"1611\">\n<p data-start=\"1362\" data-end=\"1398\">Unsere wichtigsten Zahlungsmethoden sind:<\/p>\n<ul data-start=\"1401\" data-end=\"1611\">\n<li data-start=\"1401\" data-end=\"1413\">\n<p data-start=\"1403\" data-end=\"1413\"><strong data-start=\"1403\" data-end=\"1413\">PayPal<\/strong><\/p>\n<\/li>\n<li data-start=\"1416\" data-end=\"1428\">\n<p data-start=\"1418\" data-end=\"1428\"><strong data-start=\"1418\" data-end=\"1428\">Streifen<\/strong><\/p>\n<\/li>\n<li data-start=\"1431\" data-end=\"1449\">\n<p data-start=\"1433\" data-end=\"1449\"><strong data-start=\"1433\" data-end=\"1449\">Kreditkarten<\/strong><\/p>\n<\/li>\n<li data-start=\"1452\" data-end=\"1471\">\n<p data-start=\"1454\" data-end=\"1471\"><strong data-start=\"1454\" data-end=\"1471\">Western Union<\/strong><\/p>\n<\/li>\n<li data-start=\"1474\" data-end=\"1611\">\n<p data-start=\"1476\" data-end=\"1611\">Die Umrechnung von Fremdw\u00e4hrungen erfolgt zum\u00a0<strong data-start=\"1516\" data-end=\"1539\">Tageskurs<\/strong>. F\u00fcr weitere Einzelheiten wenden Sie sich bitte an unser\u00a0<strong data-start=\"1581\" data-end=\"1610\">WhatsApp-Kundendienst<\/strong>.<\/p>\n<\/li>\n<\/ul>\n<\/li>\n<\/ul>\n<h3 data-start=\"1613\" data-end=\"1637\"><strong data-start=\"1613\" data-end=\"1637\">Kundendienst:<\/strong><\/h3>\n<ul data-start=\"1639\" data-end=\"2122\">\n<li data-start=\"1639\" data-end=\"1867\">\n<p data-start=\"1641\" data-end=\"1867\"><strong data-start=\"1641\" data-end=\"1658\">In Kontakt bleiben<\/strong>: Den Kunden wird empfohlen\u00a0<strong data-start=\"1685\" data-end=\"1722\">unseren WhatsApp-Kundenservice hinzuf\u00fcgen<\/strong>\u00a0vor dem Kauf, um die neuesten Informationen zu erhalten. Wenn Sie kein WhatsApp haben, k\u00f6nnen Sie uns kontaktieren \u00fcber\u00a0<strong data-start=\"1827\" data-end=\"1836\">E-Mail<\/strong>\u00a0unter\u00a0<strong data-start=\"1840\" data-end=\"1865\"><a class=\"decorated-link cursor-pointer\" rel=\"noopener\" data-start=\"1842\" data-end=\"1863\">Info@chunghwashop.com<\/a><\/strong>.<\/p>\n<\/li>\n<li data-start=\"1868\" data-end=\"2122\">\n<p data-start=\"1870\" data-end=\"2122\"><strong data-start=\"1870\" data-end=\"1903\">Auftragsbest\u00e4tigung &amp; Sendungsverfolgung<\/strong>: Sobald die Zahlung best\u00e4tigt ist, werden wir sofort den Versand veranlassen und die\u00a0<strong data-start=\"1982\" data-end=\"2001\">Trackingnummer<\/strong>\u00a0auf Ihr WhatsApp oder Ihre E-Mail. Bitte pr\u00fcfen Sie, ob es Updates gibt! \u00dcber\u00a0<strong data-start=\"2060\" data-end=\"2121\">90% der internationalen EMS-Pakete kommen innerhalb von 12-20 Tagen an.<\/strong>.<\/p>\n<\/li>\n<\/ul>\n<h3 data-start=\"2124\" data-end=\"2145\"><strong data-start=\"2124\" data-end=\"2145\">Steuerangelegenheiten:<\/strong><\/h3>\n<ul data-start=\"2147\" data-end=\"2405\">\n<li data-start=\"2147\" data-end=\"2405\">\n<p data-start=\"2149\" data-end=\"2405\"><strong data-start=\"2149\" data-end=\"2167\">EU-Steuerreformen<\/strong>: Die EU hat die Steuerreformen in\u00a0<strong data-start=\"2201\" data-end=\"2214\">Juli 2021<\/strong>, und erhebt nun Steuern auf Pakete, die von einigen Euro bis zu mehreren Dutzend Euro reichen. Diese Besteuerung gilt f\u00fcr alle Postpakete, die in diese L\u00e4nder gelangen, und nicht speziell f\u00fcr Tabakwaren.<\/p>\n<\/li>\n<\/ul>\n<h3 data-start=\"2407\" data-end=\"2428\"><strong data-start=\"2407\" data-end=\"2428\">Gro\u00dfhandelsbestellungen:<\/strong><\/h3>\n<ul data-start=\"2430\" data-end=\"2600\">\n<li data-start=\"2430\" data-end=\"2600\">\n<p data-start=\"2432\" data-end=\"2600\"><strong data-start=\"2432\" data-end=\"2460\">Gro\u00dfhandelsbestellungen willkommen<\/strong>: Wir akzeptieren\u00a0<strong data-start=\"2472\" data-end=\"2492\">Gro\u00dfhandelsauftr\u00e4ge<\/strong>. F\u00fcr Einzelheiten wenden Sie sich bitte an unser\u00a0<strong data-start=\"2526\" data-end=\"2555\">WhatsApp-Kundendienst<\/strong>\u00a0f\u00fcr weitere Informationen und die neuesten Updates.<\/p>\n<\/li>\n<\/ul>","protected":false},"excerpt":{"rendered":"<section class=\"text-token-text-primary w-full focus:outline-none [--shadow-height:45px] has-data-writing-block:pointer-events-none has-data-writing-block:-mt-(--shadow-height) has-data-writing-block:pt-(--shadow-height) [&amp;:has([data-writing-block])&gt;*]:pointer-events-auto [content-visibility:auto] supports-[content-visibility:auto]:[contain-intrinsic-size:auto_100lvh] R6Vx5W_threadScrollVars scroll-mb-[calc(var(--scroll-root-safe-area-inset-bottom,0px)+var(--thread-response-height))] scroll-mt-[calc(var(--header-height)+min(200px,max(70px,20svh)))]\" dir=\"auto\" data-turn-id=\"request-69e6db36-df00-83ea-a4d0-0073b1d686c3-19\" data-testid=\"conversation-turn-96\" data-scroll-anchor=\"false\" data-turn=\"assistant\">\n<div class=\"text-base my-auto mx-auto pb-10 [--thread-content-margin:var(--thread-content-margin-xs,calc(var(--spacing)*4))] @w-sm\/main:[--thread-content-margin:var(--thread-content-margin-sm,calc(var(--spacing)*6))] @w-lg\/main:[--thread-content-margin:var(--thread-content-margin-lg,calc(var(--spacing)*16))] px-(--thread-content-margin)\">\n<div class=\"[--thread-content-max-width:40rem] @w-lg\/main:[--thread-content-max-width:48rem] mx-auto max-w-(--thread-content-max-width) flex-1 group\/turn-messages focus-visible:outline-hidden relative flex w-full min-w-0 flex-col agent-turn\">\n<div class=\"flex max-w-full flex-col gap-4 grow\">\n<div class=\"min-h-8 text-message relative flex w-full flex-col items-end gap-2 text-start break-words whitespace-normal outline-none keyboard-focused:focus-ring [.text-message+&amp;]:mt-1\" dir=\"auto\" tabindex=\"0\" data-message-author-role=\"assistant\" data-message-id=\"562a191b-de4a-4709-bd69-be51d598d612\" data-message-model-slug=\"gpt-5-4-thinking\" data-turn-start-message=\"true\">\n<div class=\"flex w-full flex-col gap-1 empty:hidden\">\n<div class=\"markdown prose dark:prose-invert w-full wrap-break-word light markdown-new-styling\">\n<ul>\n<li><strong data-start=\"3\" data-end=\"38\" data-is-only-node=\"\">Huanghelou Soft Blue Cigarettes<\/strong> feature a soft paper pack design with a yellow main color and blue secondary details, giving the product a classic and recognizable look.<\/li>\n<li>Made in a <strong data-start=\"191\" data-end=\"213\">flue-cured tobacco<\/strong> style, this product offers a traditional Chinese cigarette profile for adult tobacco buyers.<\/li>\n<li>Each cigarette measures <strong data-start=\"335\" data-end=\"353\">84mm in length<\/strong> with a <strong data-start=\"361\" data-end=\"383\">24mm circumference<\/strong> and a <strong data-start=\"390\" data-end=\"405\">25mm filter<\/strong>, matching a standard full-size cigarette format.<\/li>\n<li>The specification includes <strong data-start=\"486\" data-end=\"498\">11mg tar<\/strong>, <strong data-start=\"500\" data-end=\"518\">1.1mg nicotine<\/strong>, and <strong data-start=\"524\" data-end=\"548\">13mg carbon monoxide<\/strong>, making the product details clear for comparison.<\/li>\n<li>Each pack contains <strong data-start=\"622\" data-end=\"639\">20 cigarettes<\/strong>, with <strong data-start=\"646\" data-end=\"669\">10 packs per carton<\/strong>, totaling <strong data-start=\"680\" data-end=\"709\">200 cigarettes per carton<\/strong> for retail, carton-based purchase, or wholesale needs.<\/li>\n<\/ul>\n<\/div>\n<\/div>\n<\/div>\n<\/div>\n<\/div>\n<\/div>\n<\/section>\n","protected":false},"featured_media":1392,"comment_status":"open","ping_status":"closed","template":"","meta":{"_joinchat":[]},"product_brand":[],"product_cat":[58],"product_tag":[],"class_list":{"0":"post-1390","1":"product","2":"type-product","3":"status-publish","4":"has-post-thumbnail","6":"product_cat-huanghelou","8":"first","9":"instock","10":"shipping-taxable","11":"purchasable","12":"product-type-simple"},"_links":{"self":[{"href":"https:\/\/www.pandasmoking.com\/de\/wp-json\/wp\/v2\/product\/1390","targetHints":{"allow":["GET"]}}],"collection":[{"href":"https:\/\/www.pandasmoking.com\/de\/wp-json\/wp\/v2\/product"}],"about":[{"href":"https:\/\/www.pandasmoking.com\/de\/wp-json\/wp\/v2\/types\/product"}],"replies":[{"embeddable":true,"href":"https:\/\/www.pandasmoking.com\/de\/wp-json\/wp\/v2\/comments?post=1390"}],"wp:featuredmedia":[{"embeddable":true,"href":"https:\/\/www.pandasmoking.com\/de\/wp-json\/wp\/v2\/media\/1392"}],"wp:attachment":[{"href":"https:\/\/www.pandasmoking.com\/de\/wp-json\/wp\/v2\/media?parent=1390"}],"wp:term":[{"taxonomy":"product_brand","embeddable":true,"href":"https:\/\/www.pandasmoking.com\/de\/wp-json\/wp\/v2\/product_brand?post=1390"},{"taxonomy":"product_cat","embeddable":true,"href":"https:\/\/www.pandasmoking.com\/de\/wp-json\/wp\/v2\/product_cat?post=1390"},{"taxonomy":"product_tag","embeddable":true,"href":"https:\/\/www.pandasmoking.com\/de\/wp-json\/wp\/v2\/product_tag?post=1390"}],"curies":[{"name":"wp","href":"https:\/\/api.w.org\/{rel}","templated":true}]}}