{"id":1396,"date":"2026-04-23T18:22:38","date_gmt":"2026-04-23T10:22:38","guid":{"rendered":"https:\/\/www.pandasmoking.com\/?post_type=product&#038;p=1396"},"modified":"2026-04-28T19:38:36","modified_gmt":"2026-04-28T11:38:36","slug":"septwolves-red-cigarettes%ef%bc%88septwolves-red-wolf%ef%bc%89","status":"publish","type":"product","link":"https:\/\/www.pandasmoking.com\/de\/produkt\/septwolves-red-cigarettes%ef%bc%88septwolves-red-wolf%ef%bc%89","title":{"rendered":"Septwolves Red Cigarettes\uff08Septwolves Red Wolf\uff09"},"content":{"rendered":"<h3>Zigaretten-Informationen<\/h3>\n<table>\n<thead>\n<tr>\n<th>Attribut<\/th>\n<th>Spezifikation<\/th>\n<\/tr>\n<\/thead>\n<tbody>\n<tr>\n<td>Marke<\/td>\n<td>Septw\u00f6lfe<\/td>\n<\/tr>\n<tr>\n<td>Teer<\/td>\n<td>11mg<\/td>\n<\/tr>\n<tr>\n<td>Kohlenmonoxid<\/td>\n<td>12mg<\/td>\n<\/tr>\n<tr>\n<td>Filter L\u00e4nge<\/td>\n<td>24mm<\/td>\n<\/tr>\n<tr>\n<td>Verpackung<\/td>\n<td>Hartpapierbox<\/td>\n<\/tr>\n<tr>\n<td>Sekund\u00e4rfarbe<\/td>\n<td>Gold<\/td>\n<\/tr>\n<tr>\n<td>Anzahl der Boxen<\/td>\n<td>10<\/td>\n<\/tr>\n<tr>\n<td>Typ<\/td>\n<td>Flue-Cured-Tabak<\/td>\n<\/tr>\n<tr>\n<td>Nikotin<\/td>\n<td>1mg<\/td>\n<\/tr>\n<tr>\n<td>L\u00e4nge<\/td>\n<td>84mm<\/td>\n<\/tr>\n<tr>\n<td>Umfang<\/td>\n<td>24mm<\/td>\n<\/tr>\n<tr>\n<td>Hauptfarbe<\/td>\n<td>Rot<\/td>\n<\/tr>\n<tr>\n<td>Menge pro Packung<\/td>\n<td>20<\/td>\n<\/tr>\n<tr>\n<td>Pro Karton<\/td>\n<td>200 Zigaretten<\/td>\n<\/tr>\n<\/tbody>\n<\/table>\n<p>&nbsp;<\/p>","protected":false},"excerpt":{"rendered":"<ul>\n<li data-section-id=\"1iaxx4q\" data-start=\"0\" data-end=\"157\"><strong data-start=\"3\" data-end=\"32\" data-is-only-node=\"\">Septwolves Rote Zigaretten<\/strong>, auch bekannt als <strong data-start=\"48\" data-end=\"71\">Septw\u00f6lfe Roter Wolf<\/strong>, sind in einer klassischen rot-goldenen Hartpapierschachtel mit einem auff\u00e4lligen, wiedererkennbaren Design gestaltet.<\/li>\n<li data-section-id=\"mvhtjm\" data-start=\"159\" data-end=\"286\">Hergestellt in einem <strong data-start=\"172\" data-end=\"194\">Flue-Cured-Tabak<\/strong> Stil, bietet dieses Produkt ein traditionelles chinesisches Zigarettenprofil f\u00fcr erwachsene Tabakkonsumenten.<\/li>\n<li data-section-id=\"otm36g\" data-start=\"288\" data-end=\"435\">Jede Zigarette misst <strong data-start=\"315\" data-end=\"333\">84 mm L\u00e4nge<\/strong> mit einer <strong data-start=\"341\" data-end=\"363\">24mm Umfang<\/strong> und eine <strong data-start=\"370\" data-end=\"385\">24-mm-Filter<\/strong>, und damit ein Standardformat f\u00fcr Zigaretten in voller Gr\u00f6\u00dfe.<\/li>\n<li data-section-id=\"546hxq\" data-start=\"437\" data-end=\"608\">Die Spezifikation der Zigarette umfasst <strong data-start=\"477\" data-end=\"489\">11mg Teer<\/strong>, <strong data-start=\"491\" data-end=\"507\">1mg Nikotin<\/strong>, und <strong data-start=\"513\" data-end=\"537\">12mg Kohlenmonoxid<\/strong>, und eignet sich daher f\u00fcr K\u00e4ufer, die detaillierte Produktinformationen vergleichen m\u00f6chten.<\/li>\n<li data-section-id=\"ecv3ys\" data-start=\"610\" data-end=\"762\" data-is-last-node=\"\">Jede Packung enth\u00e4lt <strong data-start=\"632\" data-end=\"649\">20 Zigaretten<\/strong>, mit <strong data-start=\"656\" data-end=\"679\">10 Packungen pro Karton<\/strong>, in H\u00f6he von insgesamt <strong data-start=\"690\" data-end=\"719\">200 Zigaretten pro Stange<\/strong> f\u00fcr den Bedarf des Einzelhandels oder des kartonbasierten Einkaufs.<\/li>\n<\/ul>","protected":false},"featured_media":1402,"comment_status":"open","ping_status":"closed","template":"","meta":{"_joinchat":[]},"product_brand":[],"product_cat":[61],"product_tag":[],"class_list":{"0":"post-1396","1":"product","2":"type-product","3":"status-publish","4":"has-post-thumbnail","6":"product_cat-septwolves","8":"first","9":"instock","10":"shipping-taxable","11":"purchasable","12":"product-type-simple"},"_links":{"self":[{"href":"https:\/\/www.pandasmoking.com\/de\/wp-json\/wp\/v2\/product\/1396","targetHints":{"allow":["GET"]}}],"collection":[{"href":"https:\/\/www.pandasmoking.com\/de\/wp-json\/wp\/v2\/product"}],"about":[{"href":"https:\/\/www.pandasmoking.com\/de\/wp-json\/wp\/v2\/types\/product"}],"replies":[{"embeddable":true,"href":"https:\/\/www.pandasmoking.com\/de\/wp-json\/wp\/v2\/comments?post=1396"}],"wp:featuredmedia":[{"embeddable":true,"href":"https:\/\/www.pandasmoking.com\/de\/wp-json\/wp\/v2\/media\/1402"}],"wp:attachment":[{"href":"https:\/\/www.pandasmoking.com\/de\/wp-json\/wp\/v2\/media?parent=1396"}],"wp:term":[{"taxonomy":"product_brand","embeddable":true,"href":"https:\/\/www.pandasmoking.com\/de\/wp-json\/wp\/v2\/product_brand?post=1396"},{"taxonomy":"product_cat","embeddable":true,"href":"https:\/\/www.pandasmoking.com\/de\/wp-json\/wp\/v2\/product_cat?post=1396"},{"taxonomy":"product_tag","embeddable":true,"href":"https:\/\/www.pandasmoking.com\/de\/wp-json\/wp\/v2\/product_tag?post=1396"}],"curies":[{"name":"wp","href":"https:\/\/api.w.org\/{rel}","templated":true}]}}