{"id":394,"date":"2026-03-13T15:56:01","date_gmt":"2026-03-13T07:56:01","guid":{"rendered":"https:\/\/www.pandasmoking.com\/?post_type=product&#038;p=394"},"modified":"2026-04-23T19:01:09","modified_gmt":"2026-04-23T11:01:09","slug":"zhongnanhai-blue-time","status":"publish","type":"product","link":"https:\/\/www.pandasmoking.com\/de\/produkt\/zhongnanhai-blue-time","title":{"rendered":"Zhongnanhai Blaue Zeit"},"content":{"rendered":"<div class=\"overflow-x-auto w-full px-2 mb-6\">\n<table class=\"min-w-full border-collapse text-sm leading-[1.7] whitespace-normal\">\n<thead class=\"text-left\">\n<tr>\n<th class=\"text-text-100 border-b-0.5 border-border-300\/60 py-2 pr-4 align-top font-bold\" scope=\"col\">Specification<\/th>\n<th class=\"text-text-100 border-b-0.5 border-border-300\/60 py-2 pr-4 align-top font-bold\" scope=\"col\">Details<\/th>\n<\/tr>\n<\/thead>\n<tbody>\n<tr>\n<td class=\"border-b-0.5 border-border-300\/30 py-2 pr-4 align-top\">Type<\/td>\n<td class=\"border-b-0.5 border-border-300\/30 py-2 pr-4 align-top\">Blended<\/td>\n<\/tr>\n<tr>\n<td class=\"border-b-0.5 border-border-300\/30 py-2 pr-4 align-top\">Tar<\/td>\n<td class=\"border-b-0.5 border-border-300\/30 py-2 pr-4 align-top\">7mg<\/td>\n<\/tr>\n<tr>\n<td class=\"border-b-0.5 border-border-300\/30 py-2 pr-4 align-top\">Nicotine<\/td>\n<td class=\"border-b-0.5 border-border-300\/30 py-2 pr-4 align-top\">0.6mg<\/td>\n<\/tr>\n<tr>\n<td class=\"border-b-0.5 border-border-300\/30 py-2 pr-4 align-top\">Carbon Monoxide<\/td>\n<td class=\"border-b-0.5 border-border-300\/30 py-2 pr-4 align-top\">9mg<\/td>\n<\/tr>\n<tr>\n<td class=\"border-b-0.5 border-border-300\/30 py-2 pr-4 align-top\">Length<\/td>\n<td class=\"border-b-0.5 border-border-300\/30 py-2 pr-4 align-top\">84mm<\/td>\n<\/tr>\n<tr>\n<td class=\"border-b-0.5 border-border-300\/30 py-2 pr-4 align-top\">Filter Length<\/td>\n<td class=\"border-b-0.5 border-border-300\/30 py-2 pr-4 align-top\">25mm<\/td>\n<\/tr>\n<tr>\n<td class=\"border-b-0.5 border-border-300\/30 py-2 pr-4 align-top\">Packaging<\/td>\n<td class=\"border-b-0.5 border-border-300\/30 py-2 pr-4 align-top\">Soft Pack<\/td>\n<\/tr>\n<tr>\n<td class=\"border-b-0.5 border-border-300\/30 py-2 pr-4 align-top\">Primary Color<\/td>\n<td class=\"border-b-0.5 border-border-300\/30 py-2 pr-4 align-top\">Blue<\/td>\n<\/tr>\n<tr>\n<td class=\"border-b-0.5 border-border-300\/30 py-2 pr-4 align-top\">Secondary Color<\/td>\n<td class=\"border-b-0.5 border-border-300\/30 py-2 pr-4 align-top\">White<\/td>\n<\/tr>\n<tr>\n<td class=\"border-b-0.5 border-border-300\/30 py-2 pr-4 align-top\">Per Pack<\/td>\n<td class=\"border-b-0.5 border-border-300\/30 py-2 pr-4 align-top\">20 Cigarettes<\/td>\n<\/tr>\n<tr>\n<td class=\"border-b-0.5 border-border-300\/30 py-2 pr-4 align-top\">Per Carton<\/td>\n<td class=\"border-b-0.5 border-border-300\/30 py-2 pr-4 align-top\">200 Cigarettes (10 Packs)<\/td>\n<\/tr>\n<\/tbody>\n<\/table>\n<p>&nbsp;<\/p>\n<\/div>\n","protected":false},"excerpt":{"rendered":"<ul>\n<li class=\"whitespace-normal break-words pl-2\"><strong>Elegantes blau-wei\u00dfes Softpack<\/strong> - Ein klares und stilvolles blau-wei\u00dfes Softpack-Design, modern und unaufdringlich mit einem ruhigen, erfrischenden visuellen Reiz.<\/li>\n<li class=\"whitespace-normal break-words pl-2\"><strong>Subtile nat\u00fcrliche S\u00fc\u00dfe<\/strong> - Liefert eine sanfte, angenehme S\u00fc\u00dfe im gesamten Rauchverlauf, die eine leichte und angenehme Geschmacksdimension hinzuf\u00fcgt, ohne \u00fcberw\u00e4ltigend zu sein.<\/li>\n<li class=\"whitespace-normal break-words pl-2\"><strong>Au\u00dfergew\u00f6hnlich sanft im Rachenraum<\/strong> - Die Zhongnanhai ist vom ersten bis zum letzten Zug bemerkenswert angenehm im Hals, was sie zu einer der sanftesten und angenehmsten Zigarren der Zhongnanhai-Reihe macht.<\/li>\n<li class=\"whitespace-normal break-words pl-2\"><strong>Langsame und gleichm\u00e4\u00dfige Verbrennung<\/strong> - Brennt in einem gleichm\u00e4\u00dfigen, konsistenten Tempo und erm\u00f6glicht so ein entspanntes und befriedigendes Raucherlebnis, das l\u00e4nger als der Durchschnitt anh\u00e4lt.<\/li>\n<li class=\"whitespace-normal break-words pl-2\"><strong>Sauberer &amp; reiner Geschmack<\/strong> - Eine Zigarette im Blended-Style ohne Nebenger\u00e4usche oder Sch\u00e4rfe, die einen durchweg sauberen und reinen Geschmack bietet. Mit 7 mg Teer und 0,6 mg Nikotin enth\u00e4lt jede Packung 200 Zigaretten (10 Packungen \u00e0 20 Zigaretten).<\/li>\n<\/ul>","protected":false},"featured_media":401,"comment_status":"open","ping_status":"closed","template":"","meta":{"_joinchat":[]},"product_brand":[],"product_cat":[34],"product_tag":[],"class_list":{"0":"post-394","1":"product","2":"type-product","3":"status-publish","4":"has-post-thumbnail","6":"product_cat-zhongnanhai","8":"first","9":"outofstock","10":"shipping-taxable","11":"purchasable","12":"product-type-variable"},"_links":{"self":[{"href":"https:\/\/www.pandasmoking.com\/de\/wp-json\/wp\/v2\/product\/394","targetHints":{"allow":["GET"]}}],"collection":[{"href":"https:\/\/www.pandasmoking.com\/de\/wp-json\/wp\/v2\/product"}],"about":[{"href":"https:\/\/www.pandasmoking.com\/de\/wp-json\/wp\/v2\/types\/product"}],"replies":[{"embeddable":true,"href":"https:\/\/www.pandasmoking.com\/de\/wp-json\/wp\/v2\/comments?post=394"}],"wp:featuredmedia":[{"embeddable":true,"href":"https:\/\/www.pandasmoking.com\/de\/wp-json\/wp\/v2\/media\/401"}],"wp:attachment":[{"href":"https:\/\/www.pandasmoking.com\/de\/wp-json\/wp\/v2\/media?parent=394"}],"wp:term":[{"taxonomy":"product_brand","embeddable":true,"href":"https:\/\/www.pandasmoking.com\/de\/wp-json\/wp\/v2\/product_brand?post=394"},{"taxonomy":"product_cat","embeddable":true,"href":"https:\/\/www.pandasmoking.com\/de\/wp-json\/wp\/v2\/product_cat?post=394"},{"taxonomy":"product_tag","embeddable":true,"href":"https:\/\/www.pandasmoking.com\/de\/wp-json\/wp\/v2\/product_tag?post=394"}],"curies":[{"name":"wp","href":"https:\/\/api.w.org\/{rel}","templated":true}]}}