{"id":412,"date":"2026-03-13T16:24:39","date_gmt":"2026-03-13T08:24:39","guid":{"rendered":"https:\/\/www.pandasmoking.com\/?post_type=product&#038;p=412"},"modified":"2026-04-23T19:00:02","modified_gmt":"2026-04-23T11:00:02","slug":"zhongnanhai-black-shine-5mg","status":"publish","type":"product","link":"https:\/\/www.pandasmoking.com\/de\/produkt\/zhongnanhai-black-shine-5mg","title":{"rendered":"Zhongnanhai Black Shine 5mg-Premium F\u00fcnf"},"content":{"rendered":"<div class=\"overflow-x-auto w-full px-2 mb-6\">\n<table class=\"min-w-full border-collapse text-sm leading-[1.7] whitespace-normal\">\n<thead class=\"text-left\">\n<tr>\n<th class=\"text-text-100 border-b-0.5 border-border-300\/60 py-2 pr-4 align-top font-bold\" scope=\"col\">Specification<\/th>\n<th class=\"text-text-100 border-b-0.5 border-border-300\/60 py-2 pr-4 align-top font-bold\" scope=\"col\">Details<\/th>\n<\/tr>\n<\/thead>\n<tbody>\n<tr>\n<td class=\"border-b-0.5 border-border-300\/30 py-2 pr-4 align-top\">Type<\/td>\n<td class=\"border-b-0.5 border-border-300\/30 py-2 pr-4 align-top\">Blended<\/td>\n<\/tr>\n<tr>\n<td class=\"border-b-0.5 border-border-300\/30 py-2 pr-4 align-top\">Tar<\/td>\n<td class=\"border-b-0.5 border-border-300\/30 py-2 pr-4 align-top\">5mg<\/td>\n<\/tr>\n<tr>\n<td class=\"border-b-0.5 border-border-300\/30 py-2 pr-4 align-top\">Nicotine<\/td>\n<td class=\"border-b-0.5 border-border-300\/30 py-2 pr-4 align-top\">0.4mg<\/td>\n<\/tr>\n<tr>\n<td class=\"border-b-0.5 border-border-300\/30 py-2 pr-4 align-top\">Carbon Monoxide<\/td>\n<td class=\"border-b-0.5 border-border-300\/30 py-2 pr-4 align-top\">6mg<\/td>\n<\/tr>\n<tr>\n<td class=\"border-b-0.5 border-border-300\/30 py-2 pr-4 align-top\">Length<\/td>\n<td class=\"border-b-0.5 border-border-300\/30 py-2 pr-4 align-top\">84mm<\/td>\n<\/tr>\n<tr>\n<td class=\"border-b-0.5 border-border-300\/30 py-2 pr-4 align-top\">Packaging<\/td>\n<td class=\"border-b-0.5 border-border-300\/30 py-2 pr-4 align-top\">Hard Box<\/td>\n<\/tr>\n<tr>\n<td class=\"border-b-0.5 border-border-300\/30 py-2 pr-4 align-top\">Primary Color<\/td>\n<td class=\"border-b-0.5 border-border-300\/30 py-2 pr-4 align-top\">Black<\/td>\n<\/tr>\n<tr>\n<td class=\"border-b-0.5 border-border-300\/30 py-2 pr-4 align-top\">Secondary Color<\/td>\n<td class=\"border-b-0.5 border-border-300\/30 py-2 pr-4 align-top\">Silver<\/td>\n<\/tr>\n<tr>\n<td class=\"border-b-0.5 border-border-300\/30 py-2 pr-4 align-top\">Per Pack<\/td>\n<td class=\"border-b-0.5 border-border-300\/30 py-2 pr-4 align-top\">20 Cigarettes<\/td>\n<\/tr>\n<tr>\n<td class=\"border-b-0.5 border-border-300\/30 py-2 pr-4 align-top\">Per Carton<\/td>\n<td class=\"border-b-0.5 border-border-300\/30 py-2 pr-4 align-top\">200 Cigarettes (10 Packs)<\/td>\n<\/tr>\n<\/tbody>\n<\/table>\n<h3 data-start=\"137\" data-end=\"176\"><strong data-start=\"137\" data-end=\"176\">Important Pre-Purchase Information:<\/strong><\/h3>\n<ul data-start=\"178\" data-end=\"781\">\n<li data-start=\"178\" data-end=\"502\">\n<p data-start=\"180\" data-end=\"502\"><strong data-start=\"180\" data-end=\"207\">Authenticity Guaranteed<\/strong>: Genuine National Tobacco Network ensures the sale of only authentic products. Counterfeit goods are strictly prohibited. Overseas Chinese friends are welcome to place orders for both\u00a0<strong data-start=\"392\" data-end=\"405\">wholesale<\/strong>\u00a0and\u00a0<strong data-start=\"410\" data-end=\"420\">retail<\/strong>. Interested buyers may\u00a0<strong data-start=\"444\" data-end=\"464\">add our WhatsApp<\/strong>\u00a0(+447922291211) for more information.<\/p>\n<\/li>\n<li data-start=\"503\" data-end=\"781\">\n<p data-start=\"505\" data-end=\"781\"><strong data-start=\"505\" data-end=\"529\">Experienced Operator<\/strong>: The operator of this online store has years of experience in the international logistics and express delivery industry, with extensive expertise and strategies for shipping internationally sensitive goods. Overseas customers can shop with confidence!<\/p>\n<\/li>\n<\/ul>\n<h3 data-start=\"783\" data-end=\"803\"><strong data-start=\"783\" data-end=\"803\">Shipping Policy:<\/strong><\/h3>\n<ul data-start=\"805\" data-end=\"1004\">\n<li data-start=\"805\" data-end=\"1004\">\n<p data-start=\"807\" data-end=\"1004\"><strong data-start=\"807\" data-end=\"825\">Carton Pricing<\/strong>: All prices displayed on the site are per carton.\u00a0<strong data-start=\"876\" data-end=\"893\">Free shipping<\/strong>\u00a0applies to orders of one carton or more. For detailed inquiries, please contact our WhatsApp customer service.<\/p>\n<\/li>\n<\/ul>\n<h3 data-start=\"1006\" data-end=\"1026\"><strong data-start=\"1006\" data-end=\"1026\">Payment Methods:<\/strong><\/h3>\n<ul data-start=\"1028\" data-end=\"1611\">\n<li data-start=\"1028\" data-end=\"1359\">\n<p data-start=\"1030\" data-end=\"1359\"><strong data-start=\"1030\" data-end=\"1049\">Payment Process<\/strong>: Due to the sensitive nature of our products,\u00a0<strong data-start=\"1096\" data-end=\"1160\">online payments via the shopping cart are currently disabled<\/strong>. Please\u00a0<strong data-start=\"1169\" data-end=\"1221\">do not complete online payments through the cart<\/strong>. After placing an order, provide the\u00a0<strong data-start=\"1259\" data-end=\"1275\">order number<\/strong>\u00a0to our\u00a0<strong data-start=\"1283\" data-end=\"1312\">WhatsApp customer service<\/strong>\u00a0for more accurate shipping address collection.<\/p>\n<\/li>\n<li data-start=\"1360\" data-end=\"1611\">\n<p data-start=\"1362\" data-end=\"1398\">Our primary payment methods include:<\/p>\n<ul data-start=\"1401\" data-end=\"1611\">\n<li data-start=\"1401\" data-end=\"1413\">\n<p data-start=\"1403\" data-end=\"1413\"><strong data-start=\"1403\" data-end=\"1413\">PayPal<\/strong><\/p>\n<\/li>\n<li data-start=\"1416\" data-end=\"1428\">\n<p data-start=\"1418\" data-end=\"1428\"><strong data-start=\"1418\" data-end=\"1428\">Stripe<\/strong><\/p>\n<\/li>\n<li data-start=\"1431\" data-end=\"1449\">\n<p data-start=\"1433\" data-end=\"1449\"><strong data-start=\"1433\" data-end=\"1449\">Credit Cards<\/strong><\/p>\n<\/li>\n<li data-start=\"1452\" data-end=\"1471\">\n<p data-start=\"1454\" data-end=\"1471\"><strong data-start=\"1454\" data-end=\"1471\">Western Union<\/strong><\/p>\n<\/li>\n<li data-start=\"1474\" data-end=\"1611\">\n<p data-start=\"1476\" data-end=\"1611\">Foreign currencies are converted at the\u00a0<strong data-start=\"1516\" data-end=\"1539\">daily exchange rate<\/strong>. For further details, please contact our\u00a0<strong data-start=\"1581\" data-end=\"1610\">WhatsApp customer service<\/strong>.<\/p>\n<\/li>\n<\/ul>\n<\/li>\n<\/ul>\n<h3 data-start=\"1613\" data-end=\"1637\"><strong data-start=\"1613\" data-end=\"1637\">After-Sales Service:<\/strong><\/h3>\n<ul data-start=\"1639\" data-end=\"2122\">\n<li data-start=\"1639\" data-end=\"1867\">\n<p data-start=\"1641\" data-end=\"1867\"><strong data-start=\"1641\" data-end=\"1658\">Stay in Touch<\/strong>: Customers are advised to\u00a0<strong data-start=\"1685\" data-end=\"1722\">add our WhatsApp customer service<\/strong>\u00a0before purchasing to receive the latest information. If you don\u2019t have WhatsApp, you can contact us via\u00a0<strong data-start=\"1827\" data-end=\"1836\">email<\/strong>\u00a0at\u00a0<strong data-start=\"1840\" data-end=\"1865\"><a class=\"decorated-link cursor-pointer\" rel=\"noopener\" data-start=\"1842\" data-end=\"1863\">Info@pandasmoking.com<\/a><\/strong>.<\/p>\n<\/li>\n<li data-start=\"1868\" data-end=\"2122\">\n<p data-start=\"1870\" data-end=\"2122\"><strong data-start=\"1870\" data-end=\"1903\">Order Confirmation &amp; Tracking<\/strong>: Once payment is confirmed, we will arrange shipment immediately and send the\u00a0<strong data-start=\"1982\" data-end=\"2001\">tracking number<\/strong>\u00a0to your WhatsApp or email. Please check for updates! Over\u00a0<strong data-start=\"2060\" data-end=\"2121\">90% of EMS international parcels arrive within 12-20 days<\/strong>.<\/p>\n<\/li>\n<\/ul>\n<h3 data-start=\"2124\" data-end=\"2145\"><strong data-start=\"2124\" data-end=\"2145\">Taxation Matters:<\/strong><\/h3>\n<ul data-start=\"2147\" data-end=\"2405\">\n<li data-start=\"2147\" data-end=\"2405\">\n<p data-start=\"2149\" data-end=\"2405\"><strong data-start=\"2149\" data-end=\"2167\">EU Tax Reforms<\/strong>: The EU completed tax reforms in\u00a0<strong data-start=\"2201\" data-end=\"2214\">July 2021<\/strong>, and now imposes taxes on parcels ranging from a few euros to several dozen euros. This taxation applies to all postal parcels entering these countries, not specifically to tobacco products.<\/p>\n<\/li>\n<\/ul>\n<h3 data-start=\"2407\" data-end=\"2428\"><strong data-start=\"2407\" data-end=\"2428\">Wholesale Orders:<\/strong><\/h3>\n<ul data-start=\"2430\" data-end=\"2600\">\n<li data-start=\"2430\" data-end=\"2600\">\n<p data-start=\"2432\" data-end=\"2600\"><strong data-start=\"2432\" data-end=\"2460\">Wholesale Orders Welcome<\/strong>: We accept\u00a0<strong data-start=\"2472\" data-end=\"2492\">wholesale orders<\/strong>. For details, please contact our\u00a0<strong data-start=\"2526\" data-end=\"2555\">WhatsApp customer service<\/strong>\u00a0for more information and the latest updates.<\/p>\n<\/li>\n<\/ul>\n<\/div>\n","protected":false},"excerpt":{"rendered":"<ul>\n<li class=\"whitespace-normal break-words pl-2\"><strong>Exklusive Exportausgabe<\/strong> - Eine speziell angefertigte, nur f\u00fcr den Export bestimmte Version von Zhongnanhai, die eine seltene und begehrte Wahl darstellt, die auf dem chinesischen Inlandsmarkt nicht erh\u00e4ltlich ist.<\/li>\n<li class=\"whitespace-normal break-words pl-2\"><strong>Premium Black &amp; Silver Hard Box<\/strong> - Das auff\u00e4llige Design der schwarz-silbernen Hartschalenbox ist schlank, modern und m\u00fchelos stilvoll und hebt sich als echtes Premiumprodukt ab.<\/li>\n<li class=\"whitespace-normal break-words pl-2\"><strong>Signatur Pflaumenaroma<\/strong> - Setzt schon vor dem Anz\u00fcnden einen unverwechselbaren, nat\u00fcrlichen Pflaumenduft frei und sorgt so f\u00fcr ein angenehmes und einladendes sensorisches Erlebnis vom ersten Moment an.<\/li>\n<li class=\"whitespace-normal break-words pl-2\"><strong>Erh\u00e4ltlich in mehreren St\u00e4rken<\/strong> - Teil der Black Shine Serie, die 1mg, 5mg, und <a href=\"https:\/\/www.pandasmoking.com\/de\/produkt\/zhongnanhai-black-shine-8mg\/\">8mg<\/a> Teervarianten, die eine breite Palette von Rauchern ansprechen, von ultraleichten bis zu moderaten Vorlieben.<\/li>\n<li class=\"whitespace-normal break-words pl-2\"><strong>Ultra-niedriger Teer- und Nikotingehalt<\/strong> - Mit einem Teergehalt von nur 5 mg und einem Nikotingehalt von 0,4 mg bietet sie eine au\u00dfergew\u00f6hnlich leichte und sanfte Rauchmischung. Jede Stange enth\u00e4lt 200 Zigaretten (10 Packungen \u00e0 20 Zigaretten).<\/li>\n<\/ul>","protected":false},"featured_media":414,"comment_status":"open","ping_status":"closed","template":"","meta":{"_joinchat":[]},"product_brand":[],"product_cat":[34],"product_tag":[],"class_list":{"0":"post-412","1":"product","2":"type-product","3":"status-publish","4":"has-post-thumbnail","6":"product_cat-zhongnanhai","8":"first","9":"outofstock","10":"shipping-taxable","11":"purchasable","12":"product-type-simple"},"_links":{"self":[{"href":"https:\/\/www.pandasmoking.com\/de\/wp-json\/wp\/v2\/product\/412","targetHints":{"allow":["GET"]}}],"collection":[{"href":"https:\/\/www.pandasmoking.com\/de\/wp-json\/wp\/v2\/product"}],"about":[{"href":"https:\/\/www.pandasmoking.com\/de\/wp-json\/wp\/v2\/types\/product"}],"replies":[{"embeddable":true,"href":"https:\/\/www.pandasmoking.com\/de\/wp-json\/wp\/v2\/comments?post=412"}],"wp:featuredmedia":[{"embeddable":true,"href":"https:\/\/www.pandasmoking.com\/de\/wp-json\/wp\/v2\/media\/414"}],"wp:attachment":[{"href":"https:\/\/www.pandasmoking.com\/de\/wp-json\/wp\/v2\/media?parent=412"}],"wp:term":[{"taxonomy":"product_brand","embeddable":true,"href":"https:\/\/www.pandasmoking.com\/de\/wp-json\/wp\/v2\/product_brand?post=412"},{"taxonomy":"product_cat","embeddable":true,"href":"https:\/\/www.pandasmoking.com\/de\/wp-json\/wp\/v2\/product_cat?post=412"},{"taxonomy":"product_tag","embeddable":true,"href":"https:\/\/www.pandasmoking.com\/de\/wp-json\/wp\/v2\/product_tag?post=412"}],"curies":[{"name":"wp","href":"https:\/\/api.w.org\/{rel}","templated":true}]}}