{"id":931,"date":"2026-03-17T15:17:07","date_gmt":"2026-03-17T07:17:07","guid":{"rendered":"https:\/\/www.pandasmoking.com\/?page_id=931"},"modified":"2026-03-19T11:01:30","modified_gmt":"2026-03-19T03:01:30","slug":"shipping-policy","status":"publish","type":"page","link":"https:\/\/www.pandasmoking.com\/es\/shipping-policy","title":{"rendered":"Pol\u00edtica de env\u00edos"},"content":{"rendered":"<p><strong>\u00daltima actualizaci\u00f3n:<\/strong> 2026<\/p>\n\n\n\n<p>En <strong>PandaFumadores<\/strong>, Nuestro objetivo es ofrecer servicios de env\u00edo fiables y eficaces a clientes de todo el mundo. Esta Pol\u00edtica de env\u00edos describe c\u00f3mo se procesan, env\u00edan y entregan los pedidos al comprar en nuestro sitio web.<\/p>\n\n\n\n<h2 class=\"wp-block-heading\">1. Tiempo de tramitaci\u00f3n del pedido<\/h2>\n\n\n\n<p>Los pedidos realizados en PandaSmoking suelen procesarse en un plazo de <strong>1-3 d\u00edas laborables<\/strong> tras la confirmaci\u00f3n del pago.<\/p>\n\n\n\n<p>El tratamiento incluye:<\/p>\n\n\n\n<ul class=\"wp-block-list\">\n<li>Verificaci\u00f3n de pedidos<\/li>\n\n\n\n<li>Preparaci\u00f3n del producto<\/li>\n\n\n\n<li>Embalaje<\/li>\n\n\n\n<li>Organizaci\u00f3n del env\u00edo<\/li>\n<\/ul>\n\n\n\n<p>Los pedidos realizados en fin de semana o d\u00edas festivos pueden tramitarse el siguiente d\u00eda laborable.<\/p>\n\n\n\n<h2 class=\"wp-block-heading\">2. M\u00e9todos de env\u00edo<\/h2>\n\n\n\n<p>PandaSmoking trabaja con socios log\u00edsticos internacionales de confianza para entregar los pedidos de forma segura y eficaz.<\/p>\n\n\n\n<p>Dependiendo del destino, el env\u00edo puede ser gestionado por:<\/p>\n\n\n\n<ul class=\"wp-block-list\">\n<li>Servicios internacionales de mensajer\u00eda<\/li>\n\n\n\n<li>Socios locales<\/li>\n\n\n\n<li>Servicios postales certificados<\/li>\n<\/ul>\n\n\n\n<p>Las opciones de env\u00edo disponibles se mostrar\u00e1n durante el proceso de pago.<\/p>\n\n\n\n<h2 class=\"wp-block-heading\">3. Tiempo estimado de entrega<\/h2>\n\n\n\n<p>Los plazos de entrega var\u00edan en funci\u00f3n del destino del env\u00edo y del transportista.<\/p>\n\n\n\n<p>Las estimaciones t\u00edpicas de entrega son:<\/p>\n\n\n\n<ul class=\"wp-block-list\">\n<li><strong>Am\u00e9rica del Norte:<\/strong> 7-15 d\u00edas laborables<\/li>\n\n\n\n<li><strong>Europa:<\/strong> 7-15 d\u00edas laborables<\/li>\n\n\n\n<li><strong>Asia-Pac\u00edfico:<\/strong> 5-12 d\u00edas laborables<\/li>\n\n\n\n<li><strong>Otras regiones:<\/strong> 10-20 d\u00edas laborables<\/li>\n<\/ul>\n\n\n\n<p>Tenga en cuenta que estas estimaciones no est\u00e1n garantizadas y pueden variar debido a factores externos.<\/p>\n\n\n\n<h2 class=\"wp-block-heading\">4. Gastos de env\u00edo<\/h2>\n\n\n\n<p>Los gastos de env\u00edo se calculan durante el pago en funci\u00f3n de:<\/p>\n\n\n\n<ul class=\"wp-block-list\">\n<li>Pa\u00eds de destino<\/li>\n\n\n\n<li>M\u00e9todo de env\u00edo seleccionado<\/li>\n\n\n\n<li>Peso y tama\u00f1o del pedido<\/li>\n<\/ul>\n\n\n\n<p>Las campa\u00f1as promocionales pueden ofrecer ocasionalmente <strong>env\u00edo gratuito para pedidos v\u00e1lidos<\/strong>.<\/p>\n\n\n\n<h2 class=\"wp-block-heading\">5. Informaci\u00f3n de seguimiento<\/h2>\n\n\n\n<p>Una vez enviado su pedido, se enviar\u00e1 un <strong>el n\u00famero de seguimiento se enviar\u00e1 por correo electr\u00f3nico<\/strong>.<\/p>\n\n\n\n<p>Los clientes pueden utilizar el n\u00famero de seguimiento para controlar el estado del env\u00edo a trav\u00e9s del sistema de seguimiento del transportista.<\/p>\n\n\n\n<p>Las actualizaciones de seguimiento pueden tardar varias horas en aparecer despu\u00e9s de que se haya enviado el paquete.<\/p>\n\n\n\n<h2 class=\"wp-block-heading\">6. Derechos de aduana e importaci\u00f3n<\/h2>\n\n\n\n<p>Los pedidos internacionales pueden estar sujetos a:<\/p>\n\n\n\n<ul class=\"wp-block-list\">\n<li>Inspecciones aduaneras<\/li>\n\n\n\n<li>Impuestos de importaci\u00f3n<\/li>\n\n\n\n<li>Derechos o tasas adicionales<\/li>\n<\/ul>\n\n\n\n<p>Estos gastos vienen determinados por el pa\u00eds de destino y <strong>son responsabilidad del cliente<\/strong>.<\/p>\n\n\n\n<p>PandaSmoking no controla los procedimientos aduaneros y no puede predecir los costes adicionales de importaci\u00f3n.<\/p>\n\n\n\n<h2 class=\"wp-block-heading\">7. Informaci\u00f3n de env\u00edo incorrecta<\/h2>\n\n\n\n<p>Los clientes son responsables de proporcionar <strong>datos de env\u00edo precisos y completos<\/strong> al hacer un pedido.<\/p>\n\n\n\n<p>PandaSmoking no se hace responsable de los problemas de entrega causados por:<\/p>\n\n\n\n<ul class=\"wp-block-list\">\n<li>Direcci\u00f3n incorrecta<\/li>\n\n\n\n<li>Falta el n\u00famero de apartamento o unidad<\/li>\n\n\n\n<li>Datos de contacto no v\u00e1lidos<\/li>\n<\/ul>\n\n\n\n<p>Pueden aplicarse gastos de env\u00edo adicionales si es necesario reenviar un paquete.<\/p>\n\n\n\n<h2 class=\"wp-block-heading\">8. Retrasos en la entrega<\/h2>\n\n\n\n<p>Aunque nos esforzamos por garantizar una entrega puntual, pueden producirse retrasos por circunstancias ajenas a nuestra voluntad, como:<\/p>\n\n\n\n<ul class=\"wp-block-list\">\n<li>Condiciones meteorol\u00f3gicas<\/li>\n\n\n\n<li>Procedimientos de despacho de aduanas<\/li>\n\n\n\n<li>Retrasos del transportista<\/li>\n\n\n\n<li>Gran volumen de env\u00edos estacionales<\/li>\n\n\n\n<li>Interrupciones del transporte internacional<\/li>\n<\/ul>\n\n\n\n<p>En tales casos, PandaSmoking har\u00e1 todo lo posible para ayudar a los clientes a realizar el seguimiento de sus env\u00edos.<\/p>\n\n\n\n<h2 class=\"wp-block-heading\">9. Paquetes perdidos<\/h2>\n\n\n\n<p>Si un paquete parece haberse perdido durante el transporte, los clientes deben ponerse en contacto primero con el transportista utilizando la informaci\u00f3n de seguimiento facilitada.<\/p>\n\n\n\n<p>Si el problema no puede resolverse, el servicio de asistencia de PandaSmoking puede ayudar a abrir una investigaci\u00f3n con el proveedor de env\u00edos.<\/p>\n\n\n\n<p>Las opciones de resoluci\u00f3n pueden incluir:<\/p>\n\n\n\n<ul class=\"wp-block-list\">\n<li>Env\u00edo de sustituci\u00f3n<\/li>\n\n\n\n<li>Cr\u00e9dito de la tienda<\/li>\n\n\n\n<li>Otras soluciones en funci\u00f3n del resultado de la investigaci\u00f3n del transportista.<\/li>\n<\/ul>\n\n\n\n<h2 class=\"wp-block-heading\">10. Restricciones de env\u00edo<\/h2>\n\n\n\n<p>Debido a requisitos normativos, es posible que PandaSmoking no pueda enviar determinados productos a regiones o pa\u00edses espec\u00edficos.<\/p>\n\n\n\n<p>Si se aplican restricciones de env\u00edo a su ubicaci\u00f3n, el pedido puede ser cancelado y reembolsado de acuerdo con las pol\u00edticas de la tienda.<\/p>\n\n\n\n<p>Los clientes son responsables de asegurarse de que los productos solicitados est\u00e1n permitidos en su jurisdicci\u00f3n local.<\/p>\n\n\n\n<h2 class=\"wp-block-heading\">11. Env\u00edos m\u00faltiples<\/h2>\n\n\n\n<p>En algunos casos, los pedidos que contienen varios art\u00edculos pueden enviarse en paquetes separados.<\/p>\n\n\n\n<p>Esto puede ocurrir debido a:<\/p>\n\n\n\n<ul class=\"wp-block-list\">\n<li>Disponibilidad del producto<\/li>\n\n\n\n<li>Log\u00edstica de almac\u00e9n<\/li>\n\n\n\n<li>Optimizaci\u00f3n de los env\u00edos<\/li>\n<\/ul>\n\n\n\n<p>Los clientes recibir\u00e1n n\u00fameros de seguimiento separados si los env\u00edos se dividen.<\/p>\n\n\n\n<h2 class=\"wp-block-heading\">12. Contacto<\/h2>\n\n\n\n<p>Si tiene alguna pregunta sobre el env\u00edo o la entrega, p\u00f3ngase en contacto con nuestro equipo de asistencia.<\/p>\n\n\n\n<p><strong>WhatsApp:<\/strong>&nbsp;+44 7922291211<\/p>\n\n\n\n<p><strong>Correo electr\u00f3nico:<\/strong> info@pandasmoking.com<\/p>\n\n\n\n<p>Nos comprometemos a garantizar que su pedido le llegue de forma segura y eficaz.<\/p>\n\n\n\n<p><\/p>","protected":false},"excerpt":{"rendered":"<p>Last Updated: 2026 At PandaSmoking, we aim to provide reliable and efficient shipping services to customers worldwide. This Shipping Policy outlines how orders are processed, shipped, and delivered when purchasing from our website. 1. Order Processing Time Orders placed on PandaSmoking are typically processed within 1\u20133 business days after payment confirmation. Processing includes: Orders placed [&hellip;]<\/p>\n","protected":false},"author":1,"featured_media":0,"parent":0,"menu_order":0,"comment_status":"closed","ping_status":"closed","template":"","meta":{"_joinchat":[],"footnotes":""},"class_list":["post-931","page","type-page","status-publish","hentry"],"_links":{"self":[{"href":"https:\/\/www.pandasmoking.com\/es\/wp-json\/wp\/v2\/pages\/931","targetHints":{"allow":["GET"]}}],"collection":[{"href":"https:\/\/www.pandasmoking.com\/es\/wp-json\/wp\/v2\/pages"}],"about":[{"href":"https:\/\/www.pandasmoking.com\/es\/wp-json\/wp\/v2\/types\/page"}],"author":[{"embeddable":true,"href":"https:\/\/www.pandasmoking.com\/es\/wp-json\/wp\/v2\/users\/1"}],"replies":[{"embeddable":true,"href":"https:\/\/www.pandasmoking.com\/es\/wp-json\/wp\/v2\/comments?post=931"}],"version-history":[{"count":3,"href":"https:\/\/www.pandasmoking.com\/es\/wp-json\/wp\/v2\/pages\/931\/revisions"}],"predecessor-version":[{"id":1082,"href":"https:\/\/www.pandasmoking.com\/es\/wp-json\/wp\/v2\/pages\/931\/revisions\/1082"}],"wp:attachment":[{"href":"https:\/\/www.pandasmoking.com\/es\/wp-json\/wp\/v2\/media?parent=931"}],"curies":[{"name":"wp","href":"https:\/\/api.w.org\/{rel}","templated":true}]}}