{"id":108,"date":"2026-03-11T18:16:30","date_gmt":"2026-03-11T10:16:30","guid":{"rendered":"https:\/\/www.pandasmoking.com\/?post_type=product&#038;p=108"},"modified":"2026-03-19T15:01:09","modified_gmt":"2026-03-19T07:01:09","slug":"marlboro-double-blast","status":"publish","type":"product","link":"https:\/\/www.pandasmoking.com\/es\/producto\/marlboro-double-blast","title":{"rendered":"Marlboro Double Blast"},"content":{"rendered":"<p><strong data-start=\"647\" data-end=\"672\">Marlboro Double Blast<\/strong> es una variante del cigarrillo Marlboro documentada p\u00fablicamente en Australia como <strong data-start=\"743\" data-end=\"783\">Cajetilla r\u00edgida King-Size de 20 cigarrillos<\/strong>. Seg\u00fan el informe australiano sobre ingredientes, se trata de una variante de producto Marlboro incluida oficialmente en la lista y no s\u00f3lo de un nombre informal de minorista. En los listados actuales de los minoristas, suele presentarse con <strong data-start=\"983\" data-end=\"994\">8mg de alquitr\u00e1n<\/strong> y <strong data-start=\"999\" data-end=\"1017\">0,8 mg de nicotina<\/strong>, La marca de cigarrillos Marlboro es una opci\u00f3n de estilo m\u00e1s fuerte para los compradores que prefieren un perfil de Marlboro con m\u00e1s cuerpo en un formato de paquete duro.<\/p>\n<h3>Informaci\u00f3n sobre cigarrillos<\/h3>\n<table>\n<thead>\n<tr>\n<th>Art\u00edculo<\/th>\n<th>Detalles<\/th>\n<\/tr>\n<\/thead>\n<tbody>\n<tr>\n<td>Nombre del producto<\/td>\n<td>Marlboro Double Blast<\/td>\n<\/tr>\n<tr>\n<td>Marca<\/td>\n<td>Marlboro<\/td>\n<\/tr>\n<tr>\n<td>Tipo de producto<\/td>\n<td>Cigarrillos<\/td>\n<\/tr>\n<tr>\n<td>Mercado<\/td>\n<td>Australia<\/td>\n<\/tr>\n<tr>\n<td>Estilo Pack<\/td>\n<td>Paquete r\u00edgido King-Size<\/td>\n<\/tr>\n<tr>\n<td>Tama\u00f1o del envase<\/td>\n<td>20 cigarrillos<\/td>\n<\/tr>\n<tr>\n<td>Peso del producto<\/td>\n<td>0.892 g<\/td>\n<\/tr>\n<tr>\n<td>Peso del tabaco<\/td>\n<td>0.595 g<\/td>\n<\/tr>\n<tr>\n<td>Lista com\u00fan de minoristas<\/td>\n<td>8 mg de alquitr\u00e1n \/ 0,8 mg de nicotina<\/td>\n<\/tr>\n<\/tbody>\n<\/table>","protected":false},"excerpt":{"rendered":"<p>Marlboro Double Blast is a Marlboro cigarette variant publicly documented in Australia as a King-Size Hard Pack of 20 cigarettes. Based on the Australian ingredients report, it is an officially listed Marlboro product variant rather than just an informal retailer name. In current retail listings, it is commonly presented with 8mg tar and 0.8mg nicotine, [&hellip;]<\/p>\n","protected":false},"featured_media":171,"comment_status":"open","ping_status":"closed","template":"","meta":{"_joinchat":[]},"product_brand":[],"product_cat":[23],"product_tag":[],"class_list":{"0":"post-108","1":"product","2":"type-product","3":"status-publish","4":"has-post-thumbnail","6":"product_cat-marlboro","8":"first","9":"instock","10":"shipping-taxable","11":"purchasable","12":"product-type-variable"},"_links":{"self":[{"href":"https:\/\/www.pandasmoking.com\/es\/wp-json\/wp\/v2\/product\/108","targetHints":{"allow":["GET"]}}],"collection":[{"href":"https:\/\/www.pandasmoking.com\/es\/wp-json\/wp\/v2\/product"}],"about":[{"href":"https:\/\/www.pandasmoking.com\/es\/wp-json\/wp\/v2\/types\/product"}],"replies":[{"embeddable":true,"href":"https:\/\/www.pandasmoking.com\/es\/wp-json\/wp\/v2\/comments?post=108"}],"wp:featuredmedia":[{"embeddable":true,"href":"https:\/\/www.pandasmoking.com\/es\/wp-json\/wp\/v2\/media\/171"}],"wp:attachment":[{"href":"https:\/\/www.pandasmoking.com\/es\/wp-json\/wp\/v2\/media?parent=108"}],"wp:term":[{"taxonomy":"product_brand","embeddable":true,"href":"https:\/\/www.pandasmoking.com\/es\/wp-json\/wp\/v2\/product_brand?post=108"},{"taxonomy":"product_cat","embeddable":true,"href":"https:\/\/www.pandasmoking.com\/es\/wp-json\/wp\/v2\/product_cat?post=108"},{"taxonomy":"product_tag","embeddable":true,"href":"https:\/\/www.pandasmoking.com\/es\/wp-json\/wp\/v2\/product_tag?post=108"}],"curies":[{"name":"wp","href":"https:\/\/api.w.org\/{rel}","templated":true}]}}