{"id":110,"date":"2026-03-11T18:16:30","date_gmt":"2026-03-11T10:16:30","guid":{"rendered":"https:\/\/www.pandasmoking.com\/?post_type=product&#038;p=110"},"modified":"2026-03-19T15:03:52","modified_gmt":"2026-03-19T07:03:52","slug":"marlboro-red","status":"publish","type":"product","link":"https:\/\/www.pandasmoking.com\/es\/producto\/marlboro-red","title":{"rendered":"Marlboro Rojo"},"content":{"rendered":"<p><strong data-start=\"701\" data-end=\"717\">Marlboro Rojo<\/strong> es una de las variantes no mentoladas m\u00e1s reconocibles de la gama Marlboro y suele asociarse con la cl\u00e1sica presentaci\u00f3n en paquete rojo. En los registros reglamentarios de EE.UU., aparece como <strong data-start=\"903\" data-end=\"929\">Marlboro Etiqueta Roja Caja<\/strong> y <strong data-start=\"934\" data-end=\"966\">Marlboro Etiqueta Roja Caja de 100<\/strong>, Ambos figuran como <strong data-start=\"983\" data-end=\"1006\">cigarrillos filtrados<\/strong> vendido en <strong data-start=\"1015\" data-end=\"1042\">Envases r\u00edgidos de 20 cigarrillos<\/strong> con <strong data-start=\"1048\" data-end=\"1076\" data-is-only-node=\"\">sin sabor caracter\u00edstico<\/strong>. La versi\u00f3n en caja est\u00e1ndar figura en <strong data-start=\"1116\" data-end=\"1125\">83 mm<\/strong>, mientras que el <strong data-start=\"1137\" data-end=\"1146\">100\u2019s<\/strong> se encuentra en <strong data-start=\"1168\" data-end=\"1179\">98,5 mm<\/strong>, por lo que la principal diferencia es el formato del paquete y la longitud del cigarrillo m\u00e1s que el estilo de sabor.<\/p>\n<h3>Informaci\u00f3n sobre cigarrillos<\/h3>\n<table>\n<thead>\n<tr>\n<th>Art\u00edculo<\/th>\n<th>Detalles<\/th>\n<\/tr>\n<\/thead>\n<tbody>\n<tr>\n<td>Nombre del producto<\/td>\n<td>Marlboro Rojo<\/td>\n<\/tr>\n<tr>\n<td>Marca<\/td>\n<td>Marlboro<\/td>\n<\/tr>\n<tr>\n<td>Tipo de producto<\/td>\n<td>Cigarrillos filtrados<\/td>\n<\/tr>\n<tr>\n<td>Etiquetado com\u00fan en EE.UU.<\/td>\n<td>Marlboro Etiqueta Roja Caja<\/td>\n<\/tr>\n<tr>\n<td>Estilo Pack<\/td>\n<td>Paquete duro<\/td>\n<\/tr>\n<tr>\n<td>Tama\u00f1o del envase<\/td>\n<td>20 cigarrillos<\/td>\n<\/tr>\n<tr>\n<td>Caracterizaci\u00f3n del sabor<\/td>\n<td>Ninguno<\/td>\n<\/tr>\n<tr>\n<td>Longitud com\u00fan<\/td>\n<td>83 mm<\/td>\n<\/tr>\n<tr>\n<td>Versi\u00f3n 100<\/td>\n<td>Disponible<\/td>\n<\/tr>\n<tr>\n<td>Longitud de 100<\/td>\n<td>98,5 mm<\/td>\n<\/tr>\n<\/tbody>\n<\/table>","protected":false},"excerpt":{"rendered":"<p>Marlboro Red is one of the most recognizable non-menthol variants in the Marlboro lineup and is commonly associated with the classic red-pack presentation. In U.S. regulatory records, it appears as Marlboro Red Label Box and Marlboro Red Label 100\u2019s Box, both listed as filtered cigarettes sold in 20-cigarette hard packs with no characterizing flavor. The [&hellip;]<\/p>\n","protected":false},"featured_media":180,"comment_status":"open","ping_status":"closed","template":"","meta":{"_joinchat":[]},"product_brand":[],"product_cat":[23],"product_tag":[],"class_list":{"0":"post-110","1":"product","2":"type-product","3":"status-publish","4":"has-post-thumbnail","6":"product_cat-marlboro","8":"first","9":"instock","10":"featured","11":"shipping-taxable","12":"purchasable","13":"product-type-variable"},"_links":{"self":[{"href":"https:\/\/www.pandasmoking.com\/es\/wp-json\/wp\/v2\/product\/110","targetHints":{"allow":["GET"]}}],"collection":[{"href":"https:\/\/www.pandasmoking.com\/es\/wp-json\/wp\/v2\/product"}],"about":[{"href":"https:\/\/www.pandasmoking.com\/es\/wp-json\/wp\/v2\/types\/product"}],"replies":[{"embeddable":true,"href":"https:\/\/www.pandasmoking.com\/es\/wp-json\/wp\/v2\/comments?post=110"}],"wp:featuredmedia":[{"embeddable":true,"href":"https:\/\/www.pandasmoking.com\/es\/wp-json\/wp\/v2\/media\/180"}],"wp:attachment":[{"href":"https:\/\/www.pandasmoking.com\/es\/wp-json\/wp\/v2\/media?parent=110"}],"wp:term":[{"taxonomy":"product_brand","embeddable":true,"href":"https:\/\/www.pandasmoking.com\/es\/wp-json\/wp\/v2\/product_brand?post=110"},{"taxonomy":"product_cat","embeddable":true,"href":"https:\/\/www.pandasmoking.com\/es\/wp-json\/wp\/v2\/product_cat?post=110"},{"taxonomy":"product_tag","embeddable":true,"href":"https:\/\/www.pandasmoking.com\/es\/wp-json\/wp\/v2\/product_tag?post=110"}],"curies":[{"name":"wp","href":"https:\/\/api.w.org\/{rel}","templated":true}]}}