{"id":112,"date":"2026-03-11T18:16:31","date_gmt":"2026-03-11T10:16:31","guid":{"rendered":"https:\/\/www.pandasmoking.com\/?post_type=product&#038;p=112"},"modified":"2026-03-19T14:49:13","modified_gmt":"2026-03-19T06:49:13","slug":"marlboro-hard-white-us-edition","status":"publish","type":"product","link":"https:\/\/www.pandasmoking.com\/es\/producto\/marlboro-hard-white-us-edition","title":{"rendered":"Marlboro (Hard White) Edici\u00f3n EE.UU."},"content":{"rendered":"<p><strong data-start=\"583\" data-end=\"619\">Marlboro (Hard White) Edici\u00f3n EE.UU.<\/strong> se entiende generalmente como un producto Marlboro de paquete duro al estilo estadounidense, com\u00fanmente asociado a la l\u00ednea Marlboro Gold en la denominaci\u00f3n de los minoristas. Se presenta en un formato de caja firme con <strong data-start=\"798\" data-end=\"824\">20 cigarrillos por paquete<\/strong>, Marlboro, que ofrece una presentaci\u00f3n limpia y cl\u00e1sica para los fumadores que prefieren un estilo sencillo y sin mentol. Los cartones de cigarrillos Marlboro que se comercializan en Estados Unidos se identifican como cigarrillos con filtro est\u00e1ndar vendidos por <strong data-start=\"1052\" data-end=\"1073\">Philip Morris EE.UU.<\/strong>, sin ning\u00fan sabor caracter\u00edstico.<\/p>\n<h3>Informaci\u00f3n sobre cigarrillos<\/h3>\n<table>\n<thead>\n<tr>\n<th>Art\u00edculo<\/th>\n<th>Detalles<\/th>\n<\/tr>\n<\/thead>\n<tbody>\n<tr>\n<td>Nombre del producto<\/td>\n<td>Marlboro (Hard White) Edici\u00f3n EE.UU.<\/td>\n<\/tr>\n<tr>\n<td>Marca<\/td>\n<td>Marlboro<\/td>\n<\/tr>\n<tr>\n<td>Mercado<\/td>\n<td>Estados Unidos<\/td>\n<\/tr>\n<tr>\n<td>Estilo Pack<\/td>\n<td>Embalaje r\u00edgido \/ Caja<\/td>\n<\/tr>\n<tr>\n<td>Tipo de producto<\/td>\n<td>Cigarrillos filtrados<\/td>\n<\/tr>\n<tr>\n<td>Tama\u00f1o del envase<\/td>\n<td>20 cigarrillos<\/td>\n<\/tr>\n<tr>\n<td>Tipo de sabor<\/td>\n<td>Sabor no caracterizante<\/td>\n<\/tr>\n<tr>\n<td>Propietario de marca en EE.UU.<\/td>\n<td>Philip Morris EE.UU.<\/td>\n<\/tr>\n<\/tbody>\n<\/table>","protected":false},"excerpt":{"rendered":"<p>Marlboro (Hard White) US Edition is generally understood as a hard-pack U.S.-style Marlboro product, commonly associated with the Marlboro Gold line in retailer naming. It is presented in a firm box format with 20 cigarettes per pack, offering a clean and classic Marlboro presentation for smokers who prefer a straightforward, non-menthol style. Public U.S. materials [&hellip;]<\/p>\n","protected":false},"featured_media":184,"comment_status":"open","ping_status":"closed","template":"","meta":{"_joinchat":[]},"product_brand":[],"product_cat":[23],"product_tag":[],"class_list":{"0":"post-112","1":"product","2":"type-product","3":"status-publish","4":"has-post-thumbnail","6":"product_cat-marlboro","8":"first","9":"instock","10":"shipping-taxable","11":"purchasable","12":"product-type-variable"},"_links":{"self":[{"href":"https:\/\/www.pandasmoking.com\/es\/wp-json\/wp\/v2\/product\/112","targetHints":{"allow":["GET"]}}],"collection":[{"href":"https:\/\/www.pandasmoking.com\/es\/wp-json\/wp\/v2\/product"}],"about":[{"href":"https:\/\/www.pandasmoking.com\/es\/wp-json\/wp\/v2\/types\/product"}],"replies":[{"embeddable":true,"href":"https:\/\/www.pandasmoking.com\/es\/wp-json\/wp\/v2\/comments?post=112"}],"wp:featuredmedia":[{"embeddable":true,"href":"https:\/\/www.pandasmoking.com\/es\/wp-json\/wp\/v2\/media\/184"}],"wp:attachment":[{"href":"https:\/\/www.pandasmoking.com\/es\/wp-json\/wp\/v2\/media?parent=112"}],"wp:term":[{"taxonomy":"product_brand","embeddable":true,"href":"https:\/\/www.pandasmoking.com\/es\/wp-json\/wp\/v2\/product_brand?post=112"},{"taxonomy":"product_cat","embeddable":true,"href":"https:\/\/www.pandasmoking.com\/es\/wp-json\/wp\/v2\/product_cat?post=112"},{"taxonomy":"product_tag","embeddable":true,"href":"https:\/\/www.pandasmoking.com\/es\/wp-json\/wp\/v2\/product_tag?post=112"}],"curies":[{"name":"wp","href":"https:\/\/api.w.org\/{rel}","templated":true}]}}