{"id":115,"date":"2026-03-11T18:16:31","date_gmt":"2026-03-11T10:16:31","guid":{"rendered":"https:\/\/www.pandasmoking.com\/?post_type=product&#038;p=115"},"modified":"2026-03-19T14:54:16","modified_gmt":"2026-03-19T06:54:16","slug":"marlboro-vista-tropical-splash-ks-box","status":"publish","type":"product","link":"https:\/\/www.pandasmoking.com\/es\/producto\/marlboro-vista-tropical-splash-ks-box","title":{"rendered":"Marlboro Vista Tropical Splash KS Caja"},"content":{"rendered":"<p><strong data-start=\"659\" data-end=\"700\">Marlboro Vista Tropical Splash KS Caja<\/strong> es una variante de los cigarrillos Marlboro que suele encontrarse en el canal de tiendas libres de impuestos en un <strong data-start=\"779\" data-end=\"789\">Caja KS<\/strong> formato. Los listados p\u00fablicos de este mismo art\u00edculo muestran sistem\u00e1ticamente <strong data-start=\"852\" data-end=\"863\">5 mg de alquitr\u00e1n<\/strong> y <strong data-start=\"868\" data-end=\"886\">0,4 mg de nicotina<\/strong>, con una configuraci\u00f3n de cart\u00f3n de <strong data-start=\"919\" data-end=\"969\">20 cigarrillos por paquete y 10 cajas por cart\u00f3n<\/strong>. En las descripciones de los productos, se presenta con un <strong data-start=\"1019\" data-end=\"1065\" data-is-only-node=\"\">perfil de sabor a frutas tropicales de estilo c\u00edtrico<\/strong>, La marca de cigarrillos Marlboro se ha convertido en una de las marcas de cigarrillos m\u00e1s vendidas en todo el mundo, lo que le confiere una identidad m\u00e1s distintiva dentro de la gama Marlboro.<\/p>\n<h3>Informaci\u00f3n sobre cigarrillos<\/h3>\n<table>\n<thead>\n<tr>\n<th>Art\u00edculo<\/th>\n<th>Detalles<\/th>\n<\/tr>\n<\/thead>\n<tbody>\n<tr>\n<td>Nombre del producto<\/td>\n<td>Marlboro Vista Tropical Splash KS Caja<\/td>\n<\/tr>\n<tr>\n<td>Marca<\/td>\n<td>Marlboro<\/td>\n<\/tr>\n<tr>\n<td>Tipo de producto<\/td>\n<td>Cigarrillos<\/td>\n<\/tr>\n<tr>\n<td>Estilo Pack<\/td>\n<td>Caja KS<\/td>\n<\/tr>\n<tr>\n<td>Contenido de alquitr\u00e1n<\/td>\n<td>5 mg<\/td>\n<\/tr>\n<tr>\n<td>Contenido de nicotina<\/td>\n<td>0,4 mg<\/td>\n<\/tr>\n<tr>\n<td>Tama\u00f1o de la caja<\/td>\n<td>20 cigarrillos \u00d7 10 cajas<\/td>\n<\/tr>\n<tr>\n<td>Canal de mercado<\/td>\n<td>Libre de impuestos<\/td>\n<\/tr>\n<tr>\n<td>Perfil de sabor<\/td>\n<td>Sabor a frutas tropicales con fragancia c\u00edtrica<\/td>\n<\/tr>\n<\/tbody>\n<\/table>","protected":false},"excerpt":{"rendered":"<p>Marlboro Vista Tropical Splash KS Box is a Marlboro cigarette variant commonly listed in the duty-free channel in a KS Box format. Public listings for this exact item consistently show 5mg tar and 0.4mg nicotine, with a carton configuration of 20 cigarettes per pack and 10 boxes per carton. In product descriptions, it is presented [&hellip;]<\/p>\n","protected":false},"featured_media":189,"comment_status":"open","ping_status":"closed","template":"","meta":{"_joinchat":[]},"product_brand":[],"product_cat":[23],"product_tag":[],"class_list":{"0":"post-115","1":"product","2":"type-product","3":"status-publish","4":"has-post-thumbnail","6":"product_cat-marlboro","8":"first","9":"instock","10":"shipping-taxable","11":"purchasable","12":"product-type-variable"},"_links":{"self":[{"href":"https:\/\/www.pandasmoking.com\/es\/wp-json\/wp\/v2\/product\/115","targetHints":{"allow":["GET"]}}],"collection":[{"href":"https:\/\/www.pandasmoking.com\/es\/wp-json\/wp\/v2\/product"}],"about":[{"href":"https:\/\/www.pandasmoking.com\/es\/wp-json\/wp\/v2\/types\/product"}],"replies":[{"embeddable":true,"href":"https:\/\/www.pandasmoking.com\/es\/wp-json\/wp\/v2\/comments?post=115"}],"wp:featuredmedia":[{"embeddable":true,"href":"https:\/\/www.pandasmoking.com\/es\/wp-json\/wp\/v2\/media\/189"}],"wp:attachment":[{"href":"https:\/\/www.pandasmoking.com\/es\/wp-json\/wp\/v2\/media?parent=115"}],"wp:term":[{"taxonomy":"product_brand","embeddable":true,"href":"https:\/\/www.pandasmoking.com\/es\/wp-json\/wp\/v2\/product_brand?post=115"},{"taxonomy":"product_cat","embeddable":true,"href":"https:\/\/www.pandasmoking.com\/es\/wp-json\/wp\/v2\/product_cat?post=115"},{"taxonomy":"product_tag","embeddable":true,"href":"https:\/\/www.pandasmoking.com\/es\/wp-json\/wp\/v2\/product_tag?post=115"}],"curies":[{"name":"wp","href":"https:\/\/api.w.org\/{rel}","templated":true}]}}