{"id":1182,"date":"2026-04-15T10:44:59","date_gmt":"2026-04-15T02:44:59","guid":{"rendered":"https:\/\/www.pandasmoking.com\/?post_type=product&#038;p=1182"},"modified":"2026-04-16T14:16:35","modified_gmt":"2026-04-16T06:16:35","slug":"airmez-fox-8-in-1","status":"publish","type":"product","link":"https:\/\/www.pandasmoking.com\/es\/producto\/airmez-fox-8-in-1","title":{"rendered":"Airmez FOX 8 EN 1"},"content":{"rendered":"<p data-start=\"177\" data-end=\"466\"><strong data-start=\"177\" data-end=\"210\">Airmez FOX 8 EN 1 16000 Puffs<\/strong> es un vapeador desechable de gran capacidad dise\u00f1ado para usuarios que desean un rendimiento suave, una carga c\u00f3moda y m\u00faltiples opciones de sabor en un solo dispositivo. Con su elegante dise\u00f1o y sus pr\u00e1cticas funciones, es una buena opci\u00f3n tanto para clientes minoristas como mayoristas.<\/p>\n<p data-start=\"468\" data-end=\"772\">Este modelo incluye <strong data-start=\"490\" data-end=\"511\">15ML \u00d7 4 e-l\u00edquido<\/strong>, a <strong data-start=\"515\" data-end=\"528\">bobina de malla<\/strong>, a <strong data-start=\"532\" data-end=\"563\">Bater\u00eda recargable de 650 mAh<\/strong>, y un <strong data-start=\"571\" data-end=\"595\">Puerto de carga Tipo-C<\/strong> para una experiencia de vapeo suave y fiable. Con hasta <strong data-start=\"652\" data-end=\"667\">16000 bocanadas<\/strong>, ofrece un uso m\u00e1s duradero y una mejor relaci\u00f3n calidad-precio para los clientes que prefieren un vapeador desechable de gran capacidad.<\/p>\n<h3 data-section-id=\"bfe9be\" data-start=\"774\" data-end=\"794\">Caracter\u00edsticas del producto<\/h3>\n<ul data-start=\"796\" data-end=\"1041\">\n<li data-section-id=\"18fzkuh\" data-start=\"796\" data-end=\"831\">Nombre del producto: Airmez FOX 8 EN 1<\/li>\n<li data-section-id=\"1isooqd\" data-start=\"832\" data-end=\"859\">N\u00famero de puffs: 16000 Puffs<\/li>\n<li data-section-id=\"1x4v3us\" data-start=\"860\" data-end=\"891\">Capacidad de E-l\u00edquido: 15ML \u00d7 4<\/li>\n<li data-section-id=\"8u54nt\" data-start=\"892\" data-end=\"916\">Tipo de bobina: Bobina de malla<\/li>\n<li data-section-id=\"znchb6\" data-start=\"917\" data-end=\"942\">Puerto de carga: Tipo-C<\/li>\n<li data-section-id=\"106p858\" data-start=\"943\" data-end=\"971\">Capacidad de la bater\u00eda: 650 mAh<\/li>\n<li data-section-id=\"bex9qa\" data-start=\"972\" data-end=\"1006\">Embalaje: 10 unidades por caja expositora<\/li>\n<li data-section-id=\"9y0ots\" data-start=\"1007\" data-end=\"1041\">Cart\u00f3n: Mezcla 100pcs cada cart\u00f3n<\/li>\n<\/ul>\n<h3 data-section-id=\"10ynmgm\" data-start=\"1043\" data-end=\"1061\">Opciones de sabor<\/h3>\n<ol data-start=\"1063\" data-end=\"1716\">\n<li data-section-id=\"1z0bia\" data-start=\"1063\" data-end=\"1124\">Bingo Crush, Triple Mango, Mezcla de Bayas, Hielo de Sand\u00eda<\/li>\n<li data-section-id=\"10bh9e2\" data-start=\"1125\" data-end=\"1188\">Love 66, Fresa Helada, Limonada Blue Razz, Pi\u00f1a Helada<\/li>\n<li data-section-id=\"hzvpf7\" data-start=\"1189\" data-end=\"1244\">Sand\u00eda helada, Love 66, Manzana doble, Mango melocot\u00f3n<\/li>\n<li data-section-id=\"1h39415\" data-start=\"1245\" data-end=\"1310\">Mezcla de frutas del bosque, ar\u00e1ndano y frambuesa, sand\u00eda helada, cola helada<\/li>\n<li data-section-id=\"1n0hzcj\" data-start=\"1311\" data-end=\"1382\">Mango Melocot\u00f3n, Frutas Tropicales, Limonada de Bayas, Sand\u00eda de Fresa<\/li>\n<li data-section-id=\"ki1fag\" data-start=\"1383\" data-end=\"1448\">Cherry Ice, Fresa Dragon Fruit, Triple Mango, Blue Razz<\/li>\n<li data-section-id=\"1xbhvun\" data-start=\"1449\" data-end=\"1515\">Fruta del Drag\u00f3n Helada, Bingo Crush, Love 66, Pi\u00f1a Mango Melocot\u00f3n<\/li>\n<li data-section-id=\"fa9qbg\" data-start=\"1516\" data-end=\"1579\">Dr. Blue, Cherry Berry, Sand\u00eda Fresa, Peach Berry<\/li>\n<li data-section-id=\"1cg85o7\" data-start=\"1580\" data-end=\"1644\">Melocot\u00f3n helado, Mezcla de bayas, Mel\u00f3n fruta de la pasi\u00f3n, Triple mango<\/li>\n<li data-section-id=\"emmyr9\" data-start=\"1645\" data-end=\"1716\">Mango Ice, Cola de Cereza efervescente, Fresa Frambuesa, Mezcla de Bayas<\/li>\n<\/ol>\n<h3 data-section-id=\"d4iyiy\" data-start=\"1718\" data-end=\"1750\">Por qu\u00e9 elegir Airmez FOX 8 EN 1<\/h3>\n<ul data-start=\"1752\" data-end=\"2015\">\n<li data-section-id=\"1lgb11u\" data-start=\"1752\" data-end=\"1788\">Hasta 16.000 caladas para un uso m\u00e1s prolongado<\/li>\n<li data-section-id=\"ib0yw8\" data-start=\"1789\" data-end=\"1820\">Vapor suave con bobina de malla<\/li>\n<li data-section-id=\"1g8zwq1\" data-start=\"1821\" data-end=\"1866\">Bater\u00eda recargable con carga Type-C<\/li>\n<li data-section-id=\"1mpnmyb\" data-start=\"1867\" data-end=\"1908\">M\u00faltiples opciones de sabor en un solo dispositivo<\/li>\n<li data-section-id=\"uqqhx\" data-start=\"1909\" data-end=\"1961\">Adecuado para la exposici\u00f3n al por menor y el suministro al por mayor<\/li>\n<li data-section-id=\"160n9vs\" data-start=\"1962\" data-end=\"2015\">Embalaje pr\u00e1ctico para ventas en tiendas y pedidos al por mayor<\/li>\n<\/ul>\n<h3 data-section-id=\"hwjiak\" data-start=\"2017\" data-end=\"2027\">Aviso<\/h3>\n<p data-start=\"2029\" data-end=\"2106\">El precio de <strong data-start=\"2042\" data-end=\"2075\">Airmez FOX 8 EN 1 16000 Puffs<\/strong> depende de la cantidad del pedido:<\/p>\n<ul data-start=\"2108\" data-end=\"2214\">\n<li data-section-id=\"l2x9i5\" data-start=\"2108\" data-end=\"2143\"><strong data-start=\"2110\" data-end=\"2123\">1-15 piezas:<\/strong> <strong data-start=\"2124\" data-end=\"2141\">US$28,99 cada uno<\/strong><\/li>\n<li data-section-id=\"1r9nuet\" data-start=\"2144\" data-end=\"2181\"><strong data-start=\"2146\" data-end=\"2161\">16-199 piezas:<\/strong> <strong data-start=\"2162\" data-end=\"2179\">US$10,99 cada uno<\/strong><\/li>\n<li data-section-id=\"1vgu9w0\" data-start=\"2182\" data-end=\"2214\"><strong data-start=\"2184\" data-end=\"2197\">M\u00e1s de 200 unidades:<\/strong> <strong data-start=\"2198\" data-end=\"2214\">US$8,99 cada uno<\/strong><\/li>\n<\/ul>\n<p data-start=\"2216\" data-end=\"2322\"><strong data-start=\"2216\" data-end=\"2322\">El precio var\u00eda en funci\u00f3n de la cantidad del pedido. Confirme la cantidad antes de realizar el pedido.<\/strong><\/p>","protected":false},"excerpt":{"rendered":"<h3>Especificaciones del producto<\/h3>\n<p>\u2611 15ML*4 de E-l\u00edquido<br \/>\n\u2611 Bobina de malla<br \/>\nPuerto Tipo-C<br \/>\n\u2611 650mAh<br \/>\n\u2611 10 unidades en caja expositora<br \/>\n\u2611 Mix 100pcs each carton<\/p>","protected":false},"featured_media":1202,"comment_status":"open","ping_status":"closed","template":"","meta":{"_joinchat":[]},"product_brand":[],"product_cat":[55],"product_tag":[],"class_list":{"0":"post-1182","1":"product","2":"type-product","3":"status-publish","4":"has-post-thumbnail","6":"product_cat-e-cigarettes-europe","8":"first","9":"instock","10":"shipping-taxable","11":"purchasable","12":"product-type-variable"},"_links":{"self":[{"href":"https:\/\/www.pandasmoking.com\/es\/wp-json\/wp\/v2\/product\/1182","targetHints":{"allow":["GET"]}}],"collection":[{"href":"https:\/\/www.pandasmoking.com\/es\/wp-json\/wp\/v2\/product"}],"about":[{"href":"https:\/\/www.pandasmoking.com\/es\/wp-json\/wp\/v2\/types\/product"}],"replies":[{"embeddable":true,"href":"https:\/\/www.pandasmoking.com\/es\/wp-json\/wp\/v2\/comments?post=1182"}],"wp:featuredmedia":[{"embeddable":true,"href":"https:\/\/www.pandasmoking.com\/es\/wp-json\/wp\/v2\/media\/1202"}],"wp:attachment":[{"href":"https:\/\/www.pandasmoking.com\/es\/wp-json\/wp\/v2\/media?parent=1182"}],"wp:term":[{"taxonomy":"product_brand","embeddable":true,"href":"https:\/\/www.pandasmoking.com\/es\/wp-json\/wp\/v2\/product_brand?post=1182"},{"taxonomy":"product_cat","embeddable":true,"href":"https:\/\/www.pandasmoking.com\/es\/wp-json\/wp\/v2\/product_cat?post=1182"},{"taxonomy":"product_tag","embeddable":true,"href":"https:\/\/www.pandasmoking.com\/es\/wp-json\/wp\/v2\/product_tag?post=1182"}],"curies":[{"name":"wp","href":"https:\/\/api.w.org\/{rel}","templated":true}]}}