{"id":1225,"date":"2026-04-15T23:10:15","date_gmt":"2026-04-15T15:10:15","guid":{"rendered":"https:\/\/www.pandasmoking.com\/?post_type=product&#038;p=1225"},"modified":"2026-04-16T14:16:27","modified_gmt":"2026-04-16T06:16:27","slug":"airmez-matrix-30k","status":"publish","type":"product","link":"https:\/\/www.pandasmoking.com\/es\/producto\/airmez-matrix-30k","title":{"rendered":"Airmez Matrix 30K"},"content":{"rendered":"<p data-start=\"153\" data-end=\"424\"><strong data-start=\"153\" data-end=\"174\">Airmez Matrix 30K<\/strong> es un vapeador desechable de gran capacidad dise\u00f1ado para usuarios que desean un rendimiento potente, funciones modernas y una amplia gama de sabores populares. Con su configuraci\u00f3n avanzada y dise\u00f1o elegante, es una buena opci\u00f3n tanto para clientes minoristas como mayoristas.<\/p>\n<p data-start=\"426\" data-end=\"824\">Este modelo incluye <strong data-start=\"448\" data-end=\"463\">5% nicotina<\/strong>, <strong data-start=\"465\" data-end=\"485\">22ML de e-l\u00edquido<\/strong>, <strong data-start=\"487\" data-end=\"509\">flujo de aire ajustable<\/strong>, y un <strong data-start=\"518\" data-end=\"549\">Bater\u00eda recargable de 800 mAh<\/strong> para una experiencia de vapeo suave y duradera. Tambi\u00e9n cuenta con un <strong data-start=\"618\" data-end=\"641\">Pantalla grande de 2,1 pulgadas<\/strong>, <strong data-start=\"643\" data-end=\"667\">panel t\u00e1ctil sensible<\/strong>, <strong data-start=\"669\" data-end=\"687\">Bobina de malla de 1,2\u03a9<\/strong>, <strong data-start=\"689\" data-end=\"702\">doble malla<\/strong>, y <strong data-start=\"708\" data-end=\"727\">Carga Tipo-C<\/strong>, por lo que es una opci\u00f3n pr\u00e1ctica para los usuarios que desean comodidad y rendimiento en un solo dispositivo.<\/p>\n<h3 data-section-id=\"bfe9be\" data-start=\"826\" data-end=\"846\">Caracter\u00edsticas del producto<\/h3>\n<ul data-start=\"848\" data-end=\"1223\">\n<li data-section-id=\"1vm47np\" data-start=\"848\" data-end=\"883\">Nombre del producto: Airmez Matrix 30K<\/li>\n<li data-section-id=\"143z8wq\" data-start=\"884\" data-end=\"909\">Fuerza de la nicotina: 5%<\/li>\n<li data-section-id=\"o52k5f\" data-start=\"910\" data-end=\"937\">Capacidad del e-l\u00edquido: 22ML<\/li>\n<li data-section-id=\"16elqd\" data-start=\"938\" data-end=\"969\">Flujo de aire: Flujo de aire ajustable<\/li>\n<li data-section-id=\"1wnjlof\" data-start=\"970\" data-end=\"1001\">Pantalla: Pantalla grande de 2,1 pulgadas<\/li>\n<li data-section-id=\"1tsg2kc\" data-start=\"1002\" data-end=\"1041\">Control t\u00e1ctil: Almohadilla t\u00e1ctil sensible<\/li>\n<li data-section-id=\"lc3anl\" data-start=\"1042\" data-end=\"1072\">Tipo de bobina: Bobina de malla, 1.2\u03a9<\/li>\n<li data-section-id=\"edjbv\" data-start=\"1073\" data-end=\"1102\">Estructura de malla: Malla doble<\/li>\n<li data-section-id=\"znchb6\" data-start=\"1103\" data-end=\"1128\">Puerto de carga: Tipo-C<\/li>\n<li data-section-id=\"sy48qf\" data-start=\"1129\" data-end=\"1157\">Capacidad de la bater\u00eda: 800 mAh<\/li>\n<li data-section-id=\"8nblp3\" data-start=\"1158\" data-end=\"1192\">Embalaje: 5 unidades en caja expositora<\/li>\n<li data-section-id=\"w65gnj\" data-start=\"1193\" data-end=\"1223\">Caja: 200 unidades por caja<\/li>\n<\/ul>\n<h3 data-section-id=\"10ynmgm\" data-start=\"1225\" data-end=\"1243\">Opciones de sabor<\/h3>\n<ol data-start=\"1245\" data-end=\"1495\">\n<li data-section-id=\"pt49fp\" data-start=\"1245\" data-end=\"1264\">Hielo de sand\u00eda<\/li>\n<li data-section-id=\"ttb2yf\" data-start=\"1265\" data-end=\"1286\">Ar\u00e1ndanos sobre hielo<\/li>\n<li data-section-id=\"1536zp2\" data-start=\"1287\" data-end=\"1311\">Ar\u00e1ndano Frambuesa<\/li>\n<li data-section-id=\"1rwhy4t\" data-start=\"1312\" data-end=\"1331\">Fresa helada<\/li>\n<li data-section-id=\"1jyp4b4\" data-start=\"1332\" data-end=\"1346\">Hielo de uva<\/li>\n<li data-section-id=\"l61m9q\" data-start=\"1347\" data-end=\"1363\">Mezcla de bayas<\/li>\n<li data-section-id=\"1q6bpo1\" data-start=\"1364\" data-end=\"1381\">Fruta del drag\u00f3n<\/li>\n<li data-section-id=\"mjlscy\" data-start=\"1382\" data-end=\"1402\">Fresa Kiwi<\/li>\n<li data-section-id=\"8bupgv\" data-start=\"1403\" data-end=\"1432\">Kiwi Fruta de la pasi\u00f3n Guayaba<\/li>\n<li data-section-id=\"lgtytd\" data-start=\"1433\" data-end=\"1458\">Frambuesa agria azul<\/li>\n<li data-section-id=\"1mlhdq5\" data-start=\"1459\" data-end=\"1476\">Cereza Cola<\/li>\n<li data-section-id=\"iwpzmu\" data-start=\"1477\" data-end=\"1495\">Lim\u00f3n y lima<\/li>\n<\/ol>\n<h3 data-section-id=\"md2tja\" data-start=\"1497\" data-end=\"1529\">Por qu\u00e9 elegir Airmez Matrix 30K<\/h3>\n<ul data-start=\"1531\" data-end=\"1870\">\n<li data-section-id=\"126jtc8\" data-start=\"1531\" data-end=\"1570\">Dise\u00f1o de gran capacidad para un uso m\u00e1s prolongado<\/li>\n<li data-section-id=\"1g7fj2a\" data-start=\"1571\" data-end=\"1605\">22ML de e-l\u00edquido con 5% de nicotina<\/li>\n<li data-section-id=\"1fun8lk\" data-start=\"1606\" data-end=\"1656\">Vapor suave con bobina de malla de 1.2\u03a9 y malla doble<\/li>\n<li data-section-id=\"ywezxg\" data-start=\"1657\" data-end=\"1710\">Flujo de aire ajustable para una mejor experiencia de vapeo<\/li>\n<li data-section-id=\"1oju6m6\" data-start=\"1711\" data-end=\"1771\">Pantalla grande y panel t\u00e1ctil de gran capacidad de respuesta para un manejo moderno<\/li>\n<li data-section-id=\"1g8zwq1\" data-start=\"1772\" data-end=\"1817\">Bater\u00eda recargable con carga Type-C<\/li>\n<li data-section-id=\"uqqhx\" data-start=\"1818\" data-end=\"1870\">Adecuado para la exposici\u00f3n al por menor y el suministro al por mayor<\/li>\n<\/ul>\n<h3 data-section-id=\"hwjiak\" data-start=\"1872\" data-end=\"1882\">Aviso<\/h3>\n<p data-start=\"1884\" data-end=\"1949\">El precio de <strong data-start=\"1897\" data-end=\"1918\">Airmez Matrix 30K<\/strong> depende de la cantidad del pedido:<\/p>\n<ul data-start=\"1951\" data-end=\"2057\">\n<li data-section-id=\"l2x9i5\" data-start=\"1951\" data-end=\"1986\"><strong data-start=\"1953\" data-end=\"1966\">1-15 piezas:<\/strong> <strong data-start=\"1967\" data-end=\"1984\">US$28,99 cada uno<\/strong><\/li>\n<li data-section-id=\"1r9nuet\" data-start=\"1987\" data-end=\"2024\"><strong data-start=\"1989\" data-end=\"2004\">16-199 piezas:<\/strong> <strong data-start=\"2005\" data-end=\"2022\">US$10,99 cada uno<\/strong><\/li>\n<li data-section-id=\"1vgu9w0\" data-start=\"2025\" data-end=\"2057\"><strong data-start=\"2027\" data-end=\"2040\">M\u00e1s de 200 unidades:<\/strong> <strong data-start=\"2041\" data-end=\"2057\">US$8,99 cada uno<\/strong><\/li>\n<\/ul>\n<p data-start=\"2059\" data-end=\"2165\"><strong data-start=\"2059\" data-end=\"2165\">El precio var\u00eda en funci\u00f3n de la cantidad del pedido. Confirme la cantidad antes de realizar el pedido.<\/strong><\/p>","protected":false},"excerpt":{"rendered":"<h3>Especificaciones del producto<\/h3>\n<p>\u2611 5% Nicotina<br \/>\n\u2611 22ML de E-l\u00edquido.<br \/>\nFlujo de aire ajustable.<br \/>\n\u2611 Lucky Room to Play<br \/>\nPantalla grande de 2,1 pulgadas<br \/>\n\u2611 Almohadilla t\u00e1ctil con capacidad de respuesta<br \/>\n\u2611 Bobina de malla, 1,2\u03a9.<br \/>\n\u2611 Malla doble<br \/>\n\u2611 Bater\u00eda recargable de tipo C<br \/>\n\u2611 800mAh<br \/>\n\u2611 5 piezas en caja expositora.<br \/>\n\u2611 200pcs cada cart\u00f3n<\/p>","protected":false},"featured_media":1268,"comment_status":"open","ping_status":"closed","template":"","meta":{"_joinchat":[]},"product_brand":[],"product_cat":[55],"product_tag":[],"class_list":{"0":"post-1225","1":"product","2":"type-product","3":"status-publish","4":"has-post-thumbnail","6":"product_cat-e-cigarettes-europe","8":"first","9":"instock","10":"shipping-taxable","11":"purchasable","12":"product-type-variable"},"_links":{"self":[{"href":"https:\/\/www.pandasmoking.com\/es\/wp-json\/wp\/v2\/product\/1225","targetHints":{"allow":["GET"]}}],"collection":[{"href":"https:\/\/www.pandasmoking.com\/es\/wp-json\/wp\/v2\/product"}],"about":[{"href":"https:\/\/www.pandasmoking.com\/es\/wp-json\/wp\/v2\/types\/product"}],"replies":[{"embeddable":true,"href":"https:\/\/www.pandasmoking.com\/es\/wp-json\/wp\/v2\/comments?post=1225"}],"wp:featuredmedia":[{"embeddable":true,"href":"https:\/\/www.pandasmoking.com\/es\/wp-json\/wp\/v2\/media\/1268"}],"wp:attachment":[{"href":"https:\/\/www.pandasmoking.com\/es\/wp-json\/wp\/v2\/media?parent=1225"}],"wp:term":[{"taxonomy":"product_brand","embeddable":true,"href":"https:\/\/www.pandasmoking.com\/es\/wp-json\/wp\/v2\/product_brand?post=1225"},{"taxonomy":"product_cat","embeddable":true,"href":"https:\/\/www.pandasmoking.com\/es\/wp-json\/wp\/v2\/product_cat?post=1225"},{"taxonomy":"product_tag","embeddable":true,"href":"https:\/\/www.pandasmoking.com\/es\/wp-json\/wp\/v2\/product_tag?post=1225"}],"curies":[{"name":"wp","href":"https:\/\/api.w.org\/{rel}","templated":true}]}}