{"id":1269,"date":"2026-04-15T23:48:29","date_gmt":"2026-04-15T15:48:29","guid":{"rendered":"https:\/\/www.pandasmoking.com\/?post_type=product&#038;p=1269"},"modified":"2026-04-16T14:18:24","modified_gmt":"2026-04-16T06:18:24","slug":"airmez-xbeat-40k%ef%bc%885-nicotine%ef%bc%89","status":"publish","type":"product","link":"https:\/\/www.pandasmoking.com\/es\/producto\/airmez-xbeat-40k%ef%bc%885-nicotine%ef%bc%89","title":{"rendered":"Airmez Xbeat 40K\uff085% nicotina\uff09"},"content":{"rendered":"<p data-start=\"51\" data-end=\"454\"><strong data-start=\"51\" data-end=\"71\">Airmez Xbeat 40K<\/strong> es un dispositivo de vapeo desechable de gran capacidad dise\u00f1ado para usuarios que buscan rendimiento y estilo. Cuenta con <strong data-start=\"182\" data-end=\"202\">22ML de e-l\u00edquido<\/strong>, <strong data-start=\"204\" data-end=\"228\">Potencia de nicotina 5%<\/strong>, y un <strong data-start=\"236\" data-end=\"268\">Bater\u00eda recargable de 1000 mAh<\/strong> para un uso duradero. Lo que hace que este modelo destaque es su <strong data-start=\"330\" data-end=\"359\">Auriculares Hi-Fi integrados<\/strong> con <strong data-start=\"365\" data-end=\"382\">Bluetooth 5.0<\/strong>, que ofrece una combinaci\u00f3n \u00fanica de vapeo y m\u00fasica en un elegante dispositivo.<\/p>\n<p data-start=\"456\" data-end=\"748\">Construido con un <strong data-start=\"469\" data-end=\"488\">dise\u00f1o magn\u00e9tico<\/strong>, <strong data-start=\"490\" data-end=\"513\">sistema de doble flujo de aire<\/strong>, y <strong data-start=\"519\" data-end=\"544\">Gen II 0.8\u03a9 bobina de malla<\/strong>, El Airmez Xbeat 40K ofrece un vapor suave, un sabor intenso y una calada satisfactoria. El <strong data-start=\"630\" data-end=\"652\">elegante acabado de pintura<\/strong> a\u00f1ade un aspecto moderno, mientras que el <strong data-start=\"683\" data-end=\"711\">Puerto de carga USB Tipo-C<\/strong> hace que la carga sea r\u00e1pida y c\u00f3moda.<\/p>\n<p data-start=\"750\" data-end=\"888\">Cada caja contiene <strong data-start=\"776\" data-end=\"788\">5 piezas<\/strong>, y cada caja contiene <strong data-start=\"815\" data-end=\"829\">200 piezas<\/strong>, por lo que es una gran opci\u00f3n tanto para pedidos al por menor como al por mayor.<\/p>\n<h3 data-section-id=\"pm8yra\" data-start=\"890\" data-end=\"910\"><span role=\"text\"><strong data-start=\"894\" data-end=\"910\">Caracter\u00edsticas principales<\/strong><\/span><\/h3>\n<ul data-start=\"911\" data-end=\"1178\">\n<li data-section-id=\"4gp6ec\" data-start=\"911\" data-end=\"931\">22ML de e-l\u00edquido<\/li>\n<li data-section-id=\"1hhctmt\" data-start=\"932\" data-end=\"947\">5% nicotina<\/li>\n<li data-section-id=\"lhywqo\" data-start=\"948\" data-end=\"977\">Auriculares Hi-Fi integrados<\/li>\n<li data-section-id=\"f07fjp\" data-start=\"978\" data-end=\"995\">Bluetooth 5.0<\/li>\n<li data-section-id=\"fo1ta4\" data-start=\"996\" data-end=\"1012\">Doble flujo de aire<\/li>\n<li data-section-id=\"16bpvvo\" data-start=\"1013\" data-end=\"1032\">Dise\u00f1o magn\u00e9tico<\/li>\n<li data-section-id=\"1qqdcsd\" data-start=\"1033\" data-end=\"1059\">Bobina de malla Gen II, 0,8\u03a9<\/li>\n<li data-section-id=\"6hy93g\" data-start=\"1060\" data-end=\"1082\">Dise\u00f1o de pintura elegante<\/li>\n<li data-section-id=\"f56uxo\" data-start=\"1083\" data-end=\"1111\">Puerto de carga USB Tipo-C<\/li>\n<li data-section-id=\"5mulwg\" data-start=\"1112\" data-end=\"1131\">Bater\u00eda de 1000 mAh<\/li>\n<li data-section-id=\"g66iyd\" data-start=\"1132\" data-end=\"1156\">5 unidades por caja expositora<\/li>\n<li data-section-id=\"wpbol4\" data-start=\"1157\" data-end=\"1178\">200 unidades por caja<\/li>\n<\/ul>\n<h3 data-section-id=\"piodt8\" data-start=\"1180\" data-end=\"1205\"><span role=\"text\"><strong data-start=\"1184\" data-end=\"1205\">Sabores disponibles<\/strong><\/span><\/h3>\n<ul data-start=\"1206\" data-end=\"1464\">\n<li data-section-id=\"1tc490q\" data-start=\"1206\" data-end=\"1223\">Hielo Razz Azul<\/li>\n<li data-section-id=\"1ab0p9z\" data-start=\"1224\" data-end=\"1238\">Casa de la Moneda de Miami<\/li>\n<li data-section-id=\"dk8g8n\" data-start=\"1239\" data-end=\"1257\">Hielo de sand\u00eda<\/li>\n<li data-section-id=\"1q5ylm7\" data-start=\"1258\" data-end=\"1270\">Casa de la Moneda ATL<\/li>\n<li data-section-id=\"u0geyc\" data-start=\"1271\" data-end=\"1289\">Hielo de manzana \u00e1cida<\/li>\n<li data-section-id=\"i3ow24\" data-start=\"1290\" data-end=\"1313\">Helado de pl\u00e1tano<\/li>\n<li data-section-id=\"185wshd\" data-start=\"1314\" data-end=\"1334\">Blackberry B-Pop<\/li>\n<li data-section-id=\"168f2fc\" data-start=\"1335\" data-end=\"1346\">Helados<\/li>\n<li data-section-id=\"jrjylz\" data-start=\"1347\" data-end=\"1363\">Ranchero azul<\/li>\n<li data-section-id=\"8wdv10\" data-start=\"1364\" data-end=\"1388\">Frambuesa Melocot\u00f3n Lima<\/li>\n<li data-section-id=\"aojwzn\" data-start=\"1389\" data-end=\"1413\">Mango agrio Pi\u00f1a<\/li>\n<li data-section-id=\"fniel5\" data-start=\"1414\" data-end=\"1427\">Menta fresca<\/li>\n<li data-section-id=\"qo03cd\" data-start=\"1428\" data-end=\"1448\">Sour Fcuking Fab<\/li>\n<li data-section-id=\"kbg8xi\" data-start=\"1449\" data-end=\"1464\">Cabezas de lim\u00f3n<\/li>\n<\/ul>\n<h3 data-section-id=\"1j85qjy\" data-start=\"1466\" data-end=\"1481\"><span role=\"text\"><strong data-start=\"1470\" data-end=\"1481\">Precios<\/strong><\/span><\/h3>\n<ul data-start=\"1482\" data-end=\"1661\">\n<li data-section-id=\"1swc7pw\" data-start=\"1482\" data-end=\"1518\"><strong data-start=\"1484\" data-end=\"1500\">Menos de 16 unidades<\/strong> \u2014 <strong data-start=\"1503\" data-end=\"1516\">$39.99\/pz<\/strong><\/li>\n<li data-section-id=\"115wau1\" data-start=\"1519\" data-end=\"1552\"><strong data-start=\"1521\" data-end=\"1534\">16-99 unidades<\/strong> \u2014 <strong data-start=\"1537\" data-end=\"1550\">$34.99\/pz<\/strong><\/li>\n<li data-section-id=\"1w8j6q\" data-start=\"1553\" data-end=\"1589\"><strong data-start=\"1555\" data-end=\"1571\">100-1000 unidades<\/strong> \u2014 <strong data-start=\"1574\" data-end=\"1587\">$29.99\/pz<\/strong><\/li>\n<li data-section-id=\"1pwdwqk\" data-start=\"1590\" data-end=\"1627\"><strong data-start=\"1592\" data-end=\"1609\">1001-2000 unidades<\/strong> \u2014 <strong data-start=\"1612\" data-end=\"1625\">$25.99\/ud<\/strong><\/li>\n<li data-section-id=\"41riua\" data-start=\"1628\" data-end=\"1661\"><strong data-start=\"1630\" data-end=\"1643\">M\u00e1s de 2000 unidades<\/strong> \u2014 <strong data-start=\"1646\" data-end=\"1659\">$23.99\/ud<\/strong><\/li>\n<\/ul>\n<p data-start=\"1663\" data-end=\"1759\"><strong data-start=\"1663\" data-end=\"1672\">Nota:<\/strong> Este producto contiene nicotina. La nicotina es una sustancia qu\u00edmica adictiva. S\u00f3lo para uso de adultos.<\/p>","protected":false},"excerpt":{"rendered":"<h3>Especificaciones del producto<\/h3>\n<p>\u2611 22ML de E-l\u00edquido.<br \/>\nAuriculares Hi-Fi integrados.<br \/>\n\u2611 Doble flujo de aire.<br \/>\n\u2611 Dise\u00f1o magn\u00e9tico<br \/>\n\u2611 Bluetooth 5.0<br \/>\nBobina de malla Gen II, 0,8\u03a9.<br \/>\n\u2611 Dise\u00f1o de pintura elegante.<br \/>\n\u2611 Puerto de carga USB tipo C<br \/>\n\u2611 1000mAh<br \/>\n\u2611 5 piezas en caja expositora.<br \/>\n\u2611 200pcs cada cart\u00f3n<\/p>","protected":false},"featured_media":1298,"comment_status":"open","ping_status":"closed","template":"","meta":{"_joinchat":[]},"product_brand":[],"product_cat":[56],"product_tag":[],"class_list":{"0":"post-1269","1":"product","2":"type-product","3":"status-publish","4":"has-post-thumbnail","6":"product_cat-e-cigarettes-australia","8":"first","9":"instock","10":"shipping-taxable","11":"purchasable","12":"product-type-variable"},"_links":{"self":[{"href":"https:\/\/www.pandasmoking.com\/es\/wp-json\/wp\/v2\/product\/1269","targetHints":{"allow":["GET"]}}],"collection":[{"href":"https:\/\/www.pandasmoking.com\/es\/wp-json\/wp\/v2\/product"}],"about":[{"href":"https:\/\/www.pandasmoking.com\/es\/wp-json\/wp\/v2\/types\/product"}],"replies":[{"embeddable":true,"href":"https:\/\/www.pandasmoking.com\/es\/wp-json\/wp\/v2\/comments?post=1269"}],"wp:featuredmedia":[{"embeddable":true,"href":"https:\/\/www.pandasmoking.com\/es\/wp-json\/wp\/v2\/media\/1298"}],"wp:attachment":[{"href":"https:\/\/www.pandasmoking.com\/es\/wp-json\/wp\/v2\/media?parent=1269"}],"wp:term":[{"taxonomy":"product_brand","embeddable":true,"href":"https:\/\/www.pandasmoking.com\/es\/wp-json\/wp\/v2\/product_brand?post=1269"},{"taxonomy":"product_cat","embeddable":true,"href":"https:\/\/www.pandasmoking.com\/es\/wp-json\/wp\/v2\/product_cat?post=1269"},{"taxonomy":"product_tag","embeddable":true,"href":"https:\/\/www.pandasmoking.com\/es\/wp-json\/wp\/v2\/product_tag?post=1269"}],"curies":[{"name":"wp","href":"https:\/\/api.w.org\/{rel}","templated":true}]}}