{"id":1399,"date":"2026-04-23T18:22:39","date_gmt":"2026-04-23T10:22:39","guid":{"rendered":"https:\/\/www.pandasmoking.com\/?post_type=product&#038;p=1399"},"modified":"2026-04-23T18:22:45","modified_gmt":"2026-04-23T10:22:45","slug":"peony-mudan-333-soft","status":"publish","type":"product","link":"https:\/\/www.pandasmoking.com\/es\/producto\/peony-mudan-333-soft","title":{"rendered":"Peon\u00eda Mudan 333 Suave"},"content":{"rendered":"<h3>Informaci\u00f3n sobre cigarrillos<\/h3>\n<table>\n<thead>\n<tr>\n<th>Atributo<\/th>\n<th>Especificaci\u00f3n<\/th>\n<\/tr>\n<\/thead>\n<tbody>\n<tr>\n<td>Marca<\/td>\n<td>Peon\u00eda<\/td>\n<\/tr>\n<tr>\n<td>Alquitr\u00e1n<\/td>\n<td>10 mg<\/td>\n<\/tr>\n<tr>\n<td>Mon\u00f3xido de carbono<\/td>\n<td>12 mg<\/td>\n<\/tr>\n<tr>\n<td>Longitud del filtro<\/td>\n<td>20 mm<\/td>\n<\/tr>\n<tr>\n<td>Embalaje<\/td>\n<td>Paquete de papel suave<\/td>\n<\/tr>\n<tr>\n<td>Color secundario<\/td>\n<td>Verde<\/td>\n<\/tr>\n<tr>\n<td>Recuento de cajas<\/td>\n<td>10<\/td>\n<\/tr>\n<tr>\n<td>Tipo<\/td>\n<td>Tabaco flue-cured<\/td>\n<\/tr>\n<tr>\n<td>Nicotina<\/td>\n<td>0,9 mg<\/td>\n<\/tr>\n<tr>\n<td>Longitud<\/td>\n<td>84 mm<\/td>\n<\/tr>\n<tr>\n<td>Circunferencia<\/td>\n<td>25 mm<\/td>\n<\/tr>\n<tr>\n<td>Color principal<\/td>\n<td>Rojo<\/td>\n<\/tr>\n<tr>\n<td>Cantidad por paquete<\/td>\n<td>20<\/td>\n<\/tr>\n<tr>\n<td>Por caja<\/td>\n<td>200 cigarrillos<\/td>\n<\/tr>\n<\/tbody>\n<\/table>\n<h3 data-start=\"137\" data-end=\"176\"><strong data-start=\"137\" data-end=\"176\">Informaci\u00f3n importante previa a la compra:<\/strong><\/h3>\n<ul data-start=\"178\" data-end=\"781\">\n<li data-start=\"178\" data-end=\"502\">\n<p data-start=\"180\" data-end=\"502\"><strong data-start=\"180\" data-end=\"207\">Autenticidad garantizada<\/strong>: La Red Nacional del Tabaco Aut\u00e9ntico garantiza la venta exclusiva de productos aut\u00e9nticos. Los productos falsificados est\u00e1n estrictamente prohibidos. Los amigos chinos de ultramar son bienvenidos a realizar pedidos tanto de\u00a0<strong data-start=\"392\" data-end=\"405\">venta al por mayor<\/strong>\u00a0y\u00a0<strong data-start=\"410\" data-end=\"420\">venta al por menor<\/strong>. Los compradores interesados pueden\u00a0<strong data-start=\"444\" data-end=\"464\">a\u00f1ade nuestro WhatsApp<\/strong>\u00a0(+447922291211) para m\u00e1s informaci\u00f3n.<\/p>\n<\/li>\n<li data-start=\"503\" data-end=\"781\">\n<p data-start=\"505\" data-end=\"781\"><strong data-start=\"505\" data-end=\"529\">Operador con experiencia<\/strong>: El operador de esta tienda en l\u00ednea tiene a\u00f1os de experiencia en el sector de la log\u00edstica internacional y la entrega urgente, con amplios conocimientos y estrategias para el env\u00edo de mercanc\u00edas sensibles a escala internacional. Los clientes extranjeros pueden comprar con confianza.<\/p>\n<\/li>\n<\/ul>\n<h3 data-start=\"783\" data-end=\"803\"><strong data-start=\"783\" data-end=\"803\">Pol\u00edtica de env\u00edos:<\/strong><\/h3>\n<ul data-start=\"805\" data-end=\"1004\">\n<li data-start=\"805\" data-end=\"1004\">\n<p data-start=\"807\" data-end=\"1004\"><strong data-start=\"807\" data-end=\"825\">Precios por caja<\/strong>: Todos los precios indicados en el sitio son por caja.\u00a0<strong data-start=\"876\" data-end=\"893\">Env\u00edo gratuito<\/strong>\u00a0se aplica a pedidos de una caja o m\u00e1s. Para consultas detalladas, ponte en contacto con nuestro servicio de atenci\u00f3n al cliente por WhatsApp.<\/p>\n<\/li>\n<\/ul>\n<h3 data-start=\"1006\" data-end=\"1026\"><strong data-start=\"1006\" data-end=\"1026\">Formas de pago:<\/strong><\/h3>\n<ul data-start=\"1028\" data-end=\"1611\">\n<li data-start=\"1028\" data-end=\"1359\">\n<p data-start=\"1030\" data-end=\"1359\"><strong data-start=\"1030\" data-end=\"1049\">Proceso de pago<\/strong>: Debido a la naturaleza sensible de nuestros productos,\u00a0<strong data-start=\"1096\" data-end=\"1160\">los pagos en l\u00ednea a trav\u00e9s de la cesta de la compra est\u00e1n actualmente desactivados<\/strong>. Por favor,\u00a0<strong data-start=\"1169\" data-end=\"1221\">no realice pagos en l\u00ednea a trav\u00e9s del carrito<\/strong>. Tras realizar un pedido, facilite la\u00a0<strong data-start=\"1259\" data-end=\"1275\">n\u00famero de pedido<\/strong>\u00a0a nuestro\u00a0<strong data-start=\"1283\" data-end=\"1312\">Servicio de atenci\u00f3n al cliente de WhatsApp<\/strong>\u00a0para una recogida de direcciones de env\u00edo m\u00e1s precisa.<\/p>\n<\/li>\n<li data-start=\"1360\" data-end=\"1611\">\n<p data-start=\"1362\" data-end=\"1398\">Nuestros principales m\u00e9todos de pago incluyen:<\/p>\n<ul data-start=\"1401\" data-end=\"1611\">\n<li data-start=\"1401\" data-end=\"1413\">\n<p data-start=\"1403\" data-end=\"1413\"><strong data-start=\"1403\" data-end=\"1413\">PayPal<\/strong><\/p>\n<\/li>\n<li data-start=\"1416\" data-end=\"1428\">\n<p data-start=\"1418\" data-end=\"1428\"><strong data-start=\"1418\" data-end=\"1428\">Raya<\/strong><\/p>\n<\/li>\n<li data-start=\"1431\" data-end=\"1449\">\n<p data-start=\"1433\" data-end=\"1449\"><strong data-start=\"1433\" data-end=\"1449\">Tarjetas de cr\u00e9dito<\/strong><\/p>\n<\/li>\n<li data-start=\"1452\" data-end=\"1471\">\n<p data-start=\"1454\" data-end=\"1471\"><strong data-start=\"1454\" data-end=\"1471\">Western Union<\/strong><\/p>\n<\/li>\n<li data-start=\"1474\" data-end=\"1611\">\n<p data-start=\"1476\" data-end=\"1611\">Las divisas se convierten al\u00a0<strong data-start=\"1516\" data-end=\"1539\">tipo de cambio diario<\/strong>. Si desea m\u00e1s informaci\u00f3n, p\u00f3ngase en contacto con nuestro\u00a0<strong data-start=\"1581\" data-end=\"1610\">Servicio de atenci\u00f3n al cliente de WhatsApp<\/strong>.<\/p>\n<\/li>\n<\/ul>\n<\/li>\n<\/ul>\n<h3 data-start=\"1613\" data-end=\"1637\"><strong data-start=\"1613\" data-end=\"1637\">Servicio postventa:<\/strong><\/h3>\n<ul data-start=\"1639\" data-end=\"2122\">\n<li data-start=\"1639\" data-end=\"1867\">\n<p data-start=\"1641\" data-end=\"1867\"><strong data-start=\"1641\" data-end=\"1658\">Mantente en contacto<\/strong>: Se recomienda a los clientes que\u00a0<strong data-start=\"1685\" data-end=\"1722\">a\u00f1ade nuestro servicio de atenci\u00f3n al cliente WhatsApp<\/strong>\u00a0antes de comprar para recibir la informaci\u00f3n m\u00e1s reciente. Si no tiene WhatsApp, puede ponerse en contacto con nosotros a trav\u00e9s de\u00a0<strong data-start=\"1827\" data-end=\"1836\">correo electr\u00f3nico<\/strong>\u00a0en\u00a0<strong data-start=\"1840\" data-end=\"1865\"><a class=\"decorated-link cursor-pointer\" rel=\"noopener\" data-start=\"1842\" data-end=\"1863\">Info@chunghwashop.com<\/a><\/strong>.<\/p>\n<\/li>\n<li data-start=\"1868\" data-end=\"2122\">\n<p data-start=\"1870\" data-end=\"2122\"><strong data-start=\"1870\" data-end=\"1903\">Confirmaci\u00f3n y seguimiento de pedidos<\/strong>: Una vez confirmado el pago, organizaremos el env\u00edo inmediatamente y enviaremos el\u00a0<strong data-start=\"1982\" data-end=\"2001\">n\u00famero de seguimiento<\/strong>\u00a0a tu WhatsApp o correo electr\u00f3nico. Comprueba si hay actualizaciones. En\u00a0<strong data-start=\"2060\" data-end=\"2121\">90% de los paquetes internacionales de EMS llegan en un plazo de 12-20 d\u00edas<\/strong>.<\/p>\n<\/li>\n<\/ul>\n<h3 data-start=\"2124\" data-end=\"2145\"><strong data-start=\"2124\" data-end=\"2145\">Cuestiones fiscales:<\/strong><\/h3>\n<ul data-start=\"2147\" data-end=\"2405\">\n<li data-start=\"2147\" data-end=\"2405\">\n<p data-start=\"2149\" data-end=\"2405\"><strong data-start=\"2149\" data-end=\"2167\">Reformas fiscales de la UE<\/strong>: La UE complet\u00f3 las reformas fiscales en\u00a0<strong data-start=\"2201\" data-end=\"2214\">Julio de 2021<\/strong>, y ahora grava los paquetes con impuestos que oscilan entre unos pocos euros y varias decenas de euros. Esta fiscalidad se aplica a todos los paquetes postales que entran en estos pa\u00edses, no espec\u00edficamente a los productos del tabaco.<\/p>\n<\/li>\n<\/ul>\n<h3 data-start=\"2407\" data-end=\"2428\"><strong data-start=\"2407\" data-end=\"2428\">Pedidos al por mayor:<\/strong><\/h3>\n<ul data-start=\"2430\" data-end=\"2600\">\n<li data-start=\"2430\" data-end=\"2600\">\n<p data-start=\"2432\" data-end=\"2600\"><strong data-start=\"2432\" data-end=\"2460\">Pedidos al por mayor<\/strong>: Aceptamos\u00a0<strong data-start=\"2472\" data-end=\"2492\">pedidos al por mayor<\/strong>. Si desea m\u00e1s informaci\u00f3n, p\u00f3ngase en contacto con nuestro\u00a0<strong data-start=\"2526\" data-end=\"2555\">Servicio de atenci\u00f3n al cliente de WhatsApp<\/strong>\u00a0para m\u00e1s informaci\u00f3n y las \u00faltimas actualizaciones.<\/p>\n<\/li>\n<\/ul>","protected":false},"excerpt":{"rendered":"<ul>\n<li data-section-id=\"15ytudl\" data-start=\"0\" data-end=\"176\"><strong data-start=\"3\" data-end=\"38\" data-is-only-node=\"\">Peony Mudan 333 Cigarrillos blandos<\/strong> presentan un dise\u00f1o cl\u00e1sico de cajetilla de papel suave rojo con detalles secundarios verdes, lo que confiere al producto un aspecto de cigarrillo chino tradicional.<\/li>\n<li data-section-id=\"xn8ut6\" data-start=\"178\" data-end=\"303\">Fabricado en un <strong data-start=\"191\" data-end=\"213\">tabaco flue-cured<\/strong> estilo, este producto ofrece un perfil de tabaco chino est\u00e1ndar para los compradores de cigarrillos adultos.<\/li>\n<li data-section-id=\"1db7phm\" data-start=\"305\" data-end=\"450\">Cada cigarrillo mide <strong data-start=\"332\" data-end=\"350\">84 mm de longitud<\/strong> con un <strong data-start=\"358\" data-end=\"380\">Circunferencia de 25 mm<\/strong> y un <strong data-start=\"387\" data-end=\"402\">Filtro de 20 mm<\/strong>, que coincide con el formato normal de un cigarrillo de tama\u00f1o normal.<\/li>\n<li data-section-id=\"crhv0q\" data-start=\"452\" data-end=\"598\">El pliego de condiciones incluye <strong data-start=\"482\" data-end=\"494\">10 mg de alquitr\u00e1n<\/strong>, <strong data-start=\"496\" data-end=\"514\">0,9 mg de nicotina<\/strong>, y <strong data-start=\"520\" data-end=\"544\">12 mg de mon\u00f3xido de carbono<\/strong>, dejando clara la informaci\u00f3n del producto para su comparaci\u00f3n.<\/li>\n<li data-section-id=\"1v9rro1\" data-start=\"600\" data-end=\"755\" data-is-last-node=\"\">Cada paquete contiene <strong data-start=\"622\" data-end=\"639\">20 cigarrillos<\/strong>, con <strong data-start=\"646\" data-end=\"669\">10 paquetes por caja<\/strong>, en total <strong data-start=\"680\" data-end=\"709\">200 cigarrillos por cart\u00f3n<\/strong> para la compra de cart\u00f3n o las necesidades al por mayor.<\/li>\n<\/ul>","protected":false},"featured_media":1406,"comment_status":"open","ping_status":"closed","template":"","meta":{"_joinchat":[]},"product_brand":[],"product_cat":[62],"product_tag":[],"class_list":{"0":"post-1399","1":"product","2":"type-product","3":"status-publish","4":"has-post-thumbnail","6":"product_cat-mudan-peony","8":"first","9":"instock","10":"shipping-taxable","11":"purchasable","12":"product-type-simple"},"_links":{"self":[{"href":"https:\/\/www.pandasmoking.com\/es\/wp-json\/wp\/v2\/product\/1399","targetHints":{"allow":["GET"]}}],"collection":[{"href":"https:\/\/www.pandasmoking.com\/es\/wp-json\/wp\/v2\/product"}],"about":[{"href":"https:\/\/www.pandasmoking.com\/es\/wp-json\/wp\/v2\/types\/product"}],"replies":[{"embeddable":true,"href":"https:\/\/www.pandasmoking.com\/es\/wp-json\/wp\/v2\/comments?post=1399"}],"wp:featuredmedia":[{"embeddable":true,"href":"https:\/\/www.pandasmoking.com\/es\/wp-json\/wp\/v2\/media\/1406"}],"wp:attachment":[{"href":"https:\/\/www.pandasmoking.com\/es\/wp-json\/wp\/v2\/media?parent=1399"}],"wp:term":[{"taxonomy":"product_brand","embeddable":true,"href":"https:\/\/www.pandasmoking.com\/es\/wp-json\/wp\/v2\/product_brand?post=1399"},{"taxonomy":"product_cat","embeddable":true,"href":"https:\/\/www.pandasmoking.com\/es\/wp-json\/wp\/v2\/product_cat?post=1399"},{"taxonomy":"product_tag","embeddable":true,"href":"https:\/\/www.pandasmoking.com\/es\/wp-json\/wp\/v2\/product_tag?post=1399"}],"curies":[{"name":"wp","href":"https:\/\/api.w.org\/{rel}","templated":true}]}}