{"id":394,"date":"2026-03-13T15:56:01","date_gmt":"2026-03-13T07:56:01","guid":{"rendered":"https:\/\/www.pandasmoking.com\/?post_type=product&#038;p=394"},"modified":"2026-04-23T19:01:09","modified_gmt":"2026-04-23T11:01:09","slug":"zhongnanhai-blue-time","status":"publish","type":"product","link":"https:\/\/www.pandasmoking.com\/es\/producto\/zhongnanhai-blue-time","title":{"rendered":"Zhongnanhai Hora Azul"},"content":{"rendered":"<div class=\"overflow-x-auto w-full px-2 mb-6\">\n<table class=\"min-w-full border-collapse text-sm leading-[1.7] whitespace-normal\">\n<thead class=\"text-left\">\n<tr>\n<th class=\"text-text-100 border-b-0.5 border-border-300\/60 py-2 pr-4 align-top font-bold\" scope=\"col\">Specification<\/th>\n<th class=\"text-text-100 border-b-0.5 border-border-300\/60 py-2 pr-4 align-top font-bold\" scope=\"col\">Details<\/th>\n<\/tr>\n<\/thead>\n<tbody>\n<tr>\n<td class=\"border-b-0.5 border-border-300\/30 py-2 pr-4 align-top\">Type<\/td>\n<td class=\"border-b-0.5 border-border-300\/30 py-2 pr-4 align-top\">Blended<\/td>\n<\/tr>\n<tr>\n<td class=\"border-b-0.5 border-border-300\/30 py-2 pr-4 align-top\">Tar<\/td>\n<td class=\"border-b-0.5 border-border-300\/30 py-2 pr-4 align-top\">7mg<\/td>\n<\/tr>\n<tr>\n<td class=\"border-b-0.5 border-border-300\/30 py-2 pr-4 align-top\">Nicotine<\/td>\n<td class=\"border-b-0.5 border-border-300\/30 py-2 pr-4 align-top\">0.6mg<\/td>\n<\/tr>\n<tr>\n<td class=\"border-b-0.5 border-border-300\/30 py-2 pr-4 align-top\">Carbon Monoxide<\/td>\n<td class=\"border-b-0.5 border-border-300\/30 py-2 pr-4 align-top\">9mg<\/td>\n<\/tr>\n<tr>\n<td class=\"border-b-0.5 border-border-300\/30 py-2 pr-4 align-top\">Length<\/td>\n<td class=\"border-b-0.5 border-border-300\/30 py-2 pr-4 align-top\">84mm<\/td>\n<\/tr>\n<tr>\n<td class=\"border-b-0.5 border-border-300\/30 py-2 pr-4 align-top\">Filter Length<\/td>\n<td class=\"border-b-0.5 border-border-300\/30 py-2 pr-4 align-top\">25mm<\/td>\n<\/tr>\n<tr>\n<td class=\"border-b-0.5 border-border-300\/30 py-2 pr-4 align-top\">Packaging<\/td>\n<td class=\"border-b-0.5 border-border-300\/30 py-2 pr-4 align-top\">Soft Pack<\/td>\n<\/tr>\n<tr>\n<td class=\"border-b-0.5 border-border-300\/30 py-2 pr-4 align-top\">Primary Color<\/td>\n<td class=\"border-b-0.5 border-border-300\/30 py-2 pr-4 align-top\">Blue<\/td>\n<\/tr>\n<tr>\n<td class=\"border-b-0.5 border-border-300\/30 py-2 pr-4 align-top\">Secondary Color<\/td>\n<td class=\"border-b-0.5 border-border-300\/30 py-2 pr-4 align-top\">White<\/td>\n<\/tr>\n<tr>\n<td class=\"border-b-0.5 border-border-300\/30 py-2 pr-4 align-top\">Per Pack<\/td>\n<td class=\"border-b-0.5 border-border-300\/30 py-2 pr-4 align-top\">20 Cigarettes<\/td>\n<\/tr>\n<tr>\n<td class=\"border-b-0.5 border-border-300\/30 py-2 pr-4 align-top\">Per Carton<\/td>\n<td class=\"border-b-0.5 border-border-300\/30 py-2 pr-4 align-top\">200 Cigarettes (10 Packs)<\/td>\n<\/tr>\n<\/tbody>\n<\/table>\n<p>&nbsp;<\/p>\n<\/div>\n","protected":false},"excerpt":{"rendered":"<ul>\n<li class=\"whitespace-normal break-words pl-2\"><strong>Elegante paquete blando azul y blanco<\/strong> - Un dise\u00f1o limpio y elegante en azul y blanco, moderno y discreto, con un atractivo visual tranquilo y refrescante.<\/li>\n<li class=\"whitespace-normal break-words pl-2\"><strong>Sutil dulzor natural<\/strong> - Proporciona un dulzor suave y agradable durante toda la fumada, a\u00f1adiendo una dimensi\u00f3n de sabor ligera y agradable sin ser abrumadora.<\/li>\n<li class=\"whitespace-normal break-words pl-2\"><strong>Excepcionalmente suave en la garganta<\/strong> - Notablemente c\u00f3modo en la garganta desde la primera calada hasta la \u00faltima, lo que lo convierte en una de las fumadas m\u00e1s suaves y agradables de la gama Zhongnanhai.<\/li>\n<li class=\"whitespace-normal break-words pl-2\"><strong>Quemado lento y uniforme<\/strong> - Se quema a un ritmo constante y consistente, permitiendo una experiencia de fumada m\u00e1s relajada y satisfactoria que dura m\u00e1s que la media.<\/li>\n<li class=\"whitespace-normal break-words pl-2\"><strong>Sabor limpio y puro<\/strong> - Un cigarrillo de mezcla sin notas desagradables ni asperezas, con un sabor limpio y puro. Con 7 mg de alquitr\u00e1n y 0,6 mg de nicotina, cada cart\u00f3n contiene 200 cigarrillos (10 paquetes \u00d7 20 cigarrillos).<\/li>\n<\/ul>","protected":false},"featured_media":401,"comment_status":"open","ping_status":"closed","template":"","meta":{"_joinchat":[]},"product_brand":[],"product_cat":[34],"product_tag":[],"class_list":{"0":"post-394","1":"product","2":"type-product","3":"status-publish","4":"has-post-thumbnail","6":"product_cat-zhongnanhai","8":"first","9":"outofstock","10":"shipping-taxable","11":"purchasable","12":"product-type-variable"},"_links":{"self":[{"href":"https:\/\/www.pandasmoking.com\/es\/wp-json\/wp\/v2\/product\/394","targetHints":{"allow":["GET"]}}],"collection":[{"href":"https:\/\/www.pandasmoking.com\/es\/wp-json\/wp\/v2\/product"}],"about":[{"href":"https:\/\/www.pandasmoking.com\/es\/wp-json\/wp\/v2\/types\/product"}],"replies":[{"embeddable":true,"href":"https:\/\/www.pandasmoking.com\/es\/wp-json\/wp\/v2\/comments?post=394"}],"wp:featuredmedia":[{"embeddable":true,"href":"https:\/\/www.pandasmoking.com\/es\/wp-json\/wp\/v2\/media\/401"}],"wp:attachment":[{"href":"https:\/\/www.pandasmoking.com\/es\/wp-json\/wp\/v2\/media?parent=394"}],"wp:term":[{"taxonomy":"product_brand","embeddable":true,"href":"https:\/\/www.pandasmoking.com\/es\/wp-json\/wp\/v2\/product_brand?post=394"},{"taxonomy":"product_cat","embeddable":true,"href":"https:\/\/www.pandasmoking.com\/es\/wp-json\/wp\/v2\/product_cat?post=394"},{"taxonomy":"product_tag","embeddable":true,"href":"https:\/\/www.pandasmoking.com\/es\/wp-json\/wp\/v2\/product_tag?post=394"}],"curies":[{"name":"wp","href":"https:\/\/api.w.org\/{rel}","templated":true}]}}