{"id":407,"date":"2026-03-13T16:22:37","date_gmt":"2026-03-13T08:22:37","guid":{"rendered":"https:\/\/www.pandasmoking.com\/?post_type=product&#038;p=407"},"modified":"2026-03-13T16:22:38","modified_gmt":"2026-03-13T08:22:38","slug":"furongwang-hard-slim","status":"publish","type":"product","link":"https:\/\/www.pandasmoking.com\/es\/producto\/furongwang-hard-slim","title":{"rendered":"Furongwang Hard Slim"},"content":{"rendered":"<h3>Informaci\u00f3n sobre cigarrillos<\/h3>\n<table>\n<thead>\n<tr>\n<th>Atributo<\/th>\n<th>Detalles<\/th>\n<\/tr>\n<\/thead>\n<tbody>\n<tr>\n<td>Marca<\/td>\n<td>Furongwang<\/td>\n<\/tr>\n<tr>\n<td>Estilo Cigarrillo<\/td>\n<td>Slim<\/td>\n<\/tr>\n<tr>\n<td>Tipo<\/td>\n<td>Tabaco Flue-Cured<\/td>\n<\/tr>\n<tr>\n<td>C\u00e1psula<\/td>\n<td>S\u00ed<\/td>\n<\/tr>\n<tr>\n<td>Alquitr\u00e1n<\/td>\n<td>8 mg<\/td>\n<\/tr>\n<tr>\n<td>Nicotina<\/td>\n<td>0,8 mg<\/td>\n<\/tr>\n<tr>\n<td>Mon\u00f3xido de carbono<\/td>\n<td>7 mg<\/td>\n<\/tr>\n<tr>\n<td>Embalaje<\/td>\n<td>Caja dura de papel<\/td>\n<\/tr>\n<tr>\n<td>Color principal<\/td>\n<td>Gris<\/td>\n<\/tr>\n<tr>\n<td>Color secundario<\/td>\n<td>Oro<\/td>\n<\/tr>\n<tr>\n<td>Longitud<\/td>\n<td>97 mm<\/td>\n<\/tr>\n<tr>\n<td>Cantidad por paquete<\/td>\n<td>20 cigarrillos<\/td>\n<\/tr>\n<tr>\n<td>Envases por caja<\/td>\n<td>10 paquetes<\/td>\n<\/tr>\n<tr>\n<td>Por caja<\/td>\n<td>200 cigarrillos<\/td>\n<\/tr>\n<\/tbody>\n<\/table>\n<div id=\"primary\" class=\"content-area\"><main id=\"main\" class=\"site-main\" role=\"main\"><\/p>\n<div id=\"product-280\" class=\"product type-product post-280 status-publish first instock product_cat-hehua-lotus has-post-thumbnail shipping-taxable purchasable product-type-simple\">\n<div class=\"woocommerce-tabs wc-tabs-wrapper\">\n<div id=\"tab-description\" class=\"woocommerce-Tabs-panel woocommerce-Tabs-panel--description panel entry-content wc-tab\" role=\"tabpanel\" aria-labelledby=\"tab-title-description\">\n<h3 data-start=\"137\" data-end=\"176\"><strong data-start=\"137\" data-end=\"176\">Informaci\u00f3n importante previa a la compra:<\/strong><\/h3>\n<ul data-start=\"178\" data-end=\"781\">\n<li data-start=\"178\" data-end=\"502\">\n<p data-start=\"180\" data-end=\"502\"><strong data-start=\"180\" data-end=\"207\">Autenticidad garantizada<\/strong>: La Red Nacional del Tabaco Aut\u00e9ntico garantiza la venta exclusiva de productos aut\u00e9nticos. Los productos falsificados est\u00e1n estrictamente prohibidos. Los amigos chinos de ultramar son bienvenidos a realizar pedidos tanto de\u00a0<strong data-start=\"392\" data-end=\"405\">venta al por mayor<\/strong>\u00a0y\u00a0<strong data-start=\"410\" data-end=\"420\">venta al por menor<\/strong>. Los compradores interesados pueden\u00a0<strong data-start=\"444\" data-end=\"464\">a\u00f1ade nuestro WhatsApp<\/strong>\u00a0(+447922291211) para m\u00e1s informaci\u00f3n.<\/p>\n<\/li>\n<li data-start=\"503\" data-end=\"781\">\n<p data-start=\"505\" data-end=\"781\"><strong data-start=\"505\" data-end=\"529\">Operador con experiencia<\/strong>: El operador de esta tienda en l\u00ednea tiene a\u00f1os de experiencia en el sector de la log\u00edstica internacional y la entrega urgente, con amplios conocimientos y estrategias para el env\u00edo de mercanc\u00edas sensibles a escala internacional. Los clientes extranjeros pueden comprar con confianza.<\/p>\n<\/li>\n<\/ul>\n<h3 data-start=\"783\" data-end=\"803\"><strong data-start=\"783\" data-end=\"803\">Pol\u00edtica de env\u00edos:<\/strong><\/h3>\n<ul data-start=\"805\" data-end=\"1004\">\n<li data-start=\"805\" data-end=\"1004\">\n<p data-start=\"807\" data-end=\"1004\"><strong data-start=\"807\" data-end=\"825\">Precios por caja<\/strong>: Todos los precios indicados en el sitio son por caja.\u00a0<strong data-start=\"876\" data-end=\"893\">Env\u00edo gratuito<\/strong>\u00a0se aplica a pedidos de una caja o m\u00e1s. Para consultas detalladas, ponte en contacto con nuestro servicio de atenci\u00f3n al cliente por WhatsApp.<\/p>\n<\/li>\n<\/ul>\n<h3 data-start=\"1006\" data-end=\"1026\"><strong data-start=\"1006\" data-end=\"1026\">Formas de pago:<\/strong><\/h3>\n<ul data-start=\"1028\" data-end=\"1611\">\n<li data-start=\"1028\" data-end=\"1359\">\n<p data-start=\"1030\" data-end=\"1359\"><strong data-start=\"1030\" data-end=\"1049\">Proceso de pago<\/strong>: Debido a la naturaleza sensible de nuestros productos,\u00a0<strong data-start=\"1096\" data-end=\"1160\">los pagos en l\u00ednea a trav\u00e9s de la cesta de la compra est\u00e1n actualmente desactivados<\/strong>. Por favor,\u00a0<strong data-start=\"1169\" data-end=\"1221\">no realice pagos en l\u00ednea a trav\u00e9s del carrito<\/strong>. Tras realizar un pedido, facilite la\u00a0<strong data-start=\"1259\" data-end=\"1275\">n\u00famero de pedido<\/strong>\u00a0a nuestro\u00a0<strong data-start=\"1283\" data-end=\"1312\">Servicio de atenci\u00f3n al cliente de WhatsApp<\/strong>\u00a0para una recogida de direcciones de env\u00edo m\u00e1s precisa.<\/p>\n<\/li>\n<li data-start=\"1360\" data-end=\"1611\">\n<p data-start=\"1362\" data-end=\"1398\">Nuestros principales m\u00e9todos de pago incluyen:<\/p>\n<ul data-start=\"1401\" data-end=\"1611\">\n<li data-start=\"1401\" data-end=\"1413\">\n<p data-start=\"1403\" data-end=\"1413\"><strong data-start=\"1403\" data-end=\"1413\">PayPal<\/strong><\/p>\n<\/li>\n<li data-start=\"1416\" data-end=\"1428\">\n<p data-start=\"1418\" data-end=\"1428\"><strong data-start=\"1418\" data-end=\"1428\">Raya<\/strong><\/p>\n<\/li>\n<li data-start=\"1431\" data-end=\"1449\">\n<p data-start=\"1433\" data-end=\"1449\"><strong data-start=\"1433\" data-end=\"1449\">Tarjetas de cr\u00e9dito<\/strong><\/p>\n<\/li>\n<li data-start=\"1452\" data-end=\"1471\">\n<p data-start=\"1454\" data-end=\"1471\"><strong data-start=\"1454\" data-end=\"1471\">Western Union<\/strong><\/p>\n<\/li>\n<li data-start=\"1474\" data-end=\"1611\">\n<p data-start=\"1476\" data-end=\"1611\">Las divisas se convierten al\u00a0<strong data-start=\"1516\" data-end=\"1539\">tipo de cambio diario<\/strong>. Si desea m\u00e1s informaci\u00f3n, p\u00f3ngase en contacto con nuestro\u00a0<strong data-start=\"1581\" data-end=\"1610\">Servicio de atenci\u00f3n al cliente de WhatsApp<\/strong>.<\/p>\n<\/li>\n<\/ul>\n<\/li>\n<\/ul>\n<h3 data-start=\"1613\" data-end=\"1637\"><strong data-start=\"1613\" data-end=\"1637\">Servicio postventa:<\/strong><\/h3>\n<ul data-start=\"1639\" data-end=\"2122\">\n<li data-start=\"1639\" data-end=\"1867\">\n<p data-start=\"1641\" data-end=\"1867\"><strong data-start=\"1641\" data-end=\"1658\">Mantente en contacto<\/strong>: Se recomienda a los clientes que\u00a0<strong data-start=\"1685\" data-end=\"1722\">a\u00f1ade nuestro servicio de atenci\u00f3n al cliente WhatsApp<\/strong>\u00a0antes de comprar para recibir la informaci\u00f3n m\u00e1s reciente. Si no tiene WhatsApp, puede ponerse en contacto con nosotros a trav\u00e9s de\u00a0<strong data-start=\"1827\" data-end=\"1836\">correo electr\u00f3nico<\/strong>\u00a0en\u00a0<strong data-start=\"1840\" data-end=\"1865\"><a class=\"decorated-link cursor-pointer\" rel=\"noopener\" data-start=\"1842\" data-end=\"1863\">Info@pandasmoking.com<\/a><\/strong>.<\/p>\n<\/li>\n<li data-start=\"1868\" data-end=\"2122\">\n<p data-start=\"1870\" data-end=\"2122\"><strong data-start=\"1870\" data-end=\"1903\">Confirmaci\u00f3n y seguimiento de pedidos<\/strong>: Una vez confirmado el pago, organizaremos el env\u00edo inmediatamente y enviaremos el\u00a0<strong data-start=\"1982\" data-end=\"2001\">n\u00famero de seguimiento<\/strong>\u00a0a tu WhatsApp o correo electr\u00f3nico. Comprueba si hay actualizaciones. En\u00a0<strong data-start=\"2060\" data-end=\"2121\">90% de los paquetes internacionales de EMS llegan en un plazo de 12-20 d\u00edas<\/strong>.<\/p>\n<\/li>\n<\/ul>\n<h3 data-start=\"2124\" data-end=\"2145\"><strong data-start=\"2124\" data-end=\"2145\">Cuestiones fiscales:<\/strong><\/h3>\n<ul data-start=\"2147\" data-end=\"2405\">\n<li data-start=\"2147\" data-end=\"2405\">\n<p data-start=\"2149\" data-end=\"2405\"><strong data-start=\"2149\" data-end=\"2167\">Reformas fiscales de la UE<\/strong>: La UE complet\u00f3 las reformas fiscales en\u00a0<strong data-start=\"2201\" data-end=\"2214\">Julio de 2021<\/strong>, y ahora grava los paquetes con impuestos que oscilan entre unos pocos euros y varias decenas de euros. Esta fiscalidad se aplica a todos los paquetes postales que entran en estos pa\u00edses, no espec\u00edficamente a los productos del tabaco.<\/p>\n<\/li>\n<\/ul>\n<h3 data-start=\"2407\" data-end=\"2428\"><strong data-start=\"2407\" data-end=\"2428\">Pedidos al por mayor:<\/strong><\/h3>\n<ul data-start=\"2430\" data-end=\"2600\">\n<li data-start=\"2430\" data-end=\"2600\">\n<p data-start=\"2432\" data-end=\"2600\"><strong data-start=\"2432\" data-end=\"2460\">Pedidos al por mayor<\/strong>: Aceptamos\u00a0<strong data-start=\"2472\" data-end=\"2492\">pedidos al por mayor<\/strong>. Si desea m\u00e1s informaci\u00f3n, p\u00f3ngase en contacto con nuestro\u00a0<strong data-start=\"2526\" data-end=\"2555\">Servicio de atenci\u00f3n al cliente de WhatsApp<\/strong>\u00a0para m\u00e1s informaci\u00f3n y las \u00faltimas actualizaciones.<\/p>\n<\/li>\n<\/ul>\n<\/div>\n<\/div>\n<\/div>\n<p><\/main><\/div>\n<footer id=\"site-footer\" class=\"site-footer dynamic-footer footer-has-copyright\"><\/footer>","protected":false},"excerpt":{"rendered":"<ul>\n<li data-section-id=\"z4ndaa\" data-start=\"79\" data-end=\"212\">\n<p data-start=\"82\" data-end=\"212\"><strong data-start=\"82\" data-end=\"106\">Furongwang Hard Slim<\/strong> es un <strong data-start=\"112\" data-end=\"130\">cigarrillo slim<\/strong> en el <strong data-start=\"138\" data-end=\"160\" data-is-only-node=\"\">tabaco flue-cured<\/strong> categor\u00eda, presentada en un <strong data-start=\"186\" data-end=\"204\">caja dura de papel<\/strong> formato.<\/p>\n<\/li>\n<li data-section-id=\"19ud57d\" data-start=\"214\" data-end=\"343\">\n<p data-start=\"217\" data-end=\"343\">El pack incluye un <strong data-start=\"237\" data-end=\"259\">color primario gris<\/strong> con <strong data-start=\"265\" data-end=\"291\">acentos secundarios dorados<\/strong>, creando un estilo de envase limpio y reconocible.<\/p>\n<\/li>\n<li data-section-id=\"qqhk52\" data-start=\"345\" data-end=\"433\">\n<p data-start=\"348\" data-end=\"433\">Cada cigarrillo contiene <strong data-start=\"372\" data-end=\"383\">8mg de alquitr\u00e1n<\/strong>, <strong data-start=\"385\" data-end=\"403\">0,8 mg de nicotina<\/strong>, y <strong data-start=\"409\" data-end=\"432\">7 mg de mon\u00f3xido de carbono<\/strong>.<\/p>\n<\/li>\n<li data-section-id=\"o2x04h\" data-start=\"435\" data-end=\"529\">\n<p data-start=\"438\" data-end=\"529\"><strong data-start=\"438\" data-end=\"462\">Furongwang Hard Slim<\/strong> tiene un <strong data-start=\"469\" data-end=\"494\">97 mm de longitud del cigarrillo<\/strong> e incluye un <strong data-start=\"510\" data-end=\"528\" data-is-only-node=\"\">formato c\u00e1psula<\/strong>.<\/p>\n<\/li>\n<li data-section-id=\"1yunewz\" data-start=\"531\" data-end=\"656\">\n<p data-start=\"534\" data-end=\"656\">Cada paquete contiene <strong data-start=\"553\" data-end=\"570\">20 cigarrillos<\/strong>, y cada caja incluye <strong data-start=\"597\" data-end=\"609\">10 paquetes<\/strong>, para un total de <strong data-start=\"626\" data-end=\"655\">200 cigarrillos por cart\u00f3n<\/strong>.<\/p>\n<\/li>\n<\/ul>","protected":false},"featured_media":417,"comment_status":"open","ping_status":"closed","template":"","meta":{"_joinchat":[]},"product_brand":[],"product_cat":[35],"product_tag":[],"class_list":{"0":"post-407","1":"product","2":"type-product","3":"status-publish","4":"has-post-thumbnail","6":"product_cat-furongwang","8":"first","9":"instock","10":"shipping-taxable","11":"purchasable","12":"product-type-simple"},"_links":{"self":[{"href":"https:\/\/www.pandasmoking.com\/es\/wp-json\/wp\/v2\/product\/407","targetHints":{"allow":["GET"]}}],"collection":[{"href":"https:\/\/www.pandasmoking.com\/es\/wp-json\/wp\/v2\/product"}],"about":[{"href":"https:\/\/www.pandasmoking.com\/es\/wp-json\/wp\/v2\/types\/product"}],"replies":[{"embeddable":true,"href":"https:\/\/www.pandasmoking.com\/es\/wp-json\/wp\/v2\/comments?post=407"}],"wp:featuredmedia":[{"embeddable":true,"href":"https:\/\/www.pandasmoking.com\/es\/wp-json\/wp\/v2\/media\/417"}],"wp:attachment":[{"href":"https:\/\/www.pandasmoking.com\/es\/wp-json\/wp\/v2\/media?parent=407"}],"wp:term":[{"taxonomy":"product_brand","embeddable":true,"href":"https:\/\/www.pandasmoking.com\/es\/wp-json\/wp\/v2\/product_brand?post=407"},{"taxonomy":"product_cat","embeddable":true,"href":"https:\/\/www.pandasmoking.com\/es\/wp-json\/wp\/v2\/product_cat?post=407"},{"taxonomy":"product_tag","embeddable":true,"href":"https:\/\/www.pandasmoking.com\/es\/wp-json\/wp\/v2\/product_tag?post=407"}],"curies":[{"name":"wp","href":"https:\/\/api.w.org\/{rel}","templated":true}]}}