{"id":42,"date":"2026-03-11T18:01:04","date_gmt":"2026-03-11T10:01:04","guid":{"rendered":"https:\/\/www.pandasmoking.com\/?post_type=product&#038;p=42"},"modified":"2026-04-23T19:15:20","modified_gmt":"2026-04-23T11:15:20","slug":"chunghwa-gold-demi-slim","status":"publish","type":"product","link":"https:\/\/www.pandasmoking.com\/es\/producto\/chunghwa-gold-demi-slim","title":{"rendered":"Chunghwa Gold Demi Slim"},"content":{"rendered":"<h3>Informaci\u00f3n sobre cigarrillos<\/h3>\n<table data-path-to-node=\"2\">\n<thead>\n<tr>\n<td><strong>Categor\u00eda<\/strong><\/td>\n<td><strong>Detalles<\/strong><\/td>\n<\/tr>\n<\/thead>\n<tbody>\n<tr>\n<td><span data-path-to-node=\"2,1,0,0\"><b data-path-to-node=\"2,1,0,0\" data-index-in-node=\"0\">Marca<\/b><\/span><\/td>\n<td><span data-path-to-node=\"2,1,1,0\">Chunghwa<\/span><\/td>\n<\/tr>\n<tr>\n<td><span data-path-to-node=\"2,2,0,0\"><b data-path-to-node=\"2,2,0,0\" data-index-in-node=\"0\">Nombre del producto<\/b><\/span><\/td>\n<td><span data-path-to-node=\"2,2,1,0\">Chunghwa Gold Demi Slim (Tama\u00f1o medio)<\/span><\/td>\n<\/tr>\n<tr>\n<td><span data-path-to-node=\"2,3,0,0\"><b data-path-to-node=\"2,3,0,0\" data-index-in-node=\"0\">Tipo<\/b><\/span><\/td>\n<td><span data-path-to-node=\"2,3,1,0\">Tabaco curado al humo<\/span><\/td>\n<\/tr>\n<tr>\n<td><span data-path-to-node=\"2,4,0,0\"><b data-path-to-node=\"2,4,0,0\" data-index-in-node=\"0\">Formato<\/b><\/span><\/td>\n<td><span data-path-to-node=\"2,4,1,0\">Demi Slim (Tama\u00f1o medio)<\/span><\/td>\n<\/tr>\n<tr>\n<td><span data-path-to-node=\"2,5,0,0\"><b data-path-to-node=\"2,5,0,0\" data-index-in-node=\"0\">Contenido de alquitr\u00e1n<\/b><\/span><\/td>\n<td><span data-path-to-node=\"2,5,1,0\">10 mg<\/span><\/td>\n<\/tr>\n<tr>\n<td><span data-path-to-node=\"2,6,0,0\"><b data-path-to-node=\"2,6,0,0\" data-index-in-node=\"0\">Nicotina<\/b><\/span><\/td>\n<td><span data-path-to-node=\"2,6,1,0\">0,9 mg<\/span><\/td>\n<\/tr>\n<tr>\n<td><span data-path-to-node=\"2,7,0,0\"><b data-path-to-node=\"2,7,0,0\" data-index-in-node=\"0\">Mon\u00f3xido de carbono<\/b><\/span><\/td>\n<td><span data-path-to-node=\"2,7,1,0\">10 mg<\/span><\/td>\n<\/tr>\n<tr>\n<td><span data-path-to-node=\"2,8,0,0\"><b data-path-to-node=\"2,8,0,0\" data-index-in-node=\"0\">Longitud<\/b><\/span><\/td>\n<td><span data-path-to-node=\"2,8,1,0\">89 mm<\/span><\/td>\n<\/tr>\n<tr>\n<td><span data-path-to-node=\"2,9,0,0\"><b data-path-to-node=\"2,9,0,0\" data-index-in-node=\"0\">Tipo de envase<\/b><\/span><\/td>\n<td><span data-path-to-node=\"2,9,1,0\">Paquete duro<\/span><\/td>\n<\/tr>\n<tr>\n<td><span data-path-to-node=\"2,10,0,0\"><b data-path-to-node=\"2,10,0,0\" data-index-in-node=\"0\">Color principal<\/b><\/span><\/td>\n<td><span data-path-to-node=\"2,10,1,0\">Rojo<\/span><\/td>\n<\/tr>\n<tr>\n<td><span data-path-to-node=\"2,11,0,0\"><b data-path-to-node=\"2,11,0,0\" data-index-in-node=\"0\">Color secundario<\/b><\/span><\/td>\n<td><span data-path-to-node=\"2,11,1,0\">Oro<\/span><\/td>\n<\/tr>\n<tr>\n<td><span data-path-to-node=\"2,12,0,0\"><b data-path-to-node=\"2,12,0,0\" data-index-in-node=\"0\">Cantidad por paquete<\/b><\/span><\/td>\n<td><span data-path-to-node=\"2,12,1,0\">20 palos<\/span><\/td>\n<\/tr>\n<tr>\n<td><span data-path-to-node=\"2,13,0,0\"><b data-path-to-node=\"2,13,0,0\" data-index-in-node=\"0\">Unidad de envasado<\/b><\/span><\/td>\n<td><span data-path-to-node=\"2,13,1,0\"><b data-path-to-node=\"2,13,1,0\" data-index-in-node=\"0\">Por caja 200 cigarrillos<\/b> (10 paquetes)<\/span><\/td>\n<\/tr>\n<\/tbody>\n<\/table>\n<h2 data-path-to-node=\"5\">Informaci\u00f3n importante previa a la compra<\/h2>\n<h3 data-path-to-node=\"6\">Autenticidad y experiencia<\/h3>\n<ul data-path-to-node=\"7\">\n<li>\n<p data-path-to-node=\"7,0,0\"><b data-path-to-node=\"7,0,0\" data-index-in-node=\"0\">100% Garantizado:<\/b> Todos los productos proceden de <b data-path-to-node=\"7,0,0\" data-index-in-node=\"51\">Red Nacional del Tabaco<\/b>. Mantenemos una pol\u00edtica de tolerancia cero con los productos falsificados.<\/p>\n<\/li>\n<li>\n<p data-path-to-node=\"7,1,0\"><b data-path-to-node=\"7,1,0\" data-index-in-node=\"0\">Expertos en log\u00edstica global:<\/b> Con a\u00f1os de experiencia en <b data-path-to-node=\"7,1,0\" data-index-in-node=\"54\">log\u00edstica internacional<\/b>, estamos especializados en la entrega segura y discreta de \u201cmercanc\u00edas sensibles\u201d. Los clientes de ultramar pueden comprar con total tranquilidad.<\/p>\n<\/li>\n<li>\n<p data-path-to-node=\"7,2,0\"><b data-path-to-node=\"7,2,0\" data-index-in-node=\"0\">Venta al por mayor y al por menor:<\/b> Damos la bienvenida a amigos chinos de ultramar y compradores internacionales tanto para pedidos individuales como al por mayor.<\/p>\n<\/li>\n<\/ul>\n<h3 data-path-to-node=\"8\">Env\u00edo y entrega<\/h3>\n<ul data-path-to-node=\"9\">\n<li>\n<p data-path-to-node=\"9,0,0\"><b data-path-to-node=\"9,0,0\" data-index-in-node=\"0\">Precios:<\/b> Todos los precios indicados son <b data-path-to-node=\"9,0,0\" data-index-in-node=\"31\">Por caja<\/b>.<\/p>\n<\/li>\n<li>\n<p data-path-to-node=\"9,1,0\"><b data-path-to-node=\"9,1,0\" data-index-in-node=\"0\">Env\u00edo gratuito:<\/b> Disfrute de env\u00edo internacional gratuito en pedidos de <b data-path-to-node=\"9,1,0\" data-index-in-node=\"62\">una caja o m\u00e1s<\/b>.<\/p>\n<\/li>\n<li>\n<p data-path-to-node=\"9,2,0\"><b data-path-to-node=\"9,2,0\" data-index-in-node=\"0\">Seguimiento:<\/b> Una vez confirmado el pago, le enviaremos un <b data-path-to-node=\"9,2,0\" data-index-in-node=\"55\">n\u00famero de seguimiento<\/b> por WhatsApp o correo electr\u00f3nico.<\/p>\n<\/li>\n<li>\n<p data-path-to-node=\"9,3,0\"><b data-path-to-node=\"9,3,0\" data-index-in-node=\"0\">Plazo de entrega:<\/b> En <b data-path-to-node=\"9,3,0\" data-index-in-node=\"20\">90% de paquetes EMS<\/b> llegar en <b data-path-to-node=\"9,3,0\" data-index-in-node=\"53\">12-20 d\u00edas<\/b>.<\/p>\n<\/li>\n<\/ul>\n<h3 data-path-to-node=\"10\">Instrucciones de pago (acci\u00f3n requerida)<\/h3>\n<blockquote data-path-to-node=\"11\">\n<p data-path-to-node=\"11,0\">\u26a0\ufe0f <b data-path-to-node=\"11,0\" data-index-in-node=\"3\">IMPORTANTE:<\/b> Debido a la naturaleza sensible de los productos del tabaco, <b data-path-to-node=\"11,0\" data-index-in-node=\"63\">los pagos en l\u00ednea a trav\u00e9s de la cesta de la compra est\u00e1n desactivados<\/b>.<\/p>\n<\/blockquote>\n<p data-path-to-node=\"12\"><b data-path-to-node=\"12\" data-index-in-node=\"0\">Siga estos pasos para completar su pedido:<\/b><\/p>\n<ol start=\"1\" data-path-to-node=\"13\">\n<li>\n<p data-path-to-node=\"13,0,0\">Haga su pedido en el sitio web.<\/p>\n<\/li>\n<li>\n<p data-path-to-node=\"13,1,0\"><b data-path-to-node=\"13,1,0\" data-index-in-node=\"0\">No lo haga<\/b> intentar pagar a trav\u00e9s del carrito.<\/p>\n<\/li>\n<li>\n<p data-path-to-node=\"13,2,0\">Env\u00ede su <b data-path-to-node=\"13,2,0\" data-index-in-node=\"10\">N\u00famero de pedido<\/b> a nuestro <b data-path-to-node=\"13,2,0\" data-index-in-node=\"30\">WhatsApp (+44 7922 291211)<\/b>.<\/p>\n<\/li>\n<li>\n<p data-path-to-node=\"13,3,0\">Nuestro equipo confirmar\u00e1 su direcci\u00f3n de env\u00edo y le facilitar\u00e1 los datos de pago.<\/p>\n<\/li>\n<\/ol>\n<ul data-path-to-node=\"14\">\n<li>\n<p data-path-to-node=\"14,0,0\"><b data-path-to-node=\"14,0,0\" data-index-in-node=\"0\">M\u00e9todos aceptados:<\/b> PayPal, Stripe, tarjetas de cr\u00e9dito y Western Union.<\/p>\n<\/li>\n<li>\n<p data-path-to-node=\"14,1,0\"><b data-path-to-node=\"14,1,0\" data-index-in-node=\"0\">Tipo de cambio:<\/b> Las divisas se convierten al tipo de cambio del mercado diario.<\/p>\n<\/li>\n<\/ul>\n<h3 data-path-to-node=\"15\">Fiscalidad (clientes de la UE)<\/h3>\n<ul data-path-to-node=\"16\">\n<li>\n<p data-path-to-node=\"16,0,0\"><b data-path-to-node=\"16,0,0\" data-index-in-node=\"0\">Reforma fiscal de la UE:<\/b> Tenga en cuenta que, desde julio de 2021, la UE impone tasas a todos los paquetes postales entrantes (normalmente de unas pocas a varias decenas de euros). Se trata de una pol\u00edtica fiscal general y no es espec\u00edfica de los productos del tabaco.<\/p>\n<\/li>\n<\/ul>\n<h3 data-path-to-node=\"17\">Contacto y asistencia<\/h3>\n<p data-path-to-node=\"18\">Mant\u00e9ngase al d\u00eda de las \u00faltimas existencias y precios al por mayor conect\u00e1ndose con nosotros:<\/p>\n<ul data-path-to-node=\"19\">\n<li>\n<p data-path-to-node=\"19,0,0\"><b data-path-to-node=\"19,0,0\" data-index-in-node=\"0\">WhatsApp:<\/b> <a class=\"ng-star-inserted\" href=\"https:\/\/www.google.com\/search?q=https:\/\/wa.me\/447922291211\" target=\"_blank\" rel=\"noopener\" data-hveid=\"0\" data-ved=\"0CAAQ_4QMahcKEwiLqbPG0IiTAxUAAAAAHQAAAAAQaw\">+44 7922 291211<\/a> (Primaria)<\/p>\n<\/li>\n<li>\n<p data-path-to-node=\"19,1,0\"><b data-path-to-node=\"19,1,0\" data-index-in-node=\"0\">Correo electr\u00f3nico:<\/b> Info@chunghwashop.com<\/p>\n<\/li>\n<\/ul>","protected":false},"excerpt":{"rendered":"<ul>\n<li>\n<p data-path-to-node=\"3,0,0\"><b data-path-to-node=\"3,0,0\" data-index-in-node=\"0\">La aut\u00e9ntica experiencia Chunghwa<\/b>: Un cigarrillo \u201cDemi Slim\u201d (de tama\u00f1o medio) perfectamente equilibrado que ofrece el ic\u00f3nico sabor de primera calidad y el prestigio de la marca Chunghwa.<\/p>\n<\/li>\n<li>\n<p data-path-to-node=\"3,1,0\"><b data-path-to-node=\"3,1,0\" data-index-in-node=\"0\">Tabaco Premium Flue-Cured<\/b>: Elaborado por expertos mediante m\u00e9todos tradicionales de curado en chimenea para garantizar un aroma suave, rico y constantemente estable.<\/p>\n<\/li>\n<li>\n<p data-path-to-node=\"3,2,0\"><b data-path-to-node=\"3,2,0\" data-index-in-node=\"0\">Perfil t\u00e9cnico de precisi\u00f3n<\/b>: Dise\u00f1ado con 10 mg de alquitr\u00e1n, 0,9 mg de nicotina y 10 mg de mon\u00f3xido de carbono para un humo refinado que se encuentra perfectamente entre la luz y negrita.<\/p>\n<\/li>\n<li>\n<p data-path-to-node=\"3,3,0\"><b data-path-to-node=\"3,3,0\" data-index-in-node=\"0\">Elegante formato de 89 mm<\/b>: Dise\u00f1ado con una longitud de 89 mm para proporcionar una sensaci\u00f3n sofisticada en la mano y una duraci\u00f3n ideal para las preferencias modernas de fumar.<\/p>\n<\/li>\n<li>\n<p data-path-to-node=\"3,4,0\"><b data-path-to-node=\"3,4,0\" data-index-in-node=\"0\">Paquete r\u00edgido profesional<\/b>: Se presenta en un envase r\u00edgido rojo y dorado de alta calidad; 20 barritas por paquete, 10 paquetes por caja (<b data-path-to-node=\"3,4,0\" data-index-in-node=\"113\">Por caja 200 cigarrillos<\/b>).<\/p>\n<\/li>\n<\/ul>","protected":false},"featured_media":78,"comment_status":"open","ping_status":"closed","template":"","meta":{"_joinchat":[]},"product_brand":[],"product_cat":[16],"product_tag":[],"class_list":{"0":"post-42","1":"product","2":"type-product","3":"status-publish","4":"has-post-thumbnail","6":"product_cat-chunghwa","8":"first","9":"outofstock","10":"shipping-taxable","11":"purchasable","12":"product-type-variable"},"_links":{"self":[{"href":"https:\/\/www.pandasmoking.com\/es\/wp-json\/wp\/v2\/product\/42","targetHints":{"allow":["GET"]}}],"collection":[{"href":"https:\/\/www.pandasmoking.com\/es\/wp-json\/wp\/v2\/product"}],"about":[{"href":"https:\/\/www.pandasmoking.com\/es\/wp-json\/wp\/v2\/types\/product"}],"replies":[{"embeddable":true,"href":"https:\/\/www.pandasmoking.com\/es\/wp-json\/wp\/v2\/comments?post=42"}],"wp:featuredmedia":[{"embeddable":true,"href":"https:\/\/www.pandasmoking.com\/es\/wp-json\/wp\/v2\/media\/78"}],"wp:attachment":[{"href":"https:\/\/www.pandasmoking.com\/es\/wp-json\/wp\/v2\/media?parent=42"}],"wp:term":[{"taxonomy":"product_brand","embeddable":true,"href":"https:\/\/www.pandasmoking.com\/es\/wp-json\/wp\/v2\/product_brand?post=42"},{"taxonomy":"product_cat","embeddable":true,"href":"https:\/\/www.pandasmoking.com\/es\/wp-json\/wp\/v2\/product_cat?post=42"},{"taxonomy":"product_tag","embeddable":true,"href":"https:\/\/www.pandasmoking.com\/es\/wp-json\/wp\/v2\/product_tag?post=42"}],"curies":[{"name":"wp","href":"https:\/\/api.w.org\/{rel}","templated":true}]}}