{"id":107,"date":"2026-03-11T18:16:30","date_gmt":"2026-03-11T10:16:30","guid":{"rendered":"https:\/\/www.pandasmoking.com\/?post_type=product&#038;p=107"},"modified":"2026-03-19T14:58:56","modified_gmt":"2026-03-19T06:58:56","slug":"marlboro-ice-blast-mega-8mgjapan","status":"publish","type":"product","link":"https:\/\/www.pandasmoking.com\/fr\/produit\/marlboro-ice-blast-mega-8mgjapan","title":{"rendered":"Marlboro Ice Blast Mega 8mg(Japon)"},"content":{"rendered":"<p><strong data-start=\"502\" data-end=\"541\">Marlboro Ice Blast Mega 8mg (Japon)<\/strong> est une cigarette Marlboro commercialis\u00e9e au Japon et pr\u00e9sent\u00e9e dans un format de bo\u00eete avec <strong data-start=\"610\" data-end=\"636\">20 cigarettes par paquet<\/strong> et commun\u00e9ment r\u00e9pertori\u00e9e sous le nom de <strong data-start=\"660\" data-end=\"683\">10 bo\u00eetes par carton<\/strong>. Les listes publiques de vente au d\u00e9tail et de vente hors taxes indiquent syst\u00e9matiquement cette variante \u00e0 <strong data-start=\"756\" data-end=\"767\">8mg de goudron<\/strong> et <strong data-start=\"772\" data-end=\"790\">0,5 mg de nicotine<\/strong>, et le d\u00e9crivent comme un style rafra\u00eechissant, orient\u00e9 vers le menthol, au sein de la gamme Marlboro. Certaines descriptions de vente au d\u00e9tail pr\u00e9sentent \u00e9galement le <strong data-start=\"915\" data-end=\"933\" data-is-only-node=\"\">Explosion de glace M\u00e9ga<\/strong> comme une option rafra\u00eechissante plus forte, con\u00e7ue autour d'un caract\u00e8re menthol\u00e9 glac\u00e9.<\/p>\n<h3>Informations sur les cigarettes<\/h3>\n<table>\n<thead>\n<tr>\n<th>Objet<\/th>\n<th>D\u00e9tails<\/th>\n<\/tr>\n<\/thead>\n<tbody>\n<tr>\n<td>Nom du produit<\/td>\n<td>Marlboro Ice Blast Mega 8mg (Japon)<\/td>\n<\/tr>\n<tr>\n<td>Marque<\/td>\n<td>Marlboro<\/td>\n<\/tr>\n<tr>\n<td>March\u00e9<\/td>\n<td>Japon<\/td>\n<\/tr>\n<tr>\n<td>Type de produit<\/td>\n<td>Cigarettes<\/td>\n<\/tr>\n<tr>\n<td>Style de l'emballage<\/td>\n<td>Bo\u00eete<\/td>\n<\/tr>\n<tr>\n<td>Taille de l'emballage<\/td>\n<td>20 Cigarettes<\/td>\n<\/tr>\n<tr>\n<td>Taille du carton<\/td>\n<td>10 bo\u00eetes<\/td>\n<\/tr>\n<tr>\n<td>Contenu du goudron<\/td>\n<td>8mg<\/td>\n<\/tr>\n<tr>\n<td>Teneur en nicotine<\/td>\n<td>0,5 mg<\/td>\n<\/tr>\n<tr>\n<td>Profil de saveur<\/td>\n<td>Menthol \/ Style rafra\u00eechissant<\/td>\n<\/tr>\n<\/tbody>\n<\/table>","protected":false},"excerpt":{"rendered":"<p>Marlboro Ice Blast Mega 8mg (Japan) is a Japan-market Marlboro cigarette presented in a box format with 20 cigarettes per pack and commonly listed as 10 boxes per carton. Public retail and duty-free listings consistently show this variant at 8mg tar and 0.5mg nicotine, and describe it as a cooling, menthol-oriented style within the Marlboro [&hellip;]<\/p>\n","protected":false},"featured_media":170,"comment_status":"open","ping_status":"closed","template":"","meta":{"_joinchat":[]},"product_brand":[],"product_cat":[23],"product_tag":[],"class_list":{"0":"post-107","1":"product","2":"type-product","3":"status-publish","4":"has-post-thumbnail","6":"product_cat-marlboro","8":"first","9":"instock","10":"shipping-taxable","11":"purchasable","12":"product-type-variable"},"_links":{"self":[{"href":"https:\/\/www.pandasmoking.com\/fr\/wp-json\/wp\/v2\/product\/107","targetHints":{"allow":["GET"]}}],"collection":[{"href":"https:\/\/www.pandasmoking.com\/fr\/wp-json\/wp\/v2\/product"}],"about":[{"href":"https:\/\/www.pandasmoking.com\/fr\/wp-json\/wp\/v2\/types\/product"}],"replies":[{"embeddable":true,"href":"https:\/\/www.pandasmoking.com\/fr\/wp-json\/wp\/v2\/comments?post=107"}],"wp:featuredmedia":[{"embeddable":true,"href":"https:\/\/www.pandasmoking.com\/fr\/wp-json\/wp\/v2\/media\/170"}],"wp:attachment":[{"href":"https:\/\/www.pandasmoking.com\/fr\/wp-json\/wp\/v2\/media?parent=107"}],"wp:term":[{"taxonomy":"product_brand","embeddable":true,"href":"https:\/\/www.pandasmoking.com\/fr\/wp-json\/wp\/v2\/product_brand?post=107"},{"taxonomy":"product_cat","embeddable":true,"href":"https:\/\/www.pandasmoking.com\/fr\/wp-json\/wp\/v2\/product_cat?post=107"},{"taxonomy":"product_tag","embeddable":true,"href":"https:\/\/www.pandasmoking.com\/fr\/wp-json\/wp\/v2\/product_tag?post=107"}],"curies":[{"name":"wp","href":"https:\/\/api.w.org\/{rel}","templated":true}]}}