{"id":108,"date":"2026-03-11T18:16:30","date_gmt":"2026-03-11T10:16:30","guid":{"rendered":"https:\/\/www.pandasmoking.com\/?post_type=product&#038;p=108"},"modified":"2026-03-19T15:01:09","modified_gmt":"2026-03-19T07:01:09","slug":"marlboro-double-blast","status":"publish","type":"product","link":"https:\/\/www.pandasmoking.com\/fr\/produit\/marlboro-double-blast","title":{"rendered":"Marlboro Double Blast"},"content":{"rendered":"<p><strong data-start=\"647\" data-end=\"672\">Marlboro Double Blast<\/strong> est une variante de la cigarette Marlboro document\u00e9e publiquement en Australie comme \u00e9tant une variante de la cigarette Marlboro. <strong data-start=\"743\" data-end=\"783\">Paquet rigide King-Size de 20 cigarettes<\/strong>. D'apr\u00e8s le rapport australien sur les ingr\u00e9dients, il s'agit d'une variante de produit Marlboro officiellement r\u00e9pertori\u00e9e et non d'un simple nom informel de d\u00e9taillant. Dans les listes actuelles de d\u00e9taillants, il est g\u00e9n\u00e9ralement pr\u00e9sent\u00e9 avec le nom suivant <strong data-start=\"983\" data-end=\"994\">8mg de goudron<\/strong> et <strong data-start=\"999\" data-end=\"1017\">0,8 mg de nicotine<\/strong>, Il s'agit donc d'une option plus forte pour les acheteurs qui pr\u00e9f\u00e8rent un profil Marlboro plus cors\u00e9 dans un format de paquet rigide.<\/p>\n<h3>Informations sur les cigarettes<\/h3>\n<table>\n<thead>\n<tr>\n<th>Objet<\/th>\n<th>D\u00e9tails<\/th>\n<\/tr>\n<\/thead>\n<tbody>\n<tr>\n<td>Nom du produit<\/td>\n<td>Marlboro Double Blast<\/td>\n<\/tr>\n<tr>\n<td>Marque<\/td>\n<td>Marlboro<\/td>\n<\/tr>\n<tr>\n<td>Type de produit<\/td>\n<td>Cigarettes<\/td>\n<\/tr>\n<tr>\n<td>March\u00e9<\/td>\n<td>Australie<\/td>\n<\/tr>\n<tr>\n<td>Style de l'emballage<\/td>\n<td>King-Size Hard Pack<\/td>\n<\/tr>\n<tr>\n<td>Taille de l'emballage<\/td>\n<td>20 Cigarettes<\/td>\n<\/tr>\n<tr>\n<td>Poids du produit<\/td>\n<td>0.892 g<\/td>\n<\/tr>\n<tr>\n<td>Poids du tabac<\/td>\n<td>0.595 g<\/td>\n<\/tr>\n<tr>\n<td>Liste des commerces de d\u00e9tail communs<\/td>\n<td>8mg de goudron \/ 0,8mg de nicotine<\/td>\n<\/tr>\n<\/tbody>\n<\/table>","protected":false},"excerpt":{"rendered":"<p>Marlboro Double Blast is a Marlboro cigarette variant publicly documented in Australia as a King-Size Hard Pack of 20 cigarettes. Based on the Australian ingredients report, it is an officially listed Marlboro product variant rather than just an informal retailer name. In current retail listings, it is commonly presented with 8mg tar and 0.8mg nicotine, [&hellip;]<\/p>\n","protected":false},"featured_media":171,"comment_status":"open","ping_status":"closed","template":"","meta":{"_joinchat":[]},"product_brand":[],"product_cat":[23],"product_tag":[],"class_list":{"0":"post-108","1":"product","2":"type-product","3":"status-publish","4":"has-post-thumbnail","6":"product_cat-marlboro","8":"first","9":"instock","10":"shipping-taxable","11":"purchasable","12":"product-type-variable"},"_links":{"self":[{"href":"https:\/\/www.pandasmoking.com\/fr\/wp-json\/wp\/v2\/product\/108","targetHints":{"allow":["GET"]}}],"collection":[{"href":"https:\/\/www.pandasmoking.com\/fr\/wp-json\/wp\/v2\/product"}],"about":[{"href":"https:\/\/www.pandasmoking.com\/fr\/wp-json\/wp\/v2\/types\/product"}],"replies":[{"embeddable":true,"href":"https:\/\/www.pandasmoking.com\/fr\/wp-json\/wp\/v2\/comments?post=108"}],"wp:featuredmedia":[{"embeddable":true,"href":"https:\/\/www.pandasmoking.com\/fr\/wp-json\/wp\/v2\/media\/171"}],"wp:attachment":[{"href":"https:\/\/www.pandasmoking.com\/fr\/wp-json\/wp\/v2\/media?parent=108"}],"wp:term":[{"taxonomy":"product_brand","embeddable":true,"href":"https:\/\/www.pandasmoking.com\/fr\/wp-json\/wp\/v2\/product_brand?post=108"},{"taxonomy":"product_cat","embeddable":true,"href":"https:\/\/www.pandasmoking.com\/fr\/wp-json\/wp\/v2\/product_cat?post=108"},{"taxonomy":"product_tag","embeddable":true,"href":"https:\/\/www.pandasmoking.com\/fr\/wp-json\/wp\/v2\/product_tag?post=108"}],"curies":[{"name":"wp","href":"https:\/\/api.w.org\/{rel}","templated":true}]}}