{"id":110,"date":"2026-03-11T18:16:30","date_gmt":"2026-03-11T10:16:30","guid":{"rendered":"https:\/\/www.pandasmoking.com\/?post_type=product&#038;p=110"},"modified":"2026-03-19T15:03:52","modified_gmt":"2026-03-19T07:03:52","slug":"marlboro-red","status":"publish","type":"product","link":"https:\/\/www.pandasmoking.com\/fr\/produit\/marlboro-red","title":{"rendered":"Marlboro Rouge"},"content":{"rendered":"<p><strong data-start=\"701\" data-end=\"717\">Marlboro Rouge<\/strong> est l'une des variantes non menthol\u00e9es les plus reconnaissables de la gamme Marlboro et est g\u00e9n\u00e9ralement associ\u00e9e \u00e0 la pr\u00e9sentation classique en paquet rouge. Dans les registres r\u00e9glementaires am\u00e9ricains, elle appara\u00eet sous la forme suivante <strong data-start=\"903\" data-end=\"929\">Marlboro Red Label Box<\/strong> et <strong data-start=\"934\" data-end=\"966\">Marlboro Red Label 100\u2019s Box<\/strong>, tous deux inscrits sur la liste des <strong data-start=\"983\" data-end=\"1006\">cigarettes filtr\u00e9es<\/strong> vendu en <strong data-start=\"1015\" data-end=\"1042\">Paquets de 20 cigarettes<\/strong> avec <strong data-start=\"1048\" data-end=\"1076\" data-is-only-node=\"\">pas de saveur caract\u00e9ristique<\/strong>. La version standard de la bo\u00eete est disponible \u00e0 l'adresse suivante <strong data-start=\"1116\" data-end=\"1125\">83 mm<\/strong>, tandis que le <strong data-start=\"1137\" data-end=\"1146\">100\u2019s<\/strong> est list\u00e9e \u00e0 l'adresse suivante <strong data-start=\"1168\" data-end=\"1179\">98,5 mm<\/strong>, La principale diff\u00e9rence r\u00e9side donc dans le format du paquet et la longueur de la cigarette plut\u00f4t que dans le style d'ar\u00f4me.<\/p>\n<h3>Informations sur les cigarettes<\/h3>\n<table>\n<thead>\n<tr>\n<th>Objet<\/th>\n<th>D\u00e9tails<\/th>\n<\/tr>\n<\/thead>\n<tbody>\n<tr>\n<td>Nom du produit<\/td>\n<td>Marlboro Rouge<\/td>\n<\/tr>\n<tr>\n<td>Marque<\/td>\n<td>Marlboro<\/td>\n<\/tr>\n<tr>\n<td>Type de produit<\/td>\n<td>Cigarettes filtr\u00e9es<\/td>\n<\/tr>\n<tr>\n<td>\u00c9tiquetage commun aux \u00c9tats-Unis<\/td>\n<td>Marlboro Red Label Box<\/td>\n<\/tr>\n<tr>\n<td>Style de l'emballage<\/td>\n<td>Pack dur<\/td>\n<\/tr>\n<tr>\n<td>Taille de l'emballage<\/td>\n<td>20 Cigarettes<\/td>\n<\/tr>\n<tr>\n<td>Caract\u00e9risation de l'ar\u00f4me<\/td>\n<td>Aucun<\/td>\n<\/tr>\n<tr>\n<td>Longueur commune<\/td>\n<td>83 mm<\/td>\n<\/tr>\n<tr>\n<td>Version 100\u2019s<\/td>\n<td>Disponible<\/td>\n<\/tr>\n<tr>\n<td>Longueur de 100<\/td>\n<td>98,5 mm<\/td>\n<\/tr>\n<\/tbody>\n<\/table>","protected":false},"excerpt":{"rendered":"<p>Marlboro Red is one of the most recognizable non-menthol variants in the Marlboro lineup and is commonly associated with the classic red-pack presentation. In U.S. regulatory records, it appears as Marlboro Red Label Box and Marlboro Red Label 100\u2019s Box, both listed as filtered cigarettes sold in 20-cigarette hard packs with no characterizing flavor. The [&hellip;]<\/p>\n","protected":false},"featured_media":180,"comment_status":"open","ping_status":"closed","template":"","meta":{"_joinchat":[]},"product_brand":[],"product_cat":[23],"product_tag":[],"class_list":{"0":"post-110","1":"product","2":"type-product","3":"status-publish","4":"has-post-thumbnail","6":"product_cat-marlboro","8":"first","9":"instock","10":"featured","11":"shipping-taxable","12":"purchasable","13":"product-type-variable"},"_links":{"self":[{"href":"https:\/\/www.pandasmoking.com\/fr\/wp-json\/wp\/v2\/product\/110","targetHints":{"allow":["GET"]}}],"collection":[{"href":"https:\/\/www.pandasmoking.com\/fr\/wp-json\/wp\/v2\/product"}],"about":[{"href":"https:\/\/www.pandasmoking.com\/fr\/wp-json\/wp\/v2\/types\/product"}],"replies":[{"embeddable":true,"href":"https:\/\/www.pandasmoking.com\/fr\/wp-json\/wp\/v2\/comments?post=110"}],"wp:featuredmedia":[{"embeddable":true,"href":"https:\/\/www.pandasmoking.com\/fr\/wp-json\/wp\/v2\/media\/180"}],"wp:attachment":[{"href":"https:\/\/www.pandasmoking.com\/fr\/wp-json\/wp\/v2\/media?parent=110"}],"wp:term":[{"taxonomy":"product_brand","embeddable":true,"href":"https:\/\/www.pandasmoking.com\/fr\/wp-json\/wp\/v2\/product_brand?post=110"},{"taxonomy":"product_cat","embeddable":true,"href":"https:\/\/www.pandasmoking.com\/fr\/wp-json\/wp\/v2\/product_cat?post=110"},{"taxonomy":"product_tag","embeddable":true,"href":"https:\/\/www.pandasmoking.com\/fr\/wp-json\/wp\/v2\/product_tag?post=110"}],"curies":[{"name":"wp","href":"https:\/\/api.w.org\/{rel}","templated":true}]}}