{"id":112,"date":"2026-03-11T18:16:31","date_gmt":"2026-03-11T10:16:31","guid":{"rendered":"https:\/\/www.pandasmoking.com\/?post_type=product&#038;p=112"},"modified":"2026-03-19T14:49:13","modified_gmt":"2026-03-19T06:49:13","slug":"marlboro-hard-white-us-edition","status":"publish","type":"product","link":"https:\/\/www.pandasmoking.com\/fr\/produit\/marlboro-hard-white-us-edition","title":{"rendered":"Marlboro (Hard White) \u00c9dition am\u00e9ricaine"},"content":{"rendered":"<p><strong data-start=\"583\" data-end=\"619\">Marlboro (Hard White) \u00c9dition am\u00e9ricaine<\/strong> est g\u00e9n\u00e9ralement consid\u00e9r\u00e9 comme un produit Marlboro de style am\u00e9ricain, g\u00e9n\u00e9ralement associ\u00e9 \u00e0 la ligne Marlboro Gold dans la d\u00e9nomination des d\u00e9taillants. Il se pr\u00e9sente sous la forme d'une bo\u00eete ferme avec <strong data-start=\"798\" data-end=\"824\">20 cigarettes par paquet<\/strong>, Les cigarettes en bo\u00eete Marlboro sont vendues sous la marque Marlboro, offrant une pr\u00e9sentation propre et classique pour les fumeurs qui pr\u00e9f\u00e8rent un style direct, sans menthol. Le mat\u00e9riel public am\u00e9ricain pour les bo\u00eetes de cigarettes Marlboro les identifie comme des cigarettes filtr\u00e9es standard vendues par <strong data-start=\"1052\" data-end=\"1073\">Philip Morris USA<\/strong>, sans qu'aucune saveur caract\u00e9ristique ne soit mentionn\u00e9e.<\/p>\n<h3>Informations sur les cigarettes<\/h3>\n<table>\n<thead>\n<tr>\n<th>Objet<\/th>\n<th>D\u00e9tails<\/th>\n<\/tr>\n<\/thead>\n<tbody>\n<tr>\n<td>Nom du produit<\/td>\n<td>Marlboro (Hard White) \u00c9dition am\u00e9ricaine<\/td>\n<\/tr>\n<tr>\n<td>Marque<\/td>\n<td>Marlboro<\/td>\n<\/tr>\n<tr>\n<td>March\u00e9<\/td>\n<td>\u00c9tats-Unis<\/td>\n<\/tr>\n<tr>\n<td>Style de l'emballage<\/td>\n<td>Emballage rigide \/ Bo\u00eete<\/td>\n<\/tr>\n<tr>\n<td>Type de produit<\/td>\n<td>Cigarettes filtr\u00e9es<\/td>\n<\/tr>\n<tr>\n<td>Taille de l'emballage<\/td>\n<td>20 Cigarettes<\/td>\n<\/tr>\n<tr>\n<td>Type d'ar\u00f4me<\/td>\n<td>Ar\u00f4me non caract\u00e9risant<\/td>\n<\/tr>\n<tr>\n<td>Propri\u00e9taire de marque aux \u00c9tats-Unis.<\/td>\n<td>Philip Morris USA<\/td>\n<\/tr>\n<\/tbody>\n<\/table>","protected":false},"excerpt":{"rendered":"<p>Marlboro (Hard White) US Edition is generally understood as a hard-pack U.S.-style Marlboro product, commonly associated with the Marlboro Gold line in retailer naming. It is presented in a firm box format with 20 cigarettes per pack, offering a clean and classic Marlboro presentation for smokers who prefer a straightforward, non-menthol style. Public U.S. materials [&hellip;]<\/p>\n","protected":false},"featured_media":184,"comment_status":"open","ping_status":"closed","template":"","meta":{"_joinchat":[]},"product_brand":[],"product_cat":[23],"product_tag":[],"class_list":{"0":"post-112","1":"product","2":"type-product","3":"status-publish","4":"has-post-thumbnail","6":"product_cat-marlboro","8":"first","9":"instock","10":"shipping-taxable","11":"purchasable","12":"product-type-variable"},"_links":{"self":[{"href":"https:\/\/www.pandasmoking.com\/fr\/wp-json\/wp\/v2\/product\/112","targetHints":{"allow":["GET"]}}],"collection":[{"href":"https:\/\/www.pandasmoking.com\/fr\/wp-json\/wp\/v2\/product"}],"about":[{"href":"https:\/\/www.pandasmoking.com\/fr\/wp-json\/wp\/v2\/types\/product"}],"replies":[{"embeddable":true,"href":"https:\/\/www.pandasmoking.com\/fr\/wp-json\/wp\/v2\/comments?post=112"}],"wp:featuredmedia":[{"embeddable":true,"href":"https:\/\/www.pandasmoking.com\/fr\/wp-json\/wp\/v2\/media\/184"}],"wp:attachment":[{"href":"https:\/\/www.pandasmoking.com\/fr\/wp-json\/wp\/v2\/media?parent=112"}],"wp:term":[{"taxonomy":"product_brand","embeddable":true,"href":"https:\/\/www.pandasmoking.com\/fr\/wp-json\/wp\/v2\/product_brand?post=112"},{"taxonomy":"product_cat","embeddable":true,"href":"https:\/\/www.pandasmoking.com\/fr\/wp-json\/wp\/v2\/product_cat?post=112"},{"taxonomy":"product_tag","embeddable":true,"href":"https:\/\/www.pandasmoking.com\/fr\/wp-json\/wp\/v2\/product_tag?post=112"}],"curies":[{"name":"wp","href":"https:\/\/api.w.org\/{rel}","templated":true}]}}