{"id":113,"date":"2026-03-11T18:16:31","date_gmt":"2026-03-11T10:16:31","guid":{"rendered":"https:\/\/www.pandasmoking.com\/?post_type=product&#038;p=113"},"modified":"2026-03-19T14:51:43","modified_gmt":"2026-03-19T06:51:43","slug":"marlboro-platinum-swiss-edition","status":"publish","type":"product","link":"https:\/\/www.pandasmoking.com\/fr\/produit\/marlboro-platinum-swiss-edition","title":{"rendered":"Marlboro (Platinum) Edition Suisse"},"content":{"rendered":"<p><strong data-start=\"495\" data-end=\"532\">Marlboro (Platinum) Edition Suisse<\/strong> est une variante de l'\u00e9dition suisse des cigarettes Marlboro, positionn\u00e9e comme une option plus l\u00e9g\u00e8re et plus propre dans la gamme de la marque. D'apr\u00e8s les listes actuelles de d\u00e9taillants, elle est g\u00e9n\u00e9ralement d\u00e9crite comme suit <strong data-start=\"716\" data-end=\"727\">6mg de goudron<\/strong> et <strong data-start=\"732\" data-end=\"750\">0,5 mg de nicotine<\/strong>, Il convient donc aux fumeurs qui pr\u00e9f\u00e8rent une force plus douce et un profil plus \u00e9quilibr\u00e9. Les <strong data-start=\"845\" data-end=\"857\">Platine<\/strong> Le naming lui conf\u00e8re \u00e9galement une identit\u00e9 de produit soign\u00e9e et de qualit\u00e9 sup\u00e9rieure qui convient parfaitement aux collections Marlboro sp\u00e9cifiques \u00e0 chaque r\u00e9gion.<\/p>\n<h3>Informations sur les cigarettes<\/h3>\n<table>\n<thead>\n<tr>\n<th>Objet<\/th>\n<th>D\u00e9tails<\/th>\n<\/tr>\n<\/thead>\n<tbody>\n<tr>\n<td>Nom du produit<\/td>\n<td>Marlboro (Platinum) Edition Suisse<\/td>\n<\/tr>\n<tr>\n<td>Marque<\/td>\n<td>Marlboro<\/td>\n<\/tr>\n<tr>\n<td>\u00c9dition<\/td>\n<td>\u00c9dition suisse<\/td>\n<\/tr>\n<tr>\n<td>Type de produit<\/td>\n<td>Cigarettes<\/td>\n<\/tr>\n<tr>\n<td>Variante<\/td>\n<td>Platine<\/td>\n<\/tr>\n<tr>\n<td>Contenu du goudron<\/td>\n<td>6mg<\/td>\n<\/tr>\n<tr>\n<td>Teneur en nicotine<\/td>\n<td>0,5 mg<\/td>\n<\/tr>\n<\/tbody>\n<\/table>","protected":false},"excerpt":{"rendered":"<p>Marlboro (Platinum) Swiss Edition is a Swiss-edition Marlboro cigarette variant positioned as a lighter, cleaner-style option within the brand\u2019s lineup. Based on current retail listings, it is commonly described with 6mg tar and 0.5mg nicotine, making it suitable for smokers who prefer a milder strength and a more balanced profile. The Platinum naming also gives [&hellip;]<\/p>\n","protected":false},"featured_media":185,"comment_status":"open","ping_status":"closed","template":"","meta":{"_joinchat":[]},"product_brand":[],"product_cat":[23],"product_tag":[],"class_list":{"0":"post-113","1":"product","2":"type-product","3":"status-publish","4":"has-post-thumbnail","6":"product_cat-marlboro","8":"first","9":"instock","10":"shipping-taxable","11":"purchasable","12":"product-type-variable"},"_links":{"self":[{"href":"https:\/\/www.pandasmoking.com\/fr\/wp-json\/wp\/v2\/product\/113","targetHints":{"allow":["GET"]}}],"collection":[{"href":"https:\/\/www.pandasmoking.com\/fr\/wp-json\/wp\/v2\/product"}],"about":[{"href":"https:\/\/www.pandasmoking.com\/fr\/wp-json\/wp\/v2\/types\/product"}],"replies":[{"embeddable":true,"href":"https:\/\/www.pandasmoking.com\/fr\/wp-json\/wp\/v2\/comments?post=113"}],"wp:featuredmedia":[{"embeddable":true,"href":"https:\/\/www.pandasmoking.com\/fr\/wp-json\/wp\/v2\/media\/185"}],"wp:attachment":[{"href":"https:\/\/www.pandasmoking.com\/fr\/wp-json\/wp\/v2\/media?parent=113"}],"wp:term":[{"taxonomy":"product_brand","embeddable":true,"href":"https:\/\/www.pandasmoking.com\/fr\/wp-json\/wp\/v2\/product_brand?post=113"},{"taxonomy":"product_cat","embeddable":true,"href":"https:\/\/www.pandasmoking.com\/fr\/wp-json\/wp\/v2\/product_cat?post=113"},{"taxonomy":"product_tag","embeddable":true,"href":"https:\/\/www.pandasmoking.com\/fr\/wp-json\/wp\/v2\/product_tag?post=113"}],"curies":[{"name":"wp","href":"https:\/\/api.w.org\/{rel}","templated":true}]}}