{"id":1136,"date":"2026-04-14T23:03:22","date_gmt":"2026-04-14T15:03:22","guid":{"rendered":"https:\/\/www.pandasmoking.com\/?post_type=product&#038;p=1136"},"modified":"2026-04-16T14:16:40","modified_gmt":"2026-04-16T06:16:40","slug":"airmez-fox-4-in-1","status":"publish","type":"product","link":"https:\/\/www.pandasmoking.com\/fr\/produit\/airmez-fox-4-in-1","title":{"rendered":"Airmez FOX 4 IN 1"},"content":{"rendered":"<p data-start=\"110\" data-end=\"372\"><strong data-start=\"110\" data-end=\"143\">Airmez FOX 4 EN 1 12000 bouff\u00e9es<\/strong> est une vape jetable de grande capacit\u00e9 con\u00e7ue pour les utilisateurs qui souhaitent une utilisation plus longue, une saveur douce et une plus grande vari\u00e9t\u00e9 dans un seul appareil. Il associe des performances pratiques \u00e0 un design \u00e9l\u00e9gant, ce qui le rend adapt\u00e9 \u00e0 la vente au d\u00e9tail et \u00e0 la vente en gros.<\/p>\n<p data-start=\"374\" data-end=\"684\">Ce mod\u00e8le est livr\u00e9 avec <strong data-start=\"396\" data-end=\"417\">15ML \u00d7 4 e-liquide<\/strong>, a <strong data-start=\"421\" data-end=\"434\">bobine de maille<\/strong>, a <strong data-start=\"438\" data-end=\"469\">Batterie rechargeable de 650mAh<\/strong>, et <strong data-start=\"475\" data-end=\"494\">Chargement de type C<\/strong> pour une exp\u00e9rience de vapotage fluide et pratique. La conception 4 en 1 des saveurs offre aux utilisateurs plus de choix dans un seul appareil, ce qui le rend plus attrayant pour les clients qui appr\u00e9cient des go\u00fbts diff\u00e9rents.<\/p>\n<h3 data-section-id=\"bfe9be\" data-start=\"686\" data-end=\"706\">Caract\u00e9ristiques du produit<\/h3>\n<ul data-start=\"708\" data-end=\"985\">\n<li data-section-id=\"hlldc5\" data-start=\"708\" data-end=\"747\"><strong data-start=\"710\" data-end=\"727\">Nom du produit :<\/strong> Airmez FOX 4 IN 1<\/li>\n<li data-section-id=\"1jko59t\" data-start=\"748\" data-end=\"779\"><strong data-start=\"750\" data-end=\"765\">Nombre de bouff\u00e9es :<\/strong> 12000 bouff\u00e9es<\/li>\n<li data-section-id=\"abzjgk\" data-start=\"780\" data-end=\"815\"><strong data-start=\"782\" data-end=\"804\">Capacit\u00e9 d'e-liquide :<\/strong> 15ML \u00d7 4<\/li>\n<li data-section-id=\"18s3gm1\" data-start=\"816\" data-end=\"844\"><strong data-start=\"818\" data-end=\"832\">Type de bobine :<\/strong> Bobine de maille<\/li>\n<li data-section-id=\"13l8j6q\" data-start=\"845\" data-end=\"874\"><strong data-start=\"847\" data-end=\"865\">Port de charge :<\/strong> Type-C<\/li>\n<li data-section-id=\"1ykqfi4\" data-start=\"875\" data-end=\"907\"><strong data-start=\"877\" data-end=\"898\">Capacit\u00e9 de la batterie :<\/strong> 650mAh<\/li>\n<li data-section-id=\"14onshu\" data-start=\"908\" data-end=\"946\"><strong data-start=\"910\" data-end=\"922\">Emballage :<\/strong> 10 pi\u00e8ces par bo\u00eete de pr\u00e9sentation<\/li>\n<li data-section-id=\"gtsdgw\" data-start=\"947\" data-end=\"985\"><strong data-start=\"949\" data-end=\"960\">Carton :<\/strong> M\u00e9lange 100pcs par carton<\/li>\n<\/ul>\n<h3 data-section-id=\"1qo24uk\" data-start=\"987\" data-end=\"1010\">Combinaisons de saveurs<\/h3>\n<ol data-start=\"1012\" data-end=\"1715\">\n<li data-section-id=\"1c0rr3k\" data-start=\"1012\" data-end=\"1097\">Fraise framboise \/ Fraise kiwi \/ Fraise glace \/ P\u00eache mangue past\u00e8que<\/li>\n<li data-section-id=\"o8dc9g\" data-start=\"1098\" data-end=\"1186\">Past\u00e8que glac\u00e9e \/ Past\u00e8que fraise \/ Past\u00e8que framboise \/ Myrtille framboise<\/li>\n<li data-section-id=\"1gbggyg\" data-start=\"1187\" data-end=\"1251\">Limonade rose \/ Baiser de la passion \/ Baies m\u00e9lang\u00e9es \/ Triple baie<\/li>\n<li data-section-id=\"rf3fnm\" data-start=\"1252\" data-end=\"1302\">Cerise \/ Love 66 \/ Limonade de baies \/ Glace de raisin<\/li>\n<li data-section-id=\"1tlb9ml\" data-start=\"1303\" data-end=\"1371\">Mangue-p\u00eache \/ Fruit tropical \/ P\u00eache glac\u00e9e \/ Mangue-ananas acidul\u00e9e<\/li>\n<li data-section-id=\"1a1kye8\" data-start=\"1372\" data-end=\"1433\">Glace au raisin \/ Love 66 \/ Glace \u00e0 la myrtille \/ Glace au fruit du dragon<\/li>\n<li data-section-id=\"f5i4yv\" data-start=\"1434\" data-end=\"1501\">Love 66 \/ Cerise \/ Myrtille sur glace \/ Kiwi Fruit de la passion Goyave<\/li>\n<li data-section-id=\"b5klbg\" data-start=\"1502\" data-end=\"1560\">Glace \u00e0 la p\u00eache \/ Limonade rose \/ Glace \u00e0 la past\u00e8que \/ Dr. Blue<\/li>\n<li data-section-id=\"1m47zzg\" data-start=\"1561\" data-end=\"1626\">Mojito rouge \/ Love 66 \/ Baies m\u00e9lang\u00e9es \/ Past\u00e8que fraise<\/li>\n<li data-section-id=\"ms5egh\" data-start=\"1627\" data-end=\"1715\">P\u00eache Mangue Past\u00e8que \/ Myrtille Cerise \/ Past\u00e8que Fruit du Dragon \/ Baiser de la Passion<\/li>\n<\/ol>\n<h3 data-section-id=\"5d9epy\" data-start=\"1717\" data-end=\"1749\">Pourquoi choisir Airmez FOX 4 IN 1<\/h3>\n<ul data-start=\"1751\" data-end=\"1951\">\n<li data-section-id=\"hccfoh\" data-start=\"1751\" data-end=\"1789\">Grande capacit\u00e9 de bouff\u00e9e pour une utilisation prolong\u00e9e<\/li>\n<li data-section-id=\"ib0yw8\" data-start=\"1790\" data-end=\"1821\">Vapeur douce gr\u00e2ce \u00e0 la bobine en maille<\/li>\n<li data-section-id=\"1g8zwq1\" data-start=\"1822\" data-end=\"1867\">Batterie rechargeable avec chargeur de type C<\/li>\n<li data-section-id=\"1o2cxww\" data-start=\"1868\" data-end=\"1902\">Plusieurs saveurs dans un seul appareil<\/li>\n<li data-section-id=\"1w7lcbd\" data-start=\"1903\" data-end=\"1951\">Id\u00e9al pour la pr\u00e9sentation au d\u00e9tail et les commandes en gros<\/li>\n<\/ul>\n<h3 data-section-id=\"hwjiak\" data-start=\"1702\" data-end=\"1712\">Avis<\/h3>\n<p data-start=\"1714\" data-end=\"1787\">Le prix de Airmez FOX 6 IN 1 14000 Puffs d\u00e9pend de la quantit\u00e9 command\u00e9e :<\/p>\n<ul data-start=\"1789\" data-end=\"1867\">\n<li data-section-id=\"us7ftp\" data-start=\"1789\" data-end=\"1814\">1-15 pcs : US$28.99 l'unit\u00e9<\/li>\n<li data-section-id=\"4iw75h\" data-start=\"1815\" data-end=\"1842\">16-199 pcs : US$10.99 l'unit\u00e9<\/li>\n<li data-section-id=\"1f1g2s0\" data-start=\"1843\" data-end=\"1867\">200+ pcs : US$8.99 par pi\u00e8ce<\/li>\n<\/ul>\n<p data-start=\"1869\" data-end=\"1971\">Le prix varie en fonction de la quantit\u00e9 command\u00e9e. Veuillez confirmer la quantit\u00e9 avant de passer votre commande.<\/p>\n<p data-start=\"1953\" data-end=\"2130\">Les <strong data-start=\"1957\" data-end=\"1990\">Airmez FOX 4 EN 1 12000 bouff\u00e9es<\/strong> est une bonne option pour les vendeurs \u00e0 la recherche d'une vape de grande capacit\u00e9 avec des combinaisons d'ar\u00f4mes vari\u00e9es, des caract\u00e9ristiques pratiques et un emballage attrayant.<\/p>","protected":false},"excerpt":{"rendered":"<h3>Sp\u00e9cifications des produits<\/h3>\n<p>15ML*4 de E-liquide<br \/>\n\u2611 Bobine de maille<br \/>\n\u2611 Port Type-C<br \/>\n650mAh<br \/>\n10 pi\u00e8ces dans une bo\u00eete de pr\u00e9sentation<br \/>\nM\u00e9lange de 100 pi\u00e8ces par carton<\/p>","protected":false},"featured_media":1159,"comment_status":"open","ping_status":"closed","template":"","meta":{"_joinchat":[]},"product_brand":[],"product_cat":[55],"product_tag":[],"class_list":{"0":"post-1136","1":"product","2":"type-product","3":"status-publish","4":"has-post-thumbnail","6":"product_cat-e-cigarettes-europe","8":"first","9":"instock","10":"shipping-taxable","11":"purchasable","12":"product-type-variable"},"_links":{"self":[{"href":"https:\/\/www.pandasmoking.com\/fr\/wp-json\/wp\/v2\/product\/1136","targetHints":{"allow":["GET"]}}],"collection":[{"href":"https:\/\/www.pandasmoking.com\/fr\/wp-json\/wp\/v2\/product"}],"about":[{"href":"https:\/\/www.pandasmoking.com\/fr\/wp-json\/wp\/v2\/types\/product"}],"replies":[{"embeddable":true,"href":"https:\/\/www.pandasmoking.com\/fr\/wp-json\/wp\/v2\/comments?post=1136"}],"wp:featuredmedia":[{"embeddable":true,"href":"https:\/\/www.pandasmoking.com\/fr\/wp-json\/wp\/v2\/media\/1159"}],"wp:attachment":[{"href":"https:\/\/www.pandasmoking.com\/fr\/wp-json\/wp\/v2\/media?parent=1136"}],"wp:term":[{"taxonomy":"product_brand","embeddable":true,"href":"https:\/\/www.pandasmoking.com\/fr\/wp-json\/wp\/v2\/product_brand?post=1136"},{"taxonomy":"product_cat","embeddable":true,"href":"https:\/\/www.pandasmoking.com\/fr\/wp-json\/wp\/v2\/product_cat?post=1136"},{"taxonomy":"product_tag","embeddable":true,"href":"https:\/\/www.pandasmoking.com\/fr\/wp-json\/wp\/v2\/product_tag?post=1136"}],"curies":[{"name":"wp","href":"https:\/\/api.w.org\/{rel}","templated":true}]}}