{"id":115,"date":"2026-03-11T18:16:31","date_gmt":"2026-03-11T10:16:31","guid":{"rendered":"https:\/\/www.pandasmoking.com\/?post_type=product&#038;p=115"},"modified":"2026-03-19T14:54:16","modified_gmt":"2026-03-19T06:54:16","slug":"marlboro-vista-tropical-splash-ks-box","status":"publish","type":"product","link":"https:\/\/www.pandasmoking.com\/fr\/produit\/marlboro-vista-tropical-splash-ks-box","title":{"rendered":"Marlboro Vista Tropical Splash KS Box"},"content":{"rendered":"<p><strong data-start=\"659\" data-end=\"700\">Marlboro Vista Tropical Splash KS Box<\/strong> est une variante de la cigarette Marlboro couramment r\u00e9f\u00e9renc\u00e9e dans le circuit des boutiques hors taxes d'un centre commercial. <strong data-start=\"779\" data-end=\"789\">Bo\u00eete KS<\/strong> format. Les listes publiques pour cet article exact indiquent syst\u00e9matiquement <strong data-start=\"852\" data-end=\"863\">5 mg de goudron<\/strong> et <strong data-start=\"868\" data-end=\"886\">0,4 mg de nicotine<\/strong>, avec une configuration de carton de <strong data-start=\"919\" data-end=\"969\">20 cigarettes par paquet et 10 bo\u00eetes par carton<\/strong>. Dans les descriptions de produits, il est pr\u00e9sent\u00e9 avec un <strong data-start=\"1019\" data-end=\"1065\" data-is-only-node=\"\">profil d'ar\u00f4me de fruits tropicaux de type agrumes<\/strong>, Ce qui lui conf\u00e8re une identit\u00e9 plus distincte au sein de la gamme plus large de Marlboro.<\/p>\n<h3>Informations sur les cigarettes<\/h3>\n<table>\n<thead>\n<tr>\n<th>Objet<\/th>\n<th>D\u00e9tails<\/th>\n<\/tr>\n<\/thead>\n<tbody>\n<tr>\n<td>Nom du produit<\/td>\n<td>Marlboro Vista Tropical Splash KS Box<\/td>\n<\/tr>\n<tr>\n<td>Marque<\/td>\n<td>Marlboro<\/td>\n<\/tr>\n<tr>\n<td>Type de produit<\/td>\n<td>Cigarettes<\/td>\n<\/tr>\n<tr>\n<td>Style de l'emballage<\/td>\n<td>Bo\u00eete KS<\/td>\n<\/tr>\n<tr>\n<td>Contenu du goudron<\/td>\n<td>5mg<\/td>\n<\/tr>\n<tr>\n<td>Teneur en nicotine<\/td>\n<td>0,4 mg<\/td>\n<\/tr>\n<tr>\n<td>Taille du carton<\/td>\n<td>20 cigarettes \u00d7 10 bo\u00eetes<\/td>\n<\/tr>\n<tr>\n<td>Canal de distribution<\/td>\n<td>Hors taxes<\/td>\n<\/tr>\n<tr>\n<td>Profil de saveur<\/td>\n<td>Go\u00fbt de fruits tropicaux parfum\u00e9s aux agrumes<\/td>\n<\/tr>\n<\/tbody>\n<\/table>","protected":false},"excerpt":{"rendered":"<p>Marlboro Vista Tropical Splash KS Box is a Marlboro cigarette variant commonly listed in the duty-free channel in a KS Box format. Public listings for this exact item consistently show 5mg tar and 0.4mg nicotine, with a carton configuration of 20 cigarettes per pack and 10 boxes per carton. In product descriptions, it is presented [&hellip;]<\/p>\n","protected":false},"featured_media":189,"comment_status":"open","ping_status":"closed","template":"","meta":{"_joinchat":[]},"product_brand":[],"product_cat":[23],"product_tag":[],"class_list":{"0":"post-115","1":"product","2":"type-product","3":"status-publish","4":"has-post-thumbnail","6":"product_cat-marlboro","8":"first","9":"instock","10":"shipping-taxable","11":"purchasable","12":"product-type-variable"},"_links":{"self":[{"href":"https:\/\/www.pandasmoking.com\/fr\/wp-json\/wp\/v2\/product\/115","targetHints":{"allow":["GET"]}}],"collection":[{"href":"https:\/\/www.pandasmoking.com\/fr\/wp-json\/wp\/v2\/product"}],"about":[{"href":"https:\/\/www.pandasmoking.com\/fr\/wp-json\/wp\/v2\/types\/product"}],"replies":[{"embeddable":true,"href":"https:\/\/www.pandasmoking.com\/fr\/wp-json\/wp\/v2\/comments?post=115"}],"wp:featuredmedia":[{"embeddable":true,"href":"https:\/\/www.pandasmoking.com\/fr\/wp-json\/wp\/v2\/media\/189"}],"wp:attachment":[{"href":"https:\/\/www.pandasmoking.com\/fr\/wp-json\/wp\/v2\/media?parent=115"}],"wp:term":[{"taxonomy":"product_brand","embeddable":true,"href":"https:\/\/www.pandasmoking.com\/fr\/wp-json\/wp\/v2\/product_brand?post=115"},{"taxonomy":"product_cat","embeddable":true,"href":"https:\/\/www.pandasmoking.com\/fr\/wp-json\/wp\/v2\/product_cat?post=115"},{"taxonomy":"product_tag","embeddable":true,"href":"https:\/\/www.pandasmoking.com\/fr\/wp-json\/wp\/v2\/product_tag?post=115"}],"curies":[{"name":"wp","href":"https:\/\/api.w.org\/{rel}","templated":true}]}}