{"id":1203,"date":"2026-04-15T11:10:39","date_gmt":"2026-04-15T03:10:39","guid":{"rendered":"https:\/\/www.pandasmoking.com\/?post_type=product&#038;p=1203"},"modified":"2026-04-16T14:16:32","modified_gmt":"2026-04-16T06:16:32","slug":"airmez-fox-2-in-1","status":"publish","type":"product","link":"https:\/\/www.pandasmoking.com\/fr\/produit\/airmez-fox-2-in-1","title":{"rendered":"Airmez FOX 2 EN 1"},"content":{"rendered":"<p data-start=\"175\" data-end=\"470\"><strong data-start=\"175\" data-end=\"207\">Airmez FOX 2 EN 1 8000 bouff\u00e9es<\/strong> est une vape jetable compacte et pratique con\u00e7ue pour les utilisateurs qui recherchent des performances fluides, un chargement pratique et deux options d'ar\u00f4mes dans un seul appareil. Avec son apparence \u00e9l\u00e9gante et sa conception facile \u00e0 utiliser, c'est un bon choix pour les d\u00e9taillants et les grossistes.<\/p>\n<p data-start=\"472\" data-end=\"776\">Ce mod\u00e8le est livr\u00e9 avec <strong data-start=\"494\" data-end=\"515\">15ML \u00d7 2 e-liquide<\/strong>, a <strong data-start=\"519\" data-end=\"532\">bobine de maille<\/strong>, a <strong data-start=\"536\" data-end=\"567\">Batterie rechargeable de 650mAh<\/strong>, et un <strong data-start=\"575\" data-end=\"599\">Port de charge de type C<\/strong> pour une exp\u00e9rience de vapotage fluide et fiable. La conception 2 en 1 \u00e0 double ar\u00f4me offre aux utilisateurs une plus grande vari\u00e9t\u00e9 dans un seul appareil, ce qui en fait une option pratique pour l'utilisation quotidienne et l'approvisionnement en vrac.<\/p>\n<h3 data-section-id=\"bfe9be\" data-start=\"778\" data-end=\"798\">Caract\u00e9ristiques du produit<\/h3>\n<ul data-start=\"800\" data-end=\"1044\">\n<li data-section-id=\"zsvy0z\" data-start=\"800\" data-end=\"835\">Nom du produit : Airmez FOX 2 EN 1<\/li>\n<li data-section-id=\"ol9jre\" data-start=\"836\" data-end=\"862\">Nombre de bouff\u00e9es : 8000 bouff\u00e9es<\/li>\n<li data-section-id=\"1x4v26a\" data-start=\"863\" data-end=\"894\">Capacit\u00e9 E-liquide : 15ML \u00d7 2<\/li>\n<li data-section-id=\"8u54nt\" data-start=\"895\" data-end=\"919\">Type de bobine : Bobine en maille<\/li>\n<li data-section-id=\"znchb6\" data-start=\"920\" data-end=\"945\">Port de charge : Type-C<\/li>\n<li data-section-id=\"106p858\" data-start=\"946\" data-end=\"974\">Capacit\u00e9 de la batterie : 650mAh<\/li>\n<li data-section-id=\"bex9qa\" data-start=\"975\" data-end=\"1009\">Emballage : 10 pi\u00e8ces par bo\u00eete de pr\u00e9sentation<\/li>\n<li data-section-id=\"zkx00j\" data-start=\"1010\" data-end=\"1044\">Carton : M\u00e9lange de 200 pi\u00e8ces par carton<\/li>\n<\/ul>\n<h3 data-section-id=\"10ynmgm\" data-start=\"1046\" data-end=\"1064\">Options de saveurs<\/h3>\n<ol data-start=\"1066\" data-end=\"1416\">\n<li data-section-id=\"rc4948\" data-start=\"1066\" data-end=\"1114\">Fraise-melon d'eau, fraise-framboise<\/li>\n<li data-section-id=\"19uz65s\" data-start=\"1115\" data-end=\"1149\">Limonade Blue Razz, Blue Razz<\/li>\n<li data-section-id=\"9rvxxw\" data-start=\"1150\" data-end=\"1192\">Myrtille sur glace, myrtille framboise<\/li>\n<li data-section-id=\"q4v41s\" data-start=\"1193\" data-end=\"1229\">Fraise Kiwi, Fraise Glac\u00e9e<\/li>\n<li data-section-id=\"1mbl7hv\" data-start=\"1230\" data-end=\"1271\">Glace \u00e0 la past\u00e8que, past\u00e8que \u00e0 la framboise<\/li>\n<li data-section-id=\"1x1ls8y\" data-start=\"1272\" data-end=\"1303\">Limonade aux baies, citron-citron vert<\/li>\n<li data-section-id=\"1rfnxaa\" data-start=\"1304\" data-end=\"1332\">Fruits tropicaux, Love 66<\/li>\n<li data-section-id=\"fx0ypm\" data-start=\"1333\" data-end=\"1360\">P\u00eache glac\u00e9e, mangue-p\u00eache<\/li>\n<li data-section-id=\"yeos7x\" data-start=\"1361\" data-end=\"1389\">Baies m\u00e9lang\u00e9es, Dr. Blue<\/li>\n<li data-section-id=\"1h25bpc\" data-start=\"1390\" data-end=\"1416\">Glace de raisin, glace noire<\/li>\n<\/ol>\n<h3 data-section-id=\"98yzgg\" data-start=\"1418\" data-end=\"1450\">Pourquoi choisir Airmez FOX 2 EN 1<\/h3>\n<ul data-start=\"1452\" data-end=\"1717\">\n<li data-section-id=\"15nx2ez\" data-start=\"1452\" data-end=\"1492\">Conception 2 en 1 compacte et pratique<\/li>\n<li data-section-id=\"ib0yw8\" data-start=\"1493\" data-end=\"1524\">Vapeur douce gr\u00e2ce \u00e0 la bobine en maille<\/li>\n<li data-section-id=\"1g8zwq1\" data-start=\"1525\" data-end=\"1570\">Batterie rechargeable avec chargeur de type C<\/li>\n<li data-section-id=\"1a9minq\" data-start=\"1571\" data-end=\"1610\">Deux options de saveur dans un seul appareil<\/li>\n<li data-section-id=\"uqqhx\" data-start=\"1611\" data-end=\"1663\">Convient \u00e0 la pr\u00e9sentation au d\u00e9tail et \u00e0 l'approvisionnement en gros<\/li>\n<li data-section-id=\"160n9vs\" data-start=\"1664\" data-end=\"1717\">Emballage pratique pour les ventes en magasin et les commandes en gros<\/li>\n<\/ul>\n<h3 data-section-id=\"hwjiak\" data-start=\"1719\" data-end=\"1729\">Avis<\/h3>\n<p data-start=\"1731\" data-end=\"1807\">Le prix des <strong data-start=\"1744\" data-end=\"1776\">Airmez FOX 2 EN 1 8000 bouff\u00e9es<\/strong> d\u00e9pend de la quantit\u00e9 command\u00e9e :<\/p>\n<ul data-start=\"1809\" data-end=\"1914\">\n<li data-section-id=\"130wclv\" data-start=\"1809\" data-end=\"1844\"><strong data-start=\"1811\" data-end=\"1824\">1-15 pcs :<\/strong> <strong data-start=\"1825\" data-end=\"1842\">US$26.99 chaque<\/strong><\/li>\n<li data-section-id=\"o602fh\" data-start=\"1845\" data-end=\"1881\"><strong data-start=\"1847\" data-end=\"1862\">16-199 pcs :<\/strong> <strong data-start=\"1863\" data-end=\"1879\">US$9.99 chaque<\/strong><\/li>\n<li data-section-id=\"15m7rhb\" data-start=\"1882\" data-end=\"1914\"><strong data-start=\"1884\" data-end=\"1897\">200+ pcs :<\/strong> <strong data-start=\"1898\" data-end=\"1914\">US$7.99 chaque<\/strong><\/li>\n<\/ul>\n<p data-start=\"1916\" data-end=\"2022\"><strong data-start=\"1916\" data-end=\"2022\">Le prix varie en fonction de la quantit\u00e9 command\u00e9e. Veuillez confirmer la quantit\u00e9 avant de passer votre commande.<\/strong><\/p>","protected":false},"excerpt":{"rendered":"<h3>Sp\u00e9cifications des produits<\/h3>\n<p>15ML*2 de E-liquide<br \/>\n\u2611 Bobine de maille<br \/>\n\u2611 Port Type-C<br \/>\n650mAh<br \/>\n10 pi\u00e8ces dans une bo\u00eete de pr\u00e9sentation<br \/>\nM\u00e9lange de 200 pi\u00e8ces par carton<\/p>","protected":false},"featured_media":1204,"comment_status":"open","ping_status":"closed","template":"","meta":{"_joinchat":[]},"product_brand":[],"product_cat":[55],"product_tag":[],"class_list":{"0":"post-1203","1":"product","2":"type-product","3":"status-publish","4":"has-post-thumbnail","6":"product_cat-e-cigarettes-europe","8":"first","9":"instock","10":"shipping-taxable","11":"purchasable","12":"product-type-variable"},"_links":{"self":[{"href":"https:\/\/www.pandasmoking.com\/fr\/wp-json\/wp\/v2\/product\/1203","targetHints":{"allow":["GET"]}}],"collection":[{"href":"https:\/\/www.pandasmoking.com\/fr\/wp-json\/wp\/v2\/product"}],"about":[{"href":"https:\/\/www.pandasmoking.com\/fr\/wp-json\/wp\/v2\/types\/product"}],"replies":[{"embeddable":true,"href":"https:\/\/www.pandasmoking.com\/fr\/wp-json\/wp\/v2\/comments?post=1203"}],"wp:featuredmedia":[{"embeddable":true,"href":"https:\/\/www.pandasmoking.com\/fr\/wp-json\/wp\/v2\/media\/1204"}],"wp:attachment":[{"href":"https:\/\/www.pandasmoking.com\/fr\/wp-json\/wp\/v2\/media?parent=1203"}],"wp:term":[{"taxonomy":"product_brand","embeddable":true,"href":"https:\/\/www.pandasmoking.com\/fr\/wp-json\/wp\/v2\/product_brand?post=1203"},{"taxonomy":"product_cat","embeddable":true,"href":"https:\/\/www.pandasmoking.com\/fr\/wp-json\/wp\/v2\/product_cat?post=1203"},{"taxonomy":"product_tag","embeddable":true,"href":"https:\/\/www.pandasmoking.com\/fr\/wp-json\/wp\/v2\/product_tag?post=1203"}],"curies":[{"name":"wp","href":"https:\/\/api.w.org\/{rel}","templated":true}]}}