{"id":18,"date":"2026-03-11T18:01:02","date_gmt":"2026-03-11T10:01:02","guid":{"rendered":"https:\/\/www.pandasmoking.com\/?post_type=product&#038;p=18"},"modified":"2026-04-28T19:37:11","modified_gmt":"2026-04-28T11:37:11","slug":"chunghwa-5000","status":"publish","type":"product","link":"https:\/\/www.pandasmoking.com\/fr\/produit\/chunghwa-5000","title":{"rendered":"Chunghwa 5000"},"content":{"rendered":"<p><a href=\"https:\/\/en.wikipedia.org\/wiki\/Chunghwa_%28cigarette%29\" target=\"_blank\" rel=\"noopener\">Chunghwa<\/a>\u00a05000 est une variante de cigarette haut de gamme produite par le Shanghai Tobacco Group, une filiale de China Tobacco. La marque Chunghwa, introduite en 1949, est r\u00e9put\u00e9e en Chine et souvent appel\u00e9e la \u201cfum\u00e9e nationale\u201d.\u201d<\/p>\n<p>L'emballage est d'un rouge vif, avec les piliers de Tiananmen et de Huabiao en or sur le devant, symbolisant l'h\u00e9ritage chinois. Les cigarettes sont connues pour leur ar\u00f4me riche et leur go\u00fbt doux, offrant une exp\u00e9rience de consommation \u00e9quilibr\u00e9e. La marque Chunghwa est consid\u00e9r\u00e9e comme un symbole de statut social en Chine et est souvent offerte en cadeau.<\/p>\n<p>Les cigarettes Chunghwa sont produites par le Shanghai Tobacco Group.<br \/>\n<strong>1 paquet contient 20 cigarettes (paquet de 20).<\/strong><br \/>\n<strong>1 carton contient 10 paquets de 20 cigarettes. Total 200 cigarettes (bo\u00eete de 200).<\/strong><\/p>\n<h3>Informations sur les cigarettes<\/h3>\n<table>\n<thead>\n<tr>\n<th><strong>Attribut<\/strong><\/th>\n<th><strong>Sp\u00e9cifications<\/strong><\/th>\n<\/tr>\n<\/thead>\n<tbody>\n<tr>\n<td><strong>Marque<\/strong><\/td>\n<td>Chunghwa<\/td>\n<\/tr>\n<tr>\n<td><strong>Goudron<\/strong><\/td>\n<td>10 mg<\/td>\n<\/tr>\n<tr>\n<td><strong>Monoxyde de carbone<\/strong><\/td>\n<td>10 mg<\/td>\n<\/tr>\n<tr>\n<td><strong>Longueur du filtre<\/strong><\/td>\n<td>25 mm<\/td>\n<\/tr>\n<tr>\n<td><strong>Emballage<\/strong><\/td>\n<td>Emballage rigide en papier<\/td>\n<\/tr>\n<tr>\n<td><strong>Couleur secondaire<\/strong><\/td>\n<td>L'or<\/td>\n<\/tr>\n<tr>\n<td><strong>Type<\/strong><\/td>\n<td>Tabac flue-cured<\/td>\n<\/tr>\n<tr>\n<td><strong>Nicotine<\/strong><\/td>\n<td>1mg<\/td>\n<\/tr>\n<tr>\n<td><strong>Longueur<\/strong><\/td>\n<td>84mm<\/td>\n<\/tr>\n<tr>\n<td><strong>Circonf\u00e9rence<\/strong><\/td>\n<td>25 mm<\/td>\n<\/tr>\n<tr>\n<td><strong>Couleur principale<\/strong><\/td>\n<td>Rouge<\/td>\n<\/tr>\n<tr>\n<td><strong>Quantit\u00e9 par paquet<\/strong><\/td>\n<td>20<\/td>\n<\/tr>\n<tr>\n<td><strong>Par carton<\/strong><\/td>\n<td>200 cigarettes<\/td>\n<\/tr>\n<\/tbody>\n<\/table>\n<h3 data-start=\"137\" data-end=\"176\"><strong data-start=\"137\" data-end=\"176\">Informations importantes avant l'achat :<\/strong><\/h3>\n<ul data-start=\"178\" data-end=\"781\">\n<li data-start=\"178\" data-end=\"502\">\n<p data-start=\"180\" data-end=\"502\"><strong data-start=\"180\" data-end=\"207\">Authenticit\u00e9 garantie<\/strong>: Genuine National Tobacco Network garantit la vente de produits authentiques. Les produits de contrefa\u00e7on sont strictement interdits. Les amis chinois d'outre-mer sont invit\u00e9s \u00e0 passer des commandes pour les produits suivants\u00a0<strong data-start=\"392\" data-end=\"405\">commerce de gros<\/strong>\u00a0et\u00a0<strong data-start=\"410\" data-end=\"420\">commerce de d\u00e9tail<\/strong>. Les acheteurs int\u00e9ress\u00e9s peuvent\u00a0<strong data-start=\"444\" data-end=\"464\">ajouter notre WhatsApp<\/strong>\u00a0(+447922291211) pour plus d'informations.<\/p>\n<\/li>\n<li data-start=\"503\" data-end=\"781\">\n<p data-start=\"505\" data-end=\"781\"><strong data-start=\"505\" data-end=\"529\">Op\u00e9rateur exp\u00e9riment\u00e9<\/strong>: L'exploitant de cette boutique en ligne poss\u00e8de des ann\u00e9es d'exp\u00e9rience dans le secteur de la logistique internationale et de la livraison express, ainsi qu'une expertise et des strat\u00e9gies approfondies en mati\u00e8re d'exp\u00e9dition de marchandises sensibles au niveau international. Les clients d'outre-mer peuvent acheter en toute confiance !<\/p>\n<\/li>\n<\/ul>\n<h3 data-start=\"783\" data-end=\"803\"><strong data-start=\"783\" data-end=\"803\">Politique d'exp\u00e9dition :<\/strong><\/h3>\n<ul data-start=\"805\" data-end=\"1004\">\n<li data-start=\"805\" data-end=\"1004\">\n<p data-start=\"807\" data-end=\"1004\"><strong data-start=\"807\" data-end=\"825\">Prix du carton<\/strong>: Tous les prix affich\u00e9s sur le site sont par carton.\u00a0<strong data-start=\"876\" data-end=\"893\">Livraison gratuite<\/strong>\u00a0s'applique aux commandes d'un carton ou plus. Pour plus de d\u00e9tails, veuillez contacter notre service client\u00e8le WhatsApp.<\/p>\n<\/li>\n<\/ul>\n<h3 data-start=\"1006\" data-end=\"1026\"><strong data-start=\"1006\" data-end=\"1026\">Modes de paiement :<\/strong><\/h3>\n<ul data-start=\"1028\" data-end=\"1611\">\n<li data-start=\"1028\" data-end=\"1359\">\n<p data-start=\"1030\" data-end=\"1359\"><strong data-start=\"1030\" data-end=\"1049\">Processus de paiement<\/strong>: En raison de la nature sensible de nos produits,\u00a0<strong data-start=\"1096\" data-end=\"1160\">les paiements en ligne via le panier d'achat sont actuellement d\u00e9sactiv\u00e9s<\/strong>. S'il vous pla\u00eet\u00a0<strong data-start=\"1169\" data-end=\"1221\">ne pas effectuer de paiements en ligne par le biais du panier<\/strong>. Apr\u00e8s avoir pass\u00e9 une commande, fournir le\u00a0<strong data-start=\"1259\" data-end=\"1275\">num\u00e9ro de commande<\/strong>\u00a0\u00e0 notre\u00a0<strong data-start=\"1283\" data-end=\"1312\">Service client\u00e8le de WhatsApp<\/strong>\u00a0pour une collecte plus pr\u00e9cise des adresses de livraison.<\/p>\n<\/li>\n<li data-start=\"1360\" data-end=\"1611\">\n<p data-start=\"1362\" data-end=\"1398\">Nos principales m\u00e9thodes de paiement sont les suivantes<\/p>\n<ul data-start=\"1401\" data-end=\"1611\">\n<li data-start=\"1401\" data-end=\"1413\">\n<p data-start=\"1403\" data-end=\"1413\"><strong data-start=\"1403\" data-end=\"1413\">PayPal<\/strong><\/p>\n<\/li>\n<li data-start=\"1416\" data-end=\"1428\">\n<p data-start=\"1418\" data-end=\"1428\"><strong data-start=\"1418\" data-end=\"1428\">Rayure<\/strong><\/p>\n<\/li>\n<li data-start=\"1431\" data-end=\"1449\">\n<p data-start=\"1433\" data-end=\"1449\"><strong data-start=\"1433\" data-end=\"1449\">Cartes de cr\u00e9dit<\/strong><\/p>\n<\/li>\n<li data-start=\"1452\" data-end=\"1471\">\n<p data-start=\"1454\" data-end=\"1471\"><strong data-start=\"1454\" data-end=\"1471\">Western Union<\/strong><\/p>\n<\/li>\n<li data-start=\"1474\" data-end=\"1611\">\n<p data-start=\"1476\" data-end=\"1611\">Les monnaies \u00e9trang\u00e8res sont converties au taux de change\u00a0<strong data-start=\"1516\" data-end=\"1539\">taux de change quotidien<\/strong>. Pour plus d'informations, veuillez contacter notre\u00a0<strong data-start=\"1581\" data-end=\"1610\">Service client\u00e8le de WhatsApp<\/strong>.<\/p>\n<\/li>\n<\/ul>\n<\/li>\n<\/ul>\n<h3 data-start=\"1613\" data-end=\"1637\"><strong data-start=\"1613\" data-end=\"1637\">Service apr\u00e8s-vente :<\/strong><\/h3>\n<ul data-start=\"1639\" data-end=\"2122\">\n<li data-start=\"1639\" data-end=\"1867\">\n<p data-start=\"1641\" data-end=\"1867\"><strong data-start=\"1641\" data-end=\"1658\">Rester en contact<\/strong>: Il est conseill\u00e9 aux clients de\u00a0<strong data-start=\"1685\" data-end=\"1722\">ajouter notre service client\u00e8le WhatsApp<\/strong>\u00a0avant l'achat pour recevoir les derni\u00e8res informations. Si vous n'avez pas WhatsApp, vous pouvez nous contacter via\u00a0<strong data-start=\"1827\" data-end=\"1836\">courriel<\/strong>\u00a0\u00e0\u00a0<strong data-start=\"1840\" data-end=\"1865\"><a class=\"decorated-link cursor-pointer\" rel=\"noopener\" data-start=\"1842\" data-end=\"1863\">Info@chunghwashop.com<\/a><\/strong>.<\/p>\n<\/li>\n<li data-start=\"1868\" data-end=\"2122\">\n<p data-start=\"1870\" data-end=\"2122\"><strong data-start=\"1870\" data-end=\"1903\">Confirmation de la commande et suivi<\/strong>: Une fois le paiement confirm\u00e9, nous organisons imm\u00e9diatement l'exp\u00e9dition et envoyons le colis \u00e0 l'exp\u00e9diteur.\u00a0<strong data-start=\"1982\" data-end=\"2001\">num\u00e9ro de suivi<\/strong>\u00a0sur votre WhatsApp ou par courriel. V\u00e9rifiez les mises \u00e0 jour ! Sur\u00a0<strong data-start=\"2060\" data-end=\"2121\">90% des colis internationaux EMS arrivent dans les 12-20 jours.<\/strong>.<\/p>\n<\/li>\n<\/ul>\n<h3 data-start=\"2124\" data-end=\"2145\"><strong data-start=\"2124\" data-end=\"2145\">Questions fiscales :<\/strong><\/h3>\n<ul data-start=\"2147\" data-end=\"2405\">\n<li data-start=\"2147\" data-end=\"2405\">\n<p data-start=\"2149\" data-end=\"2405\"><strong data-start=\"2149\" data-end=\"2167\">R\u00e9formes fiscales de l'UE<\/strong>: L'UE a achev\u00e9 les r\u00e9formes fiscales en\u00a0<strong data-start=\"2201\" data-end=\"2214\">Juillet 2021<\/strong>, et impose d\u00e9sormais des taxes sur les colis allant de quelques euros \u00e0 plusieurs dizaines d'euros. Cette taxation s'applique \u00e0 tous les colis postaux entrant dans ces pays, et non sp\u00e9cifiquement aux produits du tabac.<\/p>\n<\/li>\n<\/ul>\n<h3 data-start=\"2407\" data-end=\"2428\"><strong data-start=\"2407\" data-end=\"2428\">Commandes en gros :<\/strong><\/h3>\n<ul data-start=\"2430\" data-end=\"2600\">\n<li data-start=\"2430\" data-end=\"2600\">\n<p data-start=\"2432\" data-end=\"2600\"><strong data-start=\"2432\" data-end=\"2460\">Commandes en gros bienvenues<\/strong>: Nous acceptons\u00a0<strong data-start=\"2472\" data-end=\"2492\">commandes en gros<\/strong>. Pour plus de d\u00e9tails, veuillez contacter notre\u00a0<strong data-start=\"2526\" data-end=\"2555\">Service client\u00e8le de WhatsApp<\/strong>\u00a0pour plus d'informations et les derni\u00e8res mises \u00e0 jour.<\/p>\n<\/li>\n<\/ul>","protected":false},"excerpt":{"rendered":"<ul>\n<li><strong>Chunghwa 5000<\/strong> - Variante premium de la \u201cfum\u00e9e nationale\u201d embl\u00e9matique de la Chine du Shanghai Tobacco Group, un classique depuis 1949 et un v\u00e9ritable symbole de prestige.<\/li>\n<li>Un emballage rouge vif frappant, avec la porte de Tiananmen et les piliers Huabiao dor\u00e9s, incarnant l'h\u00e9ritage chinois intemporel - parfait pour un cadeau luxueux ou un objet de collection.<\/li>\n<li>M\u00e9lange riche et aromatique au go\u00fbt doux et \u00e9quilibr\u00e9 qui offre une exp\u00e9rience de fumage exceptionnellement raffin\u00e9e, pl\u00e9biscit\u00e9e par les fumeurs exigeants.<\/li>\n<li><strong>Format King Size<\/strong> - Longueur de 84 mm, 20 cigarettes par paquet, 10 paquets (200 cigarettes) par carton pour une sensation authentique de qualit\u00e9 sup\u00e9rieure.<\/li>\n<li>Goudron : 10mg | Nicotine : 1.0mg - Une force classique qui satisfait par sa profondeur et sa douceur, id\u00e9ale pour ceux qui appr\u00e9cient la qualit\u00e9 sup\u00e9rieure.<\/li>\n<\/ul>","protected":false},"featured_media":48,"comment_status":"open","ping_status":"closed","template":"","meta":{"_joinchat":[]},"product_brand":[],"product_cat":[16],"product_tag":[],"class_list":{"0":"post-18","1":"product","2":"type-product","3":"status-publish","4":"has-post-thumbnail","6":"product_cat-chunghwa","8":"first","9":"outofstock","10":"shipping-taxable","11":"purchasable","12":"product-type-variable"},"_links":{"self":[{"href":"https:\/\/www.pandasmoking.com\/fr\/wp-json\/wp\/v2\/product\/18","targetHints":{"allow":["GET"]}}],"collection":[{"href":"https:\/\/www.pandasmoking.com\/fr\/wp-json\/wp\/v2\/product"}],"about":[{"href":"https:\/\/www.pandasmoking.com\/fr\/wp-json\/wp\/v2\/types\/product"}],"replies":[{"embeddable":true,"href":"https:\/\/www.pandasmoking.com\/fr\/wp-json\/wp\/v2\/comments?post=18"}],"wp:featuredmedia":[{"embeddable":true,"href":"https:\/\/www.pandasmoking.com\/fr\/wp-json\/wp\/v2\/media\/48"}],"wp:attachment":[{"href":"https:\/\/www.pandasmoking.com\/fr\/wp-json\/wp\/v2\/media?parent=18"}],"wp:term":[{"taxonomy":"product_brand","embeddable":true,"href":"https:\/\/www.pandasmoking.com\/fr\/wp-json\/wp\/v2\/product_brand?post=18"},{"taxonomy":"product_cat","embeddable":true,"href":"https:\/\/www.pandasmoking.com\/fr\/wp-json\/wp\/v2\/product_cat?post=18"},{"taxonomy":"product_tag","embeddable":true,"href":"https:\/\/www.pandasmoking.com\/fr\/wp-json\/wp\/v2\/product_tag?post=18"}],"curies":[{"name":"wp","href":"https:\/\/api.w.org\/{rel}","templated":true}]}}