{"id":394,"date":"2026-03-13T15:56:01","date_gmt":"2026-03-13T07:56:01","guid":{"rendered":"https:\/\/www.pandasmoking.com\/?post_type=product&#038;p=394"},"modified":"2026-04-23T19:01:09","modified_gmt":"2026-04-23T11:01:09","slug":"zhongnanhai-blue-time","status":"publish","type":"product","link":"https:\/\/www.pandasmoking.com\/fr\/produit\/zhongnanhai-blue-time","title":{"rendered":"Zhongnanhai Blue Time"},"content":{"rendered":"<div class=\"overflow-x-auto w-full px-2 mb-6\">\n<table class=\"min-w-full border-collapse text-sm leading-[1.7] whitespace-normal\">\n<thead class=\"text-left\">\n<tr>\n<th class=\"text-text-100 border-b-0.5 border-border-300\/60 py-2 pr-4 align-top font-bold\" scope=\"col\">Specification<\/th>\n<th class=\"text-text-100 border-b-0.5 border-border-300\/60 py-2 pr-4 align-top font-bold\" scope=\"col\">Details<\/th>\n<\/tr>\n<\/thead>\n<tbody>\n<tr>\n<td class=\"border-b-0.5 border-border-300\/30 py-2 pr-4 align-top\">Type<\/td>\n<td class=\"border-b-0.5 border-border-300\/30 py-2 pr-4 align-top\">Blended<\/td>\n<\/tr>\n<tr>\n<td class=\"border-b-0.5 border-border-300\/30 py-2 pr-4 align-top\">Tar<\/td>\n<td class=\"border-b-0.5 border-border-300\/30 py-2 pr-4 align-top\">7mg<\/td>\n<\/tr>\n<tr>\n<td class=\"border-b-0.5 border-border-300\/30 py-2 pr-4 align-top\">Nicotine<\/td>\n<td class=\"border-b-0.5 border-border-300\/30 py-2 pr-4 align-top\">0.6mg<\/td>\n<\/tr>\n<tr>\n<td class=\"border-b-0.5 border-border-300\/30 py-2 pr-4 align-top\">Carbon Monoxide<\/td>\n<td class=\"border-b-0.5 border-border-300\/30 py-2 pr-4 align-top\">9mg<\/td>\n<\/tr>\n<tr>\n<td class=\"border-b-0.5 border-border-300\/30 py-2 pr-4 align-top\">Length<\/td>\n<td class=\"border-b-0.5 border-border-300\/30 py-2 pr-4 align-top\">84mm<\/td>\n<\/tr>\n<tr>\n<td class=\"border-b-0.5 border-border-300\/30 py-2 pr-4 align-top\">Filter Length<\/td>\n<td class=\"border-b-0.5 border-border-300\/30 py-2 pr-4 align-top\">25mm<\/td>\n<\/tr>\n<tr>\n<td class=\"border-b-0.5 border-border-300\/30 py-2 pr-4 align-top\">Packaging<\/td>\n<td class=\"border-b-0.5 border-border-300\/30 py-2 pr-4 align-top\">Soft Pack<\/td>\n<\/tr>\n<tr>\n<td class=\"border-b-0.5 border-border-300\/30 py-2 pr-4 align-top\">Primary Color<\/td>\n<td class=\"border-b-0.5 border-border-300\/30 py-2 pr-4 align-top\">Blue<\/td>\n<\/tr>\n<tr>\n<td class=\"border-b-0.5 border-border-300\/30 py-2 pr-4 align-top\">Secondary Color<\/td>\n<td class=\"border-b-0.5 border-border-300\/30 py-2 pr-4 align-top\">White<\/td>\n<\/tr>\n<tr>\n<td class=\"border-b-0.5 border-border-300\/30 py-2 pr-4 align-top\">Per Pack<\/td>\n<td class=\"border-b-0.5 border-border-300\/30 py-2 pr-4 align-top\">20 Cigarettes<\/td>\n<\/tr>\n<tr>\n<td class=\"border-b-0.5 border-border-300\/30 py-2 pr-4 align-top\">Per Carton<\/td>\n<td class=\"border-b-0.5 border-border-300\/30 py-2 pr-4 align-top\">200 Cigarettes (10 Packs)<\/td>\n<\/tr>\n<\/tbody>\n<\/table>\n<p>&nbsp;<\/p>\n<\/div>\n","protected":false},"excerpt":{"rendered":"<ul>\n<li class=\"whitespace-normal break-words pl-2\"><strong>Elegant Blue &amp; White Soft Pack<\/strong> - Un design \u00e9pur\u00e9 et \u00e9l\u00e9gant de soft pack en bleu et blanc, moderne et discret, avec un attrait visuel calme et rafra\u00eechissant.<\/li>\n<li class=\"whitespace-normal break-words pl-2\"><strong>Douceur naturelle subtile<\/strong> - Il offre une douceur douce et agr\u00e9able tout au long de la fum\u00e9e, ajoutant une dimension de saveur l\u00e9g\u00e8re et agr\u00e9able sans \u00eatre dominante.<\/li>\n<li class=\"whitespace-normal break-words pl-2\"><strong>Exceptionnellement doux pour la gorge<\/strong> - Remarquablement confortable en gorge de la premi\u00e8re \u00e0 la derni\u00e8re bouff\u00e9e, ce qui en fait l'une des fum\u00e9es les plus douces et les plus agr\u00e9ables de la gamme Zhongnanhai.<\/li>\n<li class=\"whitespace-normal break-words pl-2\"><strong>Br\u00fblure lente et r\u00e9guli\u00e8re<\/strong> - Br\u00fble \u00e0 un rythme r\u00e9gulier et constant, permettant une exp\u00e9rience de fumage plus d\u00e9tendue et satisfaisante qui dure plus longtemps que la moyenne.<\/li>\n<li class=\"whitespace-normal break-words pl-2\"><strong>Saveur propre et pure<\/strong> - Cigarette de type blended, sans notes parasites ni \u00e2pret\u00e9, offrant un go\u00fbt pur et constant. Avec 7 mg de goudron et 0,6 mg de nicotine, chaque cartouche contient 200 cigarettes (10 paquets \u00d7 20 cigarettes).<\/li>\n<\/ul>","protected":false},"featured_media":401,"comment_status":"open","ping_status":"closed","template":"","meta":{"_joinchat":[]},"product_brand":[],"product_cat":[34],"product_tag":[],"class_list":{"0":"post-394","1":"product","2":"type-product","3":"status-publish","4":"has-post-thumbnail","6":"product_cat-zhongnanhai","8":"first","9":"outofstock","10":"shipping-taxable","11":"purchasable","12":"product-type-variable"},"_links":{"self":[{"href":"https:\/\/www.pandasmoking.com\/fr\/wp-json\/wp\/v2\/product\/394","targetHints":{"allow":["GET"]}}],"collection":[{"href":"https:\/\/www.pandasmoking.com\/fr\/wp-json\/wp\/v2\/product"}],"about":[{"href":"https:\/\/www.pandasmoking.com\/fr\/wp-json\/wp\/v2\/types\/product"}],"replies":[{"embeddable":true,"href":"https:\/\/www.pandasmoking.com\/fr\/wp-json\/wp\/v2\/comments?post=394"}],"wp:featuredmedia":[{"embeddable":true,"href":"https:\/\/www.pandasmoking.com\/fr\/wp-json\/wp\/v2\/media\/401"}],"wp:attachment":[{"href":"https:\/\/www.pandasmoking.com\/fr\/wp-json\/wp\/v2\/media?parent=394"}],"wp:term":[{"taxonomy":"product_brand","embeddable":true,"href":"https:\/\/www.pandasmoking.com\/fr\/wp-json\/wp\/v2\/product_brand?post=394"},{"taxonomy":"product_cat","embeddable":true,"href":"https:\/\/www.pandasmoking.com\/fr\/wp-json\/wp\/v2\/product_cat?post=394"},{"taxonomy":"product_tag","embeddable":true,"href":"https:\/\/www.pandasmoking.com\/fr\/wp-json\/wp\/v2\/product_tag?post=394"}],"curies":[{"name":"wp","href":"https:\/\/api.w.org\/{rel}","templated":true}]}}