{"id":707,"date":"2026-03-16T15:42:49","date_gmt":"2026-03-16T07:42:49","guid":{"rendered":"https:\/\/www.pandasmoking.com\/?post_type=product&#038;p=707"},"modified":"2026-04-23T18:54:47","modified_gmt":"2026-04-23T10:54:47","slug":"double-happiness-hard","status":"publish","type":"product","link":"https:\/\/www.pandasmoking.com\/fr\/produit\/double-happiness-hard","title":{"rendered":"Double bonheur dur"},"content":{"rendered":"<h3>Informations sur les cigarettes<\/h3>\n<table>\n<thead>\n<tr>\n<th>Objet<\/th>\n<th>D\u00e9tails<\/th>\n<\/tr>\n<\/thead>\n<tbody>\n<tr>\n<td>Marque<\/td>\n<td>Double bonheur rouge (Shanghai)<\/td>\n<\/tr>\n<tr>\n<td>Goudron<\/td>\n<td>10 mg<\/td>\n<\/tr>\n<tr>\n<td>Monoxyde de carbone<\/td>\n<td>12 mg<\/td>\n<\/tr>\n<tr>\n<td>Nicotine<\/td>\n<td>0,9 mg<\/td>\n<\/tr>\n<tr>\n<td>Longueur du filtre<\/td>\n<td>20 mm<\/td>\n<\/tr>\n<tr>\n<td>Emballage<\/td>\n<td>Bo\u00eete rigide en papier<\/td>\n<\/tr>\n<tr>\n<td>Type<\/td>\n<td>Cigarette fum\u00e9e<\/td>\n<\/tr>\n<tr>\n<td>Couleur principale<\/td>\n<td>Rouge<\/td>\n<\/tr>\n<tr>\n<td>Couleur secondaire<\/td>\n<td>Gris<\/td>\n<\/tr>\n<tr>\n<td>Longueur<\/td>\n<td>84mm<\/td>\n<\/tr>\n<tr>\n<td>Circonf\u00e9rence<\/td>\n<td>25 mm<\/td>\n<\/tr>\n<tr>\n<td>Cigarettes par paquet<\/td>\n<td>20<\/td>\n<\/tr>\n<tr>\n<td>Paquets par carton<\/td>\n<td>10<\/td>\n<\/tr>\n<tr>\n<td>Cigarettes par carton<\/td>\n<td>200<\/td>\n<\/tr>\n<\/tbody>\n<\/table>\n<h3 data-start=\"137\" data-end=\"176\"><strong data-start=\"137\" data-end=\"176\">Informations importantes avant l'achat :<\/strong><\/h3>\n<ul data-start=\"178\" data-end=\"781\">\n<li data-start=\"178\" data-end=\"502\">\n<p data-start=\"180\" data-end=\"502\"><strong data-start=\"180\" data-end=\"207\">Authenticit\u00e9 garantie<\/strong>: Genuine National Tobacco Network garantit la vente de produits authentiques. Les produits de contrefa\u00e7on sont strictement interdits. Les amis chinois d'outre-mer sont invit\u00e9s \u00e0 passer des commandes pour les produits suivants\u00a0<strong data-start=\"392\" data-end=\"405\">commerce de gros<\/strong>\u00a0et\u00a0<strong data-start=\"410\" data-end=\"420\">commerce de d\u00e9tail<\/strong>. Les acheteurs int\u00e9ress\u00e9s peuvent\u00a0<strong data-start=\"444\" data-end=\"464\">ajouter notre WhatsApp<\/strong>\u00a0(+447922291211) pour plus d'informations.<\/p>\n<\/li>\n<li data-start=\"503\" data-end=\"781\">\n<p data-start=\"505\" data-end=\"781\"><strong data-start=\"505\" data-end=\"529\">Op\u00e9rateur exp\u00e9riment\u00e9<\/strong>: L'exploitant de cette boutique en ligne poss\u00e8de des ann\u00e9es d'exp\u00e9rience dans le secteur de la logistique internationale et de la livraison express, ainsi qu'une expertise et des strat\u00e9gies approfondies en mati\u00e8re d'exp\u00e9dition de marchandises sensibles au niveau international. Les clients d'outre-mer peuvent acheter en toute confiance !<\/p>\n<\/li>\n<\/ul>\n<h3 data-start=\"783\" data-end=\"803\"><strong data-start=\"783\" data-end=\"803\">Politique d'exp\u00e9dition :<\/strong><\/h3>\n<ul data-start=\"805\" data-end=\"1004\">\n<li data-start=\"805\" data-end=\"1004\">\n<p data-start=\"807\" data-end=\"1004\"><strong data-start=\"807\" data-end=\"825\">Prix du carton<\/strong>: Tous les prix affich\u00e9s sur le site sont par carton.\u00a0<strong data-start=\"876\" data-end=\"893\">Livraison gratuite<\/strong>\u00a0s'applique aux commandes d'un carton ou plus. Pour plus de d\u00e9tails, veuillez contacter notre service client\u00e8le WhatsApp.<\/p>\n<\/li>\n<\/ul>\n<h3 data-start=\"1006\" data-end=\"1026\"><strong data-start=\"1006\" data-end=\"1026\">Modes de paiement :<\/strong><\/h3>\n<ul data-start=\"1028\" data-end=\"1611\">\n<li data-start=\"1028\" data-end=\"1359\">\n<p data-start=\"1030\" data-end=\"1359\"><strong data-start=\"1030\" data-end=\"1049\">Processus de paiement<\/strong>: En raison de la nature sensible de nos produits,\u00a0<strong data-start=\"1096\" data-end=\"1160\">les paiements en ligne via le panier d'achat sont actuellement d\u00e9sactiv\u00e9s<\/strong>. S'il vous pla\u00eet\u00a0<strong data-start=\"1169\" data-end=\"1221\">ne pas effectuer de paiements en ligne par le biais du panier<\/strong>. Apr\u00e8s avoir pass\u00e9 une commande, fournir le\u00a0<strong data-start=\"1259\" data-end=\"1275\">num\u00e9ro de commande<\/strong>\u00a0\u00e0 notre\u00a0<strong data-start=\"1283\" data-end=\"1312\">Service client\u00e8le de WhatsApp<\/strong>\u00a0pour une collecte plus pr\u00e9cise des adresses de livraison.<\/p>\n<\/li>\n<li data-start=\"1360\" data-end=\"1611\">\n<p data-start=\"1362\" data-end=\"1398\">Nos principales m\u00e9thodes de paiement sont les suivantes<\/p>\n<ul data-start=\"1401\" data-end=\"1611\">\n<li data-start=\"1401\" data-end=\"1413\">\n<p data-start=\"1403\" data-end=\"1413\"><strong data-start=\"1403\" data-end=\"1413\">PayPal<\/strong><\/p>\n<\/li>\n<li data-start=\"1416\" data-end=\"1428\">\n<p data-start=\"1418\" data-end=\"1428\"><strong data-start=\"1418\" data-end=\"1428\">Rayure<\/strong><\/p>\n<\/li>\n<li data-start=\"1431\" data-end=\"1449\">\n<p data-start=\"1433\" data-end=\"1449\"><strong data-start=\"1433\" data-end=\"1449\">Cartes de cr\u00e9dit<\/strong><\/p>\n<\/li>\n<li data-start=\"1452\" data-end=\"1471\">\n<p data-start=\"1454\" data-end=\"1471\"><strong data-start=\"1454\" data-end=\"1471\">Western Union<\/strong><\/p>\n<\/li>\n<li data-start=\"1474\" data-end=\"1611\">\n<p data-start=\"1476\" data-end=\"1611\">Les monnaies \u00e9trang\u00e8res sont converties au taux de change\u00a0<strong data-start=\"1516\" data-end=\"1539\">taux de change quotidien<\/strong>. Pour plus d'informations, veuillez contacter notre\u00a0<strong data-start=\"1581\" data-end=\"1610\">Service client\u00e8le de WhatsApp<\/strong>.<\/p>\n<\/li>\n<\/ul>\n<\/li>\n<\/ul>\n<h3 data-start=\"1613\" data-end=\"1637\"><strong data-start=\"1613\" data-end=\"1637\">Service apr\u00e8s-vente :<\/strong><\/h3>\n<ul data-start=\"1639\" data-end=\"2122\">\n<li data-start=\"1639\" data-end=\"1867\">\n<p data-start=\"1641\" data-end=\"1867\"><strong data-start=\"1641\" data-end=\"1658\">Rester en contact<\/strong>: Il est conseill\u00e9 aux clients de\u00a0<strong data-start=\"1685\" data-end=\"1722\">ajouter notre service client\u00e8le WhatsApp<\/strong>\u00a0avant l'achat pour recevoir les derni\u00e8res informations. Si vous n'avez pas WhatsApp, vous pouvez nous contacter via\u00a0<strong data-start=\"1827\" data-end=\"1836\">courriel<\/strong>\u00a0\u00e0\u00a0<strong data-start=\"1840\" data-end=\"1865\"><a class=\"decorated-link cursor-pointer\" rel=\"noopener\" data-start=\"1842\" data-end=\"1863\">Info@pandasmoking.com<\/a><\/strong>.<\/p>\n<\/li>\n<li data-start=\"1868\" data-end=\"2122\">\n<p data-start=\"1870\" data-end=\"2122\"><strong data-start=\"1870\" data-end=\"1903\">Confirmation de la commande et suivi<\/strong>: Une fois le paiement confirm\u00e9, nous organisons imm\u00e9diatement l'exp\u00e9dition et envoyons le colis \u00e0 l'exp\u00e9diteur.\u00a0<strong data-start=\"1982\" data-end=\"2001\">num\u00e9ro de suivi<\/strong>\u00a0sur votre WhatsApp ou par courriel. V\u00e9rifiez les mises \u00e0 jour ! Sur\u00a0<strong data-start=\"2060\" data-end=\"2121\">90% des colis internationaux EMS arrivent dans les 12-20 jours.<\/strong>.<\/p>\n<\/li>\n<\/ul>\n<h3 data-start=\"2124\" data-end=\"2145\"><strong data-start=\"2124\" data-end=\"2145\">Questions fiscales :<\/strong><\/h3>\n<ul data-start=\"2147\" data-end=\"2405\">\n<li data-start=\"2147\" data-end=\"2405\">\n<p data-start=\"2149\" data-end=\"2405\"><strong data-start=\"2149\" data-end=\"2167\">R\u00e9formes fiscales de l'UE<\/strong>: L'UE a achev\u00e9 les r\u00e9formes fiscales en\u00a0<strong data-start=\"2201\" data-end=\"2214\">Juillet 2021<\/strong>, et impose d\u00e9sormais des taxes sur les colis allant de quelques euros \u00e0 plusieurs dizaines d'euros. Cette taxation s'applique \u00e0 tous les colis postaux entrant dans ces pays, et non sp\u00e9cifiquement aux produits du tabac.<\/p>\n<\/li>\n<\/ul>\n<h3 data-start=\"2407\" data-end=\"2428\"><strong data-start=\"2407\" data-end=\"2428\">Commandes en gros :<\/strong><\/h3>\n<ul data-start=\"2430\" data-end=\"2600\">\n<li data-start=\"2430\" data-end=\"2600\">\n<p data-start=\"2432\" data-end=\"2600\"><strong data-start=\"2432\" data-end=\"2460\">Commandes en gros bienvenues<\/strong>: Nous acceptons\u00a0<strong data-start=\"2472\" data-end=\"2492\">commandes en gros<\/strong>. Pour plus de d\u00e9tails, veuillez contacter notre\u00a0<strong data-start=\"2526\" data-end=\"2555\">Service client\u00e8le de WhatsApp<\/strong>\u00a0pour plus d'informations et les derni\u00e8res mises \u00e0 jour.<\/p>\n<\/li>\n<\/ul>","protected":false},"excerpt":{"rendered":"<ul>\n<li data-section-id=\"blvlep\" data-start=\"58\" data-end=\"211\">\n<p data-start=\"61\" data-end=\"211\"><strong data-start=\"61\" data-end=\"211\">Double Happiness Hard est une cigarette flue-cured pr\u00e9sent\u00e9e dans une bo\u00eete rigide robuste, offrant un style classique au sein de la gamme Double Happiness.<\/strong><\/p>\n<\/li>\n<li data-section-id=\"17cgrv7\" data-start=\"213\" data-end=\"348\">\n<p data-start=\"216\" data-end=\"348\"><strong data-start=\"216\" data-end=\"348\">Le pack pr\u00e9sente une combinaison de couleurs rouge et grise, ce qui lui conf\u00e8re une apparence audacieuse et reconnaissable avec un design traditionnel.<\/strong><\/p>\n<\/li>\n<li data-section-id=\"19o0953\" data-start=\"350\" data-end=\"482\">\n<p data-start=\"353\" data-end=\"482\"><strong data-start=\"353\" data-end=\"482\">Chaque cigarette est fabriqu\u00e9e dans une longueur standard de 84 mm avec un filtre de 20 mm, offrant ainsi un format plein familier aux fumeurs adultes.<\/strong><\/p>\n<\/li>\n<li data-section-id=\"15klewy\" data-start=\"484\" data-end=\"601\">\n<p data-start=\"487\" data-end=\"601\"><strong data-start=\"487\" data-end=\"601\">Chaque paquet contient 20 cigarettes et chaque cartouche contient 10 paquets, soit un total de 200 cigarettes par cartouche.<\/strong><\/p>\n<\/li>\n<li data-section-id=\"17u80vn\" data-start=\"603\" data-end=\"739\">\n<p data-start=\"606\" data-end=\"739\"><strong data-start=\"606\" data-end=\"739\">Les sp\u00e9cifications du produit comprennent 10 mg de goudron, 0,9 mg de nicotine et 12 mg de monoxyde de carbone, avec des d\u00e9tails cl\u00e9s clairement r\u00e9pertori\u00e9s pour r\u00e9f\u00e9rence.<\/strong><\/p>\n<\/li>\n<\/ul>","protected":false},"featured_media":719,"comment_status":"open","ping_status":"closed","template":"","meta":{"_joinchat":[]},"product_brand":[],"product_cat":[31],"product_tag":[],"class_list":{"0":"post-707","1":"product","2":"type-product","3":"status-publish","4":"has-post-thumbnail","6":"product_cat-double-happiness","8":"first","9":"outofstock","10":"shipping-taxable","11":"purchasable","12":"product-type-simple"},"_links":{"self":[{"href":"https:\/\/www.pandasmoking.com\/fr\/wp-json\/wp\/v2\/product\/707","targetHints":{"allow":["GET"]}}],"collection":[{"href":"https:\/\/www.pandasmoking.com\/fr\/wp-json\/wp\/v2\/product"}],"about":[{"href":"https:\/\/www.pandasmoking.com\/fr\/wp-json\/wp\/v2\/types\/product"}],"replies":[{"embeddable":true,"href":"https:\/\/www.pandasmoking.com\/fr\/wp-json\/wp\/v2\/comments?post=707"}],"wp:featuredmedia":[{"embeddable":true,"href":"https:\/\/www.pandasmoking.com\/fr\/wp-json\/wp\/v2\/media\/719"}],"wp:attachment":[{"href":"https:\/\/www.pandasmoking.com\/fr\/wp-json\/wp\/v2\/media?parent=707"}],"wp:term":[{"taxonomy":"product_brand","embeddable":true,"href":"https:\/\/www.pandasmoking.com\/fr\/wp-json\/wp\/v2\/product_brand?post=707"},{"taxonomy":"product_cat","embeddable":true,"href":"https:\/\/www.pandasmoking.com\/fr\/wp-json\/wp\/v2\/product_cat?post=707"},{"taxonomy":"product_tag","embeddable":true,"href":"https:\/\/www.pandasmoking.com\/fr\/wp-json\/wp\/v2\/product_tag?post=707"}],"curies":[{"name":"wp","href":"https:\/\/api.w.org\/{rel}","templated":true}]}}