{"id":1086,"date":"2026-03-19T11:11:59","date_gmt":"2026-03-19T03:11:59","guid":{"rendered":"https:\/\/www.pandasmoking.com\/?page_id=1086"},"modified":"2026-04-17T17:33:13","modified_gmt":"2026-04-17T09:33:13","slug":"payment","status":"publish","type":"page","link":"https:\/\/www.pandasmoking.com\/pt\/payment","title":{"rendered":"Pagamento"},"content":{"rendered":"<p>Em <strong>Panda<\/strong><a href=\"https:\/\/www.pandasmoking.com\/pt\/\">https:\/\/www.pandasmoking.com\/<\/a><strong>Fumar<\/strong>, O nosso objetivo \u00e9 tornar a finaliza\u00e7\u00e3o da compra simples e conveniente para os clientes de todo o mundo. Suportamos v\u00e1rios m\u00e9todos de pagamento para que possa escolher a op\u00e7\u00e3o mais adequada para si.<\/p>\n\n\n\n<h2 class=\"wp-block-heading\">M\u00e9todos de pagamento aceites<\/h2>\n\n\n\n<p>Atualmente, aceitamos as seguintes op\u00e7\u00f5es de pagamento:<\/p>\n\n\n\n<ul class=\"wp-block-list\">\n<li>PayPal<\/li>\n\n\n\n<li>Riscas<\/li>\n\n\n\n<li>Alipay<\/li>\n\n\n\n<li>WeChat Pay<\/li>\n\n\n\n<li>Western Union<\/li>\n\n\n\n<li>Visto<\/li>\n\n\n\n<li>Mastercard<\/li>\n\n\n\n<li>American Express<\/li>\n\n\n\n<li>Descobrir<\/li>\n\n\n\n<li>UnionPay<\/li>\n\n\n\n<li>JCB<\/li>\n\n\n\n<li><strong>USDT (TRC20)<\/strong><\/li>\n<\/ul>\n\n\n\n<p>Dependendo da sua regi\u00e3o e do seu dispositivo, os m\u00e9todos de pagamento dispon\u00edveis apresentados na finaliza\u00e7\u00e3o da compra podem variar.<\/p>\n\n\n\n<h2 class=\"wp-block-heading\">Instru\u00e7\u00f5es de pagamento em USDT<\/h2>\n\n\n\n<p>Tamb\u00e9m aceitamos <strong>USDT (apenas TRC20)<\/strong> para os clientes que preferem o pagamento em moeda criptogr\u00e1fica.<\/p>\n\n\n\n<p><strong>Endere\u00e7o da carteira recetora:<\/strong><br><code>TRvad4RPeXfMCSWjmrNs2c6rStC3Wiq7s2<\/code><\/p>\n\n\n\n<h3 class=\"wp-block-heading\">Como pagar com USDT<\/h3>\n\n\n\n<ol class=\"wp-block-list\">\n<li>Selecionar <strong>Pagamento em USDT<\/strong> no ato da compra.<\/li>\n\n\n\n<li>O total da sua encomenda em <strong>USD<\/strong> ser\u00e1 convertido no equivalente <strong>Montante em USDT<\/strong>.<\/li>\n\n\n\n<li>O pagamento deve ser efectuado atrav\u00e9s do <strong>Apenas a rede TRC20<\/strong>.<\/li>\n\n\n\n<li>Enviar o montante exato de USDT para o endere\u00e7o da carteira abaixo indicado:<br><code>TRvad4RPeXfMCSWjmrNs2c6rStC3Wiq7s2<\/code><\/li>\n\n\n\n<li>Ap\u00f3s o pagamento, envie o seu <strong>N\u00famero de encomenda + TXID (Transaction Hash)<\/strong> para o nosso <strong>WhatsApp<\/strong>:<br><strong>+44 7922 291211<\/strong><\/li>\n\n\n\n<li>Normalmente confirmamos o pagamento dentro de <strong>30 minutos<\/strong>.<\/li>\n\n\n\n<li>Se o pagamento n\u00e3o for efectuado no prazo de <strong>1 hora<\/strong>, a encomenda ser\u00e1 automaticamente anulada.<\/li>\n<\/ol>\n\n\n\n<h3 class=\"wp-block-heading\">Notas importantes<\/h3>\n\n\n\n<ul class=\"wp-block-list\">\n<li><strong>Apenas o USDT-TRC20 \u00e9 aceite.<\/strong><\/li>\n\n\n\n<li>Fazer <strong>n\u00e3o<\/strong> enviar outras moedas ou utilizar outra rede, ou os fundos podem ser perdidos.<\/li>\n\n\n\n<li>Por favor, envie o <strong>montante exato do pagamento<\/strong> apresentado no ato da compra.<\/li>\n\n\n\n<li>Para acelerar a verifica\u00e7\u00e3o, envie o seu <strong>N\u00famero de encomenda e TXID<\/strong> imediatamente ap\u00f3s o pagamento.<\/li>\n<\/ul>\n\n\n\n<h2 class=\"wp-block-heading\">Vers\u00e3o curta do USDT para a p\u00e1gina de checkout<\/h2>\n\n\n\n<p><strong>Pagamento em USDT<\/strong><br>Aceitamos <strong>USDT (apenas TRC20)<\/strong>. Por favor, envie o montante exato de USDT convertido do total da sua encomenda em <strong>USD<\/strong> para o endere\u00e7o da carteira abaixo indicado:<br><code>TRvad4RPeXfMCSWjmrNs2c6rStC3Wiq7s2<\/code><\/p>\n\n\n\n<p>Ap\u00f3s o pagamento, envie o seu <strong>N\u00famero de encomenda + TXID<\/strong> para o nosso <strong>WhatsApp: +44 7922 291211<\/strong>.<br>Normalmente confirmamos o pagamento dentro de <strong>30 minutos<\/strong>.<br>Encomendas n\u00e3o pagas ap\u00f3s <strong>1 hora<\/strong> ser\u00e1 cancelado automaticamente.<\/p>","protected":false},"excerpt":{"rendered":"<p>At Pandahttps:\/\/www.pandasmoking.com\/Smoking, we aim to make checkout simple and convenient for customers worldwide. We support multiple payment methods so you can choose the option that works best for you. Accepted Payment Methods We currently accept the following payment options: Depending on your region and device, the available payment methods shown at checkout may vary. USDT [&hellip;]<\/p>\n","protected":false},"author":1,"featured_media":0,"parent":0,"menu_order":0,"comment_status":"closed","ping_status":"closed","template":"","meta":{"_joinchat":[],"footnotes":""},"class_list":["post-1086","page","type-page","status-publish","hentry"],"_links":{"self":[{"href":"https:\/\/www.pandasmoking.com\/pt\/wp-json\/wp\/v2\/pages\/1086","targetHints":{"allow":["GET"]}}],"collection":[{"href":"https:\/\/www.pandasmoking.com\/pt\/wp-json\/wp\/v2\/pages"}],"about":[{"href":"https:\/\/www.pandasmoking.com\/pt\/wp-json\/wp\/v2\/types\/page"}],"author":[{"embeddable":true,"href":"https:\/\/www.pandasmoking.com\/pt\/wp-json\/wp\/v2\/users\/1"}],"replies":[{"embeddable":true,"href":"https:\/\/www.pandasmoking.com\/pt\/wp-json\/wp\/v2\/comments?post=1086"}],"version-history":[{"count":2,"href":"https:\/\/www.pandasmoking.com\/pt\/wp-json\/wp\/v2\/pages\/1086\/revisions"}],"predecessor-version":[{"id":1371,"href":"https:\/\/www.pandasmoking.com\/pt\/wp-json\/wp\/v2\/pages\/1086\/revisions\/1371"}],"wp:attachment":[{"href":"https:\/\/www.pandasmoking.com\/pt\/wp-json\/wp\/v2\/media?parent=1086"}],"curies":[{"name":"wp","href":"https:\/\/api.w.org\/{rel}","templated":true}]}}