{"id":1367,"date":"2026-04-16T14:35:26","date_gmt":"2026-04-16T06:35:26","guid":{"rendered":"https:\/\/www.pandasmoking.com\/?page_id=1367"},"modified":"2026-04-16T14:35:28","modified_gmt":"2026-04-16T06:35:28","slug":"become-a-distributor","status":"publish","type":"page","link":"https:\/\/www.pandasmoking.com\/pt\/become-a-distributor","title":{"rendered":"Tornar-se um distribuidor"},"content":{"rendered":"<h2 class=\"wp-block-heading\"><strong>Procura uma entrega mais r\u00e1pida de vape na Europa e na Austr\u00e1lia?<\/strong><\/h2>\n\n\n\n<p>A PandaSmoking oferece solu\u00e7\u00f5es de distribui\u00e7\u00e3o em armaz\u00e9m local para revendedores, dropshippers e parceiros grossistas. Com quantidades de encomenda flex\u00edveis, apoio de expedi\u00e7\u00e3o r\u00e1pida e cobertura de mercado selecionada, ajudamo-lo a servir os seus clientes de forma mais eficiente.<\/p>\n\n\n\n<h2 class=\"wp-block-heading\">Porqu\u00ea trabalhar com a PandaSmoking<\/h2>\n\n\n\n<ul class=\"wp-block-list\">\n<li><strong>Apoio ao armaz\u00e9m local na Europa e na Austr\u00e1lia<\/strong><\/li>\n\n\n\n<li><strong>Dropshipping dispon\u00edvel a partir de apenas 1 pe\u00e7a<\/strong><\/li>\n\n\n\n<li><strong>Encomenda inicial recomendada: 15 pe\u00e7as<\/strong><\/li>\n\n\n\n<li>Cumprimento local mais r\u00e1pido<\/li>\n\n\n\n<li>Op\u00e7\u00f5es flex\u00edveis de quantidade para pequenos e grandes compradores<\/li>\n\n\n\n<li>Adequado para retalhistas, vendedores em linha e parceiros de distribui\u00e7\u00e3o<\/li>\n<\/ul>\n\n\n\n<h2 class=\"wp-block-heading\">Cobertura de armaz\u00e9ns no estrangeiro<\/h2>\n\n\n\n<h3 class=\"wp-block-heading\">Armaz\u00e9m Europa<\/h3>\n\n\n\n<p>O armaz\u00e9m europeu suporta <strong>dropshipping<\/strong> e pode enviar para os seguintes pa\u00edses:<\/p>\n\n\n\n<ul class=\"wp-block-list\">\n<li>Espanha<\/li>\n\n\n\n<li>Portugal<\/li>\n\n\n\n<li>Fran\u00e7a<\/li>\n\n\n\n<li>Alemanha<\/li>\n\n\n\n<li>It\u00e1lia<\/li>\n\n\n\n<li>\u00c1ustria<\/li>\n\n\n\n<li>Luxemburgo<\/li>\n\n\n\n<li>Pa\u00edses Baixos<\/li>\n\n\n\n<li>B\u00e9lgica<\/li>\n\n\n\n<li>Dinamarca<\/li>\n\n\n\n<li>Pol\u00f3nia<\/li>\n\n\n\n<li>Eslov\u00e9nia<\/li>\n\n\n\n<li>Eslov\u00e1quia<\/li>\n\n\n\n<li>Est\u00f3nia<\/li>\n\n\n\n<li>Let\u00f3nia<\/li>\n\n\n\n<li>Litu\u00e2nia<\/li>\n\n\n\n<li>Bulg\u00e1ria<\/li>\n\n\n\n<li>Cro\u00e1cia<\/li>\n\n\n\n<li>Finl\u00e2ndia<\/li>\n\n\n\n<li>Rom\u00e9nia<\/li>\n\n\n\n<li>Su\u00e9cia<\/li>\n\n\n\n<li>Rep\u00fablica Checa<\/li>\n\n\n\n<li>Hungria<\/li>\n\n\n\n<li>Gr\u00e9cia<\/li>\n\n\n\n<li>Irlanda<\/li>\n<\/ul>\n\n\n\n<h3 class=\"wp-block-heading\">Armaz\u00e9m da Austr\u00e1lia<\/h3>\n\n\n\n<p>O armaz\u00e9m da Austr\u00e1lia tamb\u00e9m suporta <strong>dropshipping a partir de 1 pe\u00e7a<\/strong>.<br>Para saber a disponibilidade de stock no armaz\u00e9m local e as modalidades de entrega, contacte-nos antes de efetuar encomendas maiores.<\/p>\n\n\n\n<h2 class=\"wp-block-heading\">Pol\u00edtica de quantidade de encomenda<\/h2>\n\n\n\n<ul class=\"wp-block-list\">\n<li><strong>Quantidade m\u00ednima para dropshipping:<\/strong> 1 pe\u00e7a<\/li>\n\n\n\n<li><strong>Quantidade inicial recomendada:<\/strong> 15 pe\u00e7as<\/li>\n<\/ul>\n\n\n\n<p>A quantidade de encomenda recomendada ajuda a melhorar a efici\u00eancia do cumprimento e proporciona uma maior flexibilidade aos revendedores e distribuidores.<\/p>\n\n\n\n<h2 class=\"wp-block-heading\">Notas de envio importantes<\/h2>\n\n\n\n<p>Leia atentamente o que se segue. As encomendas efectuadas atrav\u00e9s do envio para um armaz\u00e9m no estrangeiro s\u00e3o consideradas como aceita\u00e7\u00e3o das presentes condi\u00e7\u00f5es por defeito.<\/p>\n\n\n\n<h3 class=\"wp-block-heading\">Casos n\u00e3o cobertos pelo servi\u00e7o p\u00f3s-venda<\/h3>\n\n\n\n<p>N\u00e3o podemos fornecer assist\u00eancia p\u00f3s-venda para problemas log\u00edsticos causados pelas seguintes situa\u00e7\u00f5es:<\/p>\n\n\n\n<ol class=\"wp-block-list\">\n<li>Informa\u00e7\u00f5es de envio incorrectas fornecidas pelo cliente, resultando na perda da encomenda ou numa entrega falhada<\/li>\n\n\n\n<li>Interrup\u00e7\u00e3o do seguimento causada pelo desalfandegamento secund\u00e1rio<\/li>\n\n\n\n<li>Perda da encomenda causada pelo facto de o destinat\u00e1rio n\u00e3o estar dispon\u00edvel durante a entrega<\/li>\n\n\n\n<li>Perda parcial do produto detectada no interior da encomenda durante a entrega<\/li>\n\n\n\n<li>Perda de encomendas causada pela altera\u00e7\u00e3o do endere\u00e7o de entrega ou do n\u00famero de telefone ap\u00f3s o envio<\/li>\n<\/ol>\n\n\n\n<h2 class=\"wp-block-heading\">Sobretaxa de zona remota<\/h2>\n\n\n\n<p>Se o endere\u00e7o de entrega estiver localizado num <strong>zona remota<\/strong>, podem aplicar-se custos de envio adicionais.<br>Por favor, contacte-nos antecipadamente com o endere\u00e7o de entrega para confirma\u00e7\u00e3o. Obrigado pela vossa compreens\u00e3o.<\/p>\n\n\n\n<h2 class=\"wp-block-heading\">Aviso de m\u00e9todo de envio<\/h2>\n\n\n\n<p>O pre\u00e7o dos nossos armaz\u00e9ns no estrangeiro baseia-se em <strong>entrega expresso normal<\/strong> por defeito.<\/p>\n\n\n\n<p>Se necessitar de outros m\u00e9todos de entrega, tais como <strong>entrega de cami\u00f5es<\/strong> ou <strong>servi\u00e7os locais de entrega de cart\u00f5es<\/strong>, A taxa de envio ser\u00e1 calculada separadamente com base na disposi\u00e7\u00e3o efectiva.<\/p>\n\n\n\n<h2 class=\"wp-block-heading\">Seja nosso parceiro<\/h2>\n\n\n\n<p>Se procura um parceiro fi\u00e1vel para o fornecimento de vape com <strong>Apoio ao armaz\u00e9m local na Europa e na Austr\u00e1lia<\/strong>, A PandaSmoking est\u00e1 pronta para o ajudar a crescer com solu\u00e7\u00f5es de cumprimento mais flex\u00edveis.<\/p>\n\n\n\n<p>Para quest\u00f5es relacionadas com o produto, confirma\u00e7\u00e3o de stock, coopera\u00e7\u00e3o por grosso ou apoio ao dropshipping, contacte-nos diretamente.<\/p>\n\n\n\n<h2 class=\"wp-block-heading\">Contactar-nos<\/h2>\n\n\n\n<p><strong>WhatsApp:<\/strong> +44 7922291211<br><strong>Correio eletr\u00f3nico:<\/strong> info@pandasmoking.com<\/p>","protected":false},"excerpt":{"rendered":"<p>Looking for faster vape fulfillment in Europe and Australia? PandaSmoking offers local warehouse distribution solutions for resellers, dropshippers, and wholesale partners. With flexible order quantities, fast dispatch support, and selected market coverage, we help you serve your customers more efficiently. Why Work With PandaSmoking Overseas Warehouse Coverage Europe Warehouse The Europe warehouse supports dropshipping and [&hellip;]<\/p>\n","protected":false},"author":1,"featured_media":0,"parent":0,"menu_order":0,"comment_status":"closed","ping_status":"closed","template":"","meta":{"_joinchat":[],"footnotes":""},"class_list":["post-1367","page","type-page","status-publish","hentry"],"_links":{"self":[{"href":"https:\/\/www.pandasmoking.com\/pt\/wp-json\/wp\/v2\/pages\/1367","targetHints":{"allow":["GET"]}}],"collection":[{"href":"https:\/\/www.pandasmoking.com\/pt\/wp-json\/wp\/v2\/pages"}],"about":[{"href":"https:\/\/www.pandasmoking.com\/pt\/wp-json\/wp\/v2\/types\/page"}],"author":[{"embeddable":true,"href":"https:\/\/www.pandasmoking.com\/pt\/wp-json\/wp\/v2\/users\/1"}],"replies":[{"embeddable":true,"href":"https:\/\/www.pandasmoking.com\/pt\/wp-json\/wp\/v2\/comments?post=1367"}],"version-history":[{"count":1,"href":"https:\/\/www.pandasmoking.com\/pt\/wp-json\/wp\/v2\/pages\/1367\/revisions"}],"predecessor-version":[{"id":1368,"href":"https:\/\/www.pandasmoking.com\/pt\/wp-json\/wp\/v2\/pages\/1367\/revisions\/1368"}],"wp:attachment":[{"href":"https:\/\/www.pandasmoking.com\/pt\/wp-json\/wp\/v2\/media?parent=1367"}],"curies":[{"name":"wp","href":"https:\/\/api.w.org\/{rel}","templated":true}]}}