{"id":108,"date":"2026-03-11T18:16:30","date_gmt":"2026-03-11T10:16:30","guid":{"rendered":"https:\/\/www.pandasmoking.com\/?post_type=product&#038;p=108"},"modified":"2026-03-19T15:01:09","modified_gmt":"2026-03-19T07:01:09","slug":"marlboro-double-blast","status":"publish","type":"product","link":"https:\/\/www.pandasmoking.com\/pt\/produto\/marlboro-double-blast","title":{"rendered":"Marlboro Double Blast"},"content":{"rendered":"<p><strong data-start=\"647\" data-end=\"672\">Marlboro Double Blast<\/strong> \u00e9 uma variante do cigarro Marlboro documentada publicamente na Austr\u00e1lia como um <strong data-start=\"743\" data-end=\"783\">King-Size Hard Pack de 20 cigarros<\/strong>. Com base no relat\u00f3rio de ingredientes australiano, trata-se de uma variante do produto Marlboro oficialmente listada e n\u00e3o apenas de um nome informal de retalhista. Nas listas de retalho actuais, \u00e9 geralmente apresentado com <strong data-start=\"983\" data-end=\"994\">8 mg de alcatr\u00e3o<\/strong> e <strong data-start=\"999\" data-end=\"1017\">0,8 mg de nicotina<\/strong>, o que a torna uma op\u00e7\u00e3o mais forte para os compradores que preferem um perfil Marlboro mais encorpado num formato de embalagem dura.<\/p>\n<h3>Informa\u00e7\u00f5es sobre cigarros<\/h3>\n<table>\n<thead>\n<tr>\n<th>Item<\/th>\n<th>Detalhes<\/th>\n<\/tr>\n<\/thead>\n<tbody>\n<tr>\n<td>Nome do produto<\/td>\n<td>Marlboro Double Blast<\/td>\n<\/tr>\n<tr>\n<td>Marca<\/td>\n<td>Marlboro<\/td>\n<\/tr>\n<tr>\n<td>Tipo de produto<\/td>\n<td>Cigarros<\/td>\n<\/tr>\n<tr>\n<td>Mercado<\/td>\n<td>Austr\u00e1lia<\/td>\n<\/tr>\n<tr>\n<td>Estilo de embalagem<\/td>\n<td>Embalagem r\u00edgida King-Size<\/td>\n<\/tr>\n<tr>\n<td>Tamanho da embalagem<\/td>\n<td>20 cigarros<\/td>\n<\/tr>\n<tr>\n<td>Peso do produto<\/td>\n<td>0.892 g<\/td>\n<\/tr>\n<tr>\n<td>Peso do tabaco<\/td>\n<td>0.595 g<\/td>\n<\/tr>\n<tr>\n<td>Listagem de retalho comum<\/td>\n<td>8 mg de alcatr\u00e3o \/ 0,8 mg de nicotina<\/td>\n<\/tr>\n<\/tbody>\n<\/table>","protected":false},"excerpt":{"rendered":"<p>Marlboro Double Blast is a Marlboro cigarette variant publicly documented in Australia as a King-Size Hard Pack of 20 cigarettes. Based on the Australian ingredients report, it is an officially listed Marlboro product variant rather than just an informal retailer name. In current retail listings, it is commonly presented with 8mg tar and 0.8mg nicotine, [&hellip;]<\/p>\n","protected":false},"featured_media":171,"comment_status":"open","ping_status":"closed","template":"","meta":{"_joinchat":[]},"product_brand":[],"product_cat":[23],"product_tag":[],"class_list":{"0":"post-108","1":"product","2":"type-product","3":"status-publish","4":"has-post-thumbnail","6":"product_cat-marlboro","8":"first","9":"instock","10":"shipping-taxable","11":"purchasable","12":"product-type-variable"},"_links":{"self":[{"href":"https:\/\/www.pandasmoking.com\/pt\/wp-json\/wp\/v2\/product\/108","targetHints":{"allow":["GET"]}}],"collection":[{"href":"https:\/\/www.pandasmoking.com\/pt\/wp-json\/wp\/v2\/product"}],"about":[{"href":"https:\/\/www.pandasmoking.com\/pt\/wp-json\/wp\/v2\/types\/product"}],"replies":[{"embeddable":true,"href":"https:\/\/www.pandasmoking.com\/pt\/wp-json\/wp\/v2\/comments?post=108"}],"wp:featuredmedia":[{"embeddable":true,"href":"https:\/\/www.pandasmoking.com\/pt\/wp-json\/wp\/v2\/media\/171"}],"wp:attachment":[{"href":"https:\/\/www.pandasmoking.com\/pt\/wp-json\/wp\/v2\/media?parent=108"}],"wp:term":[{"taxonomy":"product_brand","embeddable":true,"href":"https:\/\/www.pandasmoking.com\/pt\/wp-json\/wp\/v2\/product_brand?post=108"},{"taxonomy":"product_cat","embeddable":true,"href":"https:\/\/www.pandasmoking.com\/pt\/wp-json\/wp\/v2\/product_cat?post=108"},{"taxonomy":"product_tag","embeddable":true,"href":"https:\/\/www.pandasmoking.com\/pt\/wp-json\/wp\/v2\/product_tag?post=108"}],"curies":[{"name":"wp","href":"https:\/\/api.w.org\/{rel}","templated":true}]}}