{"id":110,"date":"2026-03-11T18:16:30","date_gmt":"2026-03-11T10:16:30","guid":{"rendered":"https:\/\/www.pandasmoking.com\/?post_type=product&#038;p=110"},"modified":"2026-03-19T15:03:52","modified_gmt":"2026-03-19T07:03:52","slug":"marlboro-red","status":"publish","type":"product","link":"https:\/\/www.pandasmoking.com\/pt\/produto\/marlboro-red","title":{"rendered":"Marlboro Vermelho"},"content":{"rendered":"<p><strong data-start=\"701\" data-end=\"717\">Marlboro Vermelho<\/strong> \u00e9 uma das variantes n\u00e3o mentoladas mais reconhecidas da gama Marlboro e est\u00e1 normalmente associada \u00e0 apresenta\u00e7\u00e3o cl\u00e1ssica da embalagem vermelha. Nos registos regulamentares dos EUA, aparece como <strong data-start=\"903\" data-end=\"929\">Caixa de Marlboro Red Label<\/strong> e <strong data-start=\"934\" data-end=\"966\">Caixa de 100 unidades de Marlboro Red Label<\/strong>, ambos listados como <strong data-start=\"983\" data-end=\"1006\">cigarros filtrados<\/strong> vendido em <strong data-start=\"1015\" data-end=\"1042\">Embalagens de 20 cigarros<\/strong> com <strong data-start=\"1048\" data-end=\"1076\" data-is-only-node=\"\">sem sabor carater\u00edstico<\/strong>. A vers\u00e3o standard da caixa est\u00e1 listada em <strong data-start=\"1116\" data-end=\"1125\">83 mm<\/strong>, enquanto o <strong data-start=\"1137\" data-end=\"1146\">100\u2019s<\/strong> vers\u00e3o est\u00e1 listada em <strong data-start=\"1168\" data-end=\"1179\">98,5 mm<\/strong>, A principal diferen\u00e7a reside no formato do ma\u00e7o e no comprimento do cigarro e n\u00e3o no estilo de sabor.<\/p>\n<h3>Informa\u00e7\u00f5es sobre cigarros<\/h3>\n<table>\n<thead>\n<tr>\n<th>Item<\/th>\n<th>Detalhes<\/th>\n<\/tr>\n<\/thead>\n<tbody>\n<tr>\n<td>Nome do produto<\/td>\n<td>Marlboro Vermelho<\/td>\n<\/tr>\n<tr>\n<td>Marca<\/td>\n<td>Marlboro<\/td>\n<\/tr>\n<tr>\n<td>Tipo de produto<\/td>\n<td>Cigarros filtrados<\/td>\n<\/tr>\n<tr>\n<td>Rotulagem comum nos EUA<\/td>\n<td>Caixa de Marlboro Red Label<\/td>\n<\/tr>\n<tr>\n<td>Estilo de embalagem<\/td>\n<td>Embalagem r\u00edgida<\/td>\n<\/tr>\n<tr>\n<td>Tamanho da embalagem<\/td>\n<td>20 cigarros<\/td>\n<\/tr>\n<tr>\n<td>Caracteriza\u00e7\u00e3o do sabor<\/td>\n<td>Nenhum<\/td>\n<\/tr>\n<tr>\n<td>Comprimento comum<\/td>\n<td>83 mm<\/td>\n<\/tr>\n<tr>\n<td>Vers\u00e3o 100\u2019s<\/td>\n<td>Dispon\u00edvel<\/td>\n<\/tr>\n<tr>\n<td>Comprimento de 100<\/td>\n<td>98,5 mm<\/td>\n<\/tr>\n<\/tbody>\n<\/table>","protected":false},"excerpt":{"rendered":"<p>Marlboro Red is one of the most recognizable non-menthol variants in the Marlboro lineup and is commonly associated with the classic red-pack presentation. In U.S. regulatory records, it appears as Marlboro Red Label Box and Marlboro Red Label 100\u2019s Box, both listed as filtered cigarettes sold in 20-cigarette hard packs with no characterizing flavor. The [&hellip;]<\/p>\n","protected":false},"featured_media":180,"comment_status":"open","ping_status":"closed","template":"","meta":{"_joinchat":[]},"product_brand":[],"product_cat":[23],"product_tag":[],"class_list":{"0":"post-110","1":"product","2":"type-product","3":"status-publish","4":"has-post-thumbnail","6":"product_cat-marlboro","8":"first","9":"instock","10":"featured","11":"shipping-taxable","12":"purchasable","13":"product-type-variable"},"_links":{"self":[{"href":"https:\/\/www.pandasmoking.com\/pt\/wp-json\/wp\/v2\/product\/110","targetHints":{"allow":["GET"]}}],"collection":[{"href":"https:\/\/www.pandasmoking.com\/pt\/wp-json\/wp\/v2\/product"}],"about":[{"href":"https:\/\/www.pandasmoking.com\/pt\/wp-json\/wp\/v2\/types\/product"}],"replies":[{"embeddable":true,"href":"https:\/\/www.pandasmoking.com\/pt\/wp-json\/wp\/v2\/comments?post=110"}],"wp:featuredmedia":[{"embeddable":true,"href":"https:\/\/www.pandasmoking.com\/pt\/wp-json\/wp\/v2\/media\/180"}],"wp:attachment":[{"href":"https:\/\/www.pandasmoking.com\/pt\/wp-json\/wp\/v2\/media?parent=110"}],"wp:term":[{"taxonomy":"product_brand","embeddable":true,"href":"https:\/\/www.pandasmoking.com\/pt\/wp-json\/wp\/v2\/product_brand?post=110"},{"taxonomy":"product_cat","embeddable":true,"href":"https:\/\/www.pandasmoking.com\/pt\/wp-json\/wp\/v2\/product_cat?post=110"},{"taxonomy":"product_tag","embeddable":true,"href":"https:\/\/www.pandasmoking.com\/pt\/wp-json\/wp\/v2\/product_tag?post=110"}],"curies":[{"name":"wp","href":"https:\/\/api.w.org\/{rel}","templated":true}]}}