{"id":1113,"date":"2026-04-14T18:33:09","date_gmt":"2026-04-14T10:33:09","guid":{"rendered":"https:\/\/www.pandasmoking.com\/?post_type=product&#038;p=1113"},"modified":"2026-04-16T14:16:43","modified_gmt":"2026-04-16T06:16:43","slug":"airmez-lux-60k","status":"publish","type":"product","link":"https:\/\/www.pandasmoking.com\/pt\/produto\/airmez-lux-60k","title":{"rendered":"Airmez LUX 60k"},"content":{"rendered":"<p data-start=\"106\" data-end=\"410\"><strong data-start=\"106\" data-end=\"123\">Airmez LUX 60K<\/strong> \u00e9 um dispositivo vape descart\u00e1vel, elegante e de grande capacidade, concebido para utilizadores que pretendem um desempenho suave, um sabor rico e uma conveni\u00eancia moderna num produto compacto. Com o seu design apelativo e carater\u00edsticas pr\u00e1ticas, \u00e9 uma escolha forte tanto para a venda a retalho como para a distribui\u00e7\u00e3o por grosso.<\/p>\n<p data-start=\"412\" data-end=\"700\">Este dispositivo \u00e9 fornecido com <strong data-start=\"435\" data-end=\"455\">30mL de l\u00edquido eletr\u00f3nico<\/strong>, a <strong data-start=\"459\" data-end=\"472\">bobina de malha<\/strong> para uma melhor distribui\u00e7\u00e3o do sabor, um <strong data-start=\"505\" data-end=\"536\">Bateria recarreg\u00e1vel de 650mAh<\/strong>, e um <strong data-start=\"544\" data-end=\"568\">Porta de carregamento tipo C<\/strong> para um recarregamento f\u00e1cil. O Airmez LUX60K foi concebido para proporcionar uma experi\u00eancia de vaporiza\u00e7\u00e3o satisfat\u00f3ria com uma sa\u00edda consistente e um tra\u00e7\u00e3o suave.<\/p>\n<p data-start=\"702\" data-end=\"972\">A sua apar\u00eancia premium faz com que se destaque na exposi\u00e7\u00e3o, enquanto a sele\u00e7\u00e3o de sabores oferece aos clientes mais op\u00e7\u00f5es para corresponder a diferentes prefer\u00eancias. Quer esteja a vender na loja ou online, este modelo oferece uma forte combina\u00e7\u00e3o de design, funcionalidade e variedade de sabores.<\/p>\n<h3 data-section-id=\"1iz91iu\" data-start=\"974\" data-end=\"990\">Carater\u00edsticas principais<\/h3>\n<ul data-start=\"991\" data-end=\"1179\">\n<li data-section-id=\"j07jqf\" data-start=\"991\" data-end=\"1009\">30mL de l\u00edquido eletr\u00f3nico<\/li>\n<li data-section-id=\"1u6cj9s\" data-start=\"1010\" data-end=\"1048\">Bobina de malha para um sabor suave e rico<\/li>\n<li data-section-id=\"nozpp4\" data-start=\"1049\" data-end=\"1071\">Porta de carregamento tipo C<\/li>\n<li data-section-id=\"suaevp\" data-start=\"1072\" data-end=\"1101\">Bateria recarreg\u00e1vel de 650mAh<\/li>\n<li data-section-id=\"1jitody\" data-start=\"1102\" data-end=\"1136\">Design moderno e elegante do dispositivo<\/li>\n<li data-section-id=\"1turvr3\" data-start=\"1137\" data-end=\"1179\">Adequado para fornecimento a retalho e por grosso<\/li>\n<\/ul>\n<h3 data-section-id=\"1cjeezw\" data-start=\"1181\" data-end=\"1202\">Sabores dispon\u00edveis<\/h3>\n<ol data-start=\"1203\" data-end=\"1383\">\n<li data-section-id=\"1j2zj60\" data-start=\"1203\" data-end=\"1222\">Gelo de morango<\/li>\n<li data-section-id=\"ct7xja\" data-start=\"1223\" data-end=\"1242\">Gelo de melancia<\/li>\n<li data-section-id=\"ueawe5\" data-start=\"1243\" data-end=\"1261\">Bagas mistas<\/li>\n<li data-section-id=\"1ojqpom\" data-start=\"1262\" data-end=\"1285\">Maracuj\u00e1 Kiwi<\/li>\n<li data-section-id=\"1qbhb4m\" data-start=\"1286\" data-end=\"1298\">Dr. Blue<\/li>\n<li data-section-id=\"j5g2y5\" data-start=\"1299\" data-end=\"1311\">Amor 66<\/li>\n<li data-section-id=\"trqg9s\" data-start=\"1312\" data-end=\"1329\">Manga tripla<\/li>\n<li data-section-id=\"puwced\" data-start=\"1330\" data-end=\"1346\">Cola de cereja<\/li>\n<li data-section-id=\"sit6kg\" data-start=\"1347\" data-end=\"1363\">Bingo Crush<\/li>\n<li data-section-id=\"al94j7\" data-start=\"1364\" data-end=\"1383\">Limonada cor-de-rosa<\/li>\n<\/ol>\n<h3 data-section-id=\"7vssn1\" data-start=\"1385\" data-end=\"1404\">Detalhes da embalagem<\/h3>\n<ul data-start=\"1405\" data-end=\"1456\">\n<li data-section-id=\"xe8pr5\" data-start=\"1405\" data-end=\"1429\">10 unidades por caixa de exposi\u00e7\u00e3o<\/li>\n<li data-section-id=\"wdljr9\" data-start=\"1430\" data-end=\"1456\">Misto 200 unidades por caixa<\/li>\n<\/ul>\n<h3 data-section-id=\"hwjiak\" data-start=\"1702\" data-end=\"1712\">Aviso<\/h3>\n<p data-start=\"1714\" data-end=\"1787\">O pre\u00e7o do Airmez FOX 6 IN 1 14000 Puffs depende da quantidade da encomenda:<\/p>\n<ul data-start=\"1789\" data-end=\"1867\">\n<li data-section-id=\"us7ftp\" data-start=\"1789\" data-end=\"1814\">1-15 unidades: US$28.99 cada<\/li>\n<li data-section-id=\"4iw75h\" data-start=\"1815\" data-end=\"1842\">16-199 unidades: US$10.99 cada<\/li>\n<li data-section-id=\"1f1g2s0\" data-start=\"1843\" data-end=\"1867\">Mais de 200 unidades: US$8.99 cada<\/li>\n<\/ul>\n<p data-start=\"1869\" data-end=\"1971\">O pre\u00e7o varia consoante a quantidade encomendada. Confirme a quantidade antes de efetuar a sua encomenda.<\/p>\n<p data-start=\"1458\" data-end=\"1727\">O <strong data-start=\"1462\" data-end=\"1479\">Airmez LUX60K<\/strong> \u00e9 uma excelente op\u00e7\u00e3o para os vendedores que procuram um vape descart\u00e1vel de elevado valor com uma embalagem atractiva e op\u00e7\u00f5es de sabores populares. \u00c9 especialmente adequado para grossistas, distribuidores e lojas de vape que pretendam um produto com grande apelo no mercado.<\/p>","protected":false},"excerpt":{"rendered":"<h2>Especifica\u00e7\u00f5es do produto\uff1a<\/h2>\n<p>30ML de E-l\u00edquido<br \/>\nBobina de malha<br \/>\nPorta tipo C<br \/>\n650mAh<br \/>\n10 unidades numa caixa de exposi\u00e7\u00e3o<br \/>\nMistura de 200 unidades por caixa<\/p>","protected":false},"featured_media":1134,"comment_status":"open","ping_status":"closed","template":"","meta":{"_joinchat":[]},"product_brand":[],"product_cat":[55],"product_tag":[],"class_list":{"0":"post-1113","1":"product","2":"type-product","3":"status-publish","4":"has-post-thumbnail","6":"product_cat-e-cigarettes-europe","8":"first","9":"instock","10":"shipping-taxable","11":"purchasable","12":"product-type-variable"},"_links":{"self":[{"href":"https:\/\/www.pandasmoking.com\/pt\/wp-json\/wp\/v2\/product\/1113","targetHints":{"allow":["GET"]}}],"collection":[{"href":"https:\/\/www.pandasmoking.com\/pt\/wp-json\/wp\/v2\/product"}],"about":[{"href":"https:\/\/www.pandasmoking.com\/pt\/wp-json\/wp\/v2\/types\/product"}],"replies":[{"embeddable":true,"href":"https:\/\/www.pandasmoking.com\/pt\/wp-json\/wp\/v2\/comments?post=1113"}],"wp:featuredmedia":[{"embeddable":true,"href":"https:\/\/www.pandasmoking.com\/pt\/wp-json\/wp\/v2\/media\/1134"}],"wp:attachment":[{"href":"https:\/\/www.pandasmoking.com\/pt\/wp-json\/wp\/v2\/media?parent=1113"}],"wp:term":[{"taxonomy":"product_brand","embeddable":true,"href":"https:\/\/www.pandasmoking.com\/pt\/wp-json\/wp\/v2\/product_brand?post=1113"},{"taxonomy":"product_cat","embeddable":true,"href":"https:\/\/www.pandasmoking.com\/pt\/wp-json\/wp\/v2\/product_cat?post=1113"},{"taxonomy":"product_tag","embeddable":true,"href":"https:\/\/www.pandasmoking.com\/pt\/wp-json\/wp\/v2\/product_tag?post=1113"}],"curies":[{"name":"wp","href":"https:\/\/api.w.org\/{rel}","templated":true}]}}