{"id":112,"date":"2026-03-11T18:16:31","date_gmt":"2026-03-11T10:16:31","guid":{"rendered":"https:\/\/www.pandasmoking.com\/?post_type=product&#038;p=112"},"modified":"2026-03-19T14:49:13","modified_gmt":"2026-03-19T06:49:13","slug":"marlboro-hard-white-us-edition","status":"publish","type":"product","link":"https:\/\/www.pandasmoking.com\/pt\/produto\/marlboro-hard-white-us-edition","title":{"rendered":"Marlboro (Hard White) Edi\u00e7\u00e3o americana"},"content":{"rendered":"<p><strong data-start=\"583\" data-end=\"619\">Marlboro (Hard White) Edi\u00e7\u00e3o americana<\/strong> \u00e9 geralmente entendido como um produto Marlboro de embalagem dura ao estilo americano, normalmente associado \u00e0 linha Marlboro Gold na designa\u00e7\u00e3o dos retalhistas. Apresenta-se num formato de caixa firme com <strong data-start=\"798\" data-end=\"824\">20 cigarros por ma\u00e7o<\/strong>, oferecendo uma apresenta\u00e7\u00e3o limpa e cl\u00e1ssica de Marlboro para os fumadores que preferem um estilo simples e sem mentol. Os materiais p\u00fablicos dos EUA para os produtos de cigarros em caixa Marlboro identificam-nos como cigarros filtrados normais vendidos por <strong data-start=\"1052\" data-end=\"1073\">Philip Morris EUA<\/strong>, sem qualquer sabor carater\u00edstico.<\/p>\n<h3>Informa\u00e7\u00f5es sobre cigarros<\/h3>\n<table>\n<thead>\n<tr>\n<th>Item<\/th>\n<th>Detalhes<\/th>\n<\/tr>\n<\/thead>\n<tbody>\n<tr>\n<td>Nome do produto<\/td>\n<td>Marlboro (Hard White) Edi\u00e7\u00e3o americana<\/td>\n<\/tr>\n<tr>\n<td>Marca<\/td>\n<td>Marlboro<\/td>\n<\/tr>\n<tr>\n<td>Mercado<\/td>\n<td>Estados Unidos<\/td>\n<\/tr>\n<tr>\n<td>Estilo de embalagem<\/td>\n<td>Embalagem r\u00edgida \/ Caixa<\/td>\n<\/tr>\n<tr>\n<td>Tipo de produto<\/td>\n<td>Cigarros filtrados<\/td>\n<\/tr>\n<tr>\n<td>Tamanho da embalagem<\/td>\n<td>20 cigarros<\/td>\n<\/tr>\n<tr>\n<td>Tipo de sabor<\/td>\n<td>Sabor n\u00e3o caraterizante<\/td>\n<\/tr>\n<tr>\n<td>Propriet\u00e1rio da marca nos EUA.<\/td>\n<td>Philip Morris EUA<\/td>\n<\/tr>\n<\/tbody>\n<\/table>","protected":false},"excerpt":{"rendered":"<p>Marlboro (Hard White) US Edition is generally understood as a hard-pack U.S.-style Marlboro product, commonly associated with the Marlboro Gold line in retailer naming. It is presented in a firm box format with 20 cigarettes per pack, offering a clean and classic Marlboro presentation for smokers who prefer a straightforward, non-menthol style. Public U.S. materials [&hellip;]<\/p>\n","protected":false},"featured_media":184,"comment_status":"open","ping_status":"closed","template":"","meta":{"_joinchat":[]},"product_brand":[],"product_cat":[23],"product_tag":[],"class_list":{"0":"post-112","1":"product","2":"type-product","3":"status-publish","4":"has-post-thumbnail","6":"product_cat-marlboro","8":"first","9":"instock","10":"shipping-taxable","11":"purchasable","12":"product-type-variable"},"_links":{"self":[{"href":"https:\/\/www.pandasmoking.com\/pt\/wp-json\/wp\/v2\/product\/112","targetHints":{"allow":["GET"]}}],"collection":[{"href":"https:\/\/www.pandasmoking.com\/pt\/wp-json\/wp\/v2\/product"}],"about":[{"href":"https:\/\/www.pandasmoking.com\/pt\/wp-json\/wp\/v2\/types\/product"}],"replies":[{"embeddable":true,"href":"https:\/\/www.pandasmoking.com\/pt\/wp-json\/wp\/v2\/comments?post=112"}],"wp:featuredmedia":[{"embeddable":true,"href":"https:\/\/www.pandasmoking.com\/pt\/wp-json\/wp\/v2\/media\/184"}],"wp:attachment":[{"href":"https:\/\/www.pandasmoking.com\/pt\/wp-json\/wp\/v2\/media?parent=112"}],"wp:term":[{"taxonomy":"product_brand","embeddable":true,"href":"https:\/\/www.pandasmoking.com\/pt\/wp-json\/wp\/v2\/product_brand?post=112"},{"taxonomy":"product_cat","embeddable":true,"href":"https:\/\/www.pandasmoking.com\/pt\/wp-json\/wp\/v2\/product_cat?post=112"},{"taxonomy":"product_tag","embeddable":true,"href":"https:\/\/www.pandasmoking.com\/pt\/wp-json\/wp\/v2\/product_tag?post=112"}],"curies":[{"name":"wp","href":"https:\/\/api.w.org\/{rel}","templated":true}]}}