{"id":113,"date":"2026-03-11T18:16:31","date_gmt":"2026-03-11T10:16:31","guid":{"rendered":"https:\/\/www.pandasmoking.com\/?post_type=product&#038;p=113"},"modified":"2026-03-19T14:51:43","modified_gmt":"2026-03-19T06:51:43","slug":"marlboro-platinum-swiss-edition","status":"publish","type":"product","link":"https:\/\/www.pandasmoking.com\/pt\/produto\/marlboro-platinum-swiss-edition","title":{"rendered":"Marlboro (Platinum) Edi\u00e7\u00e3o Su\u00ed\u00e7a"},"content":{"rendered":"<p><strong data-start=\"495\" data-end=\"532\">Marlboro (Platinum) Edi\u00e7\u00e3o Su\u00ed\u00e7a<\/strong> \u00e9 uma variante do cigarro Marlboro de edi\u00e7\u00e3o su\u00ed\u00e7a, posicionada como uma op\u00e7\u00e3o mais leve e mais limpa dentro da gama da marca. Com base nas listas de retalho actuais, \u00e9 geralmente descrito com <strong data-start=\"716\" data-end=\"727\">6 mg de alcatr\u00e3o<\/strong> e <strong data-start=\"732\" data-end=\"750\">0,5 mg de nicotina<\/strong>, O seu sabor \u00e9 muito agrad\u00e1vel, o que o torna adequado para fumadores que preferem uma for\u00e7a mais suave e um perfil mais equilibrado. O <strong data-start=\"845\" data-end=\"857\">Platina<\/strong> O nome tamb\u00e9m lhe confere uma identidade de produto elegante e de qualidade superior que funciona bem para as colec\u00e7\u00f5es Marlboro espec\u00edficas de cada regi\u00e3o.<\/p>\n<h3>Informa\u00e7\u00f5es sobre cigarros<\/h3>\n<table>\n<thead>\n<tr>\n<th>Item<\/th>\n<th>Detalhes<\/th>\n<\/tr>\n<\/thead>\n<tbody>\n<tr>\n<td>Nome do produto<\/td>\n<td>Marlboro (Platinum) Edi\u00e7\u00e3o Su\u00ed\u00e7a<\/td>\n<\/tr>\n<tr>\n<td>Marca<\/td>\n<td>Marlboro<\/td>\n<\/tr>\n<tr>\n<td>Edi\u00e7\u00e3o<\/td>\n<td>Edi\u00e7\u00e3o su\u00ed\u00e7a<\/td>\n<\/tr>\n<tr>\n<td>Tipo de produto<\/td>\n<td>Cigarros<\/td>\n<\/tr>\n<tr>\n<td>Variante<\/td>\n<td>Platina<\/td>\n<\/tr>\n<tr>\n<td>Conte\u00fado de alcatr\u00e3o<\/td>\n<td>6mg<\/td>\n<\/tr>\n<tr>\n<td>Teor de nicotina<\/td>\n<td>0,5 mg<\/td>\n<\/tr>\n<\/tbody>\n<\/table>","protected":false},"excerpt":{"rendered":"<p>Marlboro (Platinum) Swiss Edition is a Swiss-edition Marlboro cigarette variant positioned as a lighter, cleaner-style option within the brand\u2019s lineup. Based on current retail listings, it is commonly described with 6mg tar and 0.5mg nicotine, making it suitable for smokers who prefer a milder strength and a more balanced profile. The Platinum naming also gives [&hellip;]<\/p>\n","protected":false},"featured_media":185,"comment_status":"open","ping_status":"closed","template":"","meta":{"_joinchat":[]},"product_brand":[],"product_cat":[23],"product_tag":[],"class_list":{"0":"post-113","1":"product","2":"type-product","3":"status-publish","4":"has-post-thumbnail","6":"product_cat-marlboro","8":"first","9":"instock","10":"shipping-taxable","11":"purchasable","12":"product-type-variable"},"_links":{"self":[{"href":"https:\/\/www.pandasmoking.com\/pt\/wp-json\/wp\/v2\/product\/113","targetHints":{"allow":["GET"]}}],"collection":[{"href":"https:\/\/www.pandasmoking.com\/pt\/wp-json\/wp\/v2\/product"}],"about":[{"href":"https:\/\/www.pandasmoking.com\/pt\/wp-json\/wp\/v2\/types\/product"}],"replies":[{"embeddable":true,"href":"https:\/\/www.pandasmoking.com\/pt\/wp-json\/wp\/v2\/comments?post=113"}],"wp:featuredmedia":[{"embeddable":true,"href":"https:\/\/www.pandasmoking.com\/pt\/wp-json\/wp\/v2\/media\/185"}],"wp:attachment":[{"href":"https:\/\/www.pandasmoking.com\/pt\/wp-json\/wp\/v2\/media?parent=113"}],"wp:term":[{"taxonomy":"product_brand","embeddable":true,"href":"https:\/\/www.pandasmoking.com\/pt\/wp-json\/wp\/v2\/product_brand?post=113"},{"taxonomy":"product_cat","embeddable":true,"href":"https:\/\/www.pandasmoking.com\/pt\/wp-json\/wp\/v2\/product_cat?post=113"},{"taxonomy":"product_tag","embeddable":true,"href":"https:\/\/www.pandasmoking.com\/pt\/wp-json\/wp\/v2\/product_tag?post=113"}],"curies":[{"name":"wp","href":"https:\/\/api.w.org\/{rel}","templated":true}]}}