{"id":1136,"date":"2026-04-14T23:03:22","date_gmt":"2026-04-14T15:03:22","guid":{"rendered":"https:\/\/www.pandasmoking.com\/?post_type=product&#038;p=1136"},"modified":"2026-04-16T14:16:40","modified_gmt":"2026-04-16T06:16:40","slug":"airmez-fox-4-in-1","status":"publish","type":"product","link":"https:\/\/www.pandasmoking.com\/pt\/produto\/airmez-fox-4-in-1","title":{"rendered":"Airmez FOX 4 EM 1"},"content":{"rendered":"<p data-start=\"110\" data-end=\"372\"><strong data-start=\"110\" data-end=\"143\">Airmez FOX 4 EM 1 12000 Puffs<\/strong> \u00e9 um vape descart\u00e1vel de alta capacidade concebido para utilizadores que pretendem uma utiliza\u00e7\u00e3o mais prolongada, um sabor suave e mais variedade num \u00fanico dispositivo. Combina um desempenho pr\u00e1tico com um design elegante, o que o torna adequado tanto para venda a retalho como por grosso.<\/p>\n<p data-start=\"374\" data-end=\"684\">Este modelo \u00e9 fornecido com <strong data-start=\"396\" data-end=\"417\">15ML \u00d7 4 e-l\u00edquidos<\/strong>, a <strong data-start=\"421\" data-end=\"434\">bobina de malha<\/strong>, a <strong data-start=\"438\" data-end=\"469\">Bateria recarreg\u00e1vel de 650mAh<\/strong>, e <strong data-start=\"475\" data-end=\"494\">Carregamento tipo C<\/strong> para uma experi\u00eancia de vaporiza\u00e7\u00e3o suave e c\u00f3moda. O design de sabor 4 em 1 oferece aos utilizadores mais op\u00e7\u00f5es num \u00fanico dispositivo, o que o torna mais atrativo para os clientes que gostam de sabores diferentes.<\/p>\n<h3 data-section-id=\"bfe9be\" data-start=\"686\" data-end=\"706\">Carater\u00edsticas do produto<\/h3>\n<ul data-start=\"708\" data-end=\"985\">\n<li data-section-id=\"hlldc5\" data-start=\"708\" data-end=\"747\"><strong data-start=\"710\" data-end=\"727\">Nome do produto:<\/strong> Airmez FOX 4 EM 1<\/li>\n<li data-section-id=\"1jko59t\" data-start=\"748\" data-end=\"779\"><strong data-start=\"750\" data-end=\"765\">Contagem de baforadas:<\/strong> 12000 Puffs<\/li>\n<li data-section-id=\"abzjgk\" data-start=\"780\" data-end=\"815\"><strong data-start=\"782\" data-end=\"804\">Capacidade de E-l\u00edquido:<\/strong> 15ML \u00d7 4<\/li>\n<li data-section-id=\"18s3gm1\" data-start=\"816\" data-end=\"844\"><strong data-start=\"818\" data-end=\"832\">Tipo de bobina:<\/strong> Bobina de malha<\/li>\n<li data-section-id=\"13l8j6q\" data-start=\"845\" data-end=\"874\"><strong data-start=\"847\" data-end=\"865\">Porta de carregamento:<\/strong> Tipo C<\/li>\n<li data-section-id=\"1ykqfi4\" data-start=\"875\" data-end=\"907\"><strong data-start=\"877\" data-end=\"898\">Capacidade da bateria:<\/strong> 650mAh<\/li>\n<li data-section-id=\"14onshu\" data-start=\"908\" data-end=\"946\"><strong data-start=\"910\" data-end=\"922\">Embalagem:<\/strong> 10 unidades por caixa de exposi\u00e7\u00e3o<\/li>\n<li data-section-id=\"gtsdgw\" data-start=\"947\" data-end=\"985\"><strong data-start=\"949\" data-end=\"960\">Caixa de cart\u00e3o:<\/strong> Mistura de 100 unidades por caixa<\/li>\n<\/ul>\n<h3 data-section-id=\"1qo24uk\" data-start=\"987\" data-end=\"1010\">Combina\u00e7\u00f5es de sabores<\/h3>\n<ol data-start=\"1012\" data-end=\"1715\">\n<li data-section-id=\"1c0rr3k\" data-start=\"1012\" data-end=\"1097\">Morango Framboesa \/ Morango Kiwi \/ Morango Ice \/ P\u00eassego Manga Melancia<\/li>\n<li data-section-id=\"o8dc9g\" data-start=\"1098\" data-end=\"1186\">Gelo de melancia \/ Melancia com morango \/ Melancia com framboesa \/ Framboesa com mirtilo<\/li>\n<li data-section-id=\"1gbggyg\" data-start=\"1187\" data-end=\"1251\">Limonada Rosa \/ Beijo de Paix\u00e3o \/ Bagas Mistas \/ Bagas Triplas<\/li>\n<li data-section-id=\"rf3fnm\" data-start=\"1252\" data-end=\"1302\">Cereja \/ Amor 66 \/ Limonada de frutos silvestres \/ Gelo de uva<\/li>\n<li data-section-id=\"1tlb9ml\" data-start=\"1303\" data-end=\"1371\">Manga P\u00eassego \/ Fruta Tropical \/ P\u00eassego Gelado \/ Manga \u00c1cida Anan\u00e1s<\/li>\n<li data-section-id=\"1a1kye8\" data-start=\"1372\" data-end=\"1433\">Gelo de uva \/ Amor 66 \/ Gelo de mirtilo \/ Gelo de drag\u00e3o<\/li>\n<li data-section-id=\"f5i4yv\" data-start=\"1434\" data-end=\"1501\">Amor 66 \/ Cereja \/ Mirtilo no gelo \/ Kiwi Maracuj\u00e1 Goiaba<\/li>\n<li data-section-id=\"b5klbg\" data-start=\"1502\" data-end=\"1560\">Gelado de p\u00eassego \/ Limonada cor-de-rosa \/ Gelado de melancia \/ Dr. Blue<\/li>\n<li data-section-id=\"1m47zzg\" data-start=\"1561\" data-end=\"1626\">Mojito vermelho \/ Amor 66 \/ Bagas mistas \/ Melancia com morango<\/li>\n<li data-section-id=\"ms5egh\" data-start=\"1627\" data-end=\"1715\">P\u00eassego Manga Melancia \/ Mirtilo Cereja \/ Melancia Fruta do Drag\u00e3o \/ Beijo de Paix\u00e3o<\/li>\n<\/ol>\n<h3 data-section-id=\"5d9epy\" data-start=\"1717\" data-end=\"1749\">Porqu\u00ea escolher Airmez FOX 4 EM 1<\/h3>\n<ul data-start=\"1751\" data-end=\"1951\">\n<li data-section-id=\"hccfoh\" data-start=\"1751\" data-end=\"1789\">Grande capacidade de sopro para uma utiliza\u00e7\u00e3o mais prolongada<\/li>\n<li data-section-id=\"ib0yw8\" data-start=\"1790\" data-end=\"1821\">Vapor suave com bobina de malha<\/li>\n<li data-section-id=\"1g8zwq1\" data-start=\"1822\" data-end=\"1867\">Bateria recarreg\u00e1vel com carregamento Tipo C<\/li>\n<li data-section-id=\"1o2cxww\" data-start=\"1868\" data-end=\"1902\">V\u00e1rios sabores num \u00fanico dispositivo<\/li>\n<li data-section-id=\"1w7lcbd\" data-start=\"1903\" data-end=\"1951\">Ideal para exposi\u00e7\u00e3o a retalho e encomendas por grosso<\/li>\n<\/ul>\n<h3 data-section-id=\"hwjiak\" data-start=\"1702\" data-end=\"1712\">Aviso<\/h3>\n<p data-start=\"1714\" data-end=\"1787\">O pre\u00e7o do Airmez FOX 6 IN 1 14000 Puffs depende da quantidade da encomenda:<\/p>\n<ul data-start=\"1789\" data-end=\"1867\">\n<li data-section-id=\"us7ftp\" data-start=\"1789\" data-end=\"1814\">1-15 unidades: US$28.99 cada<\/li>\n<li data-section-id=\"4iw75h\" data-start=\"1815\" data-end=\"1842\">16-199 unidades: US$10.99 cada<\/li>\n<li data-section-id=\"1f1g2s0\" data-start=\"1843\" data-end=\"1867\">Mais de 200 unidades: US$8.99 cada<\/li>\n<\/ul>\n<p data-start=\"1869\" data-end=\"1971\">O pre\u00e7o varia consoante a quantidade encomendada. Confirme a quantidade antes de efetuar a sua encomenda.<\/p>\n<p data-start=\"1953\" data-end=\"2130\">O <strong data-start=\"1957\" data-end=\"1990\">Airmez FOX 4 EM 1 12000 Puffs<\/strong> \u00e9 uma boa op\u00e7\u00e3o para os vendedores que procuram um vape de alta capacidade com combina\u00e7\u00f5es de sabores mistos, carater\u00edsticas pr\u00e1ticas e uma embalagem atractiva.<\/p>","protected":false},"excerpt":{"rendered":"<h3>Especifica\u00e7\u00f5es do produto<\/h3>\n<p>15ML*4 de E-l\u00edquido<br \/>\nBobina de malha<br \/>\nPorta tipo C<br \/>\n650mAh<br \/>\n10 unidades numa caixa de exposi\u00e7\u00e3o<br \/>\nMisturar 100 unidades por caixa<\/p>","protected":false},"featured_media":1159,"comment_status":"open","ping_status":"closed","template":"","meta":{"_joinchat":[]},"product_brand":[],"product_cat":[55],"product_tag":[],"class_list":{"0":"post-1136","1":"product","2":"type-product","3":"status-publish","4":"has-post-thumbnail","6":"product_cat-e-cigarettes-europe","8":"first","9":"instock","10":"shipping-taxable","11":"purchasable","12":"product-type-variable"},"_links":{"self":[{"href":"https:\/\/www.pandasmoking.com\/pt\/wp-json\/wp\/v2\/product\/1136","targetHints":{"allow":["GET"]}}],"collection":[{"href":"https:\/\/www.pandasmoking.com\/pt\/wp-json\/wp\/v2\/product"}],"about":[{"href":"https:\/\/www.pandasmoking.com\/pt\/wp-json\/wp\/v2\/types\/product"}],"replies":[{"embeddable":true,"href":"https:\/\/www.pandasmoking.com\/pt\/wp-json\/wp\/v2\/comments?post=1136"}],"wp:featuredmedia":[{"embeddable":true,"href":"https:\/\/www.pandasmoking.com\/pt\/wp-json\/wp\/v2\/media\/1159"}],"wp:attachment":[{"href":"https:\/\/www.pandasmoking.com\/pt\/wp-json\/wp\/v2\/media?parent=1136"}],"wp:term":[{"taxonomy":"product_brand","embeddable":true,"href":"https:\/\/www.pandasmoking.com\/pt\/wp-json\/wp\/v2\/product_brand?post=1136"},{"taxonomy":"product_cat","embeddable":true,"href":"https:\/\/www.pandasmoking.com\/pt\/wp-json\/wp\/v2\/product_cat?post=1136"},{"taxonomy":"product_tag","embeddable":true,"href":"https:\/\/www.pandasmoking.com\/pt\/wp-json\/wp\/v2\/product_tag?post=1136"}],"curies":[{"name":"wp","href":"https:\/\/api.w.org\/{rel}","templated":true}]}}