{"id":115,"date":"2026-03-11T18:16:31","date_gmt":"2026-03-11T10:16:31","guid":{"rendered":"https:\/\/www.pandasmoking.com\/?post_type=product&#038;p=115"},"modified":"2026-03-19T14:54:16","modified_gmt":"2026-03-19T06:54:16","slug":"marlboro-vista-tropical-splash-ks-box","status":"publish","type":"product","link":"https:\/\/www.pandasmoking.com\/pt\/produto\/marlboro-vista-tropical-splash-ks-box","title":{"rendered":"Caixa Marlboro Vista Tropical Splash KS"},"content":{"rendered":"<p><strong data-start=\"659\" data-end=\"700\">Caixa Marlboro Vista Tropical Splash KS<\/strong> \u00e9 uma variante do cigarro Marlboro normalmente apresentada no canal duty-free numa <strong data-start=\"779\" data-end=\"789\">Caixa KS<\/strong> formato. As listagens p\u00fablicas para este item exato mostram consistentemente <strong data-start=\"852\" data-end=\"863\">5 mg de alcatr\u00e3o<\/strong> e <strong data-start=\"868\" data-end=\"886\">0,4 mg de nicotina<\/strong>, com uma configura\u00e7\u00e3o de caixa de cart\u00e3o de <strong data-start=\"919\" data-end=\"969\">20 cigarros por ma\u00e7o e 10 caixas por cart\u00e3o<\/strong>. Nas descri\u00e7\u00f5es dos produtos, \u00e9 apresentado com um <strong data-start=\"1019\" data-end=\"1065\" data-is-only-node=\"\">perfil de sabor a frutos tropicais de estilo citrino<\/strong>, conferindo-lhe uma identidade mais distinta no \u00e2mbito da gama mais vasta de Marlboro.<\/p>\n<h3>Informa\u00e7\u00f5es sobre cigarros<\/h3>\n<table>\n<thead>\n<tr>\n<th>Item<\/th>\n<th>Detalhes<\/th>\n<\/tr>\n<\/thead>\n<tbody>\n<tr>\n<td>Nome do produto<\/td>\n<td>Caixa Marlboro Vista Tropical Splash KS<\/td>\n<\/tr>\n<tr>\n<td>Marca<\/td>\n<td>Marlboro<\/td>\n<\/tr>\n<tr>\n<td>Tipo de produto<\/td>\n<td>Cigarros<\/td>\n<\/tr>\n<tr>\n<td>Estilo de embalagem<\/td>\n<td>Caixa KS<\/td>\n<\/tr>\n<tr>\n<td>Conte\u00fado de alcatr\u00e3o<\/td>\n<td>5mg<\/td>\n<\/tr>\n<tr>\n<td>Teor de nicotina<\/td>\n<td>0,4 mg<\/td>\n<\/tr>\n<tr>\n<td>Tamanho da caixa<\/td>\n<td>20 cigarros \u00d7 10 caixas<\/td>\n<\/tr>\n<tr>\n<td>Canal do mercado<\/td>\n<td>Isen\u00e7\u00e3o de direitos<\/td>\n<\/tr>\n<tr>\n<td>Perfil de sabor<\/td>\n<td>Sabor a frutos tropicais com aroma a citrinos<\/td>\n<\/tr>\n<\/tbody>\n<\/table>","protected":false},"excerpt":{"rendered":"<p>Marlboro Vista Tropical Splash KS Box is a Marlboro cigarette variant commonly listed in the duty-free channel in a KS Box format. Public listings for this exact item consistently show 5mg tar and 0.4mg nicotine, with a carton configuration of 20 cigarettes per pack and 10 boxes per carton. In product descriptions, it is presented [&hellip;]<\/p>\n","protected":false},"featured_media":189,"comment_status":"open","ping_status":"closed","template":"","meta":{"_joinchat":[]},"product_brand":[],"product_cat":[23],"product_tag":[],"class_list":{"0":"post-115","1":"product","2":"type-product","3":"status-publish","4":"has-post-thumbnail","6":"product_cat-marlboro","8":"first","9":"instock","10":"shipping-taxable","11":"purchasable","12":"product-type-variable"},"_links":{"self":[{"href":"https:\/\/www.pandasmoking.com\/pt\/wp-json\/wp\/v2\/product\/115","targetHints":{"allow":["GET"]}}],"collection":[{"href":"https:\/\/www.pandasmoking.com\/pt\/wp-json\/wp\/v2\/product"}],"about":[{"href":"https:\/\/www.pandasmoking.com\/pt\/wp-json\/wp\/v2\/types\/product"}],"replies":[{"embeddable":true,"href":"https:\/\/www.pandasmoking.com\/pt\/wp-json\/wp\/v2\/comments?post=115"}],"wp:featuredmedia":[{"embeddable":true,"href":"https:\/\/www.pandasmoking.com\/pt\/wp-json\/wp\/v2\/media\/189"}],"wp:attachment":[{"href":"https:\/\/www.pandasmoking.com\/pt\/wp-json\/wp\/v2\/media?parent=115"}],"wp:term":[{"taxonomy":"product_brand","embeddable":true,"href":"https:\/\/www.pandasmoking.com\/pt\/wp-json\/wp\/v2\/product_brand?post=115"},{"taxonomy":"product_cat","embeddable":true,"href":"https:\/\/www.pandasmoking.com\/pt\/wp-json\/wp\/v2\/product_cat?post=115"},{"taxonomy":"product_tag","embeddable":true,"href":"https:\/\/www.pandasmoking.com\/pt\/wp-json\/wp\/v2\/product_tag?post=115"}],"curies":[{"name":"wp","href":"https:\/\/api.w.org\/{rel}","templated":true}]}}