{"id":1161,"date":"2026-04-15T00:18:58","date_gmt":"2026-04-14T16:18:58","guid":{"rendered":"https:\/\/www.pandasmoking.com\/?post_type=product&#038;p=1161"},"modified":"2026-04-16T14:16:38","modified_gmt":"2026-04-16T06:16:38","slug":"airmez-fox-6-in-1","status":"publish","type":"product","link":"https:\/\/www.pandasmoking.com\/pt\/produto\/airmez-fox-6-in-1","title":{"rendered":"Airmez FOX 6 EM 1"},"content":{"rendered":"<p data-start=\"91\" data-end=\"386\">O Airmez FOX 6 IN 1 14000 Puffs \u00e9 um vape descart\u00e1vel de alta capacidade concebido para utilizadores que pretendem um desempenho suave, um carregamento pr\u00e1tico e v\u00e1rios sabores populares num \u00fanico dispositivo. Com o seu design pr\u00e1tico e combina\u00e7\u00f5es de sabores mistos, \u00e9 uma boa escolha tanto para clientes retalhistas como grossistas.<\/p>\n<p data-start=\"388\" data-end=\"650\">Este modelo vem com 15ML \u00d7 3 e-liquid, uma bobina de malha, uma bateria recarreg\u00e1vel de 650mAh e uma porta de carregamento Tipo C para uma experi\u00eancia de vaporiza\u00e7\u00e3o suave e fi\u00e1vel. Fornece at\u00e9 14000 baforadas, o que o torna adequado para utilizadores que pretendem uma utiliza\u00e7\u00e3o mais duradoura e um melhor valor.<\/p>\n<h3 data-section-id=\"bfe9be\" data-start=\"652\" data-end=\"672\">Carater\u00edsticas do produto<\/h3>\n<ul data-start=\"674\" data-end=\"903\">\n<li data-section-id=\"pczjev\" data-start=\"674\" data-end=\"707\">Nome do produto: Airmez FOX 6 EM 1<\/li>\n<li data-section-id=\"1rgexyv\" data-start=\"708\" data-end=\"733\">Contagem de puffs: 14000 Puffs<\/li>\n<li data-section-id=\"1drk5kz\" data-start=\"734\" data-end=\"763\">Capacidade do E-l\u00edquido: 15ML \u00d7 3<\/li>\n<li data-section-id=\"x0g1cp\" data-start=\"764\" data-end=\"786\">Tipo de bobina: Bobina de malha<\/li>\n<li data-section-id=\"y0jxnm\" data-start=\"787\" data-end=\"810\">Porta de carregamento: Tipo C<\/li>\n<li data-section-id=\"mjatto\" data-start=\"811\" data-end=\"837\">Capacidade da bateria: 650mAh<\/li>\n<li data-section-id=\"18fgbgi\" data-start=\"838\" data-end=\"870\">Embalagem: 10 unidades por caixa de exposi\u00e7\u00e3o<\/li>\n<li data-section-id=\"99rgz4\" data-start=\"871\" data-end=\"903\">Caixa de cart\u00e3o: Mistura de 100 unidades por caixa<\/li>\n<\/ul>\n<h3 data-section-id=\"1qo24uk\" data-start=\"905\" data-end=\"928\">Combina\u00e7\u00f5es de sabores<\/h3>\n<ol data-start=\"930\" data-end=\"1406\">\n<li data-section-id=\"19ikqnk\" data-start=\"930\" data-end=\"972\">Love 66, Berry Lemonade, Fizzy Cherry<\/li>\n<li data-section-id=\"5mbq4d\" data-start=\"973\" data-end=\"1025\">Mistura de bagas, Limonada Blue Razz, Cereja<\/li>\n<li data-section-id=\"f338eh\" data-start=\"1026\" data-end=\"1083\">Dragonfruit Ice, Fruity Fusion, Melancia com framboesa<\/li>\n<li data-section-id=\"g1o5k3\" data-start=\"1084\" data-end=\"1116\">Cereja, Cola Ice, Manga Ice<\/li>\n<li data-section-id=\"2yrmnh\" data-start=\"1117\" data-end=\"1152\">Gelado de p\u00eassego, Gelado de manga, Dr. Blue<\/li>\n<li data-section-id=\"1hrwql9\" data-start=\"1153\" data-end=\"1210\">Morango, Banana, Vimto, Mirtilo, Cereja, Arando<\/li>\n<li data-section-id=\"hhhicl\" data-start=\"1211\" data-end=\"1258\">Gelo de morango, Limonada cor-de-rosa, Bingo Crush<\/li>\n<li data-section-id=\"1oban9z\" data-start=\"1259\" data-end=\"1301\">Amor 66, Morango Kiwi, P\u00eassego Manga<\/li>\n<li data-section-id=\"t7k3u6\" data-start=\"1302\" data-end=\"1357\">Melancia com morango, Mel\u00e3o triplo, Gelo Blue Razz<\/li>\n<li data-section-id=\"11hogoy\" data-start=\"1358\" data-end=\"1406\">Gelo de melancia, Bingo Crush, Bagas mistas<\/li>\n<\/ol>\n<h3 data-section-id=\"6nrxxg\" data-start=\"1408\" data-end=\"1440\">Porqu\u00ea escolher Airmez FOX 6 IN 1<\/h3>\n<ul data-start=\"1442\" data-end=\"1700\">\n<li data-section-id=\"141ppu8\" data-start=\"1442\" data-end=\"1476\">At\u00e9 14000 baforadas para uma utiliza\u00e7\u00e3o mais prolongada<\/li>\n<li data-section-id=\"lenhua\" data-start=\"1477\" data-end=\"1507\">Sabor suave com bobina de malha<\/li>\n<li data-section-id=\"1h53rah\" data-start=\"1508\" data-end=\"1551\">Bateria recarreg\u00e1vel com carregamento Tipo C<\/li>\n<li data-section-id=\"1jubsp5\" data-start=\"1552\" data-end=\"1596\">V\u00e1rias combina\u00e7\u00f5es de sabores num s\u00f3 dispositivo<\/li>\n<li data-section-id=\"okkd7v\" data-start=\"1597\" data-end=\"1647\">Adequado para exposi\u00e7\u00e3o a retalho e encomendas por grosso<\/li>\n<li data-section-id=\"1ir3bm2\" data-start=\"1648\" data-end=\"1700\">Embalagem atractiva para venda em loja e fornecimento a granel<\/li>\n<\/ul>\n<h3 data-section-id=\"hwjiak\" data-start=\"1702\" data-end=\"1712\">Aviso<\/h3>\n<p data-start=\"1714\" data-end=\"1787\">O pre\u00e7o do Airmez FOX 6 IN 1 14000 Puffs depende da quantidade da encomenda:<\/p>\n<ul data-start=\"1789\" data-end=\"1867\">\n<li data-section-id=\"us7ftp\" data-start=\"1789\" data-end=\"1814\">1-15 unidades: US$28.99 cada<\/li>\n<li data-section-id=\"4iw75h\" data-start=\"1815\" data-end=\"1842\">16-199 unidades: US$10.99 cada<\/li>\n<li data-section-id=\"1f1g2s0\" data-start=\"1843\" data-end=\"1867\">Mais de 200 unidades: US$8.99 cada<\/li>\n<\/ul>\n<p data-start=\"1869\" data-end=\"1971\">O pre\u00e7o varia consoante a quantidade encomendada. Confirme a quantidade antes de efetuar a sua encomenda.<\/p>","protected":false},"excerpt":{"rendered":"<h3>Especifica\u00e7\u00f5es do produto<\/h3>\n<p>15ML*3 de E-l\u00edquido<br \/>\nBobina de malha<br \/>\nPorta tipo C<br \/>\n650mAh<br \/>\n10 unidades numa caixa de exposi\u00e7\u00e3o<br \/>\nMisturar 100 unidades por caixa<\/p>","protected":false},"featured_media":1175,"comment_status":"open","ping_status":"closed","template":"","meta":{"_joinchat":[]},"product_brand":[],"product_cat":[55],"product_tag":[],"class_list":{"0":"post-1161","1":"product","2":"type-product","3":"status-publish","4":"has-post-thumbnail","6":"product_cat-e-cigarettes-europe","8":"first","9":"instock","10":"shipping-taxable","11":"purchasable","12":"product-type-variable"},"_links":{"self":[{"href":"https:\/\/www.pandasmoking.com\/pt\/wp-json\/wp\/v2\/product\/1161","targetHints":{"allow":["GET"]}}],"collection":[{"href":"https:\/\/www.pandasmoking.com\/pt\/wp-json\/wp\/v2\/product"}],"about":[{"href":"https:\/\/www.pandasmoking.com\/pt\/wp-json\/wp\/v2\/types\/product"}],"replies":[{"embeddable":true,"href":"https:\/\/www.pandasmoking.com\/pt\/wp-json\/wp\/v2\/comments?post=1161"}],"wp:featuredmedia":[{"embeddable":true,"href":"https:\/\/www.pandasmoking.com\/pt\/wp-json\/wp\/v2\/media\/1175"}],"wp:attachment":[{"href":"https:\/\/www.pandasmoking.com\/pt\/wp-json\/wp\/v2\/media?parent=1161"}],"wp:term":[{"taxonomy":"product_brand","embeddable":true,"href":"https:\/\/www.pandasmoking.com\/pt\/wp-json\/wp\/v2\/product_brand?post=1161"},{"taxonomy":"product_cat","embeddable":true,"href":"https:\/\/www.pandasmoking.com\/pt\/wp-json\/wp\/v2\/product_cat?post=1161"},{"taxonomy":"product_tag","embeddable":true,"href":"https:\/\/www.pandasmoking.com\/pt\/wp-json\/wp\/v2\/product_tag?post=1161"}],"curies":[{"name":"wp","href":"https:\/\/api.w.org\/{rel}","templated":true}]}}