{"id":1203,"date":"2026-04-15T11:10:39","date_gmt":"2026-04-15T03:10:39","guid":{"rendered":"https:\/\/www.pandasmoking.com\/?post_type=product&#038;p=1203"},"modified":"2026-04-16T14:16:32","modified_gmt":"2026-04-16T06:16:32","slug":"airmez-fox-2-in-1","status":"publish","type":"product","link":"https:\/\/www.pandasmoking.com\/pt\/produto\/airmez-fox-2-in-1","title":{"rendered":"Airmez FOX 2 EM 1"},"content":{"rendered":"<p data-start=\"175\" data-end=\"470\"><strong data-start=\"175\" data-end=\"207\">Airmez FOX 2 EM 1 8000 Puffs<\/strong> \u00e9 um vape descart\u00e1vel compacto e pr\u00e1tico, concebido para utilizadores que pretendem um desempenho suave, um carregamento pr\u00e1tico e duas op\u00e7\u00f5es de sabor num s\u00f3 dispositivo. Com o seu aspeto elegante e design f\u00e1cil de utilizar, \u00e9 uma boa escolha para clientes retalhistas e grossistas.<\/p>\n<p data-start=\"472\" data-end=\"776\">Este modelo \u00e9 fornecido com <strong data-start=\"494\" data-end=\"515\">15ML \u00d7 2 e-l\u00edquidos<\/strong>, a <strong data-start=\"519\" data-end=\"532\">bobina de malha<\/strong>, a <strong data-start=\"536\" data-end=\"567\">Bateria recarreg\u00e1vel de 650mAh<\/strong>, e um <strong data-start=\"575\" data-end=\"599\">Porta de carregamento tipo C<\/strong> para uma experi\u00eancia de vaporiza\u00e7\u00e3o suave e fi\u00e1vel. O design de duplo sabor 2 em 1 oferece aos utilizadores mais variedade num s\u00f3 dispositivo, tornando-o uma op\u00e7\u00e3o pr\u00e1tica para uso di\u00e1rio e fornecimento a granel.<\/p>\n<h3 data-section-id=\"bfe9be\" data-start=\"778\" data-end=\"798\">Carater\u00edsticas do produto<\/h3>\n<ul data-start=\"800\" data-end=\"1044\">\n<li data-section-id=\"zsvy0z\" data-start=\"800\" data-end=\"835\">Nome do produto: Airmez FOX 2 EM 1<\/li>\n<li data-section-id=\"ol9jre\" data-start=\"836\" data-end=\"862\">Contagem de puffs: 8000 Puffs<\/li>\n<li data-section-id=\"1x4v26a\" data-start=\"863\" data-end=\"894\">Capacidade do E-l\u00edquido: 15ML \u00d7 2<\/li>\n<li data-section-id=\"8u54nt\" data-start=\"895\" data-end=\"919\">Tipo de bobina: Bobina de malha<\/li>\n<li data-section-id=\"znchb6\" data-start=\"920\" data-end=\"945\">Porta de carregamento: Tipo C<\/li>\n<li data-section-id=\"106p858\" data-start=\"946\" data-end=\"974\">Capacidade da bateria: 650mAh<\/li>\n<li data-section-id=\"bex9qa\" data-start=\"975\" data-end=\"1009\">Embalagem: 10 unidades por caixa de exposi\u00e7\u00e3o<\/li>\n<li data-section-id=\"zkx00j\" data-start=\"1010\" data-end=\"1044\">Caixa de cart\u00e3o: Mistura de 200 unidades por caixa<\/li>\n<\/ul>\n<h3 data-section-id=\"10ynmgm\" data-start=\"1046\" data-end=\"1064\">Op\u00e7\u00f5es de sabor<\/h3>\n<ol data-start=\"1066\" data-end=\"1416\">\n<li data-section-id=\"rc4948\" data-start=\"1066\" data-end=\"1114\">Melancia com morango, Framboesa com morango<\/li>\n<li data-section-id=\"19uz65s\" data-start=\"1115\" data-end=\"1149\">Limonada Blue Razz, Blue Razz<\/li>\n<li data-section-id=\"9rvxxw\" data-start=\"1150\" data-end=\"1192\">Blueberry On Ice, Blueberry Raspberry<\/li>\n<li data-section-id=\"q4v41s\" data-start=\"1193\" data-end=\"1229\">Morango Kiwi, Morango Ice<\/li>\n<li data-section-id=\"1mbl7hv\" data-start=\"1230\" data-end=\"1271\">Gelo de melancia, melancia com framboesa<\/li>\n<li data-section-id=\"1x1ls8y\" data-start=\"1272\" data-end=\"1303\">Limonada de bagas, lima-lim\u00e3o<\/li>\n<li data-section-id=\"1rfnxaa\" data-start=\"1304\" data-end=\"1332\">Frutos tropicais, amor 66<\/li>\n<li data-section-id=\"fx0ypm\" data-start=\"1333\" data-end=\"1360\">P\u00eassego Gelado, Manga P\u00eassego<\/li>\n<li data-section-id=\"yeos7x\" data-start=\"1361\" data-end=\"1389\">Bagas Mistas, Dr. Blue<\/li>\n<li data-section-id=\"1h25bpc\" data-start=\"1390\" data-end=\"1416\">Gelo de uva, Gelo preto<\/li>\n<\/ol>\n<h3 data-section-id=\"98yzgg\" data-start=\"1418\" data-end=\"1450\">Porqu\u00ea escolher o Airmez FOX 2 EM 1<\/h3>\n<ul data-start=\"1452\" data-end=\"1717\">\n<li data-section-id=\"15nx2ez\" data-start=\"1452\" data-end=\"1492\">Design 2 em 1 compacto e pr\u00e1tico<\/li>\n<li data-section-id=\"ib0yw8\" data-start=\"1493\" data-end=\"1524\">Vapor suave com bobina de malha<\/li>\n<li data-section-id=\"1g8zwq1\" data-start=\"1525\" data-end=\"1570\">Bateria recarreg\u00e1vel com carregamento Tipo C<\/li>\n<li data-section-id=\"1a9minq\" data-start=\"1571\" data-end=\"1610\">Dupla op\u00e7\u00e3o de sabores num s\u00f3 dispositivo<\/li>\n<li data-section-id=\"uqqhx\" data-start=\"1611\" data-end=\"1663\">Adequado para exposi\u00e7\u00e3o a retalho e fornecimento por grosso<\/li>\n<li data-section-id=\"160n9vs\" data-start=\"1664\" data-end=\"1717\">Embalagem pr\u00e1tica para vendas em loja e encomendas a granel<\/li>\n<\/ul>\n<h3 data-section-id=\"hwjiak\" data-start=\"1719\" data-end=\"1729\">Aviso<\/h3>\n<p data-start=\"1731\" data-end=\"1807\">O pre\u00e7o de <strong data-start=\"1744\" data-end=\"1776\">Airmez FOX 2 EM 1 8000 Puffs<\/strong> depende da quantidade da encomenda:<\/p>\n<ul data-start=\"1809\" data-end=\"1914\">\n<li data-section-id=\"130wclv\" data-start=\"1809\" data-end=\"1844\"><strong data-start=\"1811\" data-end=\"1824\">1-15 pe\u00e7as:<\/strong> <strong data-start=\"1825\" data-end=\"1842\">US$26,99 cada<\/strong><\/li>\n<li data-section-id=\"o602fh\" data-start=\"1845\" data-end=\"1881\"><strong data-start=\"1847\" data-end=\"1862\">16-199 unidades:<\/strong> <strong data-start=\"1863\" data-end=\"1879\">US$9,99 cada<\/strong><\/li>\n<li data-section-id=\"15m7rhb\" data-start=\"1882\" data-end=\"1914\"><strong data-start=\"1884\" data-end=\"1897\">Mais de 200 unidades:<\/strong> <strong data-start=\"1898\" data-end=\"1914\">US$7,99 cada<\/strong><\/li>\n<\/ul>\n<p data-start=\"1916\" data-end=\"2022\"><strong data-start=\"1916\" data-end=\"2022\">O pre\u00e7o varia consoante a quantidade encomendada. Confirme a quantidade antes de efetuar a sua encomenda.<\/strong><\/p>","protected":false},"excerpt":{"rendered":"<h3>Especifica\u00e7\u00f5es do produto<\/h3>\n<p>15ML*2 de E-l\u00edquido<br \/>\nBobina de malha<br \/>\nPorta tipo C<br \/>\n650mAh<br \/>\n10 unidades numa caixa de exposi\u00e7\u00e3o<br \/>\nMistura de 200 unidades por caixa<\/p>","protected":false},"featured_media":1204,"comment_status":"open","ping_status":"closed","template":"","meta":{"_joinchat":[]},"product_brand":[],"product_cat":[55],"product_tag":[],"class_list":{"0":"post-1203","1":"product","2":"type-product","3":"status-publish","4":"has-post-thumbnail","6":"product_cat-e-cigarettes-europe","8":"first","9":"instock","10":"shipping-taxable","11":"purchasable","12":"product-type-variable"},"_links":{"self":[{"href":"https:\/\/www.pandasmoking.com\/pt\/wp-json\/wp\/v2\/product\/1203","targetHints":{"allow":["GET"]}}],"collection":[{"href":"https:\/\/www.pandasmoking.com\/pt\/wp-json\/wp\/v2\/product"}],"about":[{"href":"https:\/\/www.pandasmoking.com\/pt\/wp-json\/wp\/v2\/types\/product"}],"replies":[{"embeddable":true,"href":"https:\/\/www.pandasmoking.com\/pt\/wp-json\/wp\/v2\/comments?post=1203"}],"wp:featuredmedia":[{"embeddable":true,"href":"https:\/\/www.pandasmoking.com\/pt\/wp-json\/wp\/v2\/media\/1204"}],"wp:attachment":[{"href":"https:\/\/www.pandasmoking.com\/pt\/wp-json\/wp\/v2\/media?parent=1203"}],"wp:term":[{"taxonomy":"product_brand","embeddable":true,"href":"https:\/\/www.pandasmoking.com\/pt\/wp-json\/wp\/v2\/product_brand?post=1203"},{"taxonomy":"product_cat","embeddable":true,"href":"https:\/\/www.pandasmoking.com\/pt\/wp-json\/wp\/v2\/product_cat?post=1203"},{"taxonomy":"product_tag","embeddable":true,"href":"https:\/\/www.pandasmoking.com\/pt\/wp-json\/wp\/v2\/product_tag?post=1203"}],"curies":[{"name":"wp","href":"https:\/\/api.w.org\/{rel}","templated":true}]}}