{"id":1239,"date":"2026-04-15T15:24:46","date_gmt":"2026-04-15T07:24:46","guid":{"rendered":"https:\/\/www.pandasmoking.com\/?post_type=product&#038;p=1239"},"modified":"2026-04-16T14:16:30","modified_gmt":"2026-04-16T06:16:30","slug":"airmez-25k","status":"publish","type":"product","link":"https:\/\/www.pandasmoking.com\/pt\/produto\/airmez-25k","title":{"rendered":"Airmez 25K"},"content":{"rendered":"<p data-start=\"172\" data-end=\"452\"><strong data-start=\"172\" data-end=\"196\">Airmez Tornado 25000<\/strong> \u00e9 um vape descart\u00e1vel de alta capacidade concebido para utilizadores que pretendem um desempenho suave, uma utiliza\u00e7\u00e3o duradoura e uma vasta sele\u00e7\u00e3o de sabores populares. Com o seu design pr\u00e1tico e especifica\u00e7\u00f5es s\u00f3lidas, \u00e9 uma boa escolha tanto para clientes retalhistas como grossistas.<\/p>\n<p data-start=\"454\" data-end=\"779\">Este modelo \u00e9 fornecido com <strong data-start=\"476\" data-end=\"496\">25ML de e-l\u00edquido<\/strong>, a <strong data-start=\"500\" data-end=\"513\">bobina de malha<\/strong>, um <strong data-start=\"518\" data-end=\"549\">Bateria recarreg\u00e1vel de 850mAh<\/strong>, e um <strong data-start=\"557\" data-end=\"581\">Porta de carregamento tipo C<\/strong> para uma experi\u00eancia de vaporiza\u00e7\u00e3o suave e fi\u00e1vel. Com <strong data-start=\"632\" data-end=\"647\">5% nicotina<\/strong> e at\u00e9 <strong data-start=\"658\" data-end=\"673\">25000 puffs<\/strong>, \u00c9 adequado para utilizadores que pretendem um dispositivo de alta capacidade com sabor consistente e carregamento conveniente.<\/p>\n<h3 data-section-id=\"bfe9be\" data-start=\"781\" data-end=\"801\">Carater\u00edsticas do produto<\/h3>\n<ul data-start=\"803\" data-end=\"1070\">\n<li data-section-id=\"7qfcy4\" data-start=\"803\" data-end=\"841\">Nome do produto: Airmez Tornado 25000<\/li>\n<li data-section-id=\"dq2tqt\" data-start=\"842\" data-end=\"869\">Contagem de puffs: 25000 Puffs<\/li>\n<li data-section-id=\"143z8wq\" data-start=\"870\" data-end=\"895\">Intensidade da nicotina: 5%<\/li>\n<li data-section-id=\"o6zcec\" data-start=\"896\" data-end=\"923\">Capacidade do E-l\u00edquido: 25ML<\/li>\n<li data-section-id=\"8u54nt\" data-start=\"924\" data-end=\"948\">Tipo de bobina: Bobina de malha<\/li>\n<li data-section-id=\"znchb6\" data-start=\"949\" data-end=\"974\">Porta de carregamento: Tipo C<\/li>\n<li data-section-id=\"1felt4i\" data-start=\"975\" data-end=\"1003\">Capacidade da bateria: 850mAh<\/li>\n<li data-section-id=\"is15ib\" data-start=\"1004\" data-end=\"1039\">Embalagem: 10 unidades numa caixa de exposi\u00e7\u00e3o<\/li>\n<li data-section-id=\"1sl4p9o\" data-start=\"1040\" data-end=\"1070\">Caixa: 100 unidades por caixa<\/li>\n<\/ul>\n<h3 data-section-id=\"10ynmgm\" data-start=\"1072\" data-end=\"1090\">Op\u00e7\u00f5es de sabor<\/h3>\n<ol data-start=\"1092\" data-end=\"1382\">\n<li data-section-id=\"lt51p3\" data-start=\"1092\" data-end=\"1118\">Melancia com morango<\/li>\n<li data-section-id=\"1w2xu5g\" data-start=\"1119\" data-end=\"1148\">Kiwi Maracuj\u00e1 Goiaba<\/li>\n<li data-section-id=\"10ykjzq\" data-start=\"1149\" data-end=\"1170\">Mirtilo no gelo<\/li>\n<li data-section-id=\"73m7gq\" data-start=\"1171\" data-end=\"1187\">P\u00eassego Manga<\/li>\n<li data-section-id=\"1hi9xho\" data-start=\"1188\" data-end=\"1207\">Gelo de morango<\/li>\n<li data-section-id=\"11khiag\" data-start=\"1208\" data-end=\"1226\">Bagas mistas<\/li>\n<li data-section-id=\"1w3hcpd\" data-start=\"1227\" data-end=\"1240\">Gelo exuberante<\/li>\n<li data-section-id=\"2x29tp\" data-start=\"1241\" data-end=\"1255\">Gelo de uva<\/li>\n<li data-section-id=\"vuyd6q\" data-start=\"1256\" data-end=\"1270\">Gelo de p\u00eassego<\/li>\n<li data-section-id=\"1b2xab5\" data-start=\"1271\" data-end=\"1291\">Limonada de bagas<\/li>\n<li data-section-id=\"xmjkw9\" data-start=\"1292\" data-end=\"1314\">Gelo de frutos do drag\u00e3o<\/li>\n<li data-section-id=\"iwpzmu\" data-start=\"1315\" data-end=\"1333\">Lim\u00e3o e lima<\/li>\n<li data-section-id=\"1vqyzhd\" data-start=\"1334\" data-end=\"1352\">Baga tripla<\/li>\n<li data-section-id=\"2cz00p\" data-start=\"1353\" data-end=\"1365\">Cereja<\/li>\n<li data-section-id=\"citwu4\" data-start=\"1366\" data-end=\"1382\">Ma\u00e7\u00e3 \u00e1cida<\/li>\n<\/ol>\n<h3 data-section-id=\"p6nu3z\" data-start=\"1384\" data-end=\"1419\">Porqu\u00ea escolher o Airmez Tornado 25000<\/h3>\n<ul data-start=\"1421\" data-end=\"1713\">\n<li data-section-id=\"1nsk1rm\" data-start=\"1421\" data-end=\"1457\">At\u00e9 25000 baforadas para uma utiliza\u00e7\u00e3o mais prolongada<\/li>\n<li data-section-id=\"1h0si85\" data-start=\"1458\" data-end=\"1492\">25ML de e-l\u00edquido com 5% de nicotina<\/li>\n<li data-section-id=\"ib0yw8\" data-start=\"1493\" data-end=\"1524\">Vapor suave com bobina de malha<\/li>\n<li data-section-id=\"1g8zwq1\" data-start=\"1525\" data-end=\"1570\">Bateria recarreg\u00e1vel com carregamento Tipo C<\/li>\n<li data-section-id=\"1xyauod\" data-start=\"1571\" data-end=\"1606\">V\u00e1rias op\u00e7\u00f5es de sabores populares<\/li>\n<li data-section-id=\"uqqhx\" data-start=\"1607\" data-end=\"1659\">Adequado para exposi\u00e7\u00e3o a retalho e fornecimento por grosso<\/li>\n<li data-section-id=\"160n9vs\" data-start=\"1660\" data-end=\"1713\">Embalagem pr\u00e1tica para vendas em loja e encomendas a granel<\/li>\n<\/ul>\n<h3 data-section-id=\"hwjiak\" data-start=\"1715\" data-end=\"1725\">Aviso<\/h3>\n<p data-start=\"1727\" data-end=\"1795\">O pre\u00e7o de <strong data-start=\"1740\" data-end=\"1764\">Airmez Tornado 25000<\/strong> depende da quantidade da encomenda:<\/p>\n<ul data-start=\"1797\" data-end=\"1902\">\n<li data-section-id=\"130wclv\" data-start=\"1797\" data-end=\"1832\"><strong data-start=\"1799\" data-end=\"1812\">1-15 pe\u00e7as:<\/strong> <strong data-start=\"1813\" data-end=\"1830\">US$26,99 cada<\/strong><\/li>\n<li data-section-id=\"o602fh\" data-start=\"1833\" data-end=\"1869\"><strong data-start=\"1835\" data-end=\"1850\">16-199 unidades:<\/strong> <strong data-start=\"1851\" data-end=\"1867\">US$9,99 cada<\/strong><\/li>\n<li data-section-id=\"15m7rhb\" data-start=\"1870\" data-end=\"1902\"><strong data-start=\"1872\" data-end=\"1885\">Mais de 200 unidades:<\/strong> <strong data-start=\"1886\" data-end=\"1902\">US$7,99 cada<\/strong><\/li>\n<\/ul>\n<p data-start=\"1904\" data-end=\"2010\"><strong data-start=\"1904\" data-end=\"2010\">O pre\u00e7o varia consoante a quantidade encomendada. Confirme a quantidade antes de efetuar a sua encomenda.<\/strong><\/p>","protected":false},"excerpt":{"rendered":"<h3>Especifica\u00e7\u00f5es do produto<\/h3>\n<p>25ML de E-l\u00edquido<br \/>\nBobina de malha<br \/>\nPorta tipo C<br \/>\n850mAh<br \/>\n10 unidades numa caixa de exposi\u00e7\u00e3o<br \/>\n100 unidades por caixa<\/p>","protected":false},"featured_media":1347,"comment_status":"open","ping_status":"closed","template":"","meta":{"_joinchat":[]},"product_brand":[],"product_cat":[55],"product_tag":[],"class_list":{"0":"post-1239","1":"product","2":"type-product","3":"status-publish","4":"has-post-thumbnail","6":"product_cat-e-cigarettes-europe","8":"first","9":"instock","10":"shipping-taxable","11":"purchasable","12":"product-type-variable"},"_links":{"self":[{"href":"https:\/\/www.pandasmoking.com\/pt\/wp-json\/wp\/v2\/product\/1239","targetHints":{"allow":["GET"]}}],"collection":[{"href":"https:\/\/www.pandasmoking.com\/pt\/wp-json\/wp\/v2\/product"}],"about":[{"href":"https:\/\/www.pandasmoking.com\/pt\/wp-json\/wp\/v2\/types\/product"}],"replies":[{"embeddable":true,"href":"https:\/\/www.pandasmoking.com\/pt\/wp-json\/wp\/v2\/comments?post=1239"}],"wp:featuredmedia":[{"embeddable":true,"href":"https:\/\/www.pandasmoking.com\/pt\/wp-json\/wp\/v2\/media\/1347"}],"wp:attachment":[{"href":"https:\/\/www.pandasmoking.com\/pt\/wp-json\/wp\/v2\/media?parent=1239"}],"wp:term":[{"taxonomy":"product_brand","embeddable":true,"href":"https:\/\/www.pandasmoking.com\/pt\/wp-json\/wp\/v2\/product_brand?post=1239"},{"taxonomy":"product_cat","embeddable":true,"href":"https:\/\/www.pandasmoking.com\/pt\/wp-json\/wp\/v2\/product_cat?post=1239"},{"taxonomy":"product_tag","embeddable":true,"href":"https:\/\/www.pandasmoking.com\/pt\/wp-json\/wp\/v2\/product_tag?post=1239"}],"curies":[{"name":"wp","href":"https:\/\/api.w.org\/{rel}","templated":true}]}}