{"id":1299,"date":"2026-04-16T00:21:28","date_gmt":"2026-04-15T16:21:28","guid":{"rendered":"https:\/\/www.pandasmoking.com\/?post_type=product&#038;p=1299"},"modified":"2026-04-16T14:18:21","modified_gmt":"2026-04-16T06:18:21","slug":"airmez-xbeat-40k%ef%bc%882-nicotine-%ef%bc%89","status":"publish","type":"product","link":"https:\/\/www.pandasmoking.com\/pt\/produto\/airmez-xbeat-40k%ef%bc%882-nicotine-%ef%bc%89","title":{"rendered":"Airmez Xbeat 40K\uff082% Nicotina \uff09"},"content":{"rendered":"<p data-start=\"58\" data-end=\"433\"><strong data-start=\"58\" data-end=\"92\">Airmez Xbeat 40K (2% Nicotina)<\/strong> \u00e9 um dispositivo descart\u00e1vel recarreg\u00e1vel de alta capacidade concebido a pensar na funcionalidade e na comodidade. \u00c9 fornecido com <strong data-start=\"215\" data-end=\"235\">22ML de e-l\u00edquido<\/strong>, <strong data-start=\"237\" data-end=\"261\">2% concentra\u00e7\u00e3o de nicotina<\/strong>, e um <strong data-start=\"269\" data-end=\"288\">Bateria de 1000mAh<\/strong> para suportar uma utiliza\u00e7\u00e3o prolongada. Este modelo tamb\u00e9m inclui <strong data-start=\"339\" data-end=\"368\">auscultadores Hi-Fi incorporados<\/strong> e <strong data-start=\"373\" data-end=\"390\">Bluetooth 5.0<\/strong>, combinando vaporiza\u00e7\u00e3o e \u00e1udio num s\u00f3 dispositivo.<\/p>\n<p data-start=\"435\" data-end=\"763\">O <strong data-start=\"439\" data-end=\"462\">sistema de caudal de ar duplo<\/strong> permite um desenho mais ajust\u00e1vel, enquanto o <strong data-start=\"504\" data-end=\"529\">Bobina de malha de 0,8\u03a9 Gen II<\/strong> foi concebido para suportar um desempenho de sabor consistente. Os seus <strong data-start=\"588\" data-end=\"607\">desenho magn\u00e9tico<\/strong>, <strong data-start=\"609\" data-end=\"633\">acabamento pintado elegante<\/strong>, e <strong data-start=\"639\" data-end=\"667\">Porta de carregamento USB tipo C<\/strong> acrescentam praticidade e um aspeto moderno, tornando-o adequado para exposi\u00e7\u00e3o a retalho e fornecimento por grosso.<\/p>\n<p data-start=\"765\" data-end=\"845\">Cada caixa de exposi\u00e7\u00e3o cont\u00e9m <strong data-start=\"791\" data-end=\"803\">5 pe\u00e7as<\/strong>, e cada caixa cont\u00e9m <strong data-start=\"830\" data-end=\"844\">200 pe\u00e7as<\/strong>.<\/p>\n<h2 data-section-id=\"1ma7m6t\" data-start=\"847\" data-end=\"862\">Carater\u00edsticas principais<\/h2>\n<ul data-start=\"863\" data-end=\"1139\">\n<li data-section-id=\"4gp6ec\" data-start=\"863\" data-end=\"883\">22ML de e-l\u00edquido<\/li>\n<li data-section-id=\"ha7itj\" data-start=\"884\" data-end=\"908\">2% concentra\u00e7\u00e3o de nicotina<\/li>\n<li data-section-id=\"lhywqo\" data-start=\"909\" data-end=\"938\">Auscultadores Hi-Fi incorporados<\/li>\n<li data-section-id=\"fo1ta4\" data-start=\"939\" data-end=\"955\">Fluxo de ar duplo<\/li>\n<li data-section-id=\"16bpvvo\" data-start=\"956\" data-end=\"975\">Desenho magn\u00e9tico<\/li>\n<li data-section-id=\"f07fjp\" data-start=\"976\" data-end=\"993\">Bluetooth 5.0<\/li>\n<li data-section-id=\"1qqdcsd\" data-start=\"994\" data-end=\"1020\">Bobina de malha Gen II, 0,8\u03a9<\/li>\n<li data-section-id=\"6hy93g\" data-start=\"1021\" data-end=\"1043\">Design de pintura elegante<\/li>\n<li data-section-id=\"f56uxo\" data-start=\"1044\" data-end=\"1072\">Porta de carregamento USB tipo C<\/li>\n<li data-section-id=\"5mulwg\" data-start=\"1073\" data-end=\"1092\">Bateria de 1000mAh<\/li>\n<li data-section-id=\"g66iyd\" data-start=\"1093\" data-end=\"1117\">5 unidades por caixa de exposi\u00e7\u00e3o<\/li>\n<li data-section-id=\"wpbol4\" data-start=\"1118\" data-end=\"1139\">200 unidades por caixa<\/li>\n<\/ul>\n<h2 data-section-id=\"1nlnn3j\" data-start=\"1141\" data-end=\"1161\">Sabores dispon\u00edveis<\/h2>\n<ul data-start=\"1162\" data-end=\"1445\">\n<li data-section-id=\"8r84jo\" data-start=\"1162\" data-end=\"1193\">Morango Melancia Uva<\/li>\n<li data-section-id=\"vwyvja\" data-start=\"1194\" data-end=\"1210\">Sonho de ver\u00e3o<\/li>\n<li data-section-id=\"ivo8wr\" data-start=\"1211\" data-end=\"1235\">Kiwi Uva Framboesa<\/li>\n<li data-section-id=\"ecwm14\" data-start=\"1236\" data-end=\"1257\">Cola de cereja com g\u00e1s<\/li>\n<li data-section-id=\"m5il49\" data-start=\"1258\" data-end=\"1269\">Sr. Blue<\/li>\n<li data-section-id=\"1woytqh\" data-start=\"1270\" data-end=\"1289\">Morango Kiwi<\/li>\n<li data-section-id=\"1gnje5n\" data-start=\"1290\" data-end=\"1310\">Banana com mirtilo<\/li>\n<li data-section-id=\"1ofayj9\" data-start=\"1311\" data-end=\"1327\">Ma\u00e7\u00e3 dupla<\/li>\n<li data-section-id=\"1d64ckn\" data-start=\"1328\" data-end=\"1345\">Gelo de mirtilo<\/li>\n<li data-section-id=\"dk8g8n\" data-start=\"1346\" data-end=\"1364\">Gelo de melancia<\/li>\n<li data-section-id=\"lare8m\" data-start=\"1365\" data-end=\"1383\">Ponche Tropical<\/li>\n<li data-section-id=\"1aknb17\" data-start=\"1384\" data-end=\"1399\">P\u00eassego sumarento<\/li>\n<li data-section-id=\"1idy393\" data-start=\"1400\" data-end=\"1413\">Cola Menta<\/li>\n<li data-section-id=\"1203gfx\" data-start=\"1414\" data-end=\"1431\">Gelo de anan\u00e1s<\/li>\n<li data-section-id=\"1sx7sq5\" data-start=\"1432\" data-end=\"1445\">Gelo de manga<\/li>\n<\/ul>\n<h2 data-section-id=\"750x4d\" data-start=\"1447\" data-end=\"1457\">Pre\u00e7os<\/h2>\n<ul data-start=\"1458\" data-end=\"1635\">\n<li data-section-id=\"1swc7pw\" data-start=\"1458\" data-end=\"1494\"><strong data-start=\"1460\" data-end=\"1476\">Menos de 16 unidades<\/strong> \u2014 <strong data-start=\"1479\" data-end=\"1492\">$39.99\/unidade<\/strong><\/li>\n<li data-section-id=\"115wau1\" data-start=\"1495\" data-end=\"1528\"><strong data-start=\"1497\" data-end=\"1510\">16-99 unidades<\/strong> \u2014 <strong data-start=\"1513\" data-end=\"1526\">$34.99\/unidade<\/strong><\/li>\n<li data-section-id=\"1w8j6q\" data-start=\"1529\" data-end=\"1565\"><strong data-start=\"1531\" data-end=\"1547\">100-1000 unidades<\/strong> \u2014 <strong data-start=\"1550\" data-end=\"1563\">$29.99\/unidade<\/strong><\/li>\n<li data-section-id=\"1pwdwqk\" data-start=\"1566\" data-end=\"1603\"><strong data-start=\"1568\" data-end=\"1585\">1001-2000 unidades<\/strong> \u2014 <strong data-start=\"1588\" data-end=\"1601\">$25.99\/unidade<\/strong><\/li>\n<li data-section-id=\"1u7hggy\" data-start=\"1604\" data-end=\"1635\"><strong data-start=\"1606\" data-end=\"1619\">Mais de 2000 unidades<\/strong> \u2014 <strong data-start=\"1622\" data-end=\"1635\">$23.99\/unidade<\/strong><\/li>\n<\/ul>\n<h2 data-section-id=\"1xw21at\" data-start=\"1637\" data-end=\"1644\">Nota<\/h2>\n<p data-start=\"1645\" data-end=\"1832\">Este produto cont\u00e9m nicotina. A nicotina \u00e9 um qu\u00edmico que causa depend\u00eancia. Apenas para clientes adultos. Respeite as leis e regulamentos locais relativos \u00e0 venda e utiliza\u00e7\u00e3o de produtos com nicotina.<\/p>","protected":false},"excerpt":{"rendered":"<h3>Especifica\u00e7\u00f5es do produto<\/h3>\n<p>22ML de E-l\u00edquido.<br \/>\nAuscultadores Hi-Fi incorporados.<br \/>\nFluxo de ar duplo.<br \/>\nDesign magn\u00e9tico<br \/>\nBluetooth 5.0<br \/>\nBobina de malha Gen II, 0,8\u03a9.<br \/>\nDesign de pintura elegante.<br \/>\nPorta de carregamento USB tipo C<br \/>\n1000mAh<br \/>\n5pcs numa caixa de exposi\u00e7\u00e3o.<br \/>\n200 unidades por caixa de cart\u00e3o<\/p>","protected":false},"featured_media":1330,"comment_status":"open","ping_status":"closed","template":"","meta":{"_joinchat":[]},"product_brand":[],"product_cat":[56],"product_tag":[],"class_list":{"0":"post-1299","1":"product","2":"type-product","3":"status-publish","4":"has-post-thumbnail","6":"product_cat-e-cigarettes-australia","8":"first","9":"instock","10":"shipping-taxable","11":"purchasable","12":"product-type-variable"},"_links":{"self":[{"href":"https:\/\/www.pandasmoking.com\/pt\/wp-json\/wp\/v2\/product\/1299","targetHints":{"allow":["GET"]}}],"collection":[{"href":"https:\/\/www.pandasmoking.com\/pt\/wp-json\/wp\/v2\/product"}],"about":[{"href":"https:\/\/www.pandasmoking.com\/pt\/wp-json\/wp\/v2\/types\/product"}],"replies":[{"embeddable":true,"href":"https:\/\/www.pandasmoking.com\/pt\/wp-json\/wp\/v2\/comments?post=1299"}],"wp:featuredmedia":[{"embeddable":true,"href":"https:\/\/www.pandasmoking.com\/pt\/wp-json\/wp\/v2\/media\/1330"}],"wp:attachment":[{"href":"https:\/\/www.pandasmoking.com\/pt\/wp-json\/wp\/v2\/media?parent=1299"}],"wp:term":[{"taxonomy":"product_brand","embeddable":true,"href":"https:\/\/www.pandasmoking.com\/pt\/wp-json\/wp\/v2\/product_brand?post=1299"},{"taxonomy":"product_cat","embeddable":true,"href":"https:\/\/www.pandasmoking.com\/pt\/wp-json\/wp\/v2\/product_cat?post=1299"},{"taxonomy":"product_tag","embeddable":true,"href":"https:\/\/www.pandasmoking.com\/pt\/wp-json\/wp\/v2\/product_tag?post=1299"}],"curies":[{"name":"wp","href":"https:\/\/api.w.org\/{rel}","templated":true}]}}