{"id":1348,"date":"2026-04-16T11:56:14","date_gmt":"2026-04-16T03:56:14","guid":{"rendered":"https:\/\/www.pandasmoking.com\/?post_type=product&#038;p=1348"},"modified":"2026-04-16T14:18:19","modified_gmt":"2026-04-16T06:18:19","slug":"airmez-20k","status":"publish","type":"product","link":"https:\/\/www.pandasmoking.com\/pt\/produto\/airmez-20k","title":{"rendered":"Airmez 20K"},"content":{"rendered":"<h3 data-section-id=\"v3byhu\" data-start=\"125\" data-end=\"204\">Airmez 20K Disposable Vape - Design elegante, forte desempenho, sabor suave<\/h3>\n<p data-start=\"206\" data-end=\"464\">O <strong data-start=\"210\" data-end=\"224\">Airmez 20K<\/strong> foi concebido para utilizadores que pretendem estilo e desempenho num s\u00f3 dispositivo. Com <strong data-start=\"303\" data-end=\"323\">20ML de e-l\u00edquido<\/strong>, <strong data-start=\"325\" data-end=\"349\">2% concentra\u00e7\u00e3o de nicotina<\/strong>, e um <strong data-start=\"357\" data-end=\"388\">Bateria recarreg\u00e1vel de 650mAh<\/strong>, Este vape oferece uma satisfa\u00e7\u00e3o duradoura num corpo compacto e port\u00e1til.<\/p>\n<p data-start=\"466\" data-end=\"754\">Os seus <strong data-start=\"470\" data-end=\"500\">design elegante e luxuoso<\/strong> combinado com um <strong data-start=\"517\" data-end=\"545\">acabamento met\u00e1lico polido<\/strong> confere ao dispositivo um aspeto e um toque de qualidade superior. O ecr\u00e3 incorporado <strong data-start=\"601\" data-end=\"631\">visor para vape de precis\u00e3o<\/strong> torna a utiliza\u00e7\u00e3o mais c\u00f3moda, enquanto o <strong data-start=\"671\" data-end=\"696\">Bobina de malha GEN II 1.2\u03a9<\/strong> ajuda a proporcionar tiragens mais suaves e uma consist\u00eancia de sabor rica.<\/p>\n<p data-start=\"756\" data-end=\"934\">Quer esteja \u00e0 procura de um produto fi\u00e1vel para vendas a retalho ou distribui\u00e7\u00e3o por grosso, o Airmez 20K \u00e9 uma escolha forte com sabores atractivos e pre\u00e7os competitivos a granel.<\/p>\n<h3 data-section-id=\"1ma7m6t\" data-start=\"936\" data-end=\"951\">Carater\u00edsticas principais<\/h3>\n<ul data-start=\"953\" data-end=\"1226\">\n<li data-section-id=\"p08j36\" data-start=\"953\" data-end=\"970\"><strong data-start=\"955\" data-end=\"970\">2% Nicotina<\/strong><\/li>\n<li data-section-id=\"hqoyfa\" data-start=\"971\" data-end=\"993\"><strong data-start=\"973\" data-end=\"993\">20ML de E-l\u00edquido<\/strong><\/li>\n<li data-section-id=\"16004ji\" data-start=\"994\" data-end=\"1018\"><strong data-start=\"996\" data-end=\"1018\">At\u00e9 20.000 baforadas<\/strong><\/li>\n<li data-section-id=\"k3awsj\" data-start=\"1019\" data-end=\"1051\"><strong data-start=\"1021\" data-end=\"1051\">Design elegante e luxuoso<\/strong><\/li>\n<li data-section-id=\"1japhl8\" data-start=\"1052\" data-end=\"1082\"><strong data-start=\"1054\" data-end=\"1082\">Acabamento met\u00e1lico polido<\/strong><\/li>\n<li data-section-id=\"ewnt4n\" data-start=\"1083\" data-end=\"1109\"><strong data-start=\"1085\" data-end=\"1109\">Compacto e port\u00e1til<\/strong><\/li>\n<li data-section-id=\"9ys471\" data-start=\"1110\" data-end=\"1142\"><strong data-start=\"1112\" data-end=\"1142\">Visor para vaporiza\u00e7\u00e3o de precis\u00e3o<\/strong><\/li>\n<li data-section-id=\"n98xtm\" data-start=\"1143\" data-end=\"1170\"><strong data-start=\"1145\" data-end=\"1170\">Bobina de malha GEN II 1.2\u03a9<\/strong><\/li>\n<li data-section-id=\"h21cut\" data-start=\"1171\" data-end=\"1204\"><strong data-start=\"1173\" data-end=\"1204\">Bateria recarreg\u00e1vel de 650mAh<\/strong><\/li>\n<li data-section-id=\"z0l1d\" data-start=\"1205\" data-end=\"1226\"><strong data-start=\"1207\" data-end=\"1226\">Carregamento tipo C<\/strong><\/li>\n<\/ul>\n<h3 data-section-id=\"6904wl\" data-start=\"1228\" data-end=\"1245\">Op\u00e7\u00f5es de sabor<\/h3>\n<ol data-start=\"1247\" data-end=\"1445\">\n<li data-section-id=\"1yp7mvo\" data-start=\"1247\" data-end=\"1261\">Gelo de uva<\/li>\n<li data-section-id=\"ogs2a3\" data-start=\"1262\" data-end=\"1281\">Gelo de morango<\/li>\n<li data-section-id=\"10ykjzq\" data-start=\"1282\" data-end=\"1303\">Mirtilo no gelo<\/li>\n<li data-section-id=\"73m7gq\" data-start=\"1304\" data-end=\"1320\">P\u00eassego Manga<\/li>\n<li data-section-id=\"hjtp7t\" data-start=\"1321\" data-end=\"1332\">Cereja<\/li>\n<li data-section-id=\"rvrugg\" data-start=\"1333\" data-end=\"1359\">Melancia com morango<\/li>\n<li data-section-id=\"1uqm5fd\" data-start=\"1360\" data-end=\"1378\">Bagas mistas<\/li>\n<li data-section-id=\"1jwhc6m\" data-start=\"1379\" data-end=\"1408\">Kiwi Maracuj\u00e1 Goiaba<\/li>\n<li data-section-id=\"m4zimy\" data-start=\"1409\" data-end=\"1421\">Dr. Blue<\/li>\n<li data-section-id=\"1qvcy6s\" data-start=\"1422\" data-end=\"1445\">Banana com morango<\/li>\n<\/ol>\n<h3 data-section-id=\"5ij8zi\" data-start=\"1447\" data-end=\"1465\">Detalhes da embalagem<\/h3>\n<ul data-start=\"1467\" data-end=\"1515\">\n<li data-section-id=\"1f7v8nx\" data-start=\"1467\" data-end=\"1492\"><strong data-start=\"1469\" data-end=\"1492\">5 unidades \/ caixa de exposi\u00e7\u00e3o<\/strong><\/li>\n<li data-section-id=\"34qg1c\" data-start=\"1493\" data-end=\"1515\"><strong data-start=\"1495\" data-end=\"1515\">200 unidades \/ caixa<\/strong><\/li>\n<\/ul>\n<h3 data-section-id=\"3o5mz7\" data-start=\"1517\" data-end=\"1534\">Quantidade Pre\u00e7o<\/h3>\n<ul data-start=\"1536\" data-end=\"1696\">\n<li data-section-id=\"tslr8i\" data-start=\"1536\" data-end=\"1565\"><strong data-start=\"1538\" data-end=\"1551\">1-15 pe\u00e7as:<\/strong> $33.99 \/ pc<\/li>\n<li data-section-id=\"utf3kr\" data-start=\"1566\" data-end=\"1596\"><strong data-start=\"1568\" data-end=\"1582\">16-99 unidades:<\/strong> $29.99 \/ pc<\/li>\n<li data-section-id=\"1msy31c\" data-start=\"1597\" data-end=\"1630\"><strong data-start=\"1599\" data-end=\"1616\">100-1000 unidades:<\/strong> $25.99 \/ pc<\/li>\n<li data-section-id=\"1xffat1\" data-start=\"1631\" data-end=\"1665\"><strong data-start=\"1633\" data-end=\"1651\">1001-2000 unidades:<\/strong> $22.99 \/ pc<\/li>\n<li data-section-id=\"qwlaf9\" data-start=\"1666\" data-end=\"1696\"><strong data-start=\"1668\" data-end=\"1682\">Mais de 2000 unidades:<\/strong> $19.99 \/ pc<\/li>\n<\/ul>\n<h3 data-section-id=\"at30e7\" data-start=\"1698\" data-end=\"1722\">Porqu\u00ea escolher o Airmez 20K<\/h3>\n<p data-start=\"1724\" data-end=\"2041\">O Airmez 20K destaca-se pelo seu equil\u00edbrio entre a apar\u00eancia elegante, a pr\u00e1tica fun\u00e7\u00e3o de ecr\u00e3, o desempenho suave da bobina de malha e uma vasta gama de sabores de fruta populares. \u00c9 adequado para distribuidores, grossistas e retalhistas de vape que procuram um dispositivo que combine apelo visual com um desempenho de vaporiza\u00e7\u00e3o fi\u00e1vel.<\/p>","protected":false},"excerpt":{"rendered":"<p>&nbsp;<\/p>\n<p>\u2611 2% Nicotina<br \/>\n20ML de E-l\u00edquido.<br \/>\nDesign elegante e luxuoso<br \/>\nAcabamento met\u00e1lico polido<br \/>\nCompacto e port\u00e1til<br \/>\nVisor para Vape de precis\u00e3o<br \/>\nBobina de malha GEN II 1.2\u03a9<br \/>\n650mAh<br \/>\n\u2611 Recarreg\u00e1vel\uff0cTipo C<br \/>\n5pcs numa caixa de exposi\u00e7\u00e3o.<br \/>\n200 unidades por caixa de cart\u00e3o<\/p>","protected":false},"featured_media":1349,"comment_status":"open","ping_status":"closed","template":"","meta":{"_joinchat":[]},"product_brand":[],"product_cat":[56],"product_tag":[],"class_list":{"0":"post-1348","1":"product","2":"type-product","3":"status-publish","4":"has-post-thumbnail","6":"product_cat-e-cigarettes-australia","8":"first","9":"instock","10":"shipping-taxable","11":"purchasable","12":"product-type-variable"},"_links":{"self":[{"href":"https:\/\/www.pandasmoking.com\/pt\/wp-json\/wp\/v2\/product\/1348","targetHints":{"allow":["GET"]}}],"collection":[{"href":"https:\/\/www.pandasmoking.com\/pt\/wp-json\/wp\/v2\/product"}],"about":[{"href":"https:\/\/www.pandasmoking.com\/pt\/wp-json\/wp\/v2\/types\/product"}],"replies":[{"embeddable":true,"href":"https:\/\/www.pandasmoking.com\/pt\/wp-json\/wp\/v2\/comments?post=1348"}],"wp:featuredmedia":[{"embeddable":true,"href":"https:\/\/www.pandasmoking.com\/pt\/wp-json\/wp\/v2\/media\/1349"}],"wp:attachment":[{"href":"https:\/\/www.pandasmoking.com\/pt\/wp-json\/wp\/v2\/media?parent=1348"}],"wp:term":[{"taxonomy":"product_brand","embeddable":true,"href":"https:\/\/www.pandasmoking.com\/pt\/wp-json\/wp\/v2\/product_brand?post=1348"},{"taxonomy":"product_cat","embeddable":true,"href":"https:\/\/www.pandasmoking.com\/pt\/wp-json\/wp\/v2\/product_cat?post=1348"},{"taxonomy":"product_tag","embeddable":true,"href":"https:\/\/www.pandasmoking.com\/pt\/wp-json\/wp\/v2\/product_tag?post=1348"}],"curies":[{"name":"wp","href":"https:\/\/api.w.org\/{rel}","templated":true}]}}