{"id":163,"date":"2026-03-11T18:16:54","date_gmt":"2026-03-11T10:16:54","guid":{"rendered":"https:\/\/www.pandasmoking.com\/?post_type=product&#038;p=163"},"modified":"2026-03-19T14:43:56","modified_gmt":"2026-03-19T06:43:56","slug":"marlboro-viet-nam-w2-06","status":"publish","type":"product","link":"https:\/\/www.pandasmoking.com\/pt\/produto\/marlboro-viet-nam-w2-06","title":{"rendered":"Marlboro Vietname W2 06"},"content":{"rendered":"<p><strong data-start=\"37\" data-end=\"64\">Marlboro Vietname W2 06<\/strong> \u00e9 um cigarro Marlboro comercializado no Vietname, apresentado num ma\u00e7o de 20 varas. Esta vers\u00e3o foi gravada na cidade de Ho Chi Minh e reflecte a conhecida marca Marlboro utilizada no mercado local. Para os compradores que procuram uma embalagem Marlboro espec\u00edfica para uma regi\u00e3o, a Marlboro Viet Nam W2 06 \u00e9 uma op\u00e7\u00e3o simples com uma identidade clara do mercado e uma apresenta\u00e7\u00e3o normalizada da embalagem.<\/p>\n<h3>Informa\u00e7\u00f5es sobre cigarros<\/h3>\n<table>\n<thead>\n<tr>\n<th>Item<\/th>\n<th>Detalhes<\/th>\n<\/tr>\n<\/thead>\n<tbody>\n<tr>\n<td>Nome do produto<\/td>\n<td>Marlboro Vietname W2 06<\/td>\n<\/tr>\n<tr>\n<td>Marca<\/td>\n<td>Marlboro<\/td>\n<\/tr>\n<tr>\n<td>Tipo de produto<\/td>\n<td>Cigarros<\/td>\n<\/tr>\n<tr>\n<td>Mercado<\/td>\n<td>Vietname<\/td>\n<\/tr>\n<tr>\n<td>Cidade registada<\/td>\n<td>Cidade de Ho Chi Minh<\/td>\n<\/tr>\n<tr>\n<td>Tamanho da embalagem<\/td>\n<td>20 cigarros<\/td>\n<\/tr>\n<tr>\n<td>Data de registo<\/td>\n<td>outubro de 2015<\/td>\n<\/tr>\n<\/tbody>\n<\/table>","protected":false},"excerpt":{"rendered":"<p>Marlboro Viet Nam W2 06 is a Vietnam-market Marlboro cigarette product presented in a 20-stick pack. This version was recorded in Ho Chi Minh City and reflects the familiar Marlboro branding used in the local market. For buyers who are looking for region-specific Marlboro packaging, Marlboro Viet Nam W2 06 is a straightforward option with [&hellip;]<\/p>\n","protected":false},"featured_media":250,"comment_status":"open","ping_status":"closed","template":"","meta":{"_joinchat":[]},"product_brand":[],"product_cat":[23],"product_tag":[],"class_list":{"0":"post-163","1":"product","2":"type-product","3":"status-publish","4":"has-post-thumbnail","6":"product_cat-marlboro","8":"first","9":"instock","10":"shipping-taxable","11":"purchasable","12":"product-type-simple"},"_links":{"self":[{"href":"https:\/\/www.pandasmoking.com\/pt\/wp-json\/wp\/v2\/product\/163","targetHints":{"allow":["GET"]}}],"collection":[{"href":"https:\/\/www.pandasmoking.com\/pt\/wp-json\/wp\/v2\/product"}],"about":[{"href":"https:\/\/www.pandasmoking.com\/pt\/wp-json\/wp\/v2\/types\/product"}],"replies":[{"embeddable":true,"href":"https:\/\/www.pandasmoking.com\/pt\/wp-json\/wp\/v2\/comments?post=163"}],"wp:featuredmedia":[{"embeddable":true,"href":"https:\/\/www.pandasmoking.com\/pt\/wp-json\/wp\/v2\/media\/250"}],"wp:attachment":[{"href":"https:\/\/www.pandasmoking.com\/pt\/wp-json\/wp\/v2\/media?parent=163"}],"wp:term":[{"taxonomy":"product_brand","embeddable":true,"href":"https:\/\/www.pandasmoking.com\/pt\/wp-json\/wp\/v2\/product_brand?post=163"},{"taxonomy":"product_cat","embeddable":true,"href":"https:\/\/www.pandasmoking.com\/pt\/wp-json\/wp\/v2\/product_cat?post=163"},{"taxonomy":"product_tag","embeddable":true,"href":"https:\/\/www.pandasmoking.com\/pt\/wp-json\/wp\/v2\/product_tag?post=163"}],"curies":[{"name":"wp","href":"https:\/\/api.w.org\/{rel}","templated":true}]}}