{"id":407,"date":"2026-03-13T16:22:37","date_gmt":"2026-03-13T08:22:37","guid":{"rendered":"https:\/\/www.pandasmoking.com\/?post_type=product&#038;p=407"},"modified":"2026-03-13T16:22:38","modified_gmt":"2026-03-13T08:22:38","slug":"furongwang-hard-slim","status":"publish","type":"product","link":"https:\/\/www.pandasmoking.com\/pt\/produto\/furongwang-hard-slim","title":{"rendered":"Furongwang Hard Slim"},"content":{"rendered":"<h3>Informa\u00e7\u00f5es sobre cigarros<\/h3>\n<table>\n<thead>\n<tr>\n<th>Atributo<\/th>\n<th>Detalhes<\/th>\n<\/tr>\n<\/thead>\n<tbody>\n<tr>\n<td>Marca<\/td>\n<td>Furongwang<\/td>\n<\/tr>\n<tr>\n<td>Estilo cigarro<\/td>\n<td>Magro<\/td>\n<\/tr>\n<tr>\n<td>Tipo<\/td>\n<td>Tabaco Flue-Cured<\/td>\n<\/tr>\n<tr>\n<td>C\u00e1psula<\/td>\n<td>Sim<\/td>\n<\/tr>\n<tr>\n<td>Alcatr\u00e3o<\/td>\n<td>8mg<\/td>\n<\/tr>\n<tr>\n<td>Nicotina<\/td>\n<td>0,8 mg<\/td>\n<\/tr>\n<tr>\n<td>Mon\u00f3xido de carbono<\/td>\n<td>7mg<\/td>\n<\/tr>\n<tr>\n<td>Embalagem<\/td>\n<td>Caixa r\u00edgida de papel<\/td>\n<\/tr>\n<tr>\n<td>Cor prim\u00e1ria<\/td>\n<td>Cinzento<\/td>\n<\/tr>\n<tr>\n<td>Cor secund\u00e1ria<\/td>\n<td>Ouro<\/td>\n<\/tr>\n<tr>\n<td>Comprimento<\/td>\n<td>97 mm<\/td>\n<\/tr>\n<tr>\n<td>Quantidade por embalagem<\/td>\n<td>20 cigarros<\/td>\n<\/tr>\n<tr>\n<td>Embalagens por caixa<\/td>\n<td>10 embalagens<\/td>\n<\/tr>\n<tr>\n<td>Por caixa<\/td>\n<td>200 cigarros<\/td>\n<\/tr>\n<\/tbody>\n<\/table>\n<div id=\"primary\" class=\"content-area\"><main id=\"main\" class=\"site-main\" role=\"main\"><\/p>\n<div id=\"product-280\" class=\"product type-product post-280 status-publish first instock product_cat-hehua-lotus has-post-thumbnail shipping-taxable purchasable product-type-simple\">\n<div class=\"woocommerce-tabs wc-tabs-wrapper\">\n<div id=\"tab-description\" class=\"woocommerce-Tabs-panel woocommerce-Tabs-panel--description panel entry-content wc-tab\" role=\"tabpanel\" aria-labelledby=\"tab-title-description\">\n<h3 data-start=\"137\" data-end=\"176\"><strong data-start=\"137\" data-end=\"176\">Informa\u00e7\u00f5es importantes antes da compra:<\/strong><\/h3>\n<ul data-start=\"178\" data-end=\"781\">\n<li data-start=\"178\" data-end=\"502\">\n<p data-start=\"180\" data-end=\"502\"><strong data-start=\"180\" data-end=\"207\">Autenticidade garantida<\/strong>: A Genuine National Tobacco Network garante a venda apenas de produtos aut\u00eanticos. Os produtos de contrafa\u00e7\u00e3o s\u00e3o estritamente proibidos. Os amigos chineses no estrangeiro s\u00e3o bem-vindos para efetuar encomendas de\u00a0<strong data-start=\"392\" data-end=\"405\">grossista<\/strong>\u00a0e\u00a0<strong data-start=\"410\" data-end=\"420\">retalho<\/strong>. Os compradores interessados podem\u00a0<strong data-start=\"444\" data-end=\"464\">adicionar o nosso WhatsApp<\/strong>\u00a0(+447922291211) para mais informa\u00e7\u00f5es.<\/p>\n<\/li>\n<li data-start=\"503\" data-end=\"781\">\n<p data-start=\"505\" data-end=\"781\"><strong data-start=\"505\" data-end=\"529\">Operador experiente<\/strong>: O operador desta loja online tem anos de experi\u00eancia no sector da log\u00edstica internacional e da entrega expresso, com conhecimentos e estrat\u00e9gias abrangentes para o envio de mercadorias sens\u00edveis a n\u00edvel internacional. Os clientes estrangeiros podem comprar com confian\u00e7a!<\/p>\n<\/li>\n<\/ul>\n<h3 data-start=\"783\" data-end=\"803\"><strong data-start=\"783\" data-end=\"803\">Pol\u00edtica de envio:<\/strong><\/h3>\n<ul data-start=\"805\" data-end=\"1004\">\n<li data-start=\"805\" data-end=\"1004\">\n<p data-start=\"807\" data-end=\"1004\"><strong data-start=\"807\" data-end=\"825\">Pre\u00e7os em cart\u00e3o<\/strong>: Todos os pre\u00e7os apresentados no s\u00edtio s\u00e3o por caixa.\u00a0<strong data-start=\"876\" data-end=\"893\">Envio gratuito<\/strong>\u00a0aplica-se a encomendas de uma caixa de cart\u00e3o ou mais. Para quest\u00f5es mais detalhadas, contactar o nosso servi\u00e7o de apoio ao cliente por WhatsApp.<\/p>\n<\/li>\n<\/ul>\n<h3 data-start=\"1006\" data-end=\"1026\"><strong data-start=\"1006\" data-end=\"1026\">Formas de pagamento:<\/strong><\/h3>\n<ul data-start=\"1028\" data-end=\"1611\">\n<li data-start=\"1028\" data-end=\"1359\">\n<p data-start=\"1030\" data-end=\"1359\"><strong data-start=\"1030\" data-end=\"1049\">Processo de pagamento<\/strong>: Devido ao car\u00e1cter sens\u00edvel dos nossos produtos,\u00a0<strong data-start=\"1096\" data-end=\"1160\">os pagamentos em linha atrav\u00e9s do carrinho de compras est\u00e3o atualmente desactivados<\/strong>. Por favor\u00a0<strong data-start=\"1169\" data-end=\"1221\">n\u00e3o efetuar pagamentos em linha atrav\u00e9s do carrinho de compras<\/strong>. Depois de efetuar uma encomenda, fornecer o\u00a0<strong data-start=\"1259\" data-end=\"1275\">n\u00famero de ordem<\/strong>\u00a0para o nosso\u00a0<strong data-start=\"1283\" data-end=\"1312\">Servi\u00e7o de apoio ao cliente do WhatsApp<\/strong>\u00a0para uma recolha mais exacta do endere\u00e7o de envio.<\/p>\n<\/li>\n<li data-start=\"1360\" data-end=\"1611\">\n<p data-start=\"1362\" data-end=\"1398\">Os nossos principais m\u00e9todos de pagamento incluem:<\/p>\n<ul data-start=\"1401\" data-end=\"1611\">\n<li data-start=\"1401\" data-end=\"1413\">\n<p data-start=\"1403\" data-end=\"1413\"><strong data-start=\"1403\" data-end=\"1413\">PayPal<\/strong><\/p>\n<\/li>\n<li data-start=\"1416\" data-end=\"1428\">\n<p data-start=\"1418\" data-end=\"1428\"><strong data-start=\"1418\" data-end=\"1428\">Riscas<\/strong><\/p>\n<\/li>\n<li data-start=\"1431\" data-end=\"1449\">\n<p data-start=\"1433\" data-end=\"1449\"><strong data-start=\"1433\" data-end=\"1449\">Cart\u00f5es de cr\u00e9dito<\/strong><\/p>\n<\/li>\n<li data-start=\"1452\" data-end=\"1471\">\n<p data-start=\"1454\" data-end=\"1471\"><strong data-start=\"1454\" data-end=\"1471\">Western Union<\/strong><\/p>\n<\/li>\n<li data-start=\"1474\" data-end=\"1611\">\n<p data-start=\"1476\" data-end=\"1611\">As moedas estrangeiras s\u00e3o convertidas \u00e0 taxa de\u00a0<strong data-start=\"1516\" data-end=\"1539\">taxa de c\u00e2mbio di\u00e1ria<\/strong>. Para mais informa\u00e7\u00f5es, contactar o nosso\u00a0<strong data-start=\"1581\" data-end=\"1610\">Servi\u00e7o de apoio ao cliente do WhatsApp<\/strong>.<\/p>\n<\/li>\n<\/ul>\n<\/li>\n<\/ul>\n<h3 data-start=\"1613\" data-end=\"1637\"><strong data-start=\"1613\" data-end=\"1637\">Servi\u00e7o p\u00f3s-venda:<\/strong><\/h3>\n<ul data-start=\"1639\" data-end=\"2122\">\n<li data-start=\"1639\" data-end=\"1867\">\n<p data-start=\"1641\" data-end=\"1867\"><strong data-start=\"1641\" data-end=\"1658\">Manter-se em contacto<\/strong>: Os clientes s\u00e3o aconselhados a\u00a0<strong data-start=\"1685\" data-end=\"1722\">adicionar o nosso servi\u00e7o de apoio ao cliente WhatsApp<\/strong>\u00a0antes de comprar para receber as informa\u00e7\u00f5es mais recentes. Se n\u00e3o tiver o WhatsApp, pode contactar-nos atrav\u00e9s de\u00a0<strong data-start=\"1827\" data-end=\"1836\">correio eletr\u00f3nico<\/strong>\u00a0em\u00a0<strong data-start=\"1840\" data-end=\"1865\"><a class=\"decorated-link cursor-pointer\" rel=\"noopener\" data-start=\"1842\" data-end=\"1863\">Info@pandasmoking.com<\/a><\/strong>.<\/p>\n<\/li>\n<li data-start=\"1868\" data-end=\"2122\">\n<p data-start=\"1870\" data-end=\"2122\"><strong data-start=\"1870\" data-end=\"1903\">Confirma\u00e7\u00e3o e seguimento da encomenda<\/strong>: Assim que o pagamento for confirmado, providenciaremos o envio imediato e enviaremos o\u00a0<strong data-start=\"1982\" data-end=\"2001\">n\u00famero de registo<\/strong>\u00a0para o seu WhatsApp ou e-mail. Verifique se h\u00e1 actualiza\u00e7\u00f5es! Sobre\u00a0<strong data-start=\"2060\" data-end=\"2121\">90% das encomendas internacionais EMS chegam dentro de 12-20 dias<\/strong>.<\/p>\n<\/li>\n<\/ul>\n<h3 data-start=\"2124\" data-end=\"2145\"><strong data-start=\"2124\" data-end=\"2145\">Quest\u00f5es fiscais:<\/strong><\/h3>\n<ul data-start=\"2147\" data-end=\"2405\">\n<li data-start=\"2147\" data-end=\"2405\">\n<p data-start=\"2149\" data-end=\"2405\"><strong data-start=\"2149\" data-end=\"2167\">Reformas fiscais da UE<\/strong>: A UE concluiu as reformas fiscais em\u00a0<strong data-start=\"2201\" data-end=\"2214\">julho de 2021<\/strong>, e imp\u00f5e atualmente taxas sobre as encomendas que variam entre alguns euros e v\u00e1rias dezenas de euros. Esta tributa\u00e7\u00e3o aplica-se a todas as encomendas postais que entram nestes pa\u00edses e n\u00e3o especificamente aos produtos do tabaco.<\/p>\n<\/li>\n<\/ul>\n<h3 data-start=\"2407\" data-end=\"2428\"><strong data-start=\"2407\" data-end=\"2428\">Encomendas por grosso:<\/strong><\/h3>\n<ul data-start=\"2430\" data-end=\"2600\">\n<li data-start=\"2430\" data-end=\"2600\">\n<p data-start=\"2432\" data-end=\"2600\"><strong data-start=\"2432\" data-end=\"2460\">Encomendas por grosso s\u00e3o bem-vindas<\/strong>: Aceitamos\u00a0<strong data-start=\"2472\" data-end=\"2492\">encomendas por grosso<\/strong>. Para mais informa\u00e7\u00f5es, contactar o nosso\u00a0<strong data-start=\"2526\" data-end=\"2555\">Servi\u00e7o de apoio ao cliente do WhatsApp<\/strong>\u00a0para obter mais informa\u00e7\u00f5es e as \u00faltimas actualiza\u00e7\u00f5es.<\/p>\n<\/li>\n<\/ul>\n<\/div>\n<\/div>\n<\/div>\n<p><\/main><\/div>\n<footer id=\"site-footer\" class=\"site-footer dynamic-footer footer-has-copyright\"><\/footer>","protected":false},"excerpt":{"rendered":"<ul>\n<li data-section-id=\"z4ndaa\" data-start=\"79\" data-end=\"212\">\n<p data-start=\"82\" data-end=\"212\"><strong data-start=\"82\" data-end=\"106\">Furongwang Hard Slim<\/strong> \u00e9 um <strong data-start=\"112\" data-end=\"130\">cigarro fino<\/strong> no <strong data-start=\"138\" data-end=\"160\" data-is-only-node=\"\">tabaco flue-cured<\/strong> categoria, apresentada numa <strong data-start=\"186\" data-end=\"204\">caixa r\u00edgida de papel<\/strong> formato.<\/p>\n<\/li>\n<li data-section-id=\"19ud57d\" data-start=\"214\" data-end=\"343\">\n<p data-start=\"217\" data-end=\"343\">O pacote inclui um <strong data-start=\"237\" data-end=\"259\">cor prim\u00e1ria cinzenta<\/strong> com <strong data-start=\"265\" data-end=\"291\">acentos secund\u00e1rios dourados<\/strong>, A empresa criou um estilo de embalagem simples e reconhec\u00edvel.<\/p>\n<\/li>\n<li data-section-id=\"qqhk52\" data-start=\"345\" data-end=\"433\">\n<p data-start=\"348\" data-end=\"433\">Cada cigarro cont\u00e9m <strong data-start=\"372\" data-end=\"383\">8 mg de alcatr\u00e3o<\/strong>, <strong data-start=\"385\" data-end=\"403\">0,8 mg de nicotina<\/strong>, e <strong data-start=\"409\" data-end=\"432\">7 mg de mon\u00f3xido de carbono<\/strong>.<\/p>\n<\/li>\n<li data-section-id=\"o2x04h\" data-start=\"435\" data-end=\"529\">\n<p data-start=\"438\" data-end=\"529\"><strong data-start=\"438\" data-end=\"462\">Furongwang Hard Slim<\/strong> tem um <strong data-start=\"469\" data-end=\"494\">Comprimento do cigarro de 97 mm<\/strong> e inclui um <strong data-start=\"510\" data-end=\"528\" data-is-only-node=\"\">formato de c\u00e1psula<\/strong>.<\/p>\n<\/li>\n<li data-section-id=\"1yunewz\" data-start=\"531\" data-end=\"656\">\n<p data-start=\"534\" data-end=\"656\">Cada embalagem cont\u00e9m <strong data-start=\"553\" data-end=\"570\">20 cigarros<\/strong>, e cada caixa de cart\u00e3o inclui <strong data-start=\"597\" data-end=\"609\">10 embalagens<\/strong>, para um total de <strong data-start=\"626\" data-end=\"655\">200 cigarros por caixa<\/strong>.<\/p>\n<\/li>\n<\/ul>","protected":false},"featured_media":417,"comment_status":"open","ping_status":"closed","template":"","meta":{"_joinchat":[]},"product_brand":[],"product_cat":[35],"product_tag":[],"class_list":{"0":"post-407","1":"product","2":"type-product","3":"status-publish","4":"has-post-thumbnail","6":"product_cat-furongwang","8":"first","9":"instock","10":"shipping-taxable","11":"purchasable","12":"product-type-simple"},"_links":{"self":[{"href":"https:\/\/www.pandasmoking.com\/pt\/wp-json\/wp\/v2\/product\/407","targetHints":{"allow":["GET"]}}],"collection":[{"href":"https:\/\/www.pandasmoking.com\/pt\/wp-json\/wp\/v2\/product"}],"about":[{"href":"https:\/\/www.pandasmoking.com\/pt\/wp-json\/wp\/v2\/types\/product"}],"replies":[{"embeddable":true,"href":"https:\/\/www.pandasmoking.com\/pt\/wp-json\/wp\/v2\/comments?post=407"}],"wp:featuredmedia":[{"embeddable":true,"href":"https:\/\/www.pandasmoking.com\/pt\/wp-json\/wp\/v2\/media\/417"}],"wp:attachment":[{"href":"https:\/\/www.pandasmoking.com\/pt\/wp-json\/wp\/v2\/media?parent=407"}],"wp:term":[{"taxonomy":"product_brand","embeddable":true,"href":"https:\/\/www.pandasmoking.com\/pt\/wp-json\/wp\/v2\/product_brand?post=407"},{"taxonomy":"product_cat","embeddable":true,"href":"https:\/\/www.pandasmoking.com\/pt\/wp-json\/wp\/v2\/product_cat?post=407"},{"taxonomy":"product_tag","embeddable":true,"href":"https:\/\/www.pandasmoking.com\/pt\/wp-json\/wp\/v2\/product_tag?post=407"}],"curies":[{"name":"wp","href":"https:\/\/api.w.org\/{rel}","templated":true}]}}